{"id":9466,"date":"2021-10-13T13:36:28","date_gmt":"2021-10-13T10:36:28","guid":{"rendered":"https:\/\/www.bio.uaic.ro\/?page_id=9466"},"modified":"2022-03-16T14:19:17","modified_gmt":"2022-03-16T12:19:17","slug":"covid-19","status":"publish","type":"page","link":"https:\/\/www.bio.uaic.ro\/?page_id=9466","title":{"rendered":"COVID 19"},"content":{"rendered":"\n<h4 class=\"wp-block-heading\">\u00centreb\u0103ri frecvente<\/h4>\n\n\n<div class=\"wp-block-ub-content-toggle wp-block-ub-content-toggle-block\" id=\"ub-content-toggle-block-0408945e-df06-4399-b356-216fd5d97aa7\" data-mobilecollapse=\"false\" data-desktopcollapse=\"false\" data-preventcollapse=\"false\" data-showonlyone=\"true\">\n<div class=\"wp-block-ub-content-toggle-accordion\" style=\"border-color: #f1f1f1; \" id=\"ub-content-toggle-panel-block-\">\n\t\t\t<div class=\"wp-block-ub-content-toggle-accordion-title-wrap\" style=\"background-color: #f1f1f1;\" aria-controls=\"ub-content-toggle-panel-0-0408945e-df06-4399-b356-216fd5d97aa7\" tabindex=\"0\">\n\t\t\t<p class=\"wp-block-ub-content-toggle-accordion-title ub-content-toggle-title-0408945e-df06-4399-b356-216fd5d97aa7\" style=\"color: #0e5820; \"> <strong><span class=\"has-inline-color has-vivid-cyan-blue-color\">COVID-19 sau SARS-COV-2?<\/span><\/strong> <\/p>\n\t\t\t<div class=\"wp-block-ub-content-toggle-accordion-toggle-wrap right\" style=\"color: #ff6900;\"><span class=\"wp-block-ub-content-toggle-accordion-state-indicator wp-block-ub-math-plus\"><\/span><\/div>\n\t\t<\/div>\n\t\t\t<div role=\"region\" aria-expanded=\"false\" class=\"wp-block-ub-content-toggle-accordion-content-wrap ub-hide\" id=\"ub-content-toggle-panel-0-0408945e-df06-4399-b356-216fd5d97aa7\">\n\n<p>Numele bolii este <strong>COVID-19<\/strong> (Coronavirus Disease 2019), iar numele virusului care determin\u0103 boala este <strong>SARS-CoV-2<\/strong> (Severe Acute Respiratory Syndrome Coronavirus 2). <\/p>\n\n<\/div>\n\t\t<\/div>\n\n<div class=\"wp-block-ub-content-toggle-accordion\" style=\"border-color: #f1f1f1; \" id=\"ub-content-toggle-panel-block-\">\n\t\t\t<div class=\"wp-block-ub-content-toggle-accordion-title-wrap\" style=\"background-color: #f1f1f1;\" aria-controls=\"ub-content-toggle-panel-1-0408945e-df06-4399-b356-216fd5d97aa7\" tabindex=\"0\">\n\t\t\t<p class=\"wp-block-ub-content-toggle-accordion-title ub-content-toggle-title-0408945e-df06-4399-b356-216fd5d97aa7\" style=\"color: #0e5820; \"> <strong><span class=\"has-inline-color has-vivid-cyan-blue-color\">Cum se transmite COVID-19?<\/span><\/strong> <\/p>\n\t\t\t<div class=\"wp-block-ub-content-toggle-accordion-toggle-wrap right\" style=\"color: #ff6900;\"><span class=\"wp-block-ub-content-toggle-accordion-state-indicator wp-block-ub-math-plus\"><\/span><\/div>\n\t\t<\/div>\n\t\t\t<div role=\"region\" aria-expanded=\"false\" class=\"wp-block-ub-content-toggle-accordion-content-wrap ub-hide\" id=\"ub-content-toggle-panel-1-0408945e-df06-4399-b356-216fd5d97aa7\">\n\n<ul class=\"is-style-dashed wp-block-list\"><li>Virusul <strong>SARS COV-2<\/strong> este un virus respirator care se transmite pe cale aerian\u0103 sau prin contactul cu obiecte sau suprafe\u021be contaminate. \u00cen prezent, se estimeaz\u0103 c\u0103, \u00een lipsa m\u0103surilor preventive, \u00een medie, o persoan\u0103 infectat\u0103 va infecta la r\u00e2ndul ei \u00eentre dou\u0103 \u0219i trei alte persoane (<a aria-label=\"https:\/\/vaccination-info.eu\/ro\/covid-19\/informatii-covid-19 (opens in a new tab)\" href=\"https:\/\/vaccination-info.eu\/ro\/covid-19\/informatii-covid-19\" target=\"_blank\" rel=\"noreferrer noopener\" class=\"ek-link\">https:\/\/vaccination-info.eu\/ro\/covid-19\/informatii-covid-19<\/a>).<\/li><li>Virusul se transmite \u00een special prin pic\u0103turi de secre\u021bii respiratorii \u0219i aerosoli elibera\u021bi \u00een timpul str\u0103nutului, al tusei, al vorbitului sau al interac\u021biunilor cu cei afla\u021bi \u00een imediata apropiere (de obicei, la mai pu\u021bin de doi metri). Aceste pic\u0103turi pot fi inhalate sau se pot depune pe suprafe\u021be cu care alte persoane pot veni \u00een contact, infect\u00e2ndu-se apoi la atingerea nasului, gurii sau ochilor. Transmiterea de la o persoan\u0103 infectat\u0103 poate avea loc \u0219i cu dou\u0103 zile \u00eenainte ca aceasta s\u0103 aib\u0103 primele simptome (<a aria-label=\"https:\/\/vaccination-info.eu\/ro\/covid-19\/informatii-covid-19 (opens in a new tab)\" href=\"https:\/\/vaccination-info.eu\/ro\/covid-19\/informatii-covid-19\" target=\"_blank\" rel=\"noreferrer noopener\" class=\"ek-link\">https:\/\/vaccination-info.eu\/ro\/covid-19\/informatii-covid-19<\/a>).<\/li><li>Virusul <strong>SARS-COV-2<\/strong> poate supravie\u021bui c\u00e2teva ore pe diferite suprafe\u021be de cupru sau carton sau p\u00e2n\u0103 la c\u00e2teva zile pe plastic sau o\u021bel inoxidabil &#8211; <a aria-label=\"https:\/\/www.nejm.org\/doi\/full\/10.1056\/nejmc2004973 (opens in a new tab)\" href=\"https:\/\/www.nejm.org\/doi\/full\/10.1056\/nejmc2004973\" target=\"_blank\" rel=\"noreferrer noopener\" class=\"ek-link\">https:\/\/www.nejm.org\/doi\/full\/10.1056\/nejmc2004973<\/a>.<\/li><li>Perioada medie de incuba\u021bie pentru <strong>COVID-19<\/strong> (adic\u0103 perioada de la infectarea cu virusul \u0219i apari\u021bia primelor simptome) este estimat\u0103 \u00een prezent a fi \u00eentre 5 \u0219i 6 zile, fiind aproape \u00eentotdeauna \u00eentre 1 \u0219i 14 zile (<a aria-label=\"https:\/\/vaccination-info.eu\/ro\/covid-19\/informatii-covid-19 (opens in a new tab)\" href=\"https:\/\/vaccination-info.eu\/ro\/covid-19\/informatii-covid-19\" target=\"_blank\" rel=\"noreferrer noopener\" class=\"ek-link\">https:\/\/vaccination-info.eu\/ro\/covid-19\/informatii-covid-19<\/a>).<\/li><li>Virusul <strong>SARS-COV-2<\/strong> poate supravie\u021bui c\u00e2teva ore pe diferite suprafe\u021be de cupru sau carton sau p\u00e2n\u0103 la c\u00e2teva zile pe plastic sau o\u021bel inoxidabil &#8211; <a aria-label=\"https:\/\/www.nejm.org\/doi\/full\/10.1056\/nejmc2004973 (opens in a new tab)\" href=\"https:\/\/www.nejm.org\/doi\/full\/10.1056\/nejmc2004973\" target=\"_blank\" rel=\"noreferrer noopener\" class=\"ek-link\">https:\/\/www.nejm.org\/doi\/full\/10.1056\/nejmc2004973<\/a>.<\/li><li>Perioada medie de incuba\u021bie pentru <strong>COVID-19<\/strong> (adic\u0103 perioada de la infectarea cu virusul \u0219i apari\u021bia primelor simptome) este estimat\u0103 \u00een prezent a fi \u00eentre 5 \u0219i 6 zile, fiind aproape \u00eentotdeauna \u00eentre 1 \u0219i 14 zile (<a aria-label=\"https:\/\/vaccination-info.eu\/ro\/covid-19\/informatii-covid-19 (opens in a new tab)\" href=\"https:\/\/vaccination-info.eu\/ro\/covid-19\/informatii-covid-19\" target=\"_blank\" rel=\"noreferrer noopener\" class=\"ek-link\">https:\/\/vaccination-info.eu\/ro\/covid-19\/informatii-covid-19<\/a>). <\/li><\/ul>\n\n<\/div>\n\t\t<\/div>\n\n<div class=\"wp-block-ub-content-toggle-accordion\" style=\"border-color: #f1f1f1; \" id=\"ub-content-toggle-panel-block-\">\n\t\t\t<div class=\"wp-block-ub-content-toggle-accordion-title-wrap\" style=\"background-color: #f1f1f1;\" aria-controls=\"ub-content-toggle-panel-2-0408945e-df06-4399-b356-216fd5d97aa7\" tabindex=\"0\">\n\t\t\t<p class=\"wp-block-ub-content-toggle-accordion-title ub-content-toggle-title-0408945e-df06-4399-b356-216fd5d97aa7\" style=\"color: #0e5820; \"> <strong><span class=\"has-inline-color has-vivid-cyan-blue-color\">Care sunt simptomele COVID-19?<\/span><\/strong> <\/p>\n\t\t\t<div class=\"wp-block-ub-content-toggle-accordion-toggle-wrap right\" style=\"color: #ff6900;\"><span class=\"wp-block-ub-content-toggle-accordion-state-indicator wp-block-ub-math-plus\"><\/span><\/div>\n\t\t<\/div>\n\t\t\t<div role=\"region\" aria-expanded=\"false\" class=\"wp-block-ub-content-toggle-accordion-content-wrap ub-hide\" id=\"ub-content-toggle-panel-2-0408945e-df06-4399-b356-216fd5d97aa7\">\n\n<p> <a aria-label=\"Simptomele bolii nu sunt foarte diferite de cele ale altor infec\u021bii respiratorii de natur\u0103 viral\u0103 (opens in a new tab)\" href=\"https:\/\/www.health.gov.au\/sites\/default\/files\/documents\/2020\/08\/coronavirus-covid-19-identificarea-simptomelor-identifying-the-symptoms-covid-19-identificarea-simptomelor.pdf\" class=\"mtli_attachment mtli_pdf\" target=\"_blank\" rel=\"noreferrer noopener\" class=\"ek-link\">Simptomele bolii nu sunt foarte diferite de cele ale altor infec\u021bii respiratorii de natur\u0103 viral\u0103<\/a><br><strong>COVID-19<\/strong> variaz\u0103 ca severitate, de la lipsa de simptome (persoane asimptomatice) p\u00e2n\u0103 la simptome ca (<a aria-label=\"https:\/\/vaccination-info.eu\/ro\/covid-19\/informatii-covid-19 (opens in a new tab)\" href=\"https:\/\/vaccination-info.eu\/ro\/covid-19\/informatii-covid-19\" target=\"_blank\" rel=\"noreferrer noopener\" class=\"ek-link\">https:\/\/vaccination-info.eu\/ro\/covid-19\/informatii-covid-19<\/a>):<\/p>\n\n\n\n<ul class=\"is-style-checked wp-block-list\"><li><strong>febr\u0103<\/strong>,<\/li><li><strong>tuse<\/strong>,<\/li><li><strong>durere \u00een g\u00e2t<\/strong>,<\/li><li><strong>modificarea sau pierderea gustului \u0219i\/sau a mirosului<\/strong>,<\/li><li><strong>sl\u0103biciune general\u0103<\/strong>,<\/li><li><strong>diaree<\/strong>,<\/li><li><strong>oboseal\u0103<\/strong>,<\/li><li><strong>dureri musculare<\/strong>.<\/li><\/ul>\n\n\n\n<p>Oricare din aceste simptome ar trebui s\u0103 v\u0103 pun\u0103 pe g\u00e2nduri \u0219i s\u0103 v\u0103 determine s\u0103 v\u0103 testa\u021bi (<a aria-label=\"https:\/\/www.ecdc.europa.eu\/en\/covid-19\/latest-evidence\/diagnostic-testing, http:\/\/www.ms.ro\/centre-testare\/ (opens in a new tab)\" href=\"https:\/\/www.ecdc.europa.eu\/en\/covid-19\/latest-evidence\/diagnostic-testing,%20http:\/\/www.ms.ro\/centre-testare\/\" target=\"_blank\" rel=\"noreferrer noopener\" class=\"ek-link\">https:\/\/www.ecdc.europa.eu\/en\/covid-19\/latest-evidence\/diagnostic-testing, http:\/\/www.ms.ro\/centre-testare\/<\/a>).<br>\u00cen cazurile grave pot ap\u0103rea \u0219i simptome precum:<br>&#8211; <strong>infec\u021bie sever\u0103 a pl\u0103m\u00e2nilor<\/strong>,<br>&#8211; <strong>sepsis \u0219i \u0219oc septic \u2013 infec\u021bie \u0219i r\u0103spuns inflamator generalizate, toate acestea necesit\u00e2nd \u00eengrijire \u0219i asisten\u021b\u0103 medical\u0103 specializat\u0103<\/strong>.<br>Starea pacientului se poate deteriora rapid, adesea \u00een a doua s\u0103pt\u0103m\u00e2n\u0103 de boal\u0103. <\/p>\n\n<\/div>\n\t\t<\/div>\n\n<div class=\"wp-block-ub-content-toggle-accordion\" style=\"border-color: #f1f1f1; \" id=\"ub-content-toggle-panel-block-\">\n\t\t\t<div class=\"wp-block-ub-content-toggle-accordion-title-wrap\" style=\"background-color: #f1f1f1;\" aria-controls=\"ub-content-toggle-panel-3-0408945e-df06-4399-b356-216fd5d97aa7\" tabindex=\"0\">\n\t\t\t<p class=\"wp-block-ub-content-toggle-accordion-title ub-content-toggle-title-0408945e-df06-4399-b356-216fd5d97aa7\" style=\"color: #0e5820; \"> <strong><span class=\"has-inline-color has-vivid-cyan-blue-color\">Ce fac dac\u0103 am simptome sau am fost testat pozitiv COVID-19?<\/span><\/strong> <\/p>\n\t\t\t<div class=\"wp-block-ub-content-toggle-accordion-toggle-wrap right\" style=\"color: #ff6900;\"><span class=\"wp-block-ub-content-toggle-accordion-state-indicator wp-block-ub-math-plus\"><\/span><\/div>\n\t\t<\/div>\n\t\t\t<div role=\"region\" aria-expanded=\"false\" class=\"wp-block-ub-content-toggle-accordion-content-wrap ub-hide\" id=\"ub-content-toggle-panel-3-0408945e-df06-4399-b356-216fd5d97aa7\">\n\n<p>\u00cen primul r\u00e2nd \u00eencerca\u021bi s\u0103 v\u0103 izola\u021bi \u0219i s\u0103 nu intra\u021bi \u00een panic\u0103. Anun\u021ba\u021bi medicul de familie \u2013 el va \u0219ti cum anume trebuie s\u0103 proceda\u021bi \u00een continuare. Evita\u021bi s\u0103 v\u0103 testa\u021bi singuri pentru c\u0103 pot apare erori la prelevarea probelor \u0219i interpretarea rezultatelor.<br><\/p>\n\n<\/div>\n\t\t<\/div>\n\n<div class=\"wp-block-ub-content-toggle-accordion\" style=\"border-color: #f1f1f1; \" id=\"ub-content-toggle-panel-block-\">\n\t\t\t<div class=\"wp-block-ub-content-toggle-accordion-title-wrap\" style=\"background-color: #f1f1f1;\" aria-controls=\"ub-content-toggle-panel-4-0408945e-df06-4399-b356-216fd5d97aa7\" tabindex=\"0\">\n\t\t\t<p class=\"wp-block-ub-content-toggle-accordion-title ub-content-toggle-title-0408945e-df06-4399-b356-216fd5d97aa7\" style=\"color: #0e5820; \"> <strong><span class=\"has-inline-color has-vivid-cyan-blue-color\">Cum m\u0103 pot proteja de noul coronavirus?<\/span><\/strong> <\/p>\n\t\t\t<div class=\"wp-block-ub-content-toggle-accordion-toggle-wrap right\" style=\"color: #ff6900;\"><span class=\"wp-block-ub-content-toggle-accordion-state-indicator wp-block-ub-math-plus\"><\/span><\/div>\n\t\t<\/div>\n\t\t\t<div role=\"region\" aria-expanded=\"false\" class=\"wp-block-ub-content-toggle-accordion-content-wrap ub-hide\" id=\"ub-content-toggle-panel-4-0408945e-df06-4399-b356-216fd5d97aa7\">\n\n<p> Pentru a pre\u00eent\u00e2mpina infec\u021bia cu noul coronavirus trebuie respectate c\u00e2teva m\u0103suri simple (<a aria-label=\"http:\/\/www.ms.ro\/covid-19\/ (opens in a new tab)\" href=\"http:\/\/www.ms.ro\/covid-19\/\" target=\"_blank\" rel=\"noreferrer noopener\" class=\"ek-link\">http:\/\/www.ms.ro\/covid-19\/<\/a>):<\/p>\n\n\n\n<ul class=\"is-style-checked wp-block-list\"><li><strong>Sp\u0103la\u021bi-v\u0103 m\u00e2inile de multe ori cu ap\u0103 \u0219i s\u0103pun<\/strong>;<\/li><li><strong>Utiliza\u021bi masca de protec\u021bie (masc\u0103 chirurgical\u0103 cu 3 straturi sau m\u0103\u0219ti de tip FFP 2 sau 3)<\/strong>;<\/li><li><strong>Nu v\u0103 atinge\u021bi ochii, nasul si gura cu m\u00e2inile nesp\u0103late sau nedezinfectate<\/strong>;<\/li><li><strong>Acoperi\u021bi-v\u0103 gura \u0219i nasul daca str\u0103nuta\u021bi sau tu\u0219i\u021bi<\/strong>;<\/li><li><strong>Cur\u0103\u021ba\u021bi suprafe\u021bele \u0219i obiectele frecvent folosite cu dezinfectan\u021bi pe baz\u0103 de clor sau alcool etilic<\/strong>;<\/li><li><strong>Evita\u021bi contactul cu persoane care sunt suspecte de infec\u021bii respiratorii acute<\/strong>;<\/li><li><strong>Evita\u021bi aglomera\u021biile \u0219i p\u0103stra\u021bi o distan\u021b\u0103 fizic\u0103 de minim 2 metri \u00eentre persoanele aflate \u00een spa\u021bii publice sau \u00eenc\u0103peri<\/strong>.<\/li><\/ul>\n\n\n\n<p><br><a aria-label=\"https:\/\/www.ecdc.europa.eu\/en\/covid-19\/prevention-and-control\/protect-yourself (opens in a new tab)\" href=\"https:\/\/www.ecdc.europa.eu\/en\/covid-19\/prevention-and-control\/protect-yourself\" target=\"_blank\" rel=\"noreferrer noopener\" class=\"ek-link\">https:\/\/www.ecdc.europa.eu\/en\/covid-19\/prevention-and-control\/protect-yourself<\/a><br><strong><span class=\"has-inline-color has-vivid-red-color\">Vaccinurile<\/span> <span class=\"has-inline-color has-vivid-red-color\">disponibile<\/span> <span class=\"has-inline-color has-vivid-red-color\">pentru<\/span> <span class=\"has-inline-color has-vivid-red-color\">prima<\/span> <span class=\"has-inline-color has-vivid-red-color\">dat\u0103<\/span> <span class=\"has-inline-color has-vivid-red-color\">\u00een UE la sf\u00e2r\u0219itul lunii decembrie 2020<\/span> <span class=\"has-inline-color has-vivid-red-color\">reprezint\u0103 o modalitate eficient\u0103 de a preveni<\/span> <span class=\"has-inline-color has-vivid-red-color\">apari\u021bia formelor grave de COVID-19<\/span><\/strong><br><a href=\"https:\/\/www.ecdc.europa.eu\/en\/covid-19\/latest-evidence\/vaccines\" class=\"ek-link\">https:\/\/www.ecdc.europa.eu\/en\/covid-19\/latest-evidence\/vaccines<\/a><br><a aria-label=\"Afl\u0103 mai multe informa\u021bii despre vaccinuri din surse sigure (opens in a new tab)\" href=\"https:\/\/www.cdc.gov\/coronavirus\/2019-ncov\/vaccines\/prepare-for-vaccination.html%20https:\/\/www.ecdc.europa.eu\/en\/covid-19\/latest-evidence\/vaccines%20https:\/\/www.cdc.gov\/coronavirus\/2019-ncov\/vaccines\/different-vaccines\/how-they-work.html?CDC_AA_refVal=https%3A%2F%2Fwww.cdc.gov%2Fcoronavirus%2F2019-ncov%2Fvaccines%2Fabout-vaccines%2Fhow-they-work.html\" target=\"_blank\" rel=\"noreferrer noopener\" class=\"ek-link\">Afl\u0103 mai multe informa\u021bii despre vaccinuri din surse sigure<\/a> <\/p>\n\n<\/div>\n\t\t<\/div>\n\n<div class=\"wp-block-ub-content-toggle-accordion\" style=\"border-color: #f1f1f1; \" id=\"ub-content-toggle-panel-block-\">\n\t\t\t<div class=\"wp-block-ub-content-toggle-accordion-title-wrap\" style=\"background-color: #f1f1f1;\" aria-controls=\"ub-content-toggle-panel-5-0408945e-df06-4399-b356-216fd5d97aa7\" tabindex=\"0\">\n\t\t\t<p class=\"wp-block-ub-content-toggle-accordion-title ub-content-toggle-title-0408945e-df06-4399-b356-216fd5d97aa7\" style=\"color: #0e5820; \"> <strong><span class=\"has-inline-color has-vivid-cyan-blue-color\">Cum m\u0103 pot vaccina?<\/span><\/strong> <\/p>\n\t\t\t<div class=\"wp-block-ub-content-toggle-accordion-toggle-wrap right\" style=\"color: #ff6900;\"><span class=\"wp-block-ub-content-toggle-accordion-state-indicator wp-block-ub-math-plus\"><\/span><\/div>\n\t\t<\/div>\n\t\t\t<div role=\"region\" aria-expanded=\"false\" class=\"wp-block-ub-content-toggle-accordion-content-wrap ub-hide\" id=\"ub-content-toggle-panel-5-0408945e-df06-4399-b356-216fd5d97aa7\">\n\n<p>Nimic mai simplu. Te po\u021bi programa pentru vaccinare acces\u00e2nd urm\u0103toarea adres\u0103:<br><a aria-label=\"https:\/\/vaccinare-covid.gov.ro\/platforma-programare\/ (opens in a new tab)\" href=\"https:\/\/vaccinare-covid.gov.ro\/platforma-programare\/\" target=\"_blank\" rel=\"noreferrer noopener\" class=\"ek-link\">https:\/\/vaccinare-covid.gov.ro\/platforma-programare\/<\/a> , sau po\u021bi merge direct la unul din centrele de vaccinare din apropierea Universit\u0103\u021bii Alexandru Ioan Cuza din Ia\u0219i: <a aria-label=\"https:\/\/www.uaic.ro\/centre-de-vaccinare-impotriva-covid-19-in-proximitatea-uaic\/ (opens in a new tab)\" href=\"https:\/\/www.uaic.ro\/centre-de-vaccinare-impotriva-covid-19-in-proximitatea-uaic\/\" target=\"_blank\" rel=\"noreferrer noopener\" class=\"ek-link\">https:\/\/www.uaic.ro\/centre-de-vaccinare-impotriva-covid-19-in-proximitatea-uaic\/<\/a><br><strong><span class=\"has-inline-color has-vivid-red-color\">Evit\u0103 manipularea, \u0219tirile false (fake news) \u0219i sursele nesigure. Informeaz\u0103-te \u0219i trece toate<\/span> <span class=\"has-inline-color has-vivid-red-color\">informa\u021biile prin filtrul propriei g\u00e2ndiri<\/span><\/strong>.<br><strong><span class=\"has-inline-color has-vivid-red-color\">Ai \u00eentreb\u0103ri? Caut\u0103 r\u0103spunsuri<\/span><\/strong> &#8211; <a aria-label=\"https:\/\/www.ecdc.europa.eu\/en\/covid-19\/questions-answers (opens in a new tab)\" href=\"https:\/\/www.ecdc.europa.eu\/en\/covid-19\/questions-answers\" target=\"_blank\" rel=\"noreferrer noopener\" class=\"ek-link\">https:\/\/www.ecdc.europa.eu\/en\/covid-19\/questions-answers<\/a> <\/p>\n\n<\/div>\n\t\t<\/div>\n<\/div>","protected":false},"excerpt":{"rendered":"<p>\u00centreb\u0103ri frecvente<\/p>\n","protected":false},"author":1,"featured_media":0,"parent":0,"menu_order":0,"comment_status":"closed","ping_status":"closed","template":"page-templates\/page-with-right-sidebar.php","meta":{"_editorskit_title_hidden":false,"_editorskit_reading_time":2,"_editorskit_is_block_options_detached":false,"_editorskit_block_options_position":"{}","_editorskit_typography_data":[],"_editorskit_blocks_typography":"","_uag_custom_page_level_css":"","footnotes":""},"class_list":["post-9466","page","type-page","status-publish","hentry"],"featured_image_src":null,"uagb_featured_image_src":{"full":false,"thumbnail":false,"medium":false,"medium_large":false,"large":false,"1536x1536":false,"2048x2048":false,"post-thumbnail":false,"mesmerize-full-hd":false},"uagb_author_info":{"display_name":"admin","author_link":"https:\/\/www.bio.uaic.ro\/?author=1"},"uagb_comment_info":0,"uagb_excerpt":"\u00centreb\u0103ri frecvente","_links":{"self":[{"href":"https:\/\/www.bio.uaic.ro\/index.php?rest_route=\/wp\/v2\/pages\/9466","targetHints":{"allow":["GET"]}}],"collection":[{"href":"https:\/\/www.bio.uaic.ro\/index.php?rest_route=\/wp\/v2\/pages"}],"about":[{"href":"https:\/\/www.bio.uaic.ro\/index.php?rest_route=\/wp\/v2\/types\/page"}],"author":[{"embeddable":true,"href":"https:\/\/www.bio.uaic.ro\/index.php?rest_route=\/wp\/v2\/users\/1"}],"replies":[{"embeddable":true,"href":"https:\/\/www.bio.uaic.ro\/index.php?rest_route=%2Fwp%2Fv2%2Fcomments&post=9466"}],"version-history":[{"count":60,"href":"https:\/\/www.bio.uaic.ro\/index.php?rest_route=\/wp\/v2\/pages\/9466\/revisions"}],"predecessor-version":[{"id":12299,"href":"https:\/\/www.bio.uaic.ro\/index.php?rest_route=\/wp\/v2\/pages\/9466\/revisions\/12299"}],"wp:attachment":[{"href":"https:\/\/www.bio.uaic.ro\/index.php?rest_route=%2Fwp%2Fv2%2Fmedia&parent=9466"}],"curies":[{"name":"wp","href":"https:\/\/api.w.org\/{rel}","templated":true}]}}