{"id":9295,"date":"2021-10-07T11:35:50","date_gmt":"2021-10-07T08:35:50","guid":{"rendered":"https:\/\/www.bio.uaic.ro\/?page_id=9295"},"modified":"2021-10-08T15:19:44","modified_gmt":"2021-10-08T12:19:44","slug":"herbarul-facultatii-de-biologie","status":"publish","type":"page","link":"https:\/\/www.bio.uaic.ro\/?page_id=9295","title":{"rendered":"Herbar"},"content":{"rendered":"\n<div class=\"wp-block-columns is-layout-flex wp-container-core-columns-is-layout-9d6595d7 wp-block-columns-is-layout-flex\">\n<div class=\"wp-block-column is-vertically-aligned-center is-layout-flow wp-block-column-is-layout-flow\" style=\"flex-basis:66.66%\">\n<p class=\"has-text-align-justify\"><strong>Herbarul Universit\u0103\u021bii \u201cAlexandru Ioan Cuza\u201d<\/strong> din Ia\u0219i a fost \u00eenfiin\u021bat \u00een anul 1867, de c\u0103tre botanistul Dimitrie Br\u00e2ndz\u0103 \u0219i se afl\u0103 amplasat \u00een cadrul Facult\u0103\u021bii de Biologie. Colec\u021bia p\u0103streaz\u0103 aproximativ <strong>250.000 de coli de herbar <\/strong>(alge, briofite, fungi \u0219i plante vasculare) cu valoare de patrimoniu \u015fi de o deosebit\u0103 importan\u021b\u0103 \u0219tiin\u021bific\u0103 (numeroase holotipuri, specii rare, vulnerabile \u0219i periclitate). \u00cen Index Herbariorum este \u00eenregistrat sub acronimul I (<a href=\"http:\/\/sweetgum.nybg.org\/science\/ih\/herbarium-details\/?irn=166214\">I Herbarium<\/a>).<\/p>\n\n\n\n<p class=\"has-text-align-justify\">Herbarul conserv\u0103 at\u00e2t colec\u021bii de plante din flora \u021b\u0103rii noastre c\u00e2t \u0219i din diferite \u021b\u0103ri din \u00eentreaga lume. Materialul provine din colect\u0103rile f\u0103cute de c\u0103tre personalul herbarului c\u00e2t \u015fi a altor speciali\u0219ti din domeniu, dar \u0219i din dona\u021bii, achizi\u021bii \u0219i schimburi cu alte herbare din str\u0103in\u0103tate. \u00cen colec\u021bia herbarului se g\u0103sesc coli unicat, care au apar\u021binut unor personalit\u0103\u021bi ale botanicii, considerate de o valoare istoric\u0103 incontestabil\u0103.<\/p>\n<\/div>\n\n\n\n<div class=\"wp-block-column is-layout-flow wp-block-column-is-layout-flow\" style=\"flex-basis:33.33%\">\n<div class=\"wp-block-image is-style-editorskit-rounded\"><figure class=\"aligncenter size-large is-resized\"><img loading=\"lazy\" decoding=\"async\" src=\"https:\/\/www.bio.uaic.ro\/wp-content\/uploads\/2021\/10\/1633673861073-658x1024.jpg\" alt=\"\" class=\"wp-image-9393\" width=\"217\" height=\"337\" srcset=\"https:\/\/www.bio.uaic.ro\/wp-content\/uploads\/2021\/10\/1633673861073-658x1024.jpg 658w, https:\/\/www.bio.uaic.ro\/wp-content\/uploads\/2021\/10\/1633673861073-193x300.jpg 193w, https:\/\/www.bio.uaic.ro\/wp-content\/uploads\/2021\/10\/1633673861073-768x1194.jpg 768w, https:\/\/www.bio.uaic.ro\/wp-content\/uploads\/2021\/10\/1633673861073-988x1536.jpg 988w, https:\/\/www.bio.uaic.ro\/wp-content\/uploads\/2021\/10\/1633673861073-1317x2048.jpg 1317w, https:\/\/www.bio.uaic.ro\/wp-content\/uploads\/2021\/10\/1633673861073-1024x1593.jpg 1024w, https:\/\/www.bio.uaic.ro\/wp-content\/uploads\/2021\/10\/1633673861073-694x1080.jpg 694w, https:\/\/www.bio.uaic.ro\/wp-content\/uploads\/2021\/10\/1633673861073-scaled.jpg 1646w\" sizes=\"auto, (max-width: 217px) 100vw, 217px\" \/><\/figure><\/div>\n<\/div>\n<\/div>\n\n\n\n<p><strong>Dintre colec\u021biile pe care le conserv\u0103 herbarul amintim:<\/strong><\/p>\n\n\n\n<ul class=\"wp-block-list\"><li><strong>colec\u021bia de alge:<\/strong> Characeae Exsiccatae (Migula, Sydow et Wahlstedt), Phycotheca Universalis (P. Richter)<\/li><li><strong>colec\u021bia de briofite: <\/strong>C. Papp, Gh. Mihai, Musci Galliae (T. Husnot), Hepaticae Galliae (T. Husnot)<\/li><li><strong>colec\u021bia de licheni:<\/strong> Gh. Sava, V. Codoreanu &amp; Lucia Burlacu, Lichenes Romaniae Exsiccati<\/li><li><strong>colec\u021bia de fungi:<\/strong> Herbarium Mycologicum Romanicum, Flora Olteniae Exsiccata, Herbarul Oescu &amp; Radulescu (Peronosporaceae si Erysiphaceae), Fungi Hungarici (G. Linhart), Fungi Selecti Galliae Exsiccati (C. Roumeguere), Fungi Exotici Exsiccati (Sydow), Mycotheca Germanica (Sydow), Sydow Uredineen, Sydow Ustilagineen, Sydow Phycomyceten et Protomyceten, Kryptogamae Exiccatae (Museo Palatino Vindobonesi), M. Brandza, Th. Solacolu &amp; S. Forstner, Elena Eftimie, I.C. Constantineanu, C. Sandu-Ville, A. Volcinschi, Adriana Pop, M. Mititiuc, T. Chifu, C. T\u0103nase etc.<\/li><li><strong>colec\u021bia de plante vasculare: <\/strong>Flora Romaniae Exsiccata, Flora Olteniae Exsiccata, Flora Moldaviae et Dobrogeae Exsiccata, Gramineae et Leguminosae R. P. Romaniae, Flora Exsiccata Districti Bacoviensis, Al. Popovici, P. Enculescu, C. Petrescu, C. Papp, M. R\u0103v\u0103ru\u021b, C. Burduja, Gh. Mihai, C. Dobrescu, T. Chifu, I. S\u00e2rbu, G. Negrean etc.<\/li><\/ul>\n\n\n\n<div class=\"wp-block-columns is-layout-flex wp-container-core-columns-is-layout-9d6595d7 wp-block-columns-is-layout-flex\">\n<div class=\"wp-block-column is-layout-flow wp-block-column-is-layout-flow\" style=\"flex-basis:33.33%\">\n<div class=\"wp-block-image is-style-editorskit-rounded\"><figure class=\"aligncenter size-large is-resized\"><img loading=\"lazy\" decoding=\"async\" src=\"https:\/\/www.bio.uaic.ro\/wp-content\/uploads\/2021\/10\/1633673954582-725x1024.jpg\" alt=\"\" class=\"wp-image-9398\" width=\"212\" height=\"298\" srcset=\"https:\/\/www.bio.uaic.ro\/wp-content\/uploads\/2021\/10\/1633673954582-725x1024.jpg 725w, https:\/\/www.bio.uaic.ro\/wp-content\/uploads\/2021\/10\/1633673954582-213x300.jpg 213w, https:\/\/www.bio.uaic.ro\/wp-content\/uploads\/2021\/10\/1633673954582-768x1084.jpg 768w, https:\/\/www.bio.uaic.ro\/wp-content\/uploads\/2021\/10\/1633673954582-1088x1536.jpg 1088w, https:\/\/www.bio.uaic.ro\/wp-content\/uploads\/2021\/10\/1633673954582-1451x2048.jpg 1451w, https:\/\/www.bio.uaic.ro\/wp-content\/uploads\/2021\/10\/1633673954582-1024x1445.jpg 1024w, https:\/\/www.bio.uaic.ro\/wp-content\/uploads\/2021\/10\/1633673954582-765x1080.jpg 765w, https:\/\/www.bio.uaic.ro\/wp-content\/uploads\/2021\/10\/1633673954582-scaled.jpg 1814w\" sizes=\"auto, (max-width: 212px) 100vw, 212px\" \/><\/figure><\/div>\n<\/div>\n\n\n\n<div class=\"wp-block-column is-layout-flow wp-block-column-is-layout-flow\" style=\"flex-basis:66.66%\">\n<p class=\"has-text-align-justify\">Herbarul ad\u0103poste\u0219te numeroase coli determinate \u0219i revizuite de botani\u0219ti renumi\u021bi, precum I. Prodan, Al. Borza, E. I. Ny\u00e1r\u00e1dy, Em. \u021aopa, I. Pop, G. Negrean, V. Cioc\u00e2rlan etc.<\/p>\n\n\n\n<p class=\"has-text-align-justify\"><strong>Herbarul Universit\u0103\u021bii \u201eAlexandru Ioan Cuza\u201d din Ia\u0219i reprezint\u0103 un important centru regional de cercetare, o surs\u0103 de informare pentru cadre didactice, cercet\u0103tori \u0219i studen\u021bi din \u021bar\u0103 \u0219i str\u0103in\u0103tate.<\/strong><\/p>\n\n\n\n<p class=\"has-text-align-justify\">\u00cen prezent se lucreaz\u0103 la realizarea bazei de date ce a fost ini\u021biat\u0103 \u00een anul 2005, \u00eenregistr\u00e2ndu-se un num\u0103r de 119000 de coli de herbar.<\/p>\n\n\n\n<p>05.10.2021<\/p>\n\n\n\n<p>Curator: dr. Irina Irimia e-mail: <a href=\"mailto:iblaj2002@yahoo.com\">iblaj2002@yahoo.com<\/a>; <a href=\"mailto:irina.irimia@uaic.ro\">irina.irimia@uaic.ro<\/a><\/p>\n<\/div>\n<\/div>\n\n\n\n<h3 class=\"wp-block-heading\">Galerie foto<\/h3>\n\n\n\n<figure class=\"wp-block-gallery columns-3 is-cropped wp-block-gallery-1 is-layout-flex wp-block-gallery-is-layout-flex\"><ul class=\"blocks-gallery-grid\"><li class=\"blocks-gallery-item\"><figure><img loading=\"lazy\" decoding=\"async\" width=\"721\" height=\"1024\" src=\"https:\/\/www.bio.uaic.ro\/wp-content\/uploads\/2021\/10\/1633673832011-721x1024.jpg\" alt=\"\" data-id=\"9403\" data-full-url=\"https:\/\/www.bio.uaic.ro\/wp-content\/uploads\/2021\/10\/1633673832011-scaled.jpg\" data-link=\"https:\/\/www.bio.uaic.ro\/?attachment_id=9403\" class=\"wp-image-9403\" srcset=\"https:\/\/www.bio.uaic.ro\/wp-content\/uploads\/2021\/10\/1633673832011-721x1024.jpg 721w, https:\/\/www.bio.uaic.ro\/wp-content\/uploads\/2021\/10\/1633673832011-211x300.jpg 211w, https:\/\/www.bio.uaic.ro\/wp-content\/uploads\/2021\/10\/1633673832011-768x1091.jpg 768w, https:\/\/www.bio.uaic.ro\/wp-content\/uploads\/2021\/10\/1633673832011-1082x1536.jpg 1082w, https:\/\/www.bio.uaic.ro\/wp-content\/uploads\/2021\/10\/1633673832011-1442x2048.jpg 1442w, https:\/\/www.bio.uaic.ro\/wp-content\/uploads\/2021\/10\/1633673832011-1024x1454.jpg 1024w, https:\/\/www.bio.uaic.ro\/wp-content\/uploads\/2021\/10\/1633673832011-761x1080.jpg 761w, https:\/\/www.bio.uaic.ro\/wp-content\/uploads\/2021\/10\/1633673832011-scaled.jpg 1803w\" sizes=\"auto, (max-width: 721px) 100vw, 721px\" \/><\/figure><\/li><li class=\"blocks-gallery-item\"><figure><img loading=\"lazy\" decoding=\"async\" width=\"566\" height=\"1024\" src=\"https:\/\/www.bio.uaic.ro\/wp-content\/uploads\/2021\/10\/1633673861090-1-566x1024.jpg\" alt=\"\" data-id=\"9405\" data-full-url=\"https:\/\/www.bio.uaic.ro\/wp-content\/uploads\/2021\/10\/1633673861090-1-scaled.jpg\" data-link=\"https:\/\/www.bio.uaic.ro\/?attachment_id=9405\" class=\"wp-image-9405\" srcset=\"https:\/\/www.bio.uaic.ro\/wp-content\/uploads\/2021\/10\/1633673861090-1-566x1024.jpg 566w, https:\/\/www.bio.uaic.ro\/wp-content\/uploads\/2021\/10\/1633673861090-1-166x300.jpg 166w, https:\/\/www.bio.uaic.ro\/wp-content\/uploads\/2021\/10\/1633673861090-1-768x1389.jpg 768w, https:\/\/www.bio.uaic.ro\/wp-content\/uploads\/2021\/10\/1633673861090-1-849x1536.jpg 849w, https:\/\/www.bio.uaic.ro\/wp-content\/uploads\/2021\/10\/1633673861090-1-1132x2048.jpg 1132w, https:\/\/www.bio.uaic.ro\/wp-content\/uploads\/2021\/10\/1633673861090-1-1024x1852.jpg 1024w, https:\/\/www.bio.uaic.ro\/wp-content\/uploads\/2021\/10\/1633673861090-1-597x1080.jpg 597w, https:\/\/www.bio.uaic.ro\/wp-content\/uploads\/2021\/10\/1633673861090-1-scaled.jpg 1415w\" sizes=\"auto, (max-width: 566px) 100vw, 566px\" \/><\/figure><\/li><li class=\"blocks-gallery-item\"><figure><img loading=\"lazy\" decoding=\"async\" width=\"658\" height=\"1024\" src=\"https:\/\/www.bio.uaic.ro\/wp-content\/uploads\/2021\/10\/1633673861073-1-658x1024.jpg\" alt=\"\" data-id=\"9404\" data-full-url=\"https:\/\/www.bio.uaic.ro\/wp-content\/uploads\/2021\/10\/1633673861073-1-scaled.jpg\" data-link=\"https:\/\/www.bio.uaic.ro\/?attachment_id=9404\" class=\"wp-image-9404\" srcset=\"https:\/\/www.bio.uaic.ro\/wp-content\/uploads\/2021\/10\/1633673861073-1-658x1024.jpg 658w, https:\/\/www.bio.uaic.ro\/wp-content\/uploads\/2021\/10\/1633673861073-1-193x300.jpg 193w, https:\/\/www.bio.uaic.ro\/wp-content\/uploads\/2021\/10\/1633673861073-1-768x1194.jpg 768w, https:\/\/www.bio.uaic.ro\/wp-content\/uploads\/2021\/10\/1633673861073-1-988x1536.jpg 988w, https:\/\/www.bio.uaic.ro\/wp-content\/uploads\/2021\/10\/1633673861073-1-1317x2048.jpg 1317w, https:\/\/www.bio.uaic.ro\/wp-content\/uploads\/2021\/10\/1633673861073-1-1024x1593.jpg 1024w, https:\/\/www.bio.uaic.ro\/wp-content\/uploads\/2021\/10\/1633673861073-1-694x1080.jpg 694w, https:\/\/www.bio.uaic.ro\/wp-content\/uploads\/2021\/10\/1633673861073-1-scaled.jpg 1646w\" sizes=\"auto, (max-width: 658px) 100vw, 658px\" \/><\/figure><\/li><li class=\"blocks-gallery-item\"><figure><img loading=\"lazy\" decoding=\"async\" width=\"1024\" height=\"766\" src=\"https:\/\/www.bio.uaic.ro\/wp-content\/uploads\/2021\/10\/1633673911329-1024x766.jpg\" alt=\"\" data-id=\"9407\" data-full-url=\"https:\/\/www.bio.uaic.ro\/wp-content\/uploads\/2021\/10\/1633673911329-scaled.jpg\" data-link=\"https:\/\/www.bio.uaic.ro\/?attachment_id=9407\" class=\"wp-image-9407\" srcset=\"https:\/\/www.bio.uaic.ro\/wp-content\/uploads\/2021\/10\/1633673911329-1024x766.jpg 1024w, https:\/\/www.bio.uaic.ro\/wp-content\/uploads\/2021\/10\/1633673911329-300x224.jpg 300w, https:\/\/www.bio.uaic.ro\/wp-content\/uploads\/2021\/10\/1633673911329-768x575.jpg 768w, https:\/\/www.bio.uaic.ro\/wp-content\/uploads\/2021\/10\/1633673911329-1536x1149.jpg 1536w, https:\/\/www.bio.uaic.ro\/wp-content\/uploads\/2021\/10\/1633673911329-2048x1532.jpg 2048w, https:\/\/www.bio.uaic.ro\/wp-content\/uploads\/2021\/10\/1633673911329-1443x1080.jpg 1443w\" sizes=\"auto, (max-width: 1024px) 100vw, 1024px\" \/><\/figure><\/li><li class=\"blocks-gallery-item\"><figure><img loading=\"lazy\" decoding=\"async\" width=\"686\" height=\"1024\" src=\"https:\/\/www.bio.uaic.ro\/wp-content\/uploads\/2021\/10\/1633673861116-686x1024.jpg\" alt=\"\" data-id=\"9406\" data-full-url=\"https:\/\/www.bio.uaic.ro\/wp-content\/uploads\/2021\/10\/1633673861116-scaled.jpg\" data-link=\"https:\/\/www.bio.uaic.ro\/?attachment_id=9406\" class=\"wp-image-9406\" srcset=\"https:\/\/www.bio.uaic.ro\/wp-content\/uploads\/2021\/10\/1633673861116-686x1024.jpg 686w, https:\/\/www.bio.uaic.ro\/wp-content\/uploads\/2021\/10\/1633673861116-201x300.jpg 201w, https:\/\/www.bio.uaic.ro\/wp-content\/uploads\/2021\/10\/1633673861116-768x1147.jpg 768w, https:\/\/www.bio.uaic.ro\/wp-content\/uploads\/2021\/10\/1633673861116-1029x1536.jpg 1029w, https:\/\/www.bio.uaic.ro\/wp-content\/uploads\/2021\/10\/1633673861116-1372x2048.jpg 1372w, https:\/\/www.bio.uaic.ro\/wp-content\/uploads\/2021\/10\/1633673861116-1024x1529.jpg 1024w, https:\/\/www.bio.uaic.ro\/wp-content\/uploads\/2021\/10\/1633673861116-723x1080.jpg 723w, https:\/\/www.bio.uaic.ro\/wp-content\/uploads\/2021\/10\/1633673861116-scaled.jpg 1715w\" sizes=\"auto, (max-width: 686px) 100vw, 686px\" \/><\/figure><\/li><li class=\"blocks-gallery-item\"><figure><img loading=\"lazy\" decoding=\"async\" width=\"1024\" height=\"766\" src=\"https:\/\/www.bio.uaic.ro\/wp-content\/uploads\/2021\/10\/1633673954568-1024x766.jpg\" alt=\"\" data-id=\"9408\" data-full-url=\"https:\/\/www.bio.uaic.ro\/wp-content\/uploads\/2021\/10\/1633673954568-scaled.jpg\" data-link=\"https:\/\/www.bio.uaic.ro\/?attachment_id=9408\" class=\"wp-image-9408\" srcset=\"https:\/\/www.bio.uaic.ro\/wp-content\/uploads\/2021\/10\/1633673954568-1024x766.jpg 1024w, https:\/\/www.bio.uaic.ro\/wp-content\/uploads\/2021\/10\/1633673954568-300x224.jpg 300w, https:\/\/www.bio.uaic.ro\/wp-content\/uploads\/2021\/10\/1633673954568-768x575.jpg 768w, https:\/\/www.bio.uaic.ro\/wp-content\/uploads\/2021\/10\/1633673954568-1536x1149.jpg 1536w, https:\/\/www.bio.uaic.ro\/wp-content\/uploads\/2021\/10\/1633673954568-2048x1532.jpg 2048w, https:\/\/www.bio.uaic.ro\/wp-content\/uploads\/2021\/10\/1633673954568-1443x1080.jpg 1443w\" sizes=\"auto, (max-width: 1024px) 100vw, 1024px\" \/><\/figure><\/li><li class=\"blocks-gallery-item\"><figure><img loading=\"lazy\" decoding=\"async\" width=\"725\" height=\"1024\" src=\"https:\/\/www.bio.uaic.ro\/wp-content\/uploads\/2021\/10\/1633673954582-1-725x1024.jpg\" alt=\"\" data-id=\"9409\" data-full-url=\"https:\/\/www.bio.uaic.ro\/wp-content\/uploads\/2021\/10\/1633673954582-1-scaled.jpg\" data-link=\"https:\/\/www.bio.uaic.ro\/?attachment_id=9409\" class=\"wp-image-9409\" srcset=\"https:\/\/www.bio.uaic.ro\/wp-content\/uploads\/2021\/10\/1633673954582-1-725x1024.jpg 725w, https:\/\/www.bio.uaic.ro\/wp-content\/uploads\/2021\/10\/1633673954582-1-213x300.jpg 213w, https:\/\/www.bio.uaic.ro\/wp-content\/uploads\/2021\/10\/1633673954582-1-768x1084.jpg 768w, https:\/\/www.bio.uaic.ro\/wp-content\/uploads\/2021\/10\/1633673954582-1-1088x1536.jpg 1088w, https:\/\/www.bio.uaic.ro\/wp-content\/uploads\/2021\/10\/1633673954582-1-1451x2048.jpg 1451w, https:\/\/www.bio.uaic.ro\/wp-content\/uploads\/2021\/10\/1633673954582-1-1024x1445.jpg 1024w, https:\/\/www.bio.uaic.ro\/wp-content\/uploads\/2021\/10\/1633673954582-1-765x1080.jpg 765w, https:\/\/www.bio.uaic.ro\/wp-content\/uploads\/2021\/10\/1633673954582-1-scaled.jpg 1814w\" sizes=\"auto, (max-width: 725px) 100vw, 725px\" \/><\/figure><\/li><\/ul><\/figure>\n","protected":false},"excerpt":{"rendered":"<p>Herbarul Universit\u0103\u021bii \u201cAlexandru Ioan Cuza\u201d din Ia\u0219i a fost \u00eenfiin\u021bat \u00een anul 1867, de c\u0103tre botanistul Dimitrie Br\u00e2ndz\u0103 \u0219i se afl\u0103 amplasat \u00een cadrul Facult\u0103\u021bii de Biologie. Colec\u021bia p\u0103streaz\u0103 aproximativ 250.000 de coli de herbar (alge, briofite, fungi \u0219i plante vasculare) cu valoare de patrimoniu \u015fi de o deosebit\u0103 importan\u021b\u0103 \u0219tiin\u021bific\u0103 (numeroase holotipuri, specii rare,&hellip; <br \/> <a class=\"read-more\" href=\"https:\/\/www.bio.uaic.ro\/?page_id=9295\">Cite\u0219te mai mult<\/a><\/p>\n","protected":false},"author":1,"featured_media":0,"parent":0,"menu_order":0,"comment_status":"closed","ping_status":"closed","template":"page-templates\/page-with-right-sidebar.php","meta":{"_editorskit_title_hidden":false,"_editorskit_reading_time":2,"_editorskit_is_block_options_detached":false,"_editorskit_block_options_position":"{}","_editorskit_typography_data":[],"_editorskit_blocks_typography":"","_uag_custom_page_level_css":"","footnotes":""},"class_list":["post-9295","page","type-page","status-publish","hentry"],"featured_image_src":null,"uagb_featured_image_src":{"full":false,"thumbnail":false,"medium":false,"medium_large":false,"large":false,"1536x1536":false,"2048x2048":false,"post-thumbnail":false,"mesmerize-full-hd":false},"uagb_author_info":{"display_name":"admin","author_link":"https:\/\/www.bio.uaic.ro\/?author=1"},"uagb_comment_info":0,"uagb_excerpt":"Herbarul Universit\u0103\u021bii \u201cAlexandru Ioan Cuza\u201d din Ia\u0219i a fost \u00eenfiin\u021bat \u00een anul 1867, de c\u0103tre botanistul Dimitrie Br\u00e2ndz\u0103 \u0219i se afl\u0103 amplasat \u00een cadrul Facult\u0103\u021bii de Biologie. Colec\u021bia p\u0103streaz\u0103 aproximativ 250.000 de coli de herbar (alge, briofite, fungi \u0219i plante vasculare) cu valoare de patrimoniu \u015fi de o deosebit\u0103 importan\u021b\u0103 \u0219tiin\u021bific\u0103 (numeroase holotipuri, specii rare,&hellip;&hellip;","_links":{"self":[{"href":"https:\/\/www.bio.uaic.ro\/index.php?rest_route=\/wp\/v2\/pages\/9295","targetHints":{"allow":["GET"]}}],"collection":[{"href":"https:\/\/www.bio.uaic.ro\/index.php?rest_route=\/wp\/v2\/pages"}],"about":[{"href":"https:\/\/www.bio.uaic.ro\/index.php?rest_route=\/wp\/v2\/types\/page"}],"author":[{"embeddable":true,"href":"https:\/\/www.bio.uaic.ro\/index.php?rest_route=\/wp\/v2\/users\/1"}],"replies":[{"embeddable":true,"href":"https:\/\/www.bio.uaic.ro\/index.php?rest_route=%2Fwp%2Fv2%2Fcomments&post=9295"}],"version-history":[{"count":10,"href":"https:\/\/www.bio.uaic.ro\/index.php?rest_route=\/wp\/v2\/pages\/9295\/revisions"}],"predecessor-version":[{"id":9412,"href":"https:\/\/www.bio.uaic.ro\/index.php?rest_route=\/wp\/v2\/pages\/9295\/revisions\/9412"}],"wp:attachment":[{"href":"https:\/\/www.bio.uaic.ro\/index.php?rest_route=%2Fwp%2Fv2%2Fmedia&parent=9295"}],"curies":[{"name":"wp","href":"https:\/\/api.w.org\/{rel}","templated":true}]}}