{"id":830,"date":"2019-11-14T15:22:45","date_gmt":"2019-11-14T13:22:45","guid":{"rendered":"http:\/\/85.122.19.114:81\/wordpress\/mesmerize-2\/"},"modified":"2025-10-16T10:29:55","modified_gmt":"2025-10-16T07:29:55","slug":"mesmerize-2","status":"publish","type":"page","link":"https:\/\/www.bio.uaic.ro\/","title":{"rendered":"Front Page"},"content":{"rendered":"<div  data-label=\"Overlappable\" data-id=\"overlappable--1\" data-export-id=\"overlappable-4\" data-category=\"overlappable\" class=\"overlappable-4 content-section content-section-spacing\" data-overlap=\"true\" id=\"overlappable-1\" style=\"background-color: rgb(255, 255, 255);\"><div  class=\"gridContainer\"> <div  data-type=\"row\" class=\"row spaced-cols text-center\"><div  class=\"col-xs-12 col-sm-4 col-padding\"> <a  data-cp-link=\"1\" href=\"https:\/\/www.bio.uaic.ro?page_id=1474\" target=\"_self\" rel=\"noopener\"><i  class=\"fa icon shadow-large-black aligncenter color1 fa-institution reverse round large\"><\/i><\/a> <div  data-type=\"column\" class=\"\">  <h3  class=\"\">Studii de licen\u021b\u0103<\/h3><\/div> <\/div> <div  class=\"col-xs-12 col-sm-4 col-padding\"> <a  data-cp-link=\"1\" href=\"https:\/\/www.bio.uaic.ro?page_id=1489\" target=\"_self\" rel=\"noopener\"><i  class=\"fa icon shadow-large-black aligncenter color1 fa-fort-awesome reverse round large\"><\/i><\/a> <div  data-type=\"column\" class=\"\"> <h3  class=\"\">Studii de masterat<\/h3><\/div> <\/div> <div  class=\"col-xs-12 col-sm-4 col-padding\"> <a  data-cp-link=\"1\" href=\"https:\/\/www.bio.uaic.ro?page_id=1735\" target=\"_self\" rel=\"noopener\"><i  class=\"fa icon shadow-large-black aligncenter color1 fa-graduation-cap reverse round large\"><\/i><\/a> <div  data-type=\"column\" class=\"\"> <h3  class=\"\">Scoal\u0103 doctoral\u0103<\/h3><\/div> <\/div><\/div> <\/div><\/div><div  data-label=\"Latest-news\" data-id=\"latest_news--1\" data-export-id=\"blog-section\" data-category=\"latest_news\" class=\"blog-section blog-section-standard content-section content-section-spacing\" id=\"latest_news-1\" style=\"background-color: rgb(255, 255, 255);\"><div  class=\"gridContainer\"> <div  class=\"row\"><div  data-type=\"column\" class=\"section-title-col\"> <h2  class=\"\">Anun\u021buri \u0219i Nout\u0103\u021bi<\/h2> <p  class=\"lead\">Urm\u0103ri\u021bi aceast\u0103 sec\u021biune pentru a fi la curent cu ultimele nout\u0103\u021bi.<\/p><\/div> <\/div> <div  class=\"row\"> <div  data-type=\"row\" data-dynamic-columns=\"handled\" data-content-shortcode=\"mesmerize_latest_news columns=&quot;4&quot; posts=&quot;6&quot; \">\t\t<div class=\"row center-sm content-left-sm\">\n\t\t\t\t\t<div id=\"post-25069\" class=\"col-sm-6 col-md-4 space-bottom space-bottom-xs\">\n\t\t\t\t<div class=\"post-content card y-move bordered\">\n\t\t\t\t\t<div class=\"post-thumbnail\">\n   <a href=\"https:\/\/www.bio.uaic.ro\/?p=25069\" class=\"post-list-item-thumb \">\n      <img loading=\"lazy\" decoding=\"async\" width=\"1024\" height=\"572\" src=\"https:\/\/www.bio.uaic.ro\/wp-content\/uploads\/2026\/04\/scdoc2-1024x572.png\" class=\"attachment-post-thumbnail size-post-thumbnail wp-post-image\" alt=\"\" srcset=\"https:\/\/www.bio.uaic.ro\/wp-content\/uploads\/2026\/04\/scdoc2-1024x572.png 1024w, https:\/\/www.bio.uaic.ro\/wp-content\/uploads\/2026\/04\/scdoc2-300x167.png 300w, https:\/\/www.bio.uaic.ro\/wp-content\/uploads\/2026\/04\/scdoc2-768x429.png 768w, https:\/\/www.bio.uaic.ro\/wp-content\/uploads\/2026\/04\/scdoc2.png 1376w\" sizes=\"auto, (max-width: 1024px) 100vw, 1024px\" \/>   <\/a>\n<\/div>\n\t\t\t\t\t<div class=\"col-padding col-padding-xs\">\n\t\t\t\t\t\t<h3 class=\"post-title space-bottom-small\">\n\t\t\t\t\t\t\t<a href=\"https:\/\/www.bio.uaic.ro\/?p=25069\" rel=\"bookmark\">\n\t\t\t\t\t\t\t\tSus\u021binere tez\u0103 de doctorat \u00een cadrul comisiei de \u00eendrumare \u0219i integritate academic\u0103 drd. Petru-Fabian LUNGU\t\t\t\t\t\t\t<\/a>\n\t\t\t\t\t\t<\/h3>\n\t\t\t\t\t\t<p>\ud83c\udf93\u00a0Sus\u021binere Referat de Doctorat \ud83d\udd2c\u00a0Tema Lucr\u0103rii \u201eEfectul unor diverse antipsihotice tipice sau atipice asupra func\u021biilor cognitive \u00een schizofrenie &#8211; studii pe pe\u0219tii zebr\u0103 \u0219i pacien\u021bi umani\u201d \ud83d\udc68\u200d\ud83c\udfeb\u00a0Coordonare \u0218tiin\u021bific\u0103 Coordonator:&nbsp;C.S. Dr.[&hellip;]<\/p>\n\t\t\t\t\t\t<a class=\"read-more link\" href=\"https:\/\/www.bio.uaic.ro\/?p=25069\">\n\t\t\t\t\t\t\tRead more\t\t\t\t\t\t<\/a>\n\t\t\t\t\t<\/div>\n\t\t\t\t<\/div>\n\t\t\t<\/div>\n\t\t\t\t\t\t<div id=\"post-25051\" class=\"col-sm-6 col-md-4 space-bottom space-bottom-xs\">\n\t\t\t\t<div class=\"post-content card y-move bordered\">\n\t\t\t\t\t<div class=\"post-thumbnail\">\n   <a href=\"https:\/\/www.bio.uaic.ro\/?p=25051\" class=\"post-list-item-thumb \">\n      <img loading=\"lazy\" decoding=\"async\" width=\"1024\" height=\"1448\" src=\"https:\/\/www.bio.uaic.ro\/wp-content\/uploads\/2026\/04\/Poster-actualizat-Porti-deschise-26-1024x1448.png\" class=\"attachment-post-thumbnail size-post-thumbnail wp-post-image\" alt=\"\" srcset=\"https:\/\/www.bio.uaic.ro\/wp-content\/uploads\/2026\/04\/Poster-actualizat-Porti-deschise-26-1024x1448.png 1024w, https:\/\/www.bio.uaic.ro\/wp-content\/uploads\/2026\/04\/Poster-actualizat-Porti-deschise-26-212x300.png 212w, https:\/\/www.bio.uaic.ro\/wp-content\/uploads\/2026\/04\/Poster-actualizat-Porti-deschise-26-724x1024.png 724w, https:\/\/www.bio.uaic.ro\/wp-content\/uploads\/2026\/04\/Poster-actualizat-Porti-deschise-26-768x1086.png 768w, https:\/\/www.bio.uaic.ro\/wp-content\/uploads\/2026\/04\/Poster-actualizat-Porti-deschise-26-1086x1536.png 1086w, https:\/\/www.bio.uaic.ro\/wp-content\/uploads\/2026\/04\/Poster-actualizat-Porti-deschise-26-1448x2048.png 1448w, https:\/\/www.bio.uaic.ro\/wp-content\/uploads\/2026\/04\/Poster-actualizat-Porti-deschise-26-764x1080.png 764w, https:\/\/www.bio.uaic.ro\/wp-content\/uploads\/2026\/04\/Poster-actualizat-Porti-deschise-26.png 1587w\" sizes=\"auto, (max-width: 1024px) 100vw, 1024px\" \/>   <\/a>\n<\/div>\n\t\t\t\t\t<div class=\"col-padding col-padding-xs\">\n\t\t\t\t\t\t<h3 class=\"post-title space-bottom-small\">\n\t\t\t\t\t\t\t<a href=\"https:\/\/www.bio.uaic.ro\/?p=25051\" rel=\"bookmark\">\n\t\t\t\t\t\t\t\tZiua Por\u021bilor Deschise\t\t\t\t\t\t\t<\/a>\n\t\t\t\t\t\t<\/h3>\n\t\t\t\t\t\t<p>\ud83d\udeaa Descoper\u0103 viitorul t\u0103u la Facultatea de Biologie! Unde ne vei g\u0103si: \ud83d\udcc5 23 Aprilie \ud83d\udcc5 24 Aprilie Ziua Por\u021bilor Deschise la Facultatea de Biologie! Tururi ghidate: Standuri: Workshop Sala[&hellip;]<\/p>\n\t\t\t\t\t\t<a class=\"read-more link\" href=\"https:\/\/www.bio.uaic.ro\/?p=25051\">\n\t\t\t\t\t\t\tRead more\t\t\t\t\t\t<\/a>\n\t\t\t\t\t<\/div>\n\t\t\t\t<\/div>\n\t\t\t<\/div>\n\t\t\t\t\t\t<div id=\"post-24955\" class=\"col-sm-6 col-md-4 space-bottom space-bottom-xs\">\n\t\t\t\t<div class=\"post-content card y-move bordered\">\n\t\t\t\t\t<div class=\"post-thumbnail\">\n   <a href=\"https:\/\/www.bio.uaic.ro\/?p=24955\" class=\"post-list-item-thumb \">\n      <img loading=\"lazy\" decoding=\"async\" width=\"1024\" height=\"1448\" src=\"https:\/\/www.bio.uaic.ro\/wp-content\/uploads\/2026\/04\/24.04.2026-Pasi-spre-profesie-1024x1448.png\" class=\"attachment-post-thumbnail size-post-thumbnail wp-post-image\" alt=\"\" srcset=\"https:\/\/www.bio.uaic.ro\/wp-content\/uploads\/2026\/04\/24.04.2026-Pasi-spre-profesie-1024x1448.png 1024w, https:\/\/www.bio.uaic.ro\/wp-content\/uploads\/2026\/04\/24.04.2026-Pasi-spre-profesie-212x300.png 212w, https:\/\/www.bio.uaic.ro\/wp-content\/uploads\/2026\/04\/24.04.2026-Pasi-spre-profesie-724x1024.png 724w, https:\/\/www.bio.uaic.ro\/wp-content\/uploads\/2026\/04\/24.04.2026-Pasi-spre-profesie-768x1086.png 768w, https:\/\/www.bio.uaic.ro\/wp-content\/uploads\/2026\/04\/24.04.2026-Pasi-spre-profesie-1086x1536.png 1086w, https:\/\/www.bio.uaic.ro\/wp-content\/uploads\/2026\/04\/24.04.2026-Pasi-spre-profesie-764x1080.png 764w, https:\/\/www.bio.uaic.ro\/wp-content\/uploads\/2026\/04\/24.04.2026-Pasi-spre-profesie.png 1123w\" sizes=\"auto, (max-width: 1024px) 100vw, 1024px\" \/>   <\/a>\n<\/div>\n\t\t\t\t\t<div class=\"col-padding col-padding-xs\">\n\t\t\t\t\t\t<h3 class=\"post-title space-bottom-small\">\n\t\t\t\t\t\t\t<a href=\"https:\/\/www.bio.uaic.ro\/?p=24955\" rel=\"bookmark\">\n\t\t\t\t\t\t\t\tPa\u0219i spre profesie\t\t\t\t\t\t\t<\/a>\n\t\t\t\t\t\t<\/h3>\n\t\t\t\t\t\t<p>S\u0103pt\u0103m\u00e2na aceasta Pa\u0219ii spre profesie continu\u0103\u2026 pe calea Geneticii! V\u0103 invit\u0103m s\u0103 participa\u021bi la o discu\u021bie cu absolven\u021bi ai programului de master, s\u0103 descoperi\u021bi experien\u021bele lor \u0219i s\u0103 afla\u021bi mai[&hellip;]<\/p>\n\t\t\t\t\t\t<a class=\"read-more link\" href=\"https:\/\/www.bio.uaic.ro\/?p=24955\">\n\t\t\t\t\t\t\tRead more\t\t\t\t\t\t<\/a>\n\t\t\t\t\t<\/div>\n\t\t\t\t<\/div>\n\t\t\t<\/div>\n\t\t\t\t\t\t<div id=\"post-24813\" class=\"col-sm-6 col-md-4 space-bottom space-bottom-xs\">\n\t\t\t\t<div class=\"post-content card y-move bordered\">\n\t\t\t\t\t<div class=\"post-thumbnail\">\n   <a href=\"https:\/\/www.bio.uaic.ro\/?p=24813\" class=\"post-list-item-thumb \">\n      <img loading=\"lazy\" decoding=\"async\" width=\"1024\" height=\"572\" src=\"https:\/\/www.bio.uaic.ro\/wp-content\/uploads\/2026\/04\/burse2-1024x572.png\" class=\"attachment-post-thumbnail size-post-thumbnail wp-post-image\" alt=\"\" srcset=\"https:\/\/www.bio.uaic.ro\/wp-content\/uploads\/2026\/04\/burse2-1024x572.png 1024w, https:\/\/www.bio.uaic.ro\/wp-content\/uploads\/2026\/04\/burse2-300x168.png 300w, https:\/\/www.bio.uaic.ro\/wp-content\/uploads\/2026\/04\/burse2-768x429.png 768w, https:\/\/www.bio.uaic.ro\/wp-content\/uploads\/2026\/04\/burse2.png 1375w\" sizes=\"auto, (max-width: 1024px) 100vw, 1024px\" \/>   <\/a>\n<\/div>\n\t\t\t\t\t<div class=\"col-padding col-padding-xs\">\n\t\t\t\t\t\t<h3 class=\"post-title space-bottom-small\">\n\t\t\t\t\t\t\t<a href=\"https:\/\/www.bio.uaic.ro\/?p=24813\" rel=\"bookmark\">\n\t\t\t\t\t\t\t\tBurse anul universitar\u00a02025\u20132026\t\t\t\t\t\t\t<\/a>\n\t\t\t\t\t\t<\/h3>\n\t\t\t\t\t\t<p>\ud83d\udcdc Liste Burse \u2013 Semestrul II (2025-2026) Vezi mai jos documentele actualizate pentru rezultatele par\u021biale ale burselor din acest semestru: \ud83d\udce2 Informa\u021bii Generale \ud83c\udfc6 Burse pe Categorii Faza I \ud83c\udfc6[&hellip;]<\/p>\n\t\t\t\t\t\t<a class=\"read-more link\" href=\"https:\/\/www.bio.uaic.ro\/?p=24813\">\n\t\t\t\t\t\t\tRead more\t\t\t\t\t\t<\/a>\n\t\t\t\t\t<\/div>\n\t\t\t\t<\/div>\n\t\t\t<\/div>\n\t\t\t\t\t\t<div id=\"post-24845\" class=\"col-sm-6 col-md-4 space-bottom space-bottom-xs\">\n\t\t\t\t<div class=\"post-content card y-move bordered\">\n\t\t\t\t\t<div class=\"post-thumbnail\">\n   <a href=\"https:\/\/www.bio.uaic.ro\/?p=24845\" class=\"post-list-item-thumb \">\n      <img loading=\"lazy\" decoding=\"async\" width=\"1024\" height=\"572\" src=\"https:\/\/www.bio.uaic.ro\/wp-content\/uploads\/2026\/04\/scdoc2-1024x572.png\" class=\"attachment-post-thumbnail size-post-thumbnail wp-post-image\" alt=\"\" srcset=\"https:\/\/www.bio.uaic.ro\/wp-content\/uploads\/2026\/04\/scdoc2-1024x572.png 1024w, https:\/\/www.bio.uaic.ro\/wp-content\/uploads\/2026\/04\/scdoc2-300x167.png 300w, https:\/\/www.bio.uaic.ro\/wp-content\/uploads\/2026\/04\/scdoc2-768x429.png 768w, https:\/\/www.bio.uaic.ro\/wp-content\/uploads\/2026\/04\/scdoc2.png 1376w\" sizes=\"auto, (max-width: 1024px) 100vw, 1024px\" \/>   <\/a>\n<\/div>\n\t\t\t\t\t<div class=\"col-padding col-padding-xs\">\n\t\t\t\t\t\t<h3 class=\"post-title space-bottom-small\">\n\t\t\t\t\t\t\t<a href=\"https:\/\/www.bio.uaic.ro\/?p=24845\" rel=\"bookmark\">\n\t\t\t\t\t\t\t\tSus\u021binere Referat I \u2013 drd. Paul-Iulian DONCIU\t\t\t\t\t\t\t<\/a>\n\t\t\t\t\t\t<\/h3>\n\t\t\t\t\t\t<p>\ud83c\udf93 Sus\u021binere Referat de Doctorat \ud83d\udd2c Tema Lucr\u0103rii \u201eEvaluarea paleodemografic\u0103 \u0219i morfometric\u0103 a unor schelete din necropola de secole XV-XIX de la Biserica Sf. Atanasie de la Niculi\u021bel (jud. Tulcea)\u201d[&hellip;]<\/p>\n\t\t\t\t\t\t<a class=\"read-more link\" href=\"https:\/\/www.bio.uaic.ro\/?p=24845\">\n\t\t\t\t\t\t\tRead more\t\t\t\t\t\t<\/a>\n\t\t\t\t\t<\/div>\n\t\t\t\t<\/div>\n\t\t\t<\/div>\n\t\t\t\t\t\t<div id=\"post-24811\" class=\"col-sm-6 col-md-4 space-bottom space-bottom-xs\">\n\t\t\t\t<div class=\"post-content card y-move bordered\">\n\t\t\t\t\t<div class=\"post-thumbnail\">\n   <a href=\"https:\/\/www.bio.uaic.ro\/?p=24811\" class=\"post-list-item-thumb \">\n      <img loading=\"lazy\" decoding=\"async\" width=\"1024\" height=\"559\" src=\"https:\/\/www.bio.uaic.ro\/wp-content\/uploads\/2026\/04\/important2.jpg\" class=\"attachment-post-thumbnail size-post-thumbnail wp-post-image\" alt=\"\" srcset=\"https:\/\/www.bio.uaic.ro\/wp-content\/uploads\/2026\/04\/important2.jpg 1024w, https:\/\/www.bio.uaic.ro\/wp-content\/uploads\/2026\/04\/important2-300x164.jpg 300w, https:\/\/www.bio.uaic.ro\/wp-content\/uploads\/2026\/04\/important2-768x419.jpg 768w\" sizes=\"auto, (max-width: 1024px) 100vw, 1024px\" \/>   <\/a>\n<\/div>\n\t\t\t\t\t<div class=\"col-padding col-padding-xs\">\n\t\t\t\t\t\t<h3 class=\"post-title space-bottom-small\">\n\t\t\t\t\t\t\t<a href=\"https:\/\/www.bio.uaic.ro\/?p=24811\" rel=\"bookmark\">\n\t\t\t\t\t\t\t\tEU GREEN BIP!\t\t\t\t\t\t\t<\/a>\n\t\t\t\t\t\t<\/h3>\n\t\t\t\t\t\t<p>\ud83d\udce2 Detalii Program Programul EU GREEN BIP (Blended Intensive Programme) ofer\u0103 o perspectiv\u0103 european\u0103 asupra speciilor invazive, combin\u00e2nd \u00eenv\u0103\u021barea online cu o component\u0103 de mobilitate fizic\u0103. AspectInforma\u021bie\ud83d\udcc5 Termen limit\u0103 (Deadline)20[&hellip;]<\/p>\n\t\t\t\t\t\t<a class=\"read-more link\" href=\"https:\/\/www.bio.uaic.ro\/?p=24811\">\n\t\t\t\t\t\t\tRead more\t\t\t\t\t\t<\/a>\n\t\t\t\t\t<\/div>\n\t\t\t\t<\/div>\n\t\t\t<\/div>\n\t\t\t\t<\/div>\n\t<\/div><\/div> <div  class=\"row\"><div  class=\"text-center\"> <a  class=\"button color1\" data-attr-shortcode=\"href:mesmerize_blog_link\" href=\"https:\/\/www.bio.uaic.ro\/?page_id=832\">VEDE\u021aI TOATE ANUN\u021aURILE<\/a><\/div> <\/div><\/div><\/div><div  data-label=\"Cta\" data-id=\"cta--1\" data-export-id=\"cta-blue-section\" data-category=\"cta\" class=\"cta-blue-section content-section content-section-spacing-medium bg-color1 white-text\" id=\"cta-1\"><div  class=\"gridContainer\"> <div  class=\"row middle-xs\"><div  class=\"col-sm-8 space-bottom-xs\" data-type=\"column\"> <h2  class=\"\">5 motive s\u0103 fii student la Facultatea de Biologie<span  class=\"font-300\"><\/span><\/h2> <\/div> <div  class=\"col-sm-4 end-sm\" data-type=\"column\"> <a  class=\"button color2\" href=\"https:\/\/www.bio.uaic.ro?page_id=6141\" target=\"_self\" data-cp-link=\"1\" rel=\"noopener\">Click aici pentru a p\u0103trunde \u00een lumea noastr\u0103<\/a><\/div> <\/div><\/div> <\/div>","protected":false},"excerpt":{"rendered":"<p>Studii de licen\u021b\u0103 Studii de masterat Scoal\u0103 doctoral\u0103 Anun\u021buri \u0219i Nout\u0103\u021bi Urm\u0103ri\u021bi aceast\u0103 sec\u021biune pentru a fi la curent cu ultimele nout\u0103\u021bi. VEDE\u021aI TOATE ANUN\u021aURILE 5 motive s\u0103 fii student la Facultatea de Biologie Click aici pentru a p\u0103trunde \u00een lumea noastr\u0103<\/p>\n","protected":false},"author":1,"featured_media":0,"parent":0,"menu_order":0,"comment_status":"closed","ping_status":"closed","template":"page-templates\/homepage.php","meta":{"_editorskit_title_hidden":false,"_editorskit_reading_time":0,"_editorskit_is_block_options_detached":false,"_editorskit_block_options_position":"{}","_editorskit_typography_data":[],"_editorskit_blocks_typography":"","_uag_custom_page_level_css":"","footnotes":""},"class_list":["post-830","page","type-page","status-publish","hentry"],"featured_image_src":null,"uagb_featured_image_src":{"full":false,"thumbnail":false,"medium":false,"medium_large":false,"large":false,"1536x1536":false,"2048x2048":false,"post-thumbnail":false,"mesmerize-full-hd":false},"uagb_author_info":{"display_name":"admin","author_link":"https:\/\/www.bio.uaic.ro\/?author=1"},"uagb_comment_info":0,"uagb_excerpt":"Studii de licen\u021b\u0103 Studii de masterat Scoal\u0103 doctoral\u0103 Anun\u021buri \u0219i Nout\u0103\u021bi Urm\u0103ri\u021bi aceast\u0103 sec\u021biune pentru a fi la curent cu ultimele nout\u0103\u021bi. VEDE\u021aI TOATE ANUN\u021aURILE 5 motive s\u0103 fii student la Facultatea de Biologie Click aici pentru a p\u0103trunde \u00een lumea noastr\u0103","_links":{"self":[{"href":"https:\/\/www.bio.uaic.ro\/index.php?rest_route=\/wp\/v2\/pages\/830","targetHints":{"allow":["GET"]}}],"collection":[{"href":"https:\/\/www.bio.uaic.ro\/index.php?rest_route=\/wp\/v2\/pages"}],"about":[{"href":"https:\/\/www.bio.uaic.ro\/index.php?rest_route=\/wp\/v2\/types\/page"}],"author":[{"embeddable":true,"href":"https:\/\/www.bio.uaic.ro\/index.php?rest_route=\/wp\/v2\/users\/1"}],"replies":[{"embeddable":true,"href":"https:\/\/www.bio.uaic.ro\/index.php?rest_route=%2Fwp%2Fv2%2Fcomments&post=830"}],"version-history":[{"count":130,"href":"https:\/\/www.bio.uaic.ro\/index.php?rest_route=\/wp\/v2\/pages\/830\/revisions"}],"predecessor-version":[{"id":23815,"href":"https:\/\/www.bio.uaic.ro\/index.php?rest_route=\/wp\/v2\/pages\/830\/revisions\/23815"}],"wp:attachment":[{"href":"https:\/\/www.bio.uaic.ro\/index.php?rest_route=%2Fwp%2Fv2%2Fmedia&parent=830"}],"curies":[{"name":"wp","href":"https:\/\/api.w.org\/{rel}","templated":true}]}}