{"id":7807,"date":"2021-06-22T09:25:01","date_gmt":"2021-06-22T06:25:01","guid":{"rendered":"https:\/\/www.bio.uaic.ro\/?page_id=7807"},"modified":"2025-07-12T09:10:06","modified_gmt":"2025-07-12T06:10:06","slug":"biologie","status":"publish","type":"page","link":"https:\/\/www.bio.uaic.ro\/?page_id=7807","title":{"rendered":"Biologie"},"content":{"rendered":"<div class=\"wp-block-image is-style-editorskit-rounded\"><figure class=\"aligncenter size-large has-ek-typography\" style=\"\"><img loading=\"lazy\" decoding=\"async\" width=\"728\" height=\"1024\" src=\"https:\/\/www.bio.uaic.ro\/wp-content\/uploads\/2025\/07\/Afis-Admitere-Biologie-2025-728x1024.jpg\" alt=\"\" class=\"wp-image-22985\" srcset=\"https:\/\/www.bio.uaic.ro\/wp-content\/uploads\/2025\/07\/Afis-Admitere-Biologie-2025-728x1024.jpg 728w, https:\/\/www.bio.uaic.ro\/wp-content\/uploads\/2025\/07\/Afis-Admitere-Biologie-2025-213x300.jpg 213w, https:\/\/www.bio.uaic.ro\/wp-content\/uploads\/2025\/07\/Afis-Admitere-Biologie-2025-768x1080.jpg 768w, https:\/\/www.bio.uaic.ro\/wp-content\/uploads\/2025\/07\/Afis-Admitere-Biologie-2025-1092x1536.jpg 1092w, https:\/\/www.bio.uaic.ro\/wp-content\/uploads\/2025\/07\/Afis-Admitere-Biologie-2025-1456x2048.jpg 1456w, https:\/\/www.bio.uaic.ro\/wp-content\/uploads\/2025\/07\/Afis-Admitere-Biologie-2025-1024x1440.jpg 1024w, https:\/\/www.bio.uaic.ro\/wp-content\/uploads\/2025\/07\/Afis-Admitere-Biologie-2025-scaled.jpg 1820w\" sizes=\"auto, (max-width: 728px) 100vw, 728px\" \/><\/figure><\/div>\n\n<div style=\"height:100px\" aria-hidden=\"true\" class=\"wp-block-spacer has-ek-typography\"><\/div>\n\n<p class=\" has-ek-typography\" style=\"\"><strong>Biologia<\/strong>, \u0219tiin\u021ba despre via\u021b\u0103, apar\u021bine grupului mare al \u0219tiin\u021belor naturii. Cu o lung\u0103 istorie a existen\u021bei sale, <strong>Biologia<\/strong> este o \u0219tiin\u021b\u0103 a prezen\u021bului \u0219i viitorului, constituind un domeniu de investigare din ce \u00een ce mai complex\u0103 a lumii vii.<\/p>\n\n<p class=\" has-ek-typography\" style=\"\">\u00cen prezent, biologii pot fi angaja\u021bi ca profesioni\u0219ti \u00een locuri diverse, deseori \u00een cadrul unor echipe pluridisciplinare, expertiza lor fiind necesar\u0103 \u00een numeroase domenii de activitate.<\/p>\n\n<p class=\" has-ek-typography\" style=\"\">Programul de studii <strong>Licen\u021b\u0103 Biologie<\/strong> formeaz\u0103<strong> <\/strong>profesioni\u0219ti biologi care studiaz\u0103 organismele vii \u00een interac\u021biune cu mediul \u00eenconjurator, contribuie la rezolvarea de probleme privind s\u0103n\u0103tatea uman\u0103, biodiversitatea \u0219i mediul \u00eenconjur\u0103tor.<\/p>\n\n\n<p>Programul de studii ofer\u0103 studen\u021bilor:<\/p>\n\n\n<ul class=\"wp-block-list has-ek-typography\" style=\"\"><li class=\" has-ek-typography\" style=\"\">contexte de studiu pentru integrarea \u0219i aplicarea cunoa\u0219terii sistemelor biologice;<\/li>\n\n<li class=\" has-ek-typography\" style=\"\">oportunit\u0103\u021bi de exersare a activit\u0103\u021bilor individuale \u0219i a celor \u00een echip\u0103;<\/li>\n\n<li class=\" has-ek-typography\" style=\"\">trasee de formare pentru diferite medii profesionale (biologia de teren, de laborator, educa\u021bie, cercetare, industrie etc.);<\/li>\n\n\n<li>posibilitatea specializ\u0103rii ulterioare prin studii de masterat \u0219i doctorat;<\/li>\n\n\n\n<li>un mediu educa\u021bional propice dezvolt\u0103rii lor complexe, profesionale \u0219i personale, \u00een spiritul eticii, libert\u0103\u021bii academice, g\u00e2ndirii critice \u0219i responsabilit\u0103\u021bii.<\/li>\n<\/ul>\n\n\n<p><strong>Competen\u021be ale absolven\u021bilor <\/strong><strong>Programul de studii<\/strong> <strong>Licen\u021b\u0103 Biologie<\/strong><strong><\/strong><\/p>\n\n\n\n<p><strong>Competen\u0163e profesionale:<\/strong><strong><\/strong><\/p>\n\n\n<ul class=\"wp-block-list has-ek-typography\" style=\"\">\n<li>operarea cu no\u0163iuni concepte, legit\u0103\u0163i \u015fi principii specifice domeniului;<\/li>\n\n\n\n<li>investigarea bazei moleculare \u015fi celulare de organizare \u015fi func\u0163ionare a materiei vii;<\/li>\n\n\n\n<li>caracterizarea \u015fi clasificarea organismelor vii;<\/li>\n\n\n\n<li>explorarea sistemelor biologice;<\/li>\n\n\n\n<li>utilizarea de modele \u015fi algoritmi pentru cunoa\u015fterea lumii vii;<\/li>\n\n\n\n<li>integrarea inter-\/ transdisciplinar\u0103 a cuno\u015ftin\u0163elor specifice domeniului.<\/li>\n<\/ul>\n\n\n<p><strong>Competen\u0163e transversale:<\/strong><strong><\/strong><\/p>\n\n\n<ul class=\"wp-block-list has-ek-typography\" style=\"\">\n<li>realizarea responsabil\u0103 \u015fi eficient\u0103 a sarcinilor aferente profesiilor din domeniu, cu respectarea principiilor de etic\u0103 profesional\u0103;<\/li>\n\n\n\n<li>identificarea rolului dintr-o echip\u0103 \u015fi preluarea responsabilit\u0103\u0163ilor corespunz\u0103toare profilului profesional \u015fi personal;<\/li>\n\n\n\n<li>dezvoltarea capacit\u0103\u0163ii de reflec\u0163ie critic-constructiv\u0103 asupra propriului nivel de preg\u0103tire profesional\u0103 \u00een raport cu standardele profesiei.<\/li>\n<\/ul>\n\n\n<p>Absolven\u021bii programul de studii <strong>Licen\u021b\u0103 Biologie<\/strong>, cei mai mul\u021bi parcurg\u00e2nd \u0219i ciclul de studii masterale sau diverse alte programe de specializare, sunt \u00een present:<\/p>\n\n\n\n<ul class=\"wp-block-list\">\n<li>profesori;<\/li>\n\n\n\n<li>cercet\u0103tori;&nbsp;<\/li>\n\n\n\n<li>muzeografi;&nbsp;<\/li>\n\n\n\n<li>speciali\u0219ti \u00een evaluarea calit\u0103\u021bii mediului sau alimentelor;<\/li>\n\n\n\n<li>biologi de laborator (de la cele de analize medicale \u0219i industriale p\u00e2n\u0103 la cele experimentale, \u00een care se descoper\u0103 solu\u021bii pentru diferite categorii de probleme cu care se confrunt\u0103 \u00een prezent societatea uman\u0103, prin valorificarea moleculelor biologic active, biotehnologii etc.);<\/li>\n\n\n\n<li>consilieri \u00een probleme de mediu;<\/li>\n\n\n\n<li>comisari \u00een Garda de Mediu;<\/li>\n\n\n\n<li>speciali\u0219ti \u00een monitorizarea, evaluarea \u0219i managementul biodiversit\u0103\u021bii (activ\u00e2nd \u00een diverse structuri de administrare a ariilor protejate \u0219i a capitalului natural);<\/li>\n\n\n\n<li>antreprenori ce \u0219i-au dezvoltat propriile firme av\u00e2nd ca obiect de activitate mediul \u00eenconjur\u0103tor.<\/li>\n<\/ul>\n\n\n\n<p><strong>COMISIA PENTRU ELABORAREA\/ REVIZUIREA PLANURILOR DE \u00ceNV\u0102\u0162\u0102M\u00c2NT PROGRAME DE STUDII<\/strong><\/p>\n\n\n\n<ul class=\"wp-block-list\">\n<li>Conf. dr. habil. Lucian FUSU &#8211; Responsabil<\/li>\n\n\n\n<li>Conf. dr. Carmen-L\u0103cr\u0103mioara IV\u0102NESCU<\/li>\n\n\n\n<li>\u0218ef. lucr. dr. Tiberius BALAE\u015e<\/li>\n\n\n\n<li>Conf. dr. Naela COSTIC\u0102<\/li>\n<\/ul>\n","protected":false},"excerpt":{"rendered":"<p>Biologia, \u0219tiin\u021ba despre via\u021b\u0103, apar\u021bine grupului mare al \u0219tiin\u021belor naturii. Cu o lung\u0103 istorie a existen\u021bei sale, Biologia este o \u0219tiin\u021b\u0103 a prezen\u021bului \u0219i viitorului, constituind un domeniu de investigare din ce \u00een ce mai complex\u0103 a lumii vii. \u00cen prezent, biologii pot fi angaja\u021bi ca profesioni\u0219ti \u00een locuri diverse, deseori \u00een cadrul unor echipe&hellip; <br \/> <a class=\"read-more\" href=\"https:\/\/www.bio.uaic.ro\/?page_id=7807\">Cite\u0219te mai mult<\/a><\/p>\n","protected":false},"author":1,"featured_media":0,"parent":0,"menu_order":0,"comment_status":"closed","ping_status":"closed","template":"page-templates\/page-with-right-sidebar.php","meta":{"_editorskit_title_hidden":false,"_editorskit_reading_time":2,"_editorskit_is_block_options_detached":false,"_editorskit_block_options_position":"{}","_editorskit_typography_data":[],"_editorskit_blocks_typography":"","_uag_custom_page_level_css":"","footnotes":""},"class_list":["post-7807","page","type-page","status-publish","hentry"],"featured_image_src":null,"uagb_featured_image_src":{"full":false,"thumbnail":false,"medium":false,"medium_large":false,"large":false,"1536x1536":false,"2048x2048":false,"post-thumbnail":false,"mesmerize-full-hd":false},"uagb_author_info":{"display_name":"admin","author_link":"https:\/\/www.bio.uaic.ro\/?author=1"},"uagb_comment_info":0,"uagb_excerpt":"Biologia, \u0219tiin\u021ba despre via\u021b\u0103, apar\u021bine grupului mare al \u0219tiin\u021belor naturii. Cu o lung\u0103 istorie a existen\u021bei sale, Biologia este o \u0219tiin\u021b\u0103 a prezen\u021bului \u0219i viitorului, constituind un domeniu de investigare din ce \u00een ce mai complex\u0103 a lumii vii. \u00cen prezent, biologii pot fi angaja\u021bi ca profesioni\u0219ti \u00een locuri diverse, deseori \u00een cadrul unor echipe&hellip;&hellip;","_links":{"self":[{"href":"https:\/\/www.bio.uaic.ro\/index.php?rest_route=\/wp\/v2\/pages\/7807","targetHints":{"allow":["GET"]}}],"collection":[{"href":"https:\/\/www.bio.uaic.ro\/index.php?rest_route=\/wp\/v2\/pages"}],"about":[{"href":"https:\/\/www.bio.uaic.ro\/index.php?rest_route=\/wp\/v2\/types\/page"}],"author":[{"embeddable":true,"href":"https:\/\/www.bio.uaic.ro\/index.php?rest_route=\/wp\/v2\/users\/1"}],"replies":[{"embeddable":true,"href":"https:\/\/www.bio.uaic.ro\/index.php?rest_route=%2Fwp%2Fv2%2Fcomments&post=7807"}],"version-history":[{"count":7,"href":"https:\/\/www.bio.uaic.ro\/index.php?rest_route=\/wp\/v2\/pages\/7807\/revisions"}],"predecessor-version":[{"id":22986,"href":"https:\/\/www.bio.uaic.ro\/index.php?rest_route=\/wp\/v2\/pages\/7807\/revisions\/22986"}],"wp:attachment":[{"href":"https:\/\/www.bio.uaic.ro\/index.php?rest_route=%2Fwp%2Fv2%2Fmedia&parent=7807"}],"curies":[{"name":"wp","href":"https:\/\/api.w.org\/{rel}","templated":true}]}}