{"id":777,"date":"2019-11-13T12:58:51","date_gmt":"2019-11-13T10:58:51","guid":{"rendered":"http:\/\/85.122.19.114:81\/wordpress\/?page_id=777"},"modified":"2024-09-22T09:32:17","modified_gmt":"2024-09-22T06:32:17","slug":"contact-cercetare","status":"publish","type":"page","link":"https:\/\/www.bio.uaic.ro\/?page_id=777","title":{"rendered":"Publica\u021bii"},"content":{"rendered":"\n<figure class=\"wp-block-image size-large\"><img loading=\"lazy\" decoding=\"async\" width=\"1024\" height=\"191\" src=\"https:\/\/www.bio.uaic.ro\/wp-content\/uploads\/2023\/02\/Artboard-1-1024x191.png\" alt=\"\" class=\"wp-image-15010\" srcset=\"https:\/\/www.bio.uaic.ro\/wp-content\/uploads\/2023\/02\/Artboard-1-1024x191.png 1024w, https:\/\/www.bio.uaic.ro\/wp-content\/uploads\/2023\/02\/Artboard-1-300x56.png 300w, https:\/\/www.bio.uaic.ro\/wp-content\/uploads\/2023\/02\/Artboard-1-768x143.png 768w, https:\/\/www.bio.uaic.ro\/wp-content\/uploads\/2023\/02\/Artboard-1.png 1280w\" sizes=\"auto, (max-width: 1024px) 100vw, 1024px\" \/><\/figure>\n\n\n\n<p class=\"has-text-align-justify\"><strong>Journal of Experimental and Molecular Biology<\/strong> \u00ee\u0219i are originea \u00een Annales Scientifiques de l&#8217;Universit\u00e9 de Jassy publicate la Universitatea Mih\u0103ilean\u0103 in 1901. \u00cen 1955 revista \u0219i-a schimbat numele \u00een Sec\u021biunea Analele Universit\u0103\u021bii \u201eAlexandru Ioan Cuza\u201d din Ia\u0219i (Seria noua) II (\u0218tiin\u021bele naturii) pentru a reflecta mai bine schimb\u0103rile denumirii universit\u0103\u021bii \u0219i tendin\u021bele \u00een \u0219tiin\u021b\u0103, iar \u00een 2003 se ramific\u0103 \u00een trei sec\u021biuni independente. \u00cen 2018, Echipa Editorial\u0103 a uneia dintre Sec\u021biunile IIA Genetic\u0103 \u0219i Biologie Molecular\u0103 decide s\u0103 schimbe denumirea revistei \u00een cea actual\u0103: Journal of Experimental and Molecular Biology. <\/p>\n\n\n\n<p class=\"has-text-align-justify\"><strong>\u00cen 2023<\/strong>, Revista de Biologie Experimental\u0103 \u0219i Molecular\u0103 \u0219i-a l\u0103rgit aria de interes prin includerea celorlalte dou\u0103 sec\u021biuni biologice ale Analelor \u0218tiin\u021bifice ale Universit\u0103\u021bii \u201eAlexandru Ioan Cuza\u201d din Ia\u0219i: sec\u021biunea I Biologie Animal\u0103 \u0219i sec\u021biunea II Biologie Vegetal\u0103.<\/p>\n\n\n\n<div class=\"wp-block-uagb-buttons uagb-buttons__outer-wrap uagb-btn__default-btn uagb-btn-tablet__default-btn uagb-btn-mobile__default-btn uagb-block-11ed3053\"><div class=\"uagb-buttons__wrap uagb-buttons-layout-wrap \"><div class=\"wp-block-uagb-buttons-child uagb-buttons__outer-wrap uagb-block-c7208555 wp-block-button has-ek-typography\" style=\"\"><div class=\"uagb-button__wrapper\"><a class=\"uagb-buttons-repeater wp-block-button__link\" aria-label=\"\" href=\"http:\/\/www.jemb.bio.uaic.ro\/index.php\/jemb\/index\" rel=\"follow noopener\" target=\"_self\" role=\"button\"><div class=\"uagb-button__link\">C\u0103tre pagina revistei<\/div><span class=\"uagb-button__icon uagb-button__icon-position-after\"><svg xmlns=\"https:\/\/www.w3.org\/2000\/svg\" viewbox=\"0 0 576 512\" aria-hidden=\"true\" focussable=\"false\"><path d=\"M144.3 32.04C106.9 31.29 63.7 41.44 18.6 61.29c-11.42 5.026-18.6 16.67-18.6 29.15l0 357.6c0 11.55 11.99 19.55 22.45 14.65c126.3-59.14 219.8 11 223.8 14.01C249.1 478.9 252.5 480 256 480c12.4 0 16-11.38 16-15.98V80.04c0-5.203-2.531-10.08-6.781-13.08C263.3 65.58 216.7 33.35 144.3 32.04zM557.4 61.29c-45.11-19.79-88.48-29.61-125.7-29.26c-72.44 1.312-118.1 33.55-120.9 34.92C306.5 69.96 304 74.83 304 80.04v383.1C304 468.4 307.5 480 320 480c3.484 0 6.938-1.125 9.781-3.328c3.925-3.018 97.44-73.16 223.8-14c10.46 4.896 22.45-3.105 22.45-14.65l.0001-357.6C575.1 77.97 568.8 66.31 557.4 61.29z\"><\/path><\/svg><\/span><\/a><\/div><\/div><\/div><\/div>\n\n\n<div style=\"height:25px\" aria-hidden=\"true\" class=\"wp-block-spacer has-ek-typography\"><\/div>\n\n<h3 class=\"wp-block-heading has-text-align-center has-white-color has-text-color has-background has-ek-typography\" style=\"background-color:#0e5820\">Arhiv\u0103 publica\u021bii<\/h3>\n\n<figure class=\"wp-block-table aligncenter caption-align-center is-style-stripes has-ek-typography\" style=\"\"><table class=\"has-fixed-layout\"><tbody><tr><td class=\"has-text-align-center\" data-align=\"center\"><a rel=\"noreferrer noopener\" href=\"http:\/\/cercetare.bio.uaic.ro\/grupuri\/genetica\/index.html\" target=\"_blank\" class=\"ek-link\"><\/a><img loading=\"lazy\" decoding=\"async\" width=\"270\" height=\"130\" class=\"wp-image-4895\" style=\"width: 270px;\" src=\"https:\/\/www.bio.uaic.ro\/wp-content\/uploads\/2021\/04\/anim.png\" alt=\"\"><br><a aria-label=\"ANALELE \u0218TIIN\u021aIFICE ALE UNIVERSIT\u0102\u0162II \u201eALEXANDRU IOAN CUZA\u201d DIN IA\u0218I\nSERIE NOU\u0102, SEC\u021aIUNEA I, BIOLOGIE ANIMAL\u0102 (opens in a new tab)\" href=\"http:\/\/cercetare.bio.uaic.ro\/publicatii\/anale_zoologie\/anale_zoo_index.html\" target=\"_blank\" rel=\"noreferrer noopener\" class=\"ek-link\">ANALELE \u0218TIIN\u021aIFICE ALE UNIVERSIT\u0102\u0162II \u201eALEXANDRU IOAN CUZA\u201d DIN IA\u0218I<br>SERIE NOU\u0102<strong>, SEC\u021aIUNEA I, <\/strong><\/a><br><a aria-label=\"ANALELE \u0218TIIN\u021aIFICE ALE UNIVERSIT\u0102\u0162II \u201eALEXANDRU IOAN CUZA\u201d DIN IA\u0218I\nSERIE NOU\u0102, SEC\u021aIUNEA I, BIOLOGIE ANIMAL\u0102 (opens in a new tab)\" href=\"http:\/\/cercetare.bio.uaic.ro\/publicatii\/anale_zoologie\/anale_zoo_index.html\" target=\"_blank\" rel=\"noreferrer noopener\" class=\"ek-link\"><strong>BIOLOGIE ANIMAL\u0102<\/strong><\/a><\/td><td class=\"has-text-align-center\" data-align=\"center\"><a rel=\"noreferrer noopener\" href=\"http:\/\/cercetare.bio.uaic.ro\/grupuri\/bioactive\/index.html\" target=\"_blank\" class=\"ek-link\"><\/a><img loading=\"lazy\" decoding=\"async\" width=\"270\" height=\"130\" class=\"wp-image-4896\" style=\"width: 270px;\" src=\"https:\/\/www.bio.uaic.ro\/wp-content\/uploads\/2021\/04\/veg.png\" alt=\"\"><br><a aria-label=\"ANALELE \u0218TIIN\u021aIFICE ALE UNIVERSIT\u0102\u021aII \u201eALEXANDRU IOAN CUZA\u201d DIN IA\u0218I\nSERIE NOU\u0102, SEC\u021aIUNEA II A, BIOLOGIE VEGETAL\u0102 (opens in a new tab)\" href=\"http:\/\/cercetare.bio.uaic.ro\/publicatii\/anale_vegetala\/anale_veg_index.html\" target=\"_blank\" rel=\"noreferrer noopener\" class=\"ek-link\">ANALELE \u0218TIIN\u021aIFICE ALE UNIVERSIT\u0102\u021aII \u201eALEXANDRU IOAN CUZA\u201d DIN IA\u0218I<br>SERIE NOU\u0102,<strong> SEC\u021aIUNEA II, BIOLOGIE VEGETAL\u0102<\/strong><\/a><\/td><\/tr><\/tbody><\/table><figcaption class=\"wp-element-caption\">Click pe link-uri pentru a ajunge la pagina publica\u021biei care v\u0103 intereseaz\u0103.<\/figcaption><\/figure>","protected":false},"excerpt":{"rendered":"<p>Journal of Experimental and Molecular Biology \u00ee\u0219i are originea \u00een Annales Scientifiques de l&#8217;Universit\u00e9 de Jassy publicate la Universitatea Mih\u0103ilean\u0103 in 1901. \u00cen 1955 revista \u0219i-a schimbat numele \u00een Sec\u021biunea Analele Universit\u0103\u021bii \u201eAlexandru Ioan Cuza\u201d din Ia\u0219i (Seria noua) II (\u0218tiin\u021bele naturii) pentru a reflecta mai bine schimb\u0103rile denumirii universit\u0103\u021bii \u0219i tendin\u021bele \u00een \u0219tiin\u021b\u0103, iar&hellip; <br \/> <a class=\"read-more\" href=\"https:\/\/www.bio.uaic.ro\/?page_id=777\">Cite\u0219te mai mult<\/a><\/p>\n","protected":false},"author":1,"featured_media":0,"parent":461,"menu_order":0,"comment_status":"closed","ping_status":"closed","template":"page-templates\/page-with-right-sidebar.php","meta":{"_editorskit_title_hidden":false,"_editorskit_reading_time":1,"_editorskit_is_block_options_detached":false,"_editorskit_block_options_position":"{}","_editorskit_typography_data":[],"_editorskit_blocks_typography":"","_uag_custom_page_level_css":"","footnotes":""},"class_list":["post-777","page","type-page","status-publish","hentry"],"featured_image_src":null,"uagb_featured_image_src":{"full":false,"thumbnail":false,"medium":false,"medium_large":false,"large":false,"1536x1536":false,"2048x2048":false,"post-thumbnail":false,"mesmerize-full-hd":false},"uagb_author_info":{"display_name":"admin","author_link":"https:\/\/www.bio.uaic.ro\/?author=1"},"uagb_comment_info":0,"uagb_excerpt":"Journal of Experimental and Molecular Biology \u00ee\u0219i are originea \u00een Annales Scientifiques de l&#8217;Universit\u00e9 de Jassy publicate la Universitatea Mih\u0103ilean\u0103 in 1901. \u00cen 1955 revista \u0219i-a schimbat numele \u00een Sec\u021biunea Analele Universit\u0103\u021bii \u201eAlexandru Ioan Cuza\u201d din Ia\u0219i (Seria noua) II (\u0218tiin\u021bele naturii) pentru a reflecta mai bine schimb\u0103rile denumirii universit\u0103\u021bii \u0219i tendin\u021bele \u00een \u0219tiin\u021b\u0103, iar&hellip;&hellip;","_links":{"self":[{"href":"https:\/\/www.bio.uaic.ro\/index.php?rest_route=\/wp\/v2\/pages\/777","targetHints":{"allow":["GET"]}}],"collection":[{"href":"https:\/\/www.bio.uaic.ro\/index.php?rest_route=\/wp\/v2\/pages"}],"about":[{"href":"https:\/\/www.bio.uaic.ro\/index.php?rest_route=\/wp\/v2\/types\/page"}],"author":[{"embeddable":true,"href":"https:\/\/www.bio.uaic.ro\/index.php?rest_route=\/wp\/v2\/users\/1"}],"replies":[{"embeddable":true,"href":"https:\/\/www.bio.uaic.ro\/index.php?rest_route=%2Fwp%2Fv2%2Fcomments&post=777"}],"version-history":[{"count":26,"href":"https:\/\/www.bio.uaic.ro\/index.php?rest_route=\/wp\/v2\/pages\/777\/revisions"}],"predecessor-version":[{"id":20618,"href":"https:\/\/www.bio.uaic.ro\/index.php?rest_route=\/wp\/v2\/pages\/777\/revisions\/20618"}],"up":[{"embeddable":true,"href":"https:\/\/www.bio.uaic.ro\/index.php?rest_route=\/wp\/v2\/pages\/461"}],"wp:attachment":[{"href":"https:\/\/www.bio.uaic.ro\/index.php?rest_route=%2Fwp%2Fv2%2Fmedia&parent=777"}],"curies":[{"name":"wp","href":"https:\/\/api.w.org\/{rel}","templated":true}]}}