{"id":7684,"date":"2021-06-18T10:07:58","date_gmt":"2021-06-18T07:07:58","guid":{"rendered":"https:\/\/www.bio.uaic.ro\/?page_id=7684"},"modified":"2023-07-03T15:12:31","modified_gmt":"2023-07-03T12:12:31","slug":"eco-antreprenoriat","status":"publish","type":"page","link":"https:\/\/www.bio.uaic.ro\/?page_id=7684","title":{"rendered":"Eco-antreprenoriat"},"content":{"rendered":"<iframe loading=\"lazy\" class=\"embed-pdf-viewer has-ek-typography\" src=\"https:\/\/www.bio.uaic.ro\/wp-content\/uploads\/2023\/07\/Afis-Admitere-Eco_antreprenoriat_-2023.pdf\" height=\"780\" width=\"1133\" title=\"Afis Admitere Eco_antreprenoriat_ 2023\" style=\"\"><\/iframe>\n\n<p class=\"has-text-align-justify has-ek-typography\" style=\"\">Rolul dezvolt\u0103rii de ini\u021biative \u00een economia social\u0103, ca alternative la economia conven\u021bional\u0103 este din ce \u00een ce mai mult recunoscut \u0219i \u00eencurajat la nivel interna\u021bional.<\/p>\n\n<p class=\"has-text-align-justify has-ek-typography\" style=\"\">Poten\u021bialul biologilor \u0219i ecologilor de a inspira \u0219i fundamenta practici \u0219i politici de dezvoltare r\u0103m\u00e2ne marginal dac\u0103 ace\u0219tia nu sunt implica\u021bi \u00een dezvoltarea de planuri pentru afaceri sustenabile economic \u0219i ecologic \u0219i ini\u021biative antreprenoriale care s\u0103 permit\u0103 sporirea calit\u0103\u021bii vie\u021bii, f\u0103r\u0103 diminuarea calit\u0103\u021bii mediului natural. Recunoa\u0219terea interdependen\u021bei inerente a dezvolt\u0103rii economice de limitele exploat\u0103rii ecosistemelor trebuie s\u0103 fie punctul de plecare pentru orice activitate antreprenorial\u0103.<\/p>\n\n<p class=\"has-text-align-justify has-ek-typography\" style=\"\">\u00cen acest context, misiunea programului de studii masterale <strong>Eco-antreprenoriat<\/strong> este de a realiza transferul cunoa\u0219terii teoretice \u0219i metodologice aprofundate de la nivelul disciplinelor de specialitate spre procese eco-inovative cu valoare \u00een antreprenoriat.<\/p>\n\n<p class=\"has-text-align-justify has-ek-typography\" style=\"\">Planul de \u00eenv\u0103\u021b\u0103m\u00e2nt al programului de studii masterale <strong>Eco-antreprenoriat<\/strong> con\u021bine discipline care pot fi grupate \u00een 3 categorii, viz\u00e2nd: (I) Cunoa\u0219terea aprofundat\u0103 a resurselor biologice din ecosisteme naturale \u0219i a impactului antropic poten\u021bial generat de utilizarea acestora; (II) Dezvoltarea capacit\u0103\u021bii de utilizare sustenabil\u0103 a resurselor biologice; (III) Evaluarea\/dezvoltarea ini\u021biativelor eco-antreprenoriale bazate pe utilizarea resurse biologice din ecosisteme.<\/p>\n\n<p class=\"has-text-align-justify has-ek-typography\" style=\"\">Programul include 2 stagii de instruire practic\u0103: (I) Valorificarea durabil\u0103 a resurselor biologice \u00een anul I, semestrul al II -lea: 4 ore x 14 s\u0103pt\u0103m\u00e2ni = 56 ore \u0219i (II) Practic\u0103 pentru elaborarea lucr\u0103rii de diserta\u021bie \u00een anul II, semestrul al II -lea : 3 ore x 12 s\u0103pt\u0103m\u00e2ni = 36 ore.<\/p>\n\n<p class=\"has-text-align-justify has-ek-typography\" style=\"\">Fi\u0219ele disciplinelor sunt alc\u0103tuite \u00een concordan\u021b\u0103 cu planul de \u00eenv\u0103\u021b\u0103m\u00e2nt\u00a0deorece: competen\u021bele \u0219i obiectivele vizate, num\u0103rul de credite alocate &#8211; respectiv timpul de studiu necesar, con\u021binutul \u0219tiin\u021bific \u0219i aplicativ, formele \u0219i instrumentele de predare \u0219i evaluare sunt corelate \u0219i \u021bintesc spre misiunea programului de studiu \u0219i, \u00een acela\u0219i timp, r\u0103spund caracteristilor domeniului pentru care studen\u021bii se preg\u0103tesc.<\/p>\n\n<p class=\"has-text-align-justify has-ek-typography\" style=\"\">Toate disciplinele din planul de \u00eenv\u0103\u021b\u0103m\u00e2nt vor fi predate de cadre didactice specializate pentru tematica de curs \u0219i seminar\/laborator descris\u0103 \u00een fi\u0219ele disciplinelor.\u00a0 Dat fiind specificul disciplinelor (de sintez\u0103 \u0219i de aprofundare), func\u021bie de situa\u021bie, predarea va fi realizat\u0103 fie de speciali\u0219ti unici care pot acoperi \u00eentreaga problematic\u0103, fie de echipe formate din 2 &#8211; 3 cadre didactice pentru a putea dezvolta \u00eentreaga gam\u0103 de con\u021binuturi vizate.<\/p>\n\n<p class=\"has-text-align-justify has-ek-typography\" style=\"\">Planul de \u00eenv\u0103\u021b\u0103m\u00e2nt \u0219i misiunea programului sunt \u00een concordan\u021b\u0103 cu calific\u0103rile vizate: \u00a0expert ecolog &#8211; 213301; referent de specialitate ecolog &#8211; 213303; consilier ecolog \u2013 213308, ace\u0219tia fiind viitori speciali\u0219ti care studiaz\u0103 \u0219i evalueaz\u0103 efectele activit\u0103\u021bilor umane asupra mediului \u0219i biodiversit\u0103\u021bii, precum \u0219i asupra resurselor naturale, \u00een condi\u021bii de valorificare sustenabil\u0103.<\/p>\n\n<p class=\"has-text-align-justify has-ek-typography\" style=\"\">Competen\u021bele vizate prin programul de studii masterale: <strong>Eco-antreprenoriat<\/strong> sunt adecvate domeniului \u0218tiin\u021ba mediului prin faptul c\u0103 viitorul abosolvent va fi capabil s\u0103: Analizeze date ecologice \u0219i biologice; Identifice caracteristici ale organismelor vii; Desf\u0103\u0219oare sondaje pe teme ecologice; Utilizeze tehnici de management al habitatelor\u00a0; \u00centocmeasc\u0103 rapoarte de lucru; Asigure conservarea resurselor naturale; Asigure conformitatea cu legisla\u021bia de mediu; Evalueaze impactul de mediu; Promoveze sustenabilitatea; Cunoasc\u0103 principii de management pentru afaceri.<\/p>","protected":false},"excerpt":{"rendered":"<p>Rolul dezvolt\u0103rii de ini\u021biative \u00een economia social\u0103, ca alternative la economia conven\u021bional\u0103 este din ce \u00een ce mai mult recunoscut \u0219i \u00eencurajat la nivel interna\u021bional. Poten\u021bialul biologilor \u0219i ecologilor de a inspira \u0219i fundamenta practici \u0219i politici de dezvoltare r\u0103m\u00e2ne marginal dac\u0103 ace\u0219tia nu sunt implica\u021bi \u00een dezvoltarea de planuri pentru afaceri sustenabile economic \u0219i&hellip; <br \/> <a class=\"read-more\" href=\"https:\/\/www.bio.uaic.ro\/?page_id=7684\">Cite\u0219te mai mult<\/a><\/p>\n","protected":false},"author":1,"featured_media":0,"parent":0,"menu_order":0,"comment_status":"closed","ping_status":"closed","template":"page-templates\/page-with-right-sidebar.php","meta":{"_editorskit_title_hidden":false,"_editorskit_reading_time":2,"_editorskit_is_block_options_detached":false,"_editorskit_block_options_position":"{}","_editorskit_typography_data":[],"_editorskit_blocks_typography":"","_uag_custom_page_level_css":"","footnotes":""},"class_list":["post-7684","page","type-page","status-publish","hentry"],"featured_image_src":null,"uagb_featured_image_src":{"full":false,"thumbnail":false,"medium":false,"medium_large":false,"large":false,"1536x1536":false,"2048x2048":false,"post-thumbnail":false,"mesmerize-full-hd":false},"uagb_author_info":{"display_name":"admin","author_link":"https:\/\/www.bio.uaic.ro\/?author=1"},"uagb_comment_info":0,"uagb_excerpt":"Rolul dezvolt\u0103rii de ini\u021biative \u00een economia social\u0103, ca alternative la economia conven\u021bional\u0103 este din ce \u00een ce mai mult recunoscut \u0219i \u00eencurajat la nivel interna\u021bional. Poten\u021bialul biologilor \u0219i ecologilor de a inspira \u0219i fundamenta practici \u0219i politici de dezvoltare r\u0103m\u00e2ne marginal dac\u0103 ace\u0219tia nu sunt implica\u021bi \u00een dezvoltarea de planuri pentru afaceri sustenabile economic \u0219i&hellip;&hellip;","_links":{"self":[{"href":"https:\/\/www.bio.uaic.ro\/index.php?rest_route=\/wp\/v2\/pages\/7684","targetHints":{"allow":["GET"]}}],"collection":[{"href":"https:\/\/www.bio.uaic.ro\/index.php?rest_route=\/wp\/v2\/pages"}],"about":[{"href":"https:\/\/www.bio.uaic.ro\/index.php?rest_route=\/wp\/v2\/types\/page"}],"author":[{"embeddable":true,"href":"https:\/\/www.bio.uaic.ro\/index.php?rest_route=\/wp\/v2\/users\/1"}],"replies":[{"embeddable":true,"href":"https:\/\/www.bio.uaic.ro\/index.php?rest_route=%2Fwp%2Fv2%2Fcomments&post=7684"}],"version-history":[{"count":3,"href":"https:\/\/www.bio.uaic.ro\/index.php?rest_route=\/wp\/v2\/pages\/7684\/revisions"}],"predecessor-version":[{"id":16603,"href":"https:\/\/www.bio.uaic.ro\/index.php?rest_route=\/wp\/v2\/pages\/7684\/revisions\/16603"}],"wp:attachment":[{"href":"https:\/\/www.bio.uaic.ro\/index.php?rest_route=%2Fwp%2Fv2%2Fmedia&parent=7684"}],"curies":[{"name":"wp","href":"https:\/\/api.w.org\/{rel}","templated":true}]}}