{"id":7677,"date":"2021-06-18T09:56:42","date_gmt":"2021-06-18T06:56:42","guid":{"rendered":"https:\/\/www.bio.uaic.ro\/?page_id=7677"},"modified":"2025-07-12T09:12:12","modified_gmt":"2025-07-12T06:12:12","slug":"ecologie-si-protectia-mediului","status":"publish","type":"page","link":"https:\/\/www.bio.uaic.ro\/?page_id=7677","title":{"rendered":"Ecologie \u0219i protec\u021bia mediului"},"content":{"rendered":"<figure class=\"wp-block-image size-large has-ek-typography\" style=\"\"><img loading=\"lazy\" decoding=\"async\" width=\"728\" height=\"1024\" src=\"https:\/\/www.bio.uaic.ro\/wp-content\/uploads\/2025\/07\/Afis-Admitere-Ecologie-2025-728x1024.jpg\" alt=\"\" class=\"wp-image-22989\" srcset=\"https:\/\/www.bio.uaic.ro\/wp-content\/uploads\/2025\/07\/Afis-Admitere-Ecologie-2025-728x1024.jpg 728w, https:\/\/www.bio.uaic.ro\/wp-content\/uploads\/2025\/07\/Afis-Admitere-Ecologie-2025-213x300.jpg 213w, https:\/\/www.bio.uaic.ro\/wp-content\/uploads\/2025\/07\/Afis-Admitere-Ecologie-2025-768x1080.jpg 768w, https:\/\/www.bio.uaic.ro\/wp-content\/uploads\/2025\/07\/Afis-Admitere-Ecologie-2025-1092x1536.jpg 1092w, https:\/\/www.bio.uaic.ro\/wp-content\/uploads\/2025\/07\/Afis-Admitere-Ecologie-2025-1456x2048.jpg 1456w, https:\/\/www.bio.uaic.ro\/wp-content\/uploads\/2025\/07\/Afis-Admitere-Ecologie-2025-1024x1440.jpg 1024w, https:\/\/www.bio.uaic.ro\/wp-content\/uploads\/2025\/07\/Afis-Admitere-Ecologie-2025-scaled.jpg 1820w\" sizes=\"auto, (max-width: 728px) 100vw, 728px\" \/><\/figure>\n\n<div style=\"height:100px\" aria-hidden=\"true\" class=\"wp-block-spacer has-ek-typography\"><\/div>\n\n<p class=\"has-medium-font-size has-ek-typography\" style=\"\"><strong>Detalii program:<\/strong><\/p>\n\n<ul class=\"wp-block-list has-ek-typography\" style=\"\"><li class=\" has-ek-typography\" style=\"\">Limba de predare: Rom\u00e2n\u0103<\/li>\n\n<li class=\" has-ek-typography\" style=\"\">Durata studiilor: 6 semestre; 180 credite<\/li>\n\n\n<li>Forma de \u00eenv\u0103\u021b\u0103m\u00e2nt: IF (\u00eenv\u0103\u021b\u0103m\u00e2nt cu frecven\u021b\u0103)<\/li>\n\n\n\n<li>Domeniul de licen\u021b\u0103: \u0218tiin\u021ba mediului<\/li>\n\n\n\n<li>Specializare: Ecologie \u0219i protec\u021bia mediului<\/li>\n<\/ul>\n\n<p class=\"has-text-align-justify has-ek-typography\" style=\"\"><strong>Misiunea programului de studii de licen\u021b\u0103<\/strong> Ecologie \u0219i protec\u021bia mediului<em> este de a preg\u0103ti ecologi &#8211; <a class=\"ek-link\"><strong>practicieni, cercet\u0103tori, educatori \u0219i, mai ales, cet\u0103\u021beni capabili s\u0103 contribuie la promovarea \u00een\u021belegerii conceptelor ecologice relevante pentru fiecare individ, dar \u0219i pentru societate, cu scopul de a proteja, men\u021bine \u0219i \u00eembun\u0103t\u0103\u021bi mediul \u00eenconjur\u0103tor pentru genera\u021biile actuale \u0219i viitoare.<\/strong><\/a><\/em><\/p>\n\n\n<p class=\"has-text-align-justify\">Pentru \u00eendeplinirea misiunii propuse, ne baz\u0103m pe <em>studii de laborator \u0219i teren care s\u0103 ofere experien\u021be educa\u021bionale relevante, at\u00e2t \u00een ceea ce prive\u0219te cuno\u0219tin\u021bele fundamentale, c\u00e2t \u0219i pe cele de specialitate<\/em>. Utilizarea resurselor geografice, biologice \u0219i culturale oferite de regiunile Moldovei \u0219i Dobrogei pentru activit\u0103\u021bile practice de specialitate, contribuie la \u00een\u021belegerea rela\u021biilor complexe dintre mediile abiotic \u0219i biotic<em>.<\/em><\/p>\n\n\n\n<p class=\"has-medium-font-size\"><strong>Obiectivele specifice ale programului de studii vizeaz\u0103:<\/strong><\/p>\n\n\n<ul class=\"wp-block-list has-ek-typography\" style=\"\">\n<li>Acumularea no\u021biunilor teoretice \u0219i dezvoltarea abilit\u0103\u021bilor practice specifice care s\u0103 permit\u0103 absolven\u021bilor exercitarea de profesii \u00een domeniul Ecologiei \u0219i protec\u021biei mediului<\/li>\n\n\n\n<li>Integrarea cuno\u0219tin\u021belor teoretice cu cele practice, aplicative, derulate \u00een laborator sau pe teren pentru interpretarea corela\u021biilor dintre elementele abiotice \u0219i biotice ale mediului \u00eenconjur\u0103tor;<\/li>\n\n\n\n<li>Dezvoltarea capacit\u0103\u021bii de ierarhizare a sistemelor ecologice \u0219i de identificare a conexiunilor dintre sistemele naturale \u0219i seminaturale \u0219i cele socio-economice \u00een vederea identific\u0103rii de solu\u021bii pentru probleme privind dezvoltarea sustenabil\u0103;<\/li>\n\n\n\n<li>Dezvoltarea capacit\u0103\u021bii de adaptare \u0219i a creativit\u0103\u021bii \u00een aplicarea metodelor de lucru adecvate cerin\u021belor domeniului;<\/li>\n\n\n\n<li>Dezvoltarea capacit\u0103\u021bii de organizare \u0219i desf\u0103\u0219urare a studiilor de mediu din perspectiv\u0103 interdisciplinar\u0103.<\/li>\n<\/ul>\n\n\n<p class=\"has-medium-font-size\"><strong>Ocupa\u021bii :<\/strong><\/p>\n\n\n\n<ul class=\"wp-block-list\">\n<li>ecolog (213305),<\/li>\n\n\n\n<li>consilier ecolog (213308)<\/li>\n\n\n\n<li>referent de specialitate ecolog (213303)<\/li>\n<\/ul>\n\n\n\n<p class=\"has-medium-font-size\"><strong>Oportunit\u0103\u021bi:<\/strong><\/p>\n\n\n\n<ul class=\"wp-block-list\">\n<li>stagii de studiu\/practic\u0103 \u00een str\u0103in\u0103tate, \u00een cadrul programului ERASMUS<\/li>\n\n\n\n<li>posibilitatea de implicare a studen\u021bilor \u00een proiecte de cercetare<\/li>\n\n\n\n<li>continuarea preg\u0103tirii profesionale prin programe de studii de masterat \u0219i de doctorat<\/li>\n<\/ul>\n\n\n\n<p class=\"has-medium-font-size\"><strong>Absolven\u021bii programului de studii de licen\u021b\u0103 pot lucra \u00een:<\/strong><\/p>\n\n\n\n<ul class=\"wp-block-list\">\n<li>Agen\u021bii de Protec\u021bia mediului; Garda de Mediu,<\/li>\n\n\n\n<li>Administra\u021bii ale unor arii naturale protejate;<\/li>\n\n\n\n<li>Societ\u0103\u021bi \u0219i firme de consultan\u021b\u0103 \u0219i studii de mediu;<\/li>\n\n\n\n<li>\u00cenv\u0103\u021b\u0103m\u00e2ntul preuniversitar (\u00een cazul absolvirii modulului psiho-pedagogic);<\/li>\n\n\n\n<li>Laboratoare jude\u021bene pentru controlul calit\u0103\u021bii factorilor de mediu;<\/li>\n\n\n\n<li>Compartimentul de mediu din cadrul prim\u0103riilor;<\/li>\n\n\n\n<li>ONG-uri cu preocup\u0103ri \u00een domeniul cunoa\u0219terii \u0219i protec\u021biei mediului, etc.<\/li>\n<\/ul>\n\n\n<p class=\" has-ek-typography\" style=\"\"><strong>COMISIA PENTRU ELABORAREA\/ REVIZUIREA PLANURILOR DE \u00ceNV\u0102\u0162\u0102M\u00c2NT PROGRAME DE STUDII<\/strong><\/p>\n\n\n<ul class=\"wp-block-list\">\n<li>Conf. dr habil. Mircea-Dan MITROIU &#8211; Responsabil<\/li>\n\n\n\n<li>Conf. dr. habil. Victor SURUGIU<\/li>\n\n\n\n<li>\u0218ef. lucr. dr. Oana ZAMFIRESCU<\/li>\n\n\n\n<li>Conf. dr. Naela COSTIC\u0102<\/li>\n<\/ul>\n","protected":false},"excerpt":{"rendered":"<p>Detalii program: Misiunea programului de studii de licen\u021b\u0103 Ecologie \u0219i protec\u021bia mediului este de a preg\u0103ti ecologi &#8211; practicieni, cercet\u0103tori, educatori \u0219i, mai ales, cet\u0103\u021beni capabili s\u0103 contribuie la promovarea \u00een\u021belegerii conceptelor ecologice relevante pentru fiecare individ, dar \u0219i pentru societate, cu scopul de a proteja, men\u021bine \u0219i \u00eembun\u0103t\u0103\u021bi mediul \u00eenconjur\u0103tor pentru genera\u021biile actuale \u0219i&hellip; <br \/> <a class=\"read-more\" href=\"https:\/\/www.bio.uaic.ro\/?page_id=7677\">Cite\u0219te mai mult<\/a><\/p>\n","protected":false},"author":1,"featured_media":0,"parent":0,"menu_order":0,"comment_status":"closed","ping_status":"closed","template":"page-templates\/page-with-right-sidebar.php","meta":{"_editorskit_title_hidden":false,"_editorskit_reading_time":1,"_editorskit_is_block_options_detached":false,"_editorskit_block_options_position":"{}","_editorskit_typography_data":[],"_editorskit_blocks_typography":"","_uag_custom_page_level_css":"","footnotes":""},"class_list":["post-7677","page","type-page","status-publish","hentry"],"featured_image_src":null,"uagb_featured_image_src":{"full":false,"thumbnail":false,"medium":false,"medium_large":false,"large":false,"1536x1536":false,"2048x2048":false,"post-thumbnail":false,"mesmerize-full-hd":false},"uagb_author_info":{"display_name":"admin","author_link":"https:\/\/www.bio.uaic.ro\/?author=1"},"uagb_comment_info":0,"uagb_excerpt":"Detalii program: Misiunea programului de studii de licen\u021b\u0103 Ecologie \u0219i protec\u021bia mediului este de a preg\u0103ti ecologi &#8211; practicieni, cercet\u0103tori, educatori \u0219i, mai ales, cet\u0103\u021beni capabili s\u0103 contribuie la promovarea \u00een\u021belegerii conceptelor ecologice relevante pentru fiecare individ, dar \u0219i pentru societate, cu scopul de a proteja, men\u021bine \u0219i \u00eembun\u0103t\u0103\u021bi mediul \u00eenconjur\u0103tor pentru genera\u021biile actuale \u0219i&hellip;&hellip;","_links":{"self":[{"href":"https:\/\/www.bio.uaic.ro\/index.php?rest_route=\/wp\/v2\/pages\/7677","targetHints":{"allow":["GET"]}}],"collection":[{"href":"https:\/\/www.bio.uaic.ro\/index.php?rest_route=\/wp\/v2\/pages"}],"about":[{"href":"https:\/\/www.bio.uaic.ro\/index.php?rest_route=\/wp\/v2\/types\/page"}],"author":[{"embeddable":true,"href":"https:\/\/www.bio.uaic.ro\/index.php?rest_route=\/wp\/v2\/users\/1"}],"replies":[{"embeddable":true,"href":"https:\/\/www.bio.uaic.ro\/index.php?rest_route=%2Fwp%2Fv2%2Fcomments&post=7677"}],"version-history":[{"count":9,"href":"https:\/\/www.bio.uaic.ro\/index.php?rest_route=\/wp\/v2\/pages\/7677\/revisions"}],"predecessor-version":[{"id":22991,"href":"https:\/\/www.bio.uaic.ro\/index.php?rest_route=\/wp\/v2\/pages\/7677\/revisions\/22991"}],"wp:attachment":[{"href":"https:\/\/www.bio.uaic.ro\/index.php?rest_route=%2Fwp%2Fv2%2Fmedia&parent=7677"}],"curies":[{"name":"wp","href":"https:\/\/api.w.org\/{rel}","templated":true}]}}