{"id":7062,"date":"2021-06-09T11:57:50","date_gmt":"2021-06-09T08:57:50","guid":{"rendered":"https:\/\/www.bio.uaic.ro\/?page_id=7062"},"modified":"2026-03-13T14:55:18","modified_gmt":"2026-03-13T12:55:18","slug":"verificare-titluri-licenta-disertatie","status":"publish","type":"page","link":"https:\/\/www.bio.uaic.ro\/?page_id=7062","title":{"rendered":"Verificare titluri licen\u021b\u0103\/diserta\u021bie"},"content":{"rendered":"<h3 class=\"wp-block-heading has-text-align-center has-ek-typography\" style=\"\">\u00cen aten\u021bia studen\u021bilor din\u00a0<strong>anul III (studii de licen\u021b\u0103)<\/strong>\u00a0\u0219i\u00a0<strong>anul II (studii masterale)<\/strong>!<\/h3>\n\n<p class=\" has-ek-typography\" style=\"\">V\u0103 invit\u0103m s\u0103 verifica\u021bi titlurile temelor de licen\u021b\u0103, respectiv diserta\u021bie, pe care urmeaz\u0103 s\u0103 le sus\u021bine\u021bi \u00een sesiunea <mark style=\"background-color:rgba(0, 0, 0, 0)\" class=\"has-inline-color has-vivid-red-color\"><strong>iulie 2026<\/strong><\/mark>.<\/p>\n\n<h3 class=\"wp-block-heading has-text-align-center has-ek-typography\" style=\"\"><strong><mark style=\"background-color:rgba(0, 0, 0, 0)\" class=\"has-inline-color has-vivid-red-color\">Pentru verificare titluri (situa\u021bia valabil\u0103 la data de 9.03.2026) accesa\u021bi:<\/mark><\/strong><\/h3>\n\n<div style=\"height:30px\" aria-hidden=\"true\" class=\"wp-block-spacer has-ek-typography\"><\/div>\n\n<div class=\"wp-block-buttons is-content-justification-center is-layout-flex wp-container-core-buttons-is-layout-16018d1d wp-block-buttons-is-layout-flex has-ek-typography\" style=\"\"><div class=\"wp-block-button has-ek-typography\" style=\"\"><a class=\"wp-block-button__link has-white-color has-vivid-cyan-blue-background-color has-text-color has-background has-link-color wp-element-button mtli_attachment mtli_pdf\" href=\"https:\/\/www.bio.uaic.ro\/wp-content\/uploads\/2026\/03\/Titluri-Licenta-2026-fisier-prelucrat-varianta-finala-09.03.2026.pdf\" style=\"border-radius:10px\" target=\"_blank\" rel=\"noreferrer noopener\">Titluri LICEN\u021a\u0102<\/a><\/div>\n\n<div class=\"wp-block-button has-ek-typography\" style=\"\"><a class=\"wp-block-button__link has-white-color has-luminous-vivid-orange-background-color has-text-color has-background has-link-color wp-element-button mtli_attachment mtli_pdf\" href=\"https:\/\/www.bio.uaic.ro\/wp-content\/uploads\/2026\/03\/Titluri-Disertatie-2026-fisier-prelucrat-varianta-finala-09.03.2026.pdf\" style=\"border-radius:10px\" target=\"_blank\" rel=\"noreferrer noopener\">Titluri DISERTA\u021aIE<\/a><\/div><\/div>\n\n<div style=\"height:30px\" aria-hidden=\"true\" class=\"wp-block-spacer has-ek-typography\"><\/div>\n\n<p class=\" has-ek-typography\" style=\"\">\u00cen cazul \u00een care sesiza\u021bi erori de scriere sau discrepan\u021be, v\u0103 rug\u0103m s\u0103 le comunica\u021bi c\u0103tre secretariatul facult\u0103\u021bii (<a href=\"mailto:elena.babei@uaic.ro\">elena.babei@uaic.ro<\/a>)<\/p>\n\n<h3 class=\"wp-block-heading has-ek-typography\" style=\"\"><mark style=\"background-color:rgba(0, 0, 0, 0)\" class=\"has-inline-color has-vivid-red-color\"><strong> Aten\u021bie!<\/strong><\/mark><\/h3>\n\n<p class=\" has-ek-typography\" style=\"\">Se pot corecta doar eventuale erori de scriere! Nu se mai accept\u0103 cereri de schimbare a temei sau a coordonatorului lucr\u0103rii de licen\u021b\u0103\/diserta\u021bie!<\/p>\n\n<h3 class=\"wp-block-heading has-text-align-left has-ek-typography\" style=\"\"><strong><mark style=\"background-color:rgba(0, 0, 0, 0)\" class=\"has-inline-color has-vivid-red-color\">Foarte important! <\/mark><\/strong><\/h3>\n\n<p class=\"has-text-align-left has-medium-font-size has-ek-typography\" style=\"letter-spacing:1px\"><mark style=\"background-color:rgba(0, 0, 0, 0)\" class=\"has-inline-color has-vivid-red-color\"><strong>Termenul limit\u0103<\/strong>\u00a0pentru a semnala eventualele erori este 23 martie 2026!<\/mark><\/p>\n\n<p class=\" has-ek-typography\" style=\"\"><\/p>","protected":false},"excerpt":{"rendered":"<p>\u00cen aten\u021bia studen\u021bilor din\u00a0anul III (studii de licen\u021b\u0103)\u00a0\u0219i\u00a0anul II (studii masterale)! V\u0103 invit\u0103m s\u0103 verifica\u021bi titlurile temelor de licen\u021b\u0103, respectiv diserta\u021bie, pe care urmeaz\u0103 s\u0103 le sus\u021bine\u021bi \u00een sesiunea iulie 2026. Pentru verificare titluri (situa\u021bia valabil\u0103 la data de 9.03.2026) accesa\u021bi: \u00cen cazul \u00een care sesiza\u021bi erori de scriere sau discrepan\u021be, v\u0103 rug\u0103m s\u0103 le&hellip; <br \/> <a class=\"read-more\" href=\"https:\/\/www.bio.uaic.ro\/?page_id=7062\">Cite\u0219te mai mult<\/a><\/p>\n","protected":false},"author":1,"featured_media":0,"parent":0,"menu_order":0,"comment_status":"closed","ping_status":"closed","template":"page-templates\/page-with-right-sidebar.php","meta":{"_editorskit_title_hidden":false,"_editorskit_reading_time":1,"_editorskit_is_block_options_detached":false,"_editorskit_block_options_position":"{}","_editorskit_typography_data":[],"_editorskit_blocks_typography":"","_uag_custom_page_level_css":"","footnotes":""},"class_list":["post-7062","page","type-page","status-publish","hentry"],"featured_image_src":null,"uagb_featured_image_src":{"full":false,"thumbnail":false,"medium":false,"medium_large":false,"large":false,"1536x1536":false,"2048x2048":false,"post-thumbnail":false,"mesmerize-full-hd":false},"uagb_author_info":{"display_name":"admin","author_link":"https:\/\/www.bio.uaic.ro\/?author=1"},"uagb_comment_info":0,"uagb_excerpt":"\u00cen aten\u021bia studen\u021bilor din\u00a0anul III (studii de licen\u021b\u0103)\u00a0\u0219i\u00a0anul II (studii masterale)! V\u0103 invit\u0103m s\u0103 verifica\u021bi titlurile temelor de licen\u021b\u0103, respectiv diserta\u021bie, pe care urmeaz\u0103 s\u0103 le sus\u021bine\u021bi \u00een sesiunea iulie 2026. Pentru verificare titluri (situa\u021bia valabil\u0103 la data de 9.03.2026) accesa\u021bi: \u00cen cazul \u00een care sesiza\u021bi erori de scriere sau discrepan\u021be, v\u0103 rug\u0103m s\u0103 le&hellip;&hellip;","_links":{"self":[{"href":"https:\/\/www.bio.uaic.ro\/index.php?rest_route=\/wp\/v2\/pages\/7062","targetHints":{"allow":["GET"]}}],"collection":[{"href":"https:\/\/www.bio.uaic.ro\/index.php?rest_route=\/wp\/v2\/pages"}],"about":[{"href":"https:\/\/www.bio.uaic.ro\/index.php?rest_route=\/wp\/v2\/types\/page"}],"author":[{"embeddable":true,"href":"https:\/\/www.bio.uaic.ro\/index.php?rest_route=\/wp\/v2\/users\/1"}],"replies":[{"embeddable":true,"href":"https:\/\/www.bio.uaic.ro\/index.php?rest_route=%2Fwp%2Fv2%2Fcomments&post=7062"}],"version-history":[{"count":58,"href":"https:\/\/www.bio.uaic.ro\/index.php?rest_route=\/wp\/v2\/pages\/7062\/revisions"}],"predecessor-version":[{"id":24722,"href":"https:\/\/www.bio.uaic.ro\/index.php?rest_route=\/wp\/v2\/pages\/7062\/revisions\/24722"}],"wp:attachment":[{"href":"https:\/\/www.bio.uaic.ro\/index.php?rest_route=%2Fwp%2Fv2%2Fmedia&parent=7062"}],"curies":[{"name":"wp","href":"https:\/\/api.w.org\/{rel}","templated":true}]}}