{"id":6877,"date":"2021-06-04T10:08:19","date_gmt":"2021-06-04T07:08:19","guid":{"rendered":"https:\/\/www.bio.uaic.ro\/?page_id=6877"},"modified":"2023-09-13T14:07:37","modified_gmt":"2023-09-13T11:07:37","slug":"ssasn-2017","status":"publish","type":"page","link":"https:\/\/www.bio.uaic.ro\/?page_id=6877","title":{"rendered":"SSASN 2017"},"content":{"rendered":"<div class=\"wp-block-image is-style-editorskit-rounded\"><figure class=\"aligncenter size-large has-ek-typography\" style=\"\"><img decoding=\"async\" src=\"https:\/\/www.bio.uaic.ro\/wp-content\/uploads\/2021\/03\/ssasn.banner.jpg\" alt=\"\" class=\"wp-image-4182\"><\/figure><\/div>\n\n<div style=\"height:25px\" aria-hidden=\"true\" class=\"wp-block-spacer has-ek-typography\"><\/div>\n\n<h3 class=\"wp-block-heading has-text-align-center has-ek-typography\" style=\"\"><span style=\"background-color:rgba(0, 0, 0, 0);color:#0e5820\" class=\"has-inline-color\"><strong>EDI\u021aIA a I-a, mai 2017<\/strong><\/span><\/h3>\n\n<p class=\" has-ek-typography\" style=\"\">Pornind de la premisa implic\u0103rii mai active a studen\u021bilor \u00een via\u021ba comunit\u0103\u021bii academice din Rom\u00e2nia, propunem studen\u021bilor naturali\u0219ti un exerci\u021biu de abordare a cercet\u0103rii \u0219tiin\u021bifice finalizat prin elaborarea \u0219i prezentarea unui studiu \u0219tiin\u021bific \u00een cadrul acestui eveniment anual care se afl\u0103 la prima edi\u021bie.<\/p>\n\n<p class=\" has-ek-typography\" style=\"\">Sesiunea de comunic\u0103ri \u0219tiin\u021bifice a studen\u021bilor naturali\u0219ti urmeaz\u0103 s\u0103 se desf\u0103\u0219oare la Ia\u0219i, \u00een perioada 1<strong>9 &#8211; 20 mai 2017<\/strong>, fiind corelat\u0103 cu structura anului universitar \u0219i cu Ziua Interna\u021bional\u0103 a Biodiversit\u0103\u021bii (22 mai). Invita\u021bia se adreseaz\u0103, \u00een special, de\u0219i nu exclusiv, studen\u021bilor din anii terminali la ciclul de licen\u021b\u0103, studii masterale \u0219i doctorale de la facult\u0103\u021bile de profil din \u021bar\u0103.<\/p>\n\n<p class=\" has-ek-typography\" style=\"\">Sesiunea de comunic\u0103ri \u0219tiin\u021bifice a studen\u021bilor naturali\u0219ti va reprezenta un veritabil exerci\u021biu de practic\u0103 \u0219tiin\u021bific\u0103 pentru studen\u021bii participan\u021bi, dar \u0219i un prilej de cunoa\u0219tere \u0219i ini\u021biere a unor leg\u0103turi pentru studen\u021bii proveni\u021bi din facult\u0103\u021bi de profil de la universit\u0103\u021bile din Rom\u00e2nia. Cele mai bune lucr\u0103ri prezentate \u00een cele trei sec\u021biuni ale sesiunii \u2013 <strong>Biologie \u0219i ecologie animal\u0103, Biologie \u0219i ecologie vegetal\u0103 \u0219i Biologie aplicat\u0103 \u0219i experimental\u0103<\/strong> &#8211; vor fi premiate \u0219i vor putea fi publicate sub forma unui articol \u0219tiin\u021bific, sub coordonarea \u0219tiin\u021bific\u0103 a profesorului \u00eendrum\u0103tor, \u00een revistele \u0219tiin\u021bifice ale Facult\u0103\u021bii de Biologie de la Universitatea \u201dAlexandru Ioan Cuza\u201d din Ia\u0219i (Biologie animal\u0103, Biologie vegetal\u0103 \u0219i Genetic\u0103 \u0219i biologie molecular\u0103 &#8211; Thomson Reuters Master Journal List, Zoological Records, Index Copernicus).<\/p>\n\n<p class=\" has-ek-typography\" style=\"\">DATE IMPORTANTE:<br><strong><span style=\"color:#0e5820\" class=\"has-inline-color\">Perioada de \u00eenscriere<\/span><\/strong>:10 martie &#8211; 1 mai 2017.<br>\u00censcrierea se va face \u00een baza expedierii unui formular de \u00eenscriere ce poate fi desc\u0103rcat de <a href=\"http:\/\/cercetare.bio.uaic.ro\/studenti\/extracuriculare\/sesiuni_stiintifice\/ssasn\/2017\/ssasn.formular.pdf\" class=\"mtli_attachment mtli_pdf\" target=\"_blank\" aria-label=\"aici (opens in a new tab)\" rel=\"noreferrer noopener\" class=\"ek-link\">aici<\/a> Acesta va cuprinde \u0219i un rezumat al lucr\u0103rii ce urmeaz\u0103 a fi prezentat\u0103; confirmarea accept\u0103rii particip\u0103rii se va trimite \u00een 14 zile de la primirea rezumatului \u0219i formularului de \u00eenscriere.<br><span style=\"color:#0e5820\" class=\"has-inline-color\"><strong>Sosirea participan\u021bilor externi<\/strong><\/span>: 18 mai 2017.<br><strong><span style=\"color:#0e5820\" class=\"has-inline-color\">Deschiderea festiv\u0103 &amp; Specializarea prin doctorat<\/span><\/strong>: 19 mai 2017.<br><strong><span style=\"color:#0e5820\" class=\"has-inline-color\">Aplica\u021bie practic\u0103<\/span><\/strong>: Situl Natura 2000 Ele\u0219teiele Jijiei \u0219i ale Miletinului, Vl\u0103deni: 20 mai 2017.<br><strong><span style=\"color:#0e5820\" class=\"has-inline-color\">Plecarea participan\u021bilor externi<\/span><\/strong>: 21 mai 2017.<\/p>\n\n<figure class=\"wp-block-table has-ek-typography\" style=\"\"><table class=\"has-fixed-layout\"><tbody><tr><td><strong>Comitetul \u0219tiin\u021bific:<\/strong><br>Conf. dr. Carmen Gache, Pre\u0219edinte<br>Lect. dr. Mirela C\u00eempeanu, Membru<br>Lect. dr. Ani\u0219oara Stratu, Membru<br>Lect. dr. Anca Neagu, Membru<br>Dr. Alina Ignat, Secretar.<\/td><td><strong>Comitetul organizare<\/strong>:<br>Gabriela \u0218tefan, Ozana Petraru, Sorin Laz\u0103r,<br>Ioana Martin, Alexandru Pintiloaie, Alexandru Ni\u021b\u0103,<br>Elena Armeanu, Diana Tof\u0103nescu, Cristina Iancu,<br>Raluca Du\u021b\u0103, George Creang\u0103, Teodora Langa,<br>C\u0103t\u0103lina Sauciuc, Alexandra S\u0103vuc\u0103.<\/td><\/tr><\/tbody><\/table><\/figure>\n\n<figure class=\"wp-block-table has-ek-typography\" style=\"\"><table class=\"has-fixed-layout\"><tbody><tr><td><strong>Date de contact:<\/strong><br>Conf. dr. Carmen Gache, coord. evenimentului,<br>e-mail:\u00a0<a href=\"mailto:cgache@uaic.ro\">cgache@uaic.ro<\/a>\u00a0Tel. 0749215524<\/td><td><br>Dr. Alina Ignat, secretar,<br>e-mail:\u00a0<a href=\"mailto:cgache@uaic.ro\">alinaei@yahoo.com<\/a>\u00a0Tel. 0744213240<\/td><\/tr><\/tbody><\/table><\/figure>\n\n<div class=\"wp-block-columns are-vertically-aligned-center is-layout-flex wp-container-core-columns-is-layout-9d6595d7 wp-block-columns-is-layout-flex has-ek-typography\" style=\"\"><div class=\"wp-block-column is-vertically-aligned-center is-layout-flow wp-block-column-is-layout-flow has-ek-typography\" style=\"flex-basis:1%\"><\/div>\n\n<div class=\"wp-block-column is-vertically-aligned-center is-layout-flow wp-block-column-is-layout-flow has-ek-typography\" style=\"\"><iframe loading=\"lazy\" src=\"http:\/\/cercetare.bio.uaic.ro\/galerii_foto\/SSSASN%202017\/index.html\" width=\"825\" height=\"760\" frameborder=\"1\" class=\" has-ek-typography\" style=\"\"><iframe><\/iframe>\n<\/iframe><\/div>\n\n<div class=\"wp-block-column is-vertically-aligned-center is-layout-flow wp-block-column-is-layout-flow has-ek-typography\" style=\"flex-basis:1%\"><\/div><\/div>\n\n<div class=\"wp-block-pdf-viewer-block-standard has-ek-typography\" style=\"text-align:left\"><div class=\"uploaded-pdf\"><a href=\"https:\/\/www.bio.uaic.ro\/wp-content\/uploads\/2021\/06\/Volum_SSASN_2017.pdf\" class=\"mtli_attachment mtli_pdf\" data-width=\"\" data-height=\"\"><\/a><\/div><\/div>","protected":false},"excerpt":{"rendered":"<p>EDI\u021aIA a I-a, mai 2017 Pornind de la premisa implic\u0103rii mai active a studen\u021bilor \u00een via\u021ba comunit\u0103\u021bii academice din Rom\u00e2nia, propunem studen\u021bilor naturali\u0219ti un exerci\u021biu de abordare a cercet\u0103rii \u0219tiin\u021bifice finalizat prin elaborarea \u0219i prezentarea unui studiu \u0219tiin\u021bific \u00een cadrul acestui eveniment anual care se afl\u0103 la prima edi\u021bie. Sesiunea de comunic\u0103ri \u0219tiin\u021bifice a studen\u021bilor&hellip; <br \/> <a class=\"read-more\" href=\"https:\/\/www.bio.uaic.ro\/?page_id=6877\">Cite\u0219te mai mult<\/a><\/p>\n","protected":false},"author":1,"featured_media":0,"parent":6762,"menu_order":0,"comment_status":"closed","ping_status":"closed","template":"page-templates\/page-with-right-sidebar.php","meta":{"_editorskit_title_hidden":false,"_editorskit_reading_time":2,"_editorskit_is_block_options_detached":false,"_editorskit_block_options_position":"{}","_editorskit_typography_data":[],"_editorskit_blocks_typography":"","_uag_custom_page_level_css":"","footnotes":""},"class_list":["post-6877","page","type-page","status-publish","hentry"],"featured_image_src":null,"uagb_featured_image_src":{"full":false,"thumbnail":false,"medium":false,"medium_large":false,"large":false,"1536x1536":false,"2048x2048":false,"post-thumbnail":false,"mesmerize-full-hd":false},"uagb_author_info":{"display_name":"admin","author_link":"https:\/\/www.bio.uaic.ro\/?author=1"},"uagb_comment_info":0,"uagb_excerpt":"EDI\u021aIA a I-a, mai 2017 Pornind de la premisa implic\u0103rii mai active a studen\u021bilor \u00een via\u021ba comunit\u0103\u021bii academice din Rom\u00e2nia, propunem studen\u021bilor naturali\u0219ti un exerci\u021biu de abordare a cercet\u0103rii \u0219tiin\u021bifice finalizat prin elaborarea \u0219i prezentarea unui studiu \u0219tiin\u021bific \u00een cadrul acestui eveniment anual care se afl\u0103 la prima edi\u021bie. Sesiunea de comunic\u0103ri \u0219tiin\u021bifice a studen\u021bilor&hellip;&hellip;","_links":{"self":[{"href":"https:\/\/www.bio.uaic.ro\/index.php?rest_route=\/wp\/v2\/pages\/6877","targetHints":{"allow":["GET"]}}],"collection":[{"href":"https:\/\/www.bio.uaic.ro\/index.php?rest_route=\/wp\/v2\/pages"}],"about":[{"href":"https:\/\/www.bio.uaic.ro\/index.php?rest_route=\/wp\/v2\/types\/page"}],"author":[{"embeddable":true,"href":"https:\/\/www.bio.uaic.ro\/index.php?rest_route=\/wp\/v2\/users\/1"}],"replies":[{"embeddable":true,"href":"https:\/\/www.bio.uaic.ro\/index.php?rest_route=%2Fwp%2Fv2%2Fcomments&post=6877"}],"version-history":[{"count":20,"href":"https:\/\/www.bio.uaic.ro\/index.php?rest_route=\/wp\/v2\/pages\/6877\/revisions"}],"predecessor-version":[{"id":17468,"href":"https:\/\/www.bio.uaic.ro\/index.php?rest_route=\/wp\/v2\/pages\/6877\/revisions\/17468"}],"up":[{"embeddable":true,"href":"https:\/\/www.bio.uaic.ro\/index.php?rest_route=\/wp\/v2\/pages\/6762"}],"wp:attachment":[{"href":"https:\/\/www.bio.uaic.ro\/index.php?rest_route=%2Fwp%2Fv2%2Fmedia&parent=6877"}],"curies":[{"name":"wp","href":"https:\/\/api.w.org\/{rel}","templated":true}]}}