{"id":6762,"date":"2021-06-03T09:32:14","date_gmt":"2021-06-03T06:32:14","guid":{"rendered":"https:\/\/www.bio.uaic.ro\/?page_id=6762"},"modified":"2025-10-23T10:16:19","modified_gmt":"2025-10-23T07:16:19","slug":"sesiuni-stiintifice-2","status":"publish","type":"page","link":"https:\/\/www.bio.uaic.ro\/?page_id=6762","title":{"rendered":"Sesiuni \u0219tiin\u021bifice"},"content":{"rendered":"<div class=\"wp-block-image is-style-editorskit-rounded\"><figure class=\"aligncenter size-full is-resized has-ek-typography\" style=\"\"><img loading=\"lazy\" decoding=\"async\" width=\"585\" height=\"90\" src=\"https:\/\/www.bio.uaic.ro\/wp-content\/uploads\/2023\/09\/ssasn.jpg\" alt=\"\" class=\"wp-image-17447\" style=\"width:835px;height:128px\" srcset=\"https:\/\/www.bio.uaic.ro\/wp-content\/uploads\/2023\/09\/ssasn.jpg 585w, https:\/\/www.bio.uaic.ro\/wp-content\/uploads\/2023\/09\/ssasn-300x46.jpg 300w\" sizes=\"auto, (max-width: 585px) 100vw, 585px\" \/><\/figure><\/div>\n\n<div style=\"height:50px\" aria-hidden=\"true\" class=\"wp-block-spacer has-ek-typography\"><\/div>\n\n<h3 class=\"wp-block-heading has-text-align-center has-white-color has-text-color has-background has-ek-typography\" style=\"background-color:#0e5820\"><strong>Cronologia Sesiunilor \u0218tiin\u021bifice Anuale ale Studen\u021bilor Naturali\u0219ti<\/strong><\/h3>\n\n<div style=\"height:50px\" aria-hidden=\"true\" class=\"wp-block-spacer has-ek-typography\"><\/div>\n\n<div class=\"wp-block-buttons is-content-justification-center is-layout-flex wp-container-core-buttons-is-layout-16018d1d wp-block-buttons-is-layout-flex has-ek-typography\" style=\"\"><div class=\"wp-block-button has-custom-width wp-block-button__width-50 is-style-fill has-ek-typography\" style=\"\"><a class=\"wp-block-button__link has-background has-text-align-center wp-element-button\" href=\"https:\/\/www.bio.uaic.ro\/?page_id=23717\" style=\"background-color:#0e5820\" target=\"_blank\" rel=\"noreferrer noopener\"><strong>SSASN 2025<\/strong><\/a><\/div><\/div>\n\n<p class=\"has-text-align-center has-ek-typography\" style=\"\"><\/p>\n\n<div class=\"wp-block-columns is-layout-flex wp-container-core-columns-is-layout-9d6595d7 wp-block-columns-is-layout-flex has-ek-typography\" style=\"\"><div class=\"wp-block-column is-layout-flow wp-block-column-is-layout-flow has-ek-typography\" style=\"\"><div class=\"wp-block-buttons is-content-justification-center is-layout-flex wp-container-core-buttons-is-layout-16018d1d wp-block-buttons-is-layout-flex has-ek-typography\" style=\"\"><div class=\"wp-block-button has-custom-width wp-block-button__width-50 is-style-fill has-ek-typography\" style=\"\"><a class=\"wp-block-button__link has-background has-text-align-center wp-element-button\" href=\"https:\/\/www.bio.uaic.ro\/?page_id=20901\" style=\"background-color:#0e5820\" target=\"_blank\" rel=\"noreferrer noopener\"><strong>SSASN 2024<\/strong><\/a><\/div><\/div>\n\n<p class=\"has-text-align-center has-ek-typography\" style=\"\"><\/p>\n\n<div class=\"wp-block-buttons is-content-justification-center is-layout-flex wp-container-core-buttons-is-layout-16018d1d wp-block-buttons-is-layout-flex has-ek-typography\" style=\"\"><div class=\"wp-block-button has-custom-width wp-block-button__width-50 has-ek-typography\" style=\"\"><a class=\"wp-block-button__link has-background wp-element-button\" href=\"https:\/\/www.bio.uaic.ro\/?page_id=17357\" style=\"background-color:#0e5820\" target=\"_blank\" rel=\"noreferrer noopener\"><strong>SSASN 2023<\/strong><\/a><\/div><\/div>\n\n<p class=\"has-text-align-center has-ek-typography\" style=\"\"><\/p>\n\n<div class=\"wp-block-buttons is-content-justification-center is-layout-flex wp-container-core-buttons-is-layout-16018d1d wp-block-buttons-is-layout-flex has-ek-typography\" style=\"\"><div class=\"wp-block-button has-custom-width wp-block-button__width-50 has-ek-typography\" style=\"\"><a class=\"wp-block-button__link has-background wp-element-button\" href=\"https:\/\/www.bio.uaic.ro\/?page_id=12649\" style=\"background-color:#0e5820\" target=\"_blank\" rel=\"noreferrer noopener\"><strong>SSASN 2022<\/strong><\/a><\/div><\/div>\n\n<p class=\"has-text-align-center has-ek-typography\" style=\"\"><\/p>\n\n<div class=\"wp-block-buttons is-content-justification-center is-layout-flex wp-container-core-buttons-is-layout-16018d1d wp-block-buttons-is-layout-flex has-ek-typography\" style=\"\"><div class=\"wp-block-button has-custom-width wp-block-button__width-50 has-ek-typography\" style=\"\"><a class=\"wp-block-button__link has-background wp-element-button\" href=\"https:\/\/www.bio.uaic.ro\/?page_id=6790\" style=\"background-color:#0e5820\" target=\"_blank\" rel=\"noreferrer noopener\"><strong>SSASN 2021<\/strong><\/a><\/div><\/div><\/div>\n\n<div class=\"wp-block-column is-vertically-aligned-center is-layout-flow wp-block-column-is-layout-flow has-ek-typography\" style=\"\">\n<div class=\"wp-block-buttons is-content-justification-center is-layout-flex wp-container-core-buttons-is-layout-16018d1d wp-block-buttons-is-layout-flex\">\n<div class=\"wp-block-button has-custom-width wp-block-button__width-50\"><a class=\"wp-block-button__link has-background wp-element-button\" href=\"?page_id=3268\" style=\"background-color:#0e5820\" target=\"_blank\" rel=\"noreferrer noopener\"><strong>SSASN 2020<\/strong><\/a><\/div>\n<\/div>\n\n\n\n<p class=\"has-text-align-center\"><\/p>\n\n\n\n<div class=\"wp-block-buttons is-content-justification-center is-layout-flex wp-container-core-buttons-is-layout-16018d1d wp-block-buttons-is-layout-flex\">\n<div class=\"wp-block-button has-custom-width wp-block-button__width-50\"><a class=\"wp-block-button__link has-background wp-element-button\" href=\"https:\/\/www.bio.uaic.ro\/?page_id=6819\" style=\"background-color:#0e5820\" target=\"_blank\" rel=\"noreferrer noopener\"><strong>SSASN 2019<\/strong><\/a><\/div>\n<\/div>\n\n\n\n<p class=\"has-text-align-center\"><\/p>\n\n\n\n<div class=\"wp-block-buttons is-content-justification-center is-layout-flex wp-container-core-buttons-is-layout-16018d1d wp-block-buttons-is-layout-flex\">\n<div class=\"wp-block-button has-custom-width wp-block-button__width-50\"><a class=\"wp-block-button__link has-background wp-element-button\" href=\"https:\/\/www.bio.uaic.ro\/?page_id=6848\" style=\"background-color:#0e5820\" target=\"_blank\" rel=\"noreferrer noopener\"><strong>SSASN 2018<\/strong><\/a><\/div>\n<\/div>\n\n\n\n<p class=\"has-text-align-center\"><\/p>\n\n\n\n<div class=\"wp-block-buttons is-content-justification-center is-layout-flex wp-container-core-buttons-is-layout-16018d1d wp-block-buttons-is-layout-flex\">\n<div class=\"wp-block-button has-custom-width wp-block-button__width-50\"><a class=\"wp-block-button__link has-background wp-element-button\" href=\"https:\/\/www.bio.uaic.ro\/?page_id=6877\" style=\"background-color:#0e5820\" target=\"_blank\" rel=\"noreferrer noopener\"><strong>SSASN 2017<\/strong><\/a><\/div>\n<\/div>\n<\/div><\/div>\n\n\n<div style=\"height:50px\" aria-hidden=\"true\" class=\"wp-block-spacer\"><\/div>\n\n\n<h3 class=\"wp-block-heading has-text-align-center has-white-color has-text-color has-background has-ek-typography\" style=\"background-color:#0e5820\"><strong>Sesiuni na\u021bionale \u0219i interna\u021bionale<\/strong><\/h3>\n\n\n<div style=\"height:50px\" aria-hidden=\"true\" class=\"wp-block-spacer\"><\/div>\n\n\n<div style=\"height:25px\" aria-hidden=\"true\" class=\"wp-block-spacer has-ek-typography\"><\/div>\n\n<div class=\"wp-block-uagb-post-grid uagb-post-grid  uagb-post__image-position-top uagb-post__image-enabled uagb-block-3e90e922     uagb-post__items uagb-post__columns-4 is-grid uagb-post__columns-tablet-2 uagb-post__columns-mobile-1 uagb-post__equal-height has-ek-typography\" data-total=\"10\" style=\"\">\n\n\t\t\t\t\t\t\t\t\t\t\t\t<article class=\"uagb-post__inner-wrap\">\t\t\t\t\t\t\t\t<div class=\"uagb-post__image\">\n\t\t\t\t\t\t\t\t\t<a href=\"https:\/\/www.bio.uaic.ro\/?p=24775\" target=\"_self\" rel=\"bookmark noopener noreferrer\" class=\"uagb-image-ratio-inherit\"><img loading=\"lazy\" decoding=\"async\" width=\"724\" height=\"1024\" src=\"https:\/\/www.bio.uaic.ro\/wp-content\/uploads\/2026\/03\/03.04.2026-Pasi-spre-profesie-Angajatori-BMC-724x1024.png\" class=\"attachment-large size-large\" alt=\"\" srcset=\"https:\/\/www.bio.uaic.ro\/wp-content\/uploads\/2026\/03\/03.04.2026-Pasi-spre-profesie-Angajatori-BMC-724x1024.png 724w, https:\/\/www.bio.uaic.ro\/wp-content\/uploads\/2026\/03\/03.04.2026-Pasi-spre-profesie-Angajatori-BMC-212x300.png 212w, https:\/\/www.bio.uaic.ro\/wp-content\/uploads\/2026\/03\/03.04.2026-Pasi-spre-profesie-Angajatori-BMC-768x1086.png 768w, https:\/\/www.bio.uaic.ro\/wp-content\/uploads\/2026\/03\/03.04.2026-Pasi-spre-profesie-Angajatori-BMC-1086x1536.png 1086w, https:\/\/www.bio.uaic.ro\/wp-content\/uploads\/2026\/03\/03.04.2026-Pasi-spre-profesie-Angajatori-BMC-1024x1448.png 1024w, https:\/\/www.bio.uaic.ro\/wp-content\/uploads\/2026\/03\/03.04.2026-Pasi-spre-profesie-Angajatori-BMC-764x1080.png 764w, https:\/\/www.bio.uaic.ro\/wp-content\/uploads\/2026\/03\/03.04.2026-Pasi-spre-profesie-Angajatori-BMC.png 1123w\" sizes=\"auto, (max-width: 724px) 100vw, 724px\">\t\t\t\t\t<\/a>\n\t\t\t\t\t\t\t<\/div>\n\t\t\t\t\t\t<h4 class=\"uagb-post__title uagb-post__text\">\n\t\t\t\t<a href=\"https:\/\/www.bio.uaic.ro\/?p=24775\" target=\"_self\" rel=\"bookmark noopener noreferrer\">Pa\u0219i spre profesie<\/a>\n\t\t\t<\/h4>\n\t\t\t\t\t\t<div class=\"uagb-post__text uagb-post-grid-byline\">\n\t\t\t\t\t\t\t\t<time datetime=\"2026-03-27T14:59:09+02:00\" class=\"uagb-post__date\">\n\t\t\t\t<span class=\"dashicons-calendar dashicons\"><\/span>\t\t\t\t\tmartie 27, 2026\t\t\t\t<\/time>\n\t\t\t\t\t\t<\/div>\n\t\t\t\t\t\t\t<div class=\"uagb-post__text uagb-post__excerpt\">\n\t\t\t\t\t<p>Te invit\u0103m s\u0103 descoperi compania Antibiotice Ia\u0219i, s\u0103 afli mai multe despre proiectul Performa+, dar&#8230;\t\t\t\t<\/p><\/div>\n\t\t\t\t\t\t<div class=\"uagb-post__text uagb-post__cta wp-block-button\">\n\t\t\t\t<a class=\"wp-block-button__link uagb-text-link\" style=\"\" href=\"https:\/\/www.bio.uaic.ro\/?p=24775\" target=\"_self\" rel=\"bookmark noopener noreferrer\">Mai multe detalii<\/a>\n\t\t\t<\/div>\n\t\t\t\n\t\t\t\t\t\t\t\t\t<\/article>\n\t\t\t\t\t\t\t\t\t\t\t\t\t\t\t\t<article class=\"uagb-post__inner-wrap\">\t\t\t\t\t\t\t\t<div class=\"uagb-post__image\">\n\t\t\t\t\t\t\t\t\t<a href=\"https:\/\/www.bio.uaic.ro\/?p=24772\" target=\"_self\" rel=\"bookmark noopener noreferrer\" class=\"uagb-image-ratio-inherit\"><img loading=\"lazy\" decoding=\"async\" width=\"1024\" height=\"576\" src=\"https:\/\/www.bio.uaic.ro\/wp-content\/uploads\/2026\/03\/27-03-2026-Promovare-mastere-1024x576.png\" class=\"attachment-large size-large\" alt=\"\" srcset=\"https:\/\/www.bio.uaic.ro\/wp-content\/uploads\/2026\/03\/27-03-2026-Promovare-mastere-1024x576.png 1024w, https:\/\/www.bio.uaic.ro\/wp-content\/uploads\/2026\/03\/27-03-2026-Promovare-mastere-300x169.png 300w, https:\/\/www.bio.uaic.ro\/wp-content\/uploads\/2026\/03\/27-03-2026-Promovare-mastere-768x432.png 768w, https:\/\/www.bio.uaic.ro\/wp-content\/uploads\/2026\/03\/27-03-2026-Promovare-mastere.png 1280w\" sizes=\"auto, (max-width: 1024px) 100vw, 1024px\">\t\t\t\t\t<\/a>\n\t\t\t\t\t\t\t<\/div>\n\t\t\t\t\t\t<h4 class=\"uagb-post__title uagb-post__text\">\n\t\t\t\t<a href=\"https:\/\/www.bio.uaic.ro\/?p=24772\" target=\"_self\" rel=\"bookmark noopener noreferrer\">Pa\u0219i spre profesie<\/a>\n\t\t\t<\/h4>\n\t\t\t\t\t\t<div class=\"uagb-post__text uagb-post-grid-byline\">\n\t\t\t\t\t\t\t\t<time datetime=\"2026-03-27T14:39:07+02:00\" class=\"uagb-post__date\">\n\t\t\t\t<span class=\"dashicons-calendar dashicons\"><\/span>\t\t\t\t\tmartie 27, 2026\t\t\t\t<\/time>\n\t\t\t\t\t\t<\/div>\n\t\t\t\t\t\t\t<div class=\"uagb-post__text uagb-post__excerpt\">\n\t\t\t\t\t<p>Drumul spre o profesie trece \u0219i prin etapa de alegere a unui master potrivit. Urm\u0103re\u0219te-ne&#8230;\t\t\t\t<\/p><\/div>\n\t\t\t\t\t\t<div class=\"uagb-post__text uagb-post__cta wp-block-button\">\n\t\t\t\t<a class=\"wp-block-button__link uagb-text-link\" style=\"\" href=\"https:\/\/www.bio.uaic.ro\/?p=24772\" target=\"_self\" rel=\"bookmark noopener noreferrer\">Mai multe detalii<\/a>\n\t\t\t<\/div>\n\t\t\t\n\t\t\t\t\t\t\t\t\t<\/article>\n\t\t\t\t\t\t\t\t\t\t\t\t\t\t\t\t<article class=\"uagb-post__inner-wrap\">\t\t\t\t\t\t\t\t<div class=\"uagb-post__image\">\n\t\t\t\t\t\t\t\t\t<a href=\"https:\/\/www.bio.uaic.ro\/?p=24759\" target=\"_self\" rel=\"bookmark noopener noreferrer\" class=\"uagb-image-ratio-inherit\"><img loading=\"lazy\" decoding=\"async\" width=\"724\" height=\"1024\" src=\"https:\/\/www.bio.uaic.ro\/wp-content\/uploads\/2026\/03\/23-03-2026-Dialoguri-Studentesti-724x1024.png\" class=\"attachment-large size-large\" alt=\"\" srcset=\"https:\/\/www.bio.uaic.ro\/wp-content\/uploads\/2026\/03\/23-03-2026-Dialoguri-Studentesti-724x1024.png 724w, https:\/\/www.bio.uaic.ro\/wp-content\/uploads\/2026\/03\/23-03-2026-Dialoguri-Studentesti-212x300.png 212w, https:\/\/www.bio.uaic.ro\/wp-content\/uploads\/2026\/03\/23-03-2026-Dialoguri-Studentesti-768x1086.png 768w, https:\/\/www.bio.uaic.ro\/wp-content\/uploads\/2026\/03\/23-03-2026-Dialoguri-Studentesti-1086x1536.png 1086w, https:\/\/www.bio.uaic.ro\/wp-content\/uploads\/2026\/03\/23-03-2026-Dialoguri-Studentesti-1024x1448.png 1024w, https:\/\/www.bio.uaic.ro\/wp-content\/uploads\/2026\/03\/23-03-2026-Dialoguri-Studentesti-764x1080.png 764w, https:\/\/www.bio.uaic.ro\/wp-content\/uploads\/2026\/03\/23-03-2026-Dialoguri-Studentesti.png 1414w\" sizes=\"auto, (max-width: 724px) 100vw, 724px\">\t\t\t\t\t<\/a>\n\t\t\t\t\t\t\t<\/div>\n\t\t\t\t\t\t<h4 class=\"uagb-post__title uagb-post__text\">\n\t\t\t\t<a href=\"https:\/\/www.bio.uaic.ro\/?p=24759\" target=\"_self\" rel=\"bookmark noopener noreferrer\">\u201ePutem reg\u0103si echilibrul \u00een mijlocul anxiet\u0103\u021bii \u0219i depresiei?\u201d<\/a>\n\t\t\t<\/h4>\n\t\t\t\t\t\t<div class=\"uagb-post__text uagb-post-grid-byline\">\n\t\t\t\t\t\t\t\t<time datetime=\"2026-03-23T14:40:06+02:00\" class=\"uagb-post__date\">\n\t\t\t\t<span class=\"dashicons-calendar dashicons\"><\/span>\t\t\t\t\tmartie 23, 2026\t\t\t\t<\/time>\n\t\t\t\t\t\t<\/div>\n\t\t\t\t\t\t\t<div class=\"uagb-post__text uagb-post__excerpt\">\n\t\t\t\t\t<p>Capela ,,Sf. Trei Ierarhi\u201d \u2013 UAIC v\u0103 invit\u0103 joi, 26 martie, ora 18.00, la un&#8230;\t\t\t\t<\/p><\/div>\n\t\t\t\t\t\t<div class=\"uagb-post__text uagb-post__cta wp-block-button\">\n\t\t\t\t<a class=\"wp-block-button__link uagb-text-link\" style=\"\" href=\"https:\/\/www.bio.uaic.ro\/?p=24759\" target=\"_self\" rel=\"bookmark noopener noreferrer\">Mai multe detalii<\/a>\n\t\t\t<\/div>\n\t\t\t\n\t\t\t\t\t\t\t\t\t<\/article>\n\t\t\t\t\t\t\t\t\t\t\t\t\t\t\t\t<article class=\"uagb-post__inner-wrap\">\t\t\t\t\t\t\t\t<div class=\"uagb-post__image\">\n\t\t\t\t\t\t\t\t\t<a href=\"https:\/\/www.bio.uaic.ro\/?p=24744\" target=\"_self\" rel=\"bookmark noopener noreferrer\" class=\"uagb-image-ratio-inherit\"><img loading=\"lazy\" decoding=\"async\" width=\"1024\" height=\"512\" src=\"https:\/\/www.bio.uaic.ro\/wp-content\/uploads\/2021\/11\/important-1024x512.jpg\" class=\"attachment-large size-large\" alt=\"\" srcset=\"https:\/\/www.bio.uaic.ro\/wp-content\/uploads\/2021\/11\/important-1024x512.jpg 1024w, https:\/\/www.bio.uaic.ro\/wp-content\/uploads\/2021\/11\/important-300x150.jpg 300w, https:\/\/www.bio.uaic.ro\/wp-content\/uploads\/2021\/11\/important-768x384.jpg 768w, https:\/\/www.bio.uaic.ro\/wp-content\/uploads\/2021\/11\/important.jpg 1280w\" sizes=\"auto, (max-width: 1024px) 100vw, 1024px\">\t\t\t\t\t<\/a>\n\t\t\t\t\t\t\t<\/div>\n\t\t\t\t\t\t<h4 class=\"uagb-post__title uagb-post__text\">\n\t\t\t\t<a href=\"https:\/\/www.bio.uaic.ro\/?p=24744\" target=\"_self\" rel=\"bookmark noopener noreferrer\">S.N. Nuclearelectrica S.A.<\/a>\n\t\t\t<\/h4>\n\t\t\t\t\t\t<div class=\"uagb-post__text uagb-post-grid-byline\">\n\t\t\t\t\t\t\t\t<time datetime=\"2026-03-23T09:27:46+02:00\" class=\"uagb-post__date\">\n\t\t\t\t<span class=\"dashicons-calendar dashicons\"><\/span>\t\t\t\t\tmartie 23, 2026\t\t\t\t<\/time>\n\t\t\t\t\t\t<\/div>\n\t\t\t\t\t\t\t<div class=\"uagb-post__text uagb-post__excerpt\">\n\t\t\t\t\t<p>Stima\u021bi colegi, V\u0103 invit\u0103m s\u0103 participa\u021bi al\u0103turi de studen\u021bi la o \u00eent\u00e2lnire despre industria nuclear\u0103&#8230;\t\t\t\t<\/p><\/div>\n\t\t\t\t\t\t<div class=\"uagb-post__text uagb-post__cta wp-block-button\">\n\t\t\t\t<a class=\"wp-block-button__link uagb-text-link\" style=\"\" href=\"https:\/\/www.bio.uaic.ro\/?p=24744\" target=\"_self\" rel=\"bookmark noopener noreferrer\">Mai multe detalii<\/a>\n\t\t\t<\/div>\n\t\t\t\n\t\t\t\t\t\t\t\t\t<\/article>\n\t\t\t\t\t\t\t\t\t\t\t<\/div>","protected":false},"excerpt":{"rendered":"<p>Cronologia Sesiunilor \u0218tiin\u021bifice Anuale ale Studen\u021bilor Naturali\u0219ti Sesiuni na\u021bionale \u0219i interna\u021bionale<\/p>\n","protected":false},"author":1,"featured_media":0,"parent":0,"menu_order":0,"comment_status":"closed","ping_status":"closed","template":"","meta":{"_editorskit_title_hidden":false,"_editorskit_reading_time":1,"_editorskit_is_block_options_detached":false,"_editorskit_block_options_position":"{}","_editorskit_typography_data":[],"_editorskit_blocks_typography":"","_uag_custom_page_level_css":"","footnotes":""},"class_list":["post-6762","page","type-page","status-publish","hentry"],"featured_image_src":null,"uagb_featured_image_src":{"full":false,"thumbnail":false,"medium":false,"medium_large":false,"large":false,"1536x1536":false,"2048x2048":false,"post-thumbnail":false,"mesmerize-full-hd":false},"uagb_author_info":{"display_name":"admin","author_link":"https:\/\/www.bio.uaic.ro\/?author=1"},"uagb_comment_info":0,"uagb_excerpt":"Cronologia Sesiunilor \u0218tiin\u021bifice Anuale ale Studen\u021bilor Naturali\u0219ti Sesiuni na\u021bionale \u0219i interna\u021bionale","_links":{"self":[{"href":"https:\/\/www.bio.uaic.ro\/index.php?rest_route=\/wp\/v2\/pages\/6762","targetHints":{"allow":["GET"]}}],"collection":[{"href":"https:\/\/www.bio.uaic.ro\/index.php?rest_route=\/wp\/v2\/pages"}],"about":[{"href":"https:\/\/www.bio.uaic.ro\/index.php?rest_route=\/wp\/v2\/types\/page"}],"author":[{"embeddable":true,"href":"https:\/\/www.bio.uaic.ro\/index.php?rest_route=\/wp\/v2\/users\/1"}],"replies":[{"embeddable":true,"href":"https:\/\/www.bio.uaic.ro\/index.php?rest_route=%2Fwp%2Fv2%2Fcomments&post=6762"}],"version-history":[{"count":57,"href":"https:\/\/www.bio.uaic.ro\/index.php?rest_route=\/wp\/v2\/pages\/6762\/revisions"}],"predecessor-version":[{"id":23874,"href":"https:\/\/www.bio.uaic.ro\/index.php?rest_route=\/wp\/v2\/pages\/6762\/revisions\/23874"}],"wp:attachment":[{"href":"https:\/\/www.bio.uaic.ro\/index.php?rest_route=%2Fwp%2Fv2%2Fmedia&parent=6762"}],"curies":[{"name":"wp","href":"https:\/\/api.w.org\/{rel}","templated":true}]}}