{"id":590,"date":"2019-11-10T21:45:28","date_gmt":"2019-11-10T19:45:28","guid":{"rendered":"http:\/\/85.122.19.114:81\/wordpress\/?page_id=590"},"modified":"2026-02-02T14:41:38","modified_gmt":"2026-02-02T12:41:38","slug":"anunturi-exam","status":"publish","type":"page","link":"https:\/\/www.bio.uaic.ro\/?page_id=590","title":{"rendered":"Examene"},"content":{"rendered":"<h3 class=\"wp-block-heading has-text-align-center has-black-color has-white-background-color has-text-color has-background has-link-color wp-elements-0d37d05e77c8ee886e51912df1e49e2b has-ek-typography\" style=\"\"><strong>Fiecare student al Universit\u0103\u021bii \u201eAlexandru Ioan Cuza\u201d din Ia\u0219i beneficiaz\u0103 de posibilitatea de a sus\u021bine, \u00een mod gratuit, \u00een sesiunea aferent\u0103 semestrului \u00een care este parcurs\u0103 disciplina din Planul de \u00eenv\u0103\u021b\u0103m\u00e2nt, o evaluare \u0219i o reevaluare pentru fiecare disciplin\u0103 prev\u0103zut\u0103 cu evaluare final\u0103 (examen sau colocviu)<\/strong><\/h3>\n\n\n<h3 class=\"wp-block-heading has-text-align-center has-white-color has-vivid-cyan-blue-background-color has-text-color has-background has-link-color wp-elements-42792154ba1add714bfe5036c164a613\">Programare Examene<\/h3>\n\n\n<p class=\" has-ek-typography\" style=\"\"><iframe loading=\"lazy\" width=\"1200\" height=\"850\" frameborder=\"0\" scrolling=\"no\" src=\"https:\/\/uaiciasi-my.sharepoint.com\/personal\/stefan_olaru_staff_uaic_ro\/_layouts\/15\/Doc.aspx?sourcedoc=%7B3720d31a-772f-4e41-9483-8b48bf9b4e85%7D&amp;action=embedview&amp;Item=Sheet1!Print_Area&amp;wdHideGridlines=True&amp;wdDownloadButton=True&amp;wdInConfigurator=True&amp;wdInConfigurator=True\"><\/iframe><\/p>\n\n<div style=\"height:25px\" aria-hidden=\"true\" class=\"wp-block-spacer has-ek-typography\"><\/div>\n\n<div class=\"wp-block-group has-ek-typography\" style=\"\"><div class=\"wp-block-group__inner-container is-layout-constrained wp-block-group-is-layout-constrained\">\n<p class=\"has-text-align-center\"><strong>Daca ave\u021bi probleme cu vizualizarea fi\u0219ierului, pute\u021bi consulta programarea aici:<\/strong><\/p>\n<\/div><\/div>\n\n\n<div style=\"height:25px\" aria-hidden=\"true\" class=\"wp-block-spacer\"><\/div>\n\n\n<div class=\"wp-block-buttons is-content-justification-center is-layout-flex wp-container-core-buttons-is-layout-16018d1d wp-block-buttons-is-layout-flex has-ek-typography\" style=\"\"><div class=\"wp-block-button has-ek-typography\" style=\"\"><a class=\"wp-block-button__link has-vivid-cyan-blue-background-color has-background has-text-align-center wp-element-button\" href=\"https:\/\/uaiciasi-my.sharepoint.com\/:x:\/g\/personal\/stefan_olaru_staff_uaic_ro\/IQAa0yA3L3dBTpSDi0i_m06FAVbBd90WKfxtJdS9I_4OyLU?e=cdAXT7\" style=\"border-top-left-radius:10px;border-top-right-radius:10px;border-bottom-left-radius:10px;border-bottom-right-radius:10px\">Deschide PROGRAMAREA<\/a><\/div><\/div>\n\n<div style=\"height:25px\" aria-hidden=\"true\" class=\"wp-block-spacer has-ek-typography\"><\/div>\n\n<hr class=\"wp-block-separator has-alpha-channel-opacity has-ek-typography\" style=\"\">\n\n\n<h3 class=\"wp-block-heading has-text-align-center has-white-color has-luminous-vivid-amber-background-color has-text-color has-background has-link-color wp-elements-720b7654c040f47a0059d5f8e248ed45\">Programare Restan\u021be<\/h3>\n\n\n\n<p class=\"has-text-align-center\"><strong>PROGRAMAREA EXAMENELOR DE RESTAN\u0162E<\/strong> <strong>\u015eI M\u0102RIRI (9 februarie &#8211; 15 februarie 2026)<\/strong><\/p>\n\n\n<div style=\"height:26px\" aria-hidden=\"true\" class=\"wp-block-spacer has-ek-typography\"><\/div>\n\n<p class=\" has-ek-typography\" style=\"\"><iframe loading=\"lazy\" width=\"1200\" height=\"700\" frameborder=\"0\" scrolling=\"no\" src=\"https:\/\/uaiciasi-my.sharepoint.com\/personal\/stefan_olaru_staff_uaic_ro\/_layouts\/15\/Doc.aspx?sourcedoc=%7B37dd7305-7c4c-4d9e-975a-ea6a0f8104a6%7D&amp;action=embedview&amp;Item=Sheet1!Print_Area&amp;wdHideGridlines=True&amp;wdInConfigurator=True&amp;wdInConfigurator=True&amp;edaebf=rslc0\"><\/iframe><\/p>\n\n<div style=\"height:26px\" aria-hidden=\"true\" class=\"wp-block-spacer has-ek-typography\"><\/div>\n\n<p class=\"has-text-align-center has-ek-typography\" style=\"\"><strong>Daca ave\u021bi probleme cu vizualizarea fi\u0219ierului, pute\u021bi consulta programarea aici:<\/strong><\/p>\n\n\n<p class=\"has-text-align-center\"><a href=\"https:\/\/uaiciasi-my.sharepoint.com\/:x:\/g\/personal\/stefan_olaru_staff_uaic_ro\/IQAFc903THyeTZda6moPgQSmAbllvB6y6WGg8RnSrZZFS6c?e=XwkTRV\">Deschide PROGRAMAREA<\/a><\/p>\n","protected":false},"excerpt":{"rendered":"<p>Fiecare student al Universit\u0103\u021bii \u201eAlexandru Ioan Cuza\u201d din Ia\u0219i beneficiaz\u0103 de posibilitatea de a sus\u021bine, \u00een mod gratuit, \u00een sesiunea aferent\u0103 semestrului \u00een care este parcurs\u0103 disciplina din Planul de \u00eenv\u0103\u021b\u0103m\u00e2nt, o evaluare \u0219i o reevaluare pentru fiecare disciplin\u0103 prev\u0103zut\u0103 cu evaluare final\u0103 (examen sau colocviu) Programare Examene Daca ave\u021bi probleme cu vizualizarea fi\u0219ierului, pute\u021bi&hellip; <br \/> <a class=\"read-more\" href=\"https:\/\/www.bio.uaic.ro\/?page_id=590\">Cite\u0219te mai mult<\/a><\/p>\n","protected":false},"author":1,"featured_media":0,"parent":579,"menu_order":0,"comment_status":"closed","ping_status":"closed","template":"","meta":{"_editorskit_title_hidden":false,"_editorskit_reading_time":1,"_editorskit_is_block_options_detached":false,"_editorskit_block_options_position":"{}","_editorskit_typography_data":[],"_editorskit_blocks_typography":"","_uag_custom_page_level_css":"","footnotes":""},"class_list":["post-590","page","type-page","status-publish","hentry"],"featured_image_src":null,"uagb_featured_image_src":{"full":false,"thumbnail":false,"medium":false,"medium_large":false,"large":false,"1536x1536":false,"2048x2048":false,"post-thumbnail":false,"mesmerize-full-hd":false},"uagb_author_info":{"display_name":"admin","author_link":"https:\/\/www.bio.uaic.ro\/?author=1"},"uagb_comment_info":0,"uagb_excerpt":"Fiecare student al Universit\u0103\u021bii \u201eAlexandru Ioan Cuza\u201d din Ia\u0219i beneficiaz\u0103 de posibilitatea de a sus\u021bine, \u00een mod gratuit, \u00een sesiunea aferent\u0103 semestrului \u00een care este parcurs\u0103 disciplina din Planul de \u00eenv\u0103\u021b\u0103m\u00e2nt, o evaluare \u0219i o reevaluare pentru fiecare disciplin\u0103 prev\u0103zut\u0103 cu evaluare final\u0103 (examen sau colocviu) Programare Examene Daca ave\u021bi probleme cu vizualizarea fi\u0219ierului, pute\u021bi&hellip;&hellip;","_links":{"self":[{"href":"https:\/\/www.bio.uaic.ro\/index.php?rest_route=\/wp\/v2\/pages\/590","targetHints":{"allow":["GET"]}}],"collection":[{"href":"https:\/\/www.bio.uaic.ro\/index.php?rest_route=\/wp\/v2\/pages"}],"about":[{"href":"https:\/\/www.bio.uaic.ro\/index.php?rest_route=\/wp\/v2\/types\/page"}],"author":[{"embeddable":true,"href":"https:\/\/www.bio.uaic.ro\/index.php?rest_route=\/wp\/v2\/users\/1"}],"replies":[{"embeddable":true,"href":"https:\/\/www.bio.uaic.ro\/index.php?rest_route=%2Fwp%2Fv2%2Fcomments&post=590"}],"version-history":[{"count":312,"href":"https:\/\/www.bio.uaic.ro\/index.php?rest_route=\/wp\/v2\/pages\/590\/revisions"}],"predecessor-version":[{"id":24372,"href":"https:\/\/www.bio.uaic.ro\/index.php?rest_route=\/wp\/v2\/pages\/590\/revisions\/24372"}],"up":[{"embeddable":true,"href":"https:\/\/www.bio.uaic.ro\/index.php?rest_route=\/wp\/v2\/pages\/579"}],"wp:attachment":[{"href":"https:\/\/www.bio.uaic.ro\/index.php?rest_route=%2Fwp%2Fv2%2Fmedia&parent=590"}],"curies":[{"name":"wp","href":"https:\/\/api.w.org\/{rel}","templated":true}]}}