{"id":577,"date":"2019-11-10T21:45:13","date_gmt":"2019-11-10T19:45:13","guid":{"rendered":"http:\/\/85.122.19.114:81\/wordpress\/?page_id=577"},"modified":"2026-02-15T13:01:09","modified_gmt":"2026-02-15T11:01:09","slug":"orare","status":"publish","type":"page","link":"https:\/\/www.bio.uaic.ro\/?page_id=577","title":{"rendered":"Orar"},"content":{"rendered":"<h3 class=\"wp-block-heading has-text-align-center has-white-color has-text-color has-background has-link-color wp-elements-59b9129a6ec5956dd8f7218f392f6864 has-ek-typography\" style=\"background-color:#0e5820\">Orar Semestru II an universitar &#8211; 2025-2026<\/h3>\n\n<div style=\"height:25px\" aria-hidden=\"true\" class=\"wp-block-spacer has-ek-typography\"><\/div>\n\n<div class=\"wp-block-uagb-buttons uagb-buttons__outer-wrap uagb-btn__default-btn uagb-btn-tablet__default-btn uagb-btn-mobile__default-btn uagb-block-5b9b1c5a has-ek-typography\" style=\"\"><div class=\"uagb-buttons__wrap uagb-buttons-layout-wrap \"><div class=\"wp-block-uagb-buttons-child uagb-buttons__outer-wrap uagb-block-f22006aa wp-block-button has-ek-typography\" style=\"\"><div class=\"uagb-button__wrapper\"><a class=\"uagb-buttons-repeater wp-block-button__link\" aria-label=\"\" href=\"http:\/\/cercetare.bio.uaic.ro\/\/\/\/studenti\/orar\/sem2\" rel=\"follow noopener\" target=\"_self\" role=\"button\"><span class=\"uagb-button__icon uagb-button__icon-position-before\"><svg xmlns=\"https:\/\/www.w3.org\/2000\/svg\" viewbox=\"0 0 448 512\" aria-hidden=\"true\" focussable=\"false\"><path d=\"M160 32V64H288V32C288 14.33 302.3 0 320 0C337.7 0 352 14.33 352 32V64H400C426.5 64 448 85.49 448 112V160H0V112C0 85.49 21.49 64 48 64H96V32C96 14.33 110.3 0 128 0C145.7 0 160 14.33 160 32zM0 192H448V464C448 490.5 426.5 512 400 512H48C21.49 512 0 490.5 0 464V192zM328.1 304.1C338.3 295.6 338.3 280.4 328.1 271C319.6 261.7 304.4 261.7 295 271L200 366.1L152.1 319C143.6 309.7 128.4 309.7 119 319C109.7 328.4 109.7 343.6 119 352.1L183 416.1C192.4 426.3 207.6 426.3 216.1 416.1L328.1 304.1z\"><\/path><\/svg><\/span><div class=\"uagb-button__link\">C\u0103tre orar<\/div><\/a><\/div><\/div><\/div><\/div>\n\n<div style=\"height:30px\" aria-hidden=\"true\" class=\"wp-block-spacer has-ek-typography\"><\/div>\n\n<h3 class=\"wp-block-heading has-text-align-center has-white-color has-text-color has-background has-link-color wp-elements-a1bf651a85f8d2ad5a26c9b01e3764a7 has-ek-typography\" style=\"background-color:#0e5820\">Structura anului universitar 2025-2026<\/h3>\n\n<p class=\"has-text-align-center has-ek-typography\" style=\"\"><a href=\"https:\/\/www.uaic.ro\/wp-content\/uploads\/2025\/06\/structura-anului-universitar-2025_2026.pdf\" class=\"mtli_attachment mtli_pdf\"><strong>Studii universitare de licen\u0163\u0103 \u0219i masterat \u2013 IF, IFR, ID<\/strong><\/a><\/p>\n\n<h3 class=\"wp-block-heading has-text-color has-link-color wp-elements-a16d6f7e05769f5cfff5b9998152fa21 has-ek-typography\" style=\"color:#0e5820\"><i class=\"icon fa fa-angle-right\" aria-hidden=\"true\">  <\/i><strong> <\/strong><strong>Semestrul I<\/strong><\/h3>\n\n<ul class=\"wp-block-list has-ek-typography\" style=\"\"><li class=\" has-ek-typography\" style=\"\"><strong>29 septembrie \u2013 21 decembrie\u00a0<\/strong>\u2013\u00a0 12 s\u0103pt\u0103m\u00e2ni \u2013 Activitate didactic\u0103<sup>1<\/sup><\/li>\n\n<li class=\" has-ek-typography\" style=\"\"><strong>22 decembrie \u2013 4 ianuarie<\/strong>\u00a0\u2013 2 s\u0103pt\u0103m\u00e2ni \u2013 Vacan\u021b\u0103<\/li>\n\n<li class=\" has-ek-typography\" style=\"\"><strong>5 ianuarie- 18 ianuarie<\/strong>\u00a0\u2013 2 s\u0103pt\u0103m\u00e2ni \u2013 Activitate didactic\u0103<sup>1<\/sup><\/li>\n\n<li class=\" has-ek-typography\" style=\"\"><strong>19 ianuarie \u2013 8 februarie<\/strong>\u2013 3 s\u0103pt\u0103m\u00e2ni \u2013 Sesiune de examene<sup>2<\/sup><\/li>\n\n<li class=\" has-ek-typography\" style=\"\"><strong>9 februarie \u2013 15 februarie<\/strong>\u00a0\u2013 1 s\u0103pt\u0103m\u00e2n\u0103 \u2013 Sesiune de evaluare (examin\u0103ri, reexamin\u0103ri, m\u0103riri)<\/li>\n\n<li class=\" has-ek-typography\" style=\"\"><strong>16 februarie \u2013 22 februarie\u00a0<\/strong>\u2013 \u00censcrieri pentru examenele de finalizare a studiilor\u00a0<\/li>\n\n<li class=\" has-ek-typography\" style=\"\"><strong>23 februarie \u2013 27 februarie<\/strong>\u00a0\u2013 Sus\u021binerea examenelor de finalizare a studiilor<\/li><\/ul>\n\n<p class=\" has-ek-typography\" style=\"\"><strong><sup>1\u00a0<\/sup>\u00cen func\u021bie de standardele de specialitate, practica de specialitate se poate desf\u0103\u0219ura \u0219i pe parcursul celor 14 s\u0103pt\u0103m\u00e2ni de activitate.<\/strong><\/p>\n\n<p class=\" has-ek-typography\" style=\"\"><strong><sup>2\u00a0<\/sup>\u00cen func\u021bie de specificul programelor de studii \u0219i standardelor ARACIS, Consiliul facult\u0103\u021bii poate decide reducerea sesiunii de exmene la 2 s\u0103pt\u0103m\u00e2ni.<\/strong><\/p>\n\n<h3 class=\"wp-block-heading has-text-color has-link-color wp-elements-a983d69507e5d5a3f8f6b13dcecfd558 has-ek-typography\" style=\"color:#0e5820\"><i class=\"icon fa fa-angle-double-right\" aria-hidden=\"true\"> <\/i><strong> <\/strong><strong>Semestrul al II-lea<\/strong><\/h3>\n\n<ul class=\"wp-block-list has-ek-typography\" style=\"\"><li class=\" has-ek-typography\" style=\"\"><strong>16 februarie \u2013 12 aprilie\u00a0<\/strong>\u2013 8 s\u0103pt\u0103m\u00e2ni \u2013 Activitate didactic\u0103<sup>1,\u00a03<\/sup><\/li>\n\n<li class=\" has-ek-typography\" style=\"\"><strong>13 aprilie \u2013 19 aprilie\u00a0<\/strong>\u00a0\u2013 1 s\u0103pt\u0103m\u00e2n\u0103 \u2013 Vacan\u021b\u0103<\/li>\n\n<li class=\" has-ek-typography\" style=\"\"><strong>20 aprilie \u2013 31 mai\u00a0<\/strong>\u00a0\u2013 6 s\u0103pt\u0103m\u00e2ni \u2013 Activitate didactic\u0103<sup>1*,3<\/sup><\/li>\n\n<li class=\" has-ek-typography\" style=\"\"><strong>1 iunie \u2013 21 iunie<\/strong>\u00a0\u2013 3 s\u0103pt\u0103m\u00e2ni \u2013 Sesiune de examene<sup>2<\/sup><\/li>\n\n<li class=\" has-ek-typography\" style=\"\"><strong>22 iunie \u2013 28 iunie<\/strong>\u00a0\u2013 1 s\u0103pt\u0103m\u00e2n\u0103 \u2013 Sesiune de evaluare (examin\u0103ri, reexamin\u0103ri, m\u0103riri)<\/li>\n\n<li class=\" has-ek-typography\" style=\"\"><strong>22 iunie \u2013 31 august\u00a0<\/strong>\u2013 Practic\u0103 de specialitate (dac\u0103 este cazul), conform planific\u0103rii realizate la nivelul fiec\u0103rei facult\u0103\u021bi.<\/li>\n\n<li class=\" has-ek-typography\" style=\"\"><strong>29 iunie \u2013 5 iulie\u00a0<\/strong>\u2013 \u00censcrieri pentru examenele de finalizare a studiilor<sup>4<\/sup><\/li>\n\n<li class=\" has-ek-typography\" style=\"\"><strong>6 iulie \u2013 12 iulie<\/strong>\u00a0\u2013 Sus\u021binerea examenelor de finalizare a studiilor<sup>4<\/sup><\/li>\n\n<li class=\" has-ek-typography\" style=\"\"><strong>29 iunie \u2013 27 septembrie<\/strong>\u00a0\u2013 Vacan\u021b\u0103<\/li><\/ul>\n\n<p class=\" has-ek-typography\" style=\"\"><sup>1\u00a0<\/sup>\u00cen func\u021bie de standardele de specialitate, practica de specialitate se poate desf\u0103\u0219ura \u0219i pe parcursul celor 14 s\u0103pt\u0103m\u00e2ni de activitate.<\/p>\n\n<p class=\" has-ek-typography\" style=\"\">* &#8211; Studen\u021bii din anii 1 \u0219i 2 (studii de licen\u021b\u0103, toate specializ\u0103rile) vor avea \u00een intervalul 4 &#8211; 10 mai 2026 o s\u0103pt\u0103m\u00e2n\u0103 de practic\u0103 de specialitate. Activit\u0103\u021bile didactice corespunz\u0103toare acestui interval vor fi recuperate pe parcursul semestrului al doilea.<\/p>\n\n<p class=\" has-ek-typography\" style=\"\"><sup>2\u00a0<\/sup>\u00cen func\u021bie de specificul programelor de studii \u0219i standardelor ARACIS, Consiliul facult\u0103\u021bii poate decide reducerea sesiunii de exmene la 2 s\u0103pt\u0103m\u00e2ni.<\/p>\n\n<p class=\" has-ek-typography\" style=\"\"><sup>3\u00a0<\/sup>Pentru studiile universitare de masterat, acestea cuprind \u0219i stagiile activit\u0103\u021bii practice \u0219i elaborarea lucr\u0103rii de diserta\u021bie.<\/p>\n\n\n<p class=\"has-text-align-left\"><sup>4&nbsp;<\/sup>Se aplic\u0103 anilor terminali.<\/p>\n\n\n<div style=\"height:50px\" aria-hidden=\"true\" class=\"wp-block-spacer has-ek-typography\"><\/div>\n\n<ul class=\"wp-block-list has-ek-typography\" style=\"\"><\/ul>\n\n<h3 class=\"wp-block-heading has-text-color has-link-color wp-elements-00505afcb37a6ca3352b59fcae566b8e has-ek-typography\" style=\"color:#0e5820\"><i class=\"icon fa fa-graduation-cap\" aria-hidden=\"true\"> <\/i><strong> <\/strong><strong>Semestrul al II-lea pentru anii terminali<\/strong><\/h3>\n\n<p class=\" has-ek-typography\" style=\"\"><i class=\"icon fa fa-exclamation-circle\" aria-hidden=\"true\"> <\/i> <strong>*<\/strong>\u00cen func\u021bie de specificul programelor de studii \u0219i standardelor ARACIS, Consiliul facult\u0103\u021bii poate decide reducerea sesiunii de examene la 2 s\u0103pt\u0103m\u00e2ni.<\/p>","protected":false},"excerpt":{"rendered":"<p>Orar Semestru II an universitar &#8211; 2025-2026 Structura anului universitar 2025-2026 Studii universitare de licen\u0163\u0103 \u0219i masterat \u2013 IF, IFR, ID Semestrul I 1\u00a0\u00cen func\u021bie de standardele de specialitate, practica de specialitate se poate desf\u0103\u0219ura \u0219i pe parcursul celor 14 s\u0103pt\u0103m\u00e2ni de activitate. 2\u00a0\u00cen func\u021bie de specificul programelor de studii \u0219i standardelor ARACIS, Consiliul facult\u0103\u021bii&hellip; <br \/> <a class=\"read-more\" href=\"https:\/\/www.bio.uaic.ro\/?page_id=577\">Cite\u0219te mai mult<\/a><\/p>\n","protected":false},"author":1,"featured_media":2101,"parent":463,"menu_order":0,"comment_status":"closed","ping_status":"closed","template":"page-templates\/page-with-right-sidebar.php","meta":{"_editorskit_title_hidden":false,"_editorskit_reading_time":1,"_editorskit_is_block_options_detached":false,"_editorskit_block_options_position":"{}","_editorskit_typography_data":[],"_editorskit_blocks_typography":"","_uag_custom_page_level_css":"","footnotes":""},"class_list":["post-577","page","type-page","status-publish","has-post-thumbnail","hentry"],"featured_image_src":"https:\/\/www.bio.uaic.ro\/wp-content\/uploads\/2021\/02\/orar-e1623485987444.jpg","uagb_featured_image_src":{"full":["https:\/\/www.bio.uaic.ro\/wp-content\/uploads\/2021\/02\/orar-e1623485987444.jpg",100,29,false],"thumbnail":["https:\/\/www.bio.uaic.ro\/wp-content\/uploads\/2021\/02\/orar-150x150.jpg",150,150,true],"medium":["https:\/\/www.bio.uaic.ro\/wp-content\/uploads\/2021\/02\/orar-300x86.jpg",300,86,true],"medium_large":["https:\/\/www.bio.uaic.ro\/wp-content\/uploads\/2021\/02\/orar-768x220.jpg",768,220,true],"large":["https:\/\/www.bio.uaic.ro\/wp-content\/uploads\/2021\/02\/orar-1024x294.jpg",1024,294,true],"1536x1536":["https:\/\/www.bio.uaic.ro\/wp-content\/uploads\/2021\/02\/orar-e1623485987444.jpg",100,29,false],"2048x2048":["https:\/\/www.bio.uaic.ro\/wp-content\/uploads\/2021\/02\/orar-e1623485987444.jpg",100,29,false],"post-thumbnail":["https:\/\/www.bio.uaic.ro\/wp-content\/uploads\/2021\/02\/orar-1024x294.jpg",1024,294,true],"mesmerize-full-hd":["https:\/\/www.bio.uaic.ro\/wp-content\/uploads\/2021\/02\/orar-e1623485987444.jpg",100,29,false]},"uagb_author_info":{"display_name":"admin","author_link":"https:\/\/www.bio.uaic.ro\/?author=1"},"uagb_comment_info":0,"uagb_excerpt":"Orar Semestru II an universitar &#8211; 2025-2026 Structura anului universitar 2025-2026 Studii universitare de licen\u0163\u0103 \u0219i masterat \u2013 IF, IFR, ID Semestrul I 1\u00a0\u00cen func\u021bie de standardele de specialitate, practica de specialitate se poate desf\u0103\u0219ura \u0219i pe parcursul celor 14 s\u0103pt\u0103m\u00e2ni de activitate. 2\u00a0\u00cen func\u021bie de specificul programelor de studii \u0219i standardelor ARACIS, Consiliul facult\u0103\u021bii&hellip;&hellip;","_links":{"self":[{"href":"https:\/\/www.bio.uaic.ro\/index.php?rest_route=\/wp\/v2\/pages\/577","targetHints":{"allow":["GET"]}}],"collection":[{"href":"https:\/\/www.bio.uaic.ro\/index.php?rest_route=\/wp\/v2\/pages"}],"about":[{"href":"https:\/\/www.bio.uaic.ro\/index.php?rest_route=\/wp\/v2\/types\/page"}],"author":[{"embeddable":true,"href":"https:\/\/www.bio.uaic.ro\/index.php?rest_route=\/wp\/v2\/users\/1"}],"replies":[{"embeddable":true,"href":"https:\/\/www.bio.uaic.ro\/index.php?rest_route=%2Fwp%2Fv2%2Fcomments&post=577"}],"version-history":[{"count":256,"href":"https:\/\/www.bio.uaic.ro\/index.php?rest_route=\/wp\/v2\/pages\/577\/revisions"}],"predecessor-version":[{"id":24501,"href":"https:\/\/www.bio.uaic.ro\/index.php?rest_route=\/wp\/v2\/pages\/577\/revisions\/24501"}],"up":[{"embeddable":true,"href":"https:\/\/www.bio.uaic.ro\/index.php?rest_route=\/wp\/v2\/pages\/463"}],"wp:featuredmedia":[{"embeddable":true,"href":"https:\/\/www.bio.uaic.ro\/index.php?rest_route=\/wp\/v2\/media\/2101"}],"wp:attachment":[{"href":"https:\/\/www.bio.uaic.ro\/index.php?rest_route=%2Fwp%2Fv2%2Fmedia&parent=577"}],"curies":[{"name":"wp","href":"https:\/\/api.w.org\/{rel}","templated":true}]}}