{"id":4336,"date":"2021-04-02T08:28:55","date_gmt":"2021-04-02T05:28:55","guid":{"rendered":"http:\/\/85.122.19.109\/?page_id=4336"},"modified":"2024-04-18T09:17:58","modified_gmt":"2024-04-18T06:17:58","slug":"prof-univ-dr-habil-dragos-lucian-gorgan","status":"publish","type":"page","link":"https:\/\/www.bio.uaic.ro\/?page_id=4336","title":{"rendered":"Prof. univ. dr. habil. Drago\u0219 Lucian Gorgan"},"content":{"rendered":"<div class=\"wp-block-group has-ek-typography\" style=\"\"><div class=\"wp-block-group__inner-container is-layout-flow wp-block-group-is-layout-flow\"><div class=\"wp-block-columns is-layout-flex wp-container-core-columns-is-layout-9d6595d7 wp-block-columns-is-layout-flex has-ek-typography\" style=\"\"><div class=\"wp-block-column is-layout-flow wp-block-column-is-layout-flow has-ek-typography\" style=\"flex-basis:33.33%\"><div class=\"wp-block-group has-ek-typography\" style=\"\"><div class=\"wp-block-group__inner-container is-layout-flow wp-block-group-is-layout-flow\"><div class=\"wp-block-image is-resized is-style-rounded\"><figure class=\"aligncenter size-large has-ek-typography\" style=\"\"><img loading=\"lazy\" decoding=\"async\" width=\"248\" height=\"248\" src=\"https:\/\/www.bio.uaic.ro\/wp-content\/uploads\/2021\/03\/Gorgan-Lucian.jpg\" alt=\"\" class=\"wp-image-4254\" srcset=\"https:\/\/www.bio.uaic.ro\/wp-content\/uploads\/2021\/03\/Gorgan-Lucian.jpg 248w, https:\/\/www.bio.uaic.ro\/wp-content\/uploads\/2021\/03\/Gorgan-Lucian-150x150.jpg 150w\" sizes=\"auto, (max-width: 248px) 100vw, 248px\" \/><\/figure><\/div><\/div><\/div><\/div>\n\n<div class=\"wp-block-column is-layout-flow wp-block-column-is-layout-flow has-ek-typography\" style=\"flex-basis:66.66%\"><h3 class=\"wp-block-heading has-text-align-left has-ek-typography\" style=\"\"><span style=\"color:#0e5820\" class=\"has-inline-color\"><a href=\"?page_id=4336\" class=\"ek-link\">Prof. univ. dr. habil. Drago\u0219 Lucian Gorgan<\/a><\/span><\/h3>\n\n<p class=\" has-ek-typography\" style=\"\"><strong>Biologie molecular\u0103. <\/strong><span><span class=\"has-inline-color has-black-color\" style=\"\"><b>Genetic\u0103 molecular\u0103<\/b><\/span><\/span><br>UAIC, Corp B, Parter, B342<br>Tel: 0232\/201102 &#8211; int.<strong>1574<\/strong><br>e-mail: <a rel=\"noreferrer noopener\" href=\"mailto:lucian.gorgan@uaic.ro\" target=\"_blank\" data-type=\"mailto\" data-id=\"mailto:lucian.gorgan@uaic.ro\">lucian.gorgan@uaic.ro<\/a><\/p><\/div><\/div><\/div><\/div>\n\n<h3 class=\"wp-block-heading has-text-align-left has-ek-typography\" style=\"\"><span style=\"color:#0e5820\" class=\"has-inline-color\">Teme de cercetare<\/span><\/h3>\n\n<p class=\"has-text-align-justify has-ek-typography\" style=\"\"><strong>Genomic\u0103 \u0219i genomic\u0103 func\u021bional\u0103\u00a0<\/strong>&#8211; Expresie genic\u0103 \u0219i cuantificarea expresiei genice \u00een diferite condi\u021bii experimentale<\/p>\n\n\n<p class=\"has-text-align-justify\"><strong>Filogenie \u0219i filogeografie molecular\u0103, Genetic\u0103 popula\u021bional\u0103 \u0219i conservativ\u0103, Diversitate genetic\u0103.<\/strong><\/p>\n\n\n<h3 class=\"wp-block-heading has-text-align-left has-ek-typography\" style=\"\"><span style=\"color:#0e5820\" class=\"has-inline-color\">Proiecte de cercetare<\/span><\/h3>\n\n<figure class=\"wp-block-table has-ek-typography\" style=\"\"><table><tbody><tr><td>1. Contract CNCSIS At 186\/2005-2007, <strong>Eviden\u0163ierea direc\u0163iilor evolutive la ciprinidele din principalele bazine acvatice localizate \u00een estul \u015fi sudul Rom\u00e2niei, pe baza secven\u0163ierii unor markeri moleculari.<\/strong><\/td><\/tr><tr><td>2. Proiect Cooperare bilaterala Romania-Slovacia 2013-2014, <strong>Effects of atmospheric pressure cold discharge plasmas to bacteria and cell cultures COLDPLASCEL<\/strong>.<\/td><\/tr><tr><td>3. PCCA tip 1 \u2013 1153b 229\/2013, <strong>Genetic Evolution: New Evidences for the Study of Interconnected Structures. A Biomolecular Journey around the Carpathians from Ancient to Medieval Times (GENESIS).<\/strong><\/td><\/tr><\/tbody><\/table><\/figure>\n\n<h3 class=\"wp-block-heading has-text-align-left has-ek-typography\" style=\"\"><span style=\"color:#0e5820\" class=\"has-inline-color\">Publica\u021bii<\/span><\/h3>\n\n<figure class=\"wp-block-table has-ek-typography\" style=\"\"><table><tbody><tr><td>1. Ion, C., Bolboaca, L., Ciorpac, M., Stefan, A.,\u00a0<strong>Gorgan, L<\/strong>., 2012 &#8211; <strong>A Great Reed Warbler x Reed Warbler hybrid (<em>Acrocephalus arundinaceus<\/em>\u00a0x\u00a0<em>Acrocephalus scirpaceus<\/em>) in North Eastern Romania<\/strong>, Journal of Ornithology, 153(3), 975-978.<\/td><\/tr><tr><td>2. Hensel, K., Ku\u010derov\u00e1, K., Tarabov\u00e1, B., Janda, M., Machala, Z., Sano, K., Mihai, C.T., Ciorpac, M.,\u00a0<strong>Gorgan, L.D<\/strong>., Jijie, R., Pohoata, V., Topala, I., 2015 &#8211; <strong>Effects of air transient spark discharge and helium plasma jet on water, bacteria, cells, and biomolecules<\/strong>, Biointerphases, 10(2).<\/td><\/tr><\/tbody><\/table><\/figure>\n\n<div style=\"height:30px\" aria-hidden=\"true\" class=\"wp-block-spacer has-ek-typography\"><\/div>\n\n<h2 class=\"wp-block-heading has-text-align-center has-text-color has-ek-typography\" style=\"color:#0e5820\"><span style=\"text-decoration: underline;\" class=\"ek-underline\">Studen\u021bi-doctoranzi<\/span><\/h2>\n\n<div class=\"wp-block-columns is-layout-flex wp-container-core-columns-is-layout-9d6595d7 wp-block-columns-is-layout-flex has-ek-typography\" style=\"\">\n<div class=\"wp-block-column is-layout-flow wp-block-column-is-layout-flow\" style=\"flex-basis:33.33%\"><div class=\"wp-block-group has-ek-typography\" style=\"\"><div class=\"wp-block-group__inner-container is-layout-flow wp-block-group-is-layout-flow\"><div class=\"wp-block-image is-resized is-style-rounded\">\n<figure class=\"aligncenter size-large\"><img loading=\"lazy\" decoding=\"async\" width=\"144\" height=\"144\" src=\"https:\/\/www.bio.uaic.ro\/wp-content\/uploads\/2021\/04\/image002-1.jpg\" alt=\"\" class=\"wp-image-4346\"><\/figure>\n<\/div><\/div><\/div><\/div>\n\n\n\n<div class=\"wp-block-column is-layout-flow wp-block-column-is-layout-flow\" style=\"flex-basis:66.66%\"><h3 class=\"wp-block-heading has-text-align-left has-ek-typography\" style=\"\"><span style=\"color:#0e5820\" class=\"has-inline-color\"><strong>Mihaiela Loredana Drago\u0219<\/strong><\/span><\/h3>\n\n\n<p>e-mail:\u00a0<a href=\"mailto:hangan_loredana@yahoo.com\" class=\"ek-link\">hangan_loredana@yahoo.com<\/a><\/p>\n\n\n\n<p class=\"has-text-align-justify\"><strong>Titlul tezei de doctorat<\/strong>: &#8222;<strong><em>Studiul unor anomalii moleculare \u0219i citogenetice \u00een mielomul multiplu<\/em><\/strong>.&#8221;<\/p>\n<\/div>\n<\/div>\n\n\n<hr class=\"wp-block-separator has-alpha-channel-opacity\"\/>\n\n\n<div style=\"height:30px\" aria-hidden=\"true\" class=\"wp-block-spacer has-ek-typography\"><\/div>\n\n\n<div class=\"wp-block-columns is-layout-flex wp-container-core-columns-is-layout-9d6595d7 wp-block-columns-is-layout-flex\">\n<div class=\"wp-block-column is-layout-flow wp-block-column-is-layout-flow\" style=\"flex-basis:33.33%\"><div class=\"wp-block-group has-ek-typography\" style=\"\"><div class=\"wp-block-group__inner-container is-layout-flow wp-block-group-is-layout-flow\"><div class=\"wp-block-image is-resized is-style-rounded\">\n<figure class=\"aligncenter size-large\"><img loading=\"lazy\" decoding=\"async\" width=\"144\" height=\"144\" src=\"https:\/\/www.bio.uaic.ro\/wp-content\/uploads\/2021\/04\/image003-1.jpg\" alt=\"\" class=\"wp-image-4348\"><\/figure>\n<\/div><\/div><\/div><\/div>\n\n\n\n<div class=\"wp-block-column is-layout-flow wp-block-column-is-layout-flow\" style=\"flex-basis:66.66%\"><h3 class=\"wp-block-heading has-text-align-left has-ek-typography\" style=\"\"><span style=\"color:#0e5820\" class=\"has-inline-color\"><strong>Alexandru Bogdan Stache<\/strong><\/span><\/h3>\n\n\n<p>e-mail:&nbsp;<a href=\"mailto:stache.bogdan@gmail.com\" class=\"ek-link\">stache.bogdan@gmail.com<\/a><\/p>\n\n\n\n<p class=\"has-text-align-justify\"><strong>Titlul tezei de doctorat<\/strong>: &#8222;<strong><em>Evaluarea efectelor tratamentului cu plasm\u0103 non-termic\u0103 la presiune atmosferic\u0103 pe modele celulare in vitro<\/em><\/strong>.&#8221;<\/p>\n<\/div>\n<\/div>\n\n\n\n<hr class=\"wp-block-separator has-alpha-channel-opacity\"\/>\n\n\n\n<div style=\"height:30px\" aria-hidden=\"true\" class=\"wp-block-spacer\"><\/div>\n\n\n\n<div class=\"wp-block-columns is-layout-flex wp-container-core-columns-is-layout-9d6595d7 wp-block-columns-is-layout-flex\">\n<div class=\"wp-block-column is-layout-flow wp-block-column-is-layout-flow\" style=\"flex-basis:33.33%\"><div class=\"wp-block-group has-ek-typography\" style=\"\"><div class=\"wp-block-group__inner-container is-layout-flow wp-block-group-is-layout-flow\"><div class=\"wp-block-image is-style-rounded\">\n<figure class=\"aligncenter size-large\"><img loading=\"lazy\" decoding=\"async\" width=\"150\" height=\"150\" src=\"https:\/\/www.bio.uaic.ro\/wp-content\/uploads\/2021\/04\/image004.jpg\" alt=\"\" class=\"wp-image-4353\"><\/figure>\n<\/div><\/div><\/div><\/div>\n\n\n\n<div class=\"wp-block-column is-layout-flow wp-block-column-is-layout-flow\" style=\"flex-basis:66.66%\"><h3 class=\"wp-block-heading has-text-align-left has-ek-typography\" style=\"\"><span style=\"color:#0e5820\" class=\"has-inline-color\"><strong>Paula-Maria Greculeac<\/strong><\/span><\/h3>\n\n\n<p>e-mail:&nbsp;<a href=\"mailto:paula.greculeac@svgenebank.ro\" class=\"ek-link\">paula.greculeac@svgenebank.ro<\/a><\/p>\n\n\n\n<p class=\"has-text-align-justify\"><strong>Titlul tezei de doctorat<\/strong>: &#8222;<strong><em>Studiul filogenetic \u015fi filogeografic al genului Phaseolus din colec\u0163ia B\u0103ncii de resurse genetice vegetale Mihai Cristea Suceava.<\/em><\/strong>&#8222;<\/p>\n<\/div>\n<\/div>\n\n\n\n<hr class=\"wp-block-separator has-alpha-channel-opacity\"\/>\n\n\n\n<div style=\"height:30px\" aria-hidden=\"true\" class=\"wp-block-spacer\"><\/div>\n\n\n\n<div class=\"wp-block-columns is-layout-flex wp-container-core-columns-is-layout-9d6595d7 wp-block-columns-is-layout-flex\">\n<div class=\"wp-block-column is-layout-flow wp-block-column-is-layout-flow\" style=\"flex-basis:33.33%\"><div class=\"wp-block-image is-style-rounded\">\n<figure class=\"aligncenter size-full is-resized\"><img loading=\"lazy\" decoding=\"async\" width=\"817\" height=\"815\" src=\"https:\/\/www.bio.uaic.ro\/wp-content\/uploads\/2024\/04\/Leti-Livia-Ioana.jpg\" alt=\"\" class=\"wp-image-19096\" style=\"object-fit:cover;width:150px;height:150px\" srcset=\"https:\/\/www.bio.uaic.ro\/wp-content\/uploads\/2024\/04\/Leti-Livia-Ioana.jpg 817w, https:\/\/www.bio.uaic.ro\/wp-content\/uploads\/2024\/04\/Leti-Livia-Ioana-300x300.jpg 300w, https:\/\/www.bio.uaic.ro\/wp-content\/uploads\/2024\/04\/Leti-Livia-Ioana-150x150.jpg 150w, https:\/\/www.bio.uaic.ro\/wp-content\/uploads\/2024\/04\/Leti-Livia-Ioana-768x766.jpg 768w\" sizes=\"auto, (max-width: 817px) 100vw, 817px\" \/><\/figure>\n<\/div><\/div>\n\n\n\n<div class=\"wp-block-column is-layout-flow wp-block-column-is-layout-flow\" style=\"flex-basis:66.66%\"><h3 class=\"wp-block-heading has-text-align-left has-ek-typography\" style=\"\"><span style=\"color:#0e5820\" class=\"has-inline-color\"><strong>Livia-Ioana<\/strong><\/span> <span style=\"color:#0e5820\" class=\"has-inline-color\"><strong>Le\u021bi<\/strong><\/span><\/h3>\n\n\n<p>e-mail:\u00a0<a href=\"mailto:ioana.leti@svgenebank.ro\" class=\"ek-link\"><a href=\"mailto:ioana.leti@svgenebank.ro\" class=\"ek-link\">ioana.leti@svgenebank.ro<\/a><\/a><\/p>\n\n\n\n<p class=\"has-text-align-justify\"><strong>Titlul tezei de doctorat<\/strong>: &#8222;<strong><em>Studiul efectelor tratamentelor cu plasm\u0103 la presiune atmosferic\u0103 asupra proceselor de germina\u021bie \u0219i dezvoltare ale unor plante de interes economic<\/em><\/strong>.&#8221;<\/p>\n<\/div>\n<\/div>\n","protected":false},"excerpt":{"rendered":"<p>Prof. univ. dr. habil. Drago\u0219 Lucian Gorgan Biologie molecular\u0103. Genetic\u0103 molecular\u0103UAIC, Corp B, Parter, B342Tel: 0232\/201102 &#8211; int.1574e-mail: lucian.gorgan@uaic.ro Teme de cercetare Genomic\u0103 \u0219i genomic\u0103 func\u021bional\u0103\u00a0&#8211; Expresie genic\u0103 \u0219i cuantificarea expresiei genice \u00een diferite condi\u021bii experimentale Filogenie \u0219i filogeografie molecular\u0103, Genetic\u0103 popula\u021bional\u0103 \u0219i conservativ\u0103, Diversitate genetic\u0103. Proiecte de cercetare 1. Contract CNCSIS At 186\/2005-2007, Eviden\u0163ierea&hellip; <br \/> <a class=\"read-more\" href=\"https:\/\/www.bio.uaic.ro\/?page_id=4336\">Cite\u0219te mai mult<\/a><\/p>\n","protected":false},"author":1,"featured_media":0,"parent":1741,"menu_order":0,"comment_status":"closed","ping_status":"closed","template":"page-templates\/page-with-right-sidebar.php","meta":{"_editorskit_title_hidden":false,"_editorskit_reading_time":1,"_editorskit_is_block_options_detached":false,"_editorskit_block_options_position":"{}","_editorskit_typography_data":[],"_editorskit_blocks_typography":"","_uag_custom_page_level_css":"","footnotes":""},"class_list":["post-4336","page","type-page","status-publish","hentry"],"featured_image_src":null,"uagb_featured_image_src":{"full":false,"thumbnail":false,"medium":false,"medium_large":false,"large":false,"1536x1536":false,"2048x2048":false,"post-thumbnail":false,"mesmerize-full-hd":false},"uagb_author_info":{"display_name":"admin","author_link":"https:\/\/www.bio.uaic.ro\/?author=1"},"uagb_comment_info":0,"uagb_excerpt":"Prof. univ. dr. habil. Drago\u0219 Lucian Gorgan Biologie molecular\u0103. Genetic\u0103 molecular\u0103UAIC, Corp B, Parter, B342Tel: 0232\/201102 &#8211; int.1574e-mail: lucian.gorgan@uaic.ro Teme de cercetare Genomic\u0103 \u0219i genomic\u0103 func\u021bional\u0103\u00a0&#8211; Expresie genic\u0103 \u0219i cuantificarea expresiei genice \u00een diferite condi\u021bii experimentale Filogenie \u0219i filogeografie molecular\u0103, Genetic\u0103 popula\u021bional\u0103 \u0219i conservativ\u0103, Diversitate genetic\u0103. Proiecte de cercetare 1. Contract CNCSIS At 186\/2005-2007, Eviden\u0163ierea&hellip;&hellip;","_links":{"self":[{"href":"https:\/\/www.bio.uaic.ro\/index.php?rest_route=\/wp\/v2\/pages\/4336","targetHints":{"allow":["GET"]}}],"collection":[{"href":"https:\/\/www.bio.uaic.ro\/index.php?rest_route=\/wp\/v2\/pages"}],"about":[{"href":"https:\/\/www.bio.uaic.ro\/index.php?rest_route=\/wp\/v2\/types\/page"}],"author":[{"embeddable":true,"href":"https:\/\/www.bio.uaic.ro\/index.php?rest_route=\/wp\/v2\/users\/1"}],"replies":[{"embeddable":true,"href":"https:\/\/www.bio.uaic.ro\/index.php?rest_route=%2Fwp%2Fv2%2Fcomments&post=4336"}],"version-history":[{"count":23,"href":"https:\/\/www.bio.uaic.ro\/index.php?rest_route=\/wp\/v2\/pages\/4336\/revisions"}],"predecessor-version":[{"id":19103,"href":"https:\/\/www.bio.uaic.ro\/index.php?rest_route=\/wp\/v2\/pages\/4336\/revisions\/19103"}],"up":[{"embeddable":true,"href":"https:\/\/www.bio.uaic.ro\/index.php?rest_route=\/wp\/v2\/pages\/1741"}],"wp:attachment":[{"href":"https:\/\/www.bio.uaic.ro\/index.php?rest_route=%2Fwp%2Fv2%2Fmedia&parent=4336"}],"curies":[{"name":"wp","href":"https:\/\/api.w.org\/{rel}","templated":true}]}}