{"id":4229,"date":"2021-03-31T11:50:48","date_gmt":"2021-03-31T08:50:48","guid":{"rendered":"http:\/\/85.122.19.109\/?page_id=4229"},"modified":"2021-05-05T11:41:35","modified_gmt":"2021-05-05T08:41:35","slug":"prof-univ-dr-habil-lucian-hritcu","status":"publish","type":"page","link":"https:\/\/www.bio.uaic.ro\/?page_id=4229","title":{"rendered":"Prof. univ. dr. habil. Lucian Hri\u021bcu"},"content":{"rendered":"\n<div class=\"wp-block-columns is-layout-flex wp-container-core-columns-is-layout-9d6595d7 wp-block-columns-is-layout-flex\">\n<div class=\"wp-block-column is-layout-flow wp-block-column-is-layout-flow\" style=\"flex-basis:33.33%\">\n<div class=\"wp-block-group\"><div class=\"wp-block-group__inner-container is-layout-flow wp-block-group-is-layout-flow\">\n<div class=\"wp-block-image is-style-rounded\"><figure class=\"aligncenter size-large is-resized\"><img loading=\"lazy\" decoding=\"async\" src=\"https:\/\/www.bio.uaic.ro\/wp-content\/uploads\/2021\/04\/Hritcu-Lucian-2.jpg\" alt=\"\" class=\"wp-image-5147\" width=\"180\" height=\"180\" srcset=\"https:\/\/www.bio.uaic.ro\/wp-content\/uploads\/2021\/04\/Hritcu-Lucian-2.jpg 1000w, https:\/\/www.bio.uaic.ro\/wp-content\/uploads\/2021\/04\/Hritcu-Lucian-2-300x300.jpg 300w, https:\/\/www.bio.uaic.ro\/wp-content\/uploads\/2021\/04\/Hritcu-Lucian-2-150x150.jpg 150w, https:\/\/www.bio.uaic.ro\/wp-content\/uploads\/2021\/04\/Hritcu-Lucian-2-768x768.jpg 768w\" sizes=\"auto, (max-width: 180px) 100vw, 180px\" \/><\/figure><\/div>\n<\/div><\/div>\n<\/div>\n\n\n\n<div class=\"wp-block-column is-layout-flow wp-block-column-is-layout-flow\" style=\"flex-basis:66.66%\">\n<h3 class=\"has-text-align-left wp-block-heading\"><span style=\"color:#0e5820\" class=\"has-inline-color\">Domenii de competen\u021b\u0103<\/span><\/h3>\n\n\n\n<p><strong><span class=\"has-inline-color has-black-color\"><strong>Fiziologie animal\u0103. Neurobiologie.<\/strong><\/span><\/strong><br>UAIC, Corp B, Demisol I, B226<br>Tel: 0232\/201102 &#8211; int.<strong>1666<\/strong><br>e-mail: <a href=\"mailto:hritcu@uaic.ro\" class=\"ek-link\">hritcu@uaic.ro<\/a><\/p>\n<\/div>\n<\/div>\n\n\n\n<h3 class=\"has-text-align-left wp-block-heading\"><span style=\"color:#0e5820\" class=\"has-inline-color\">Teme de cercetare<\/span><\/h3>\n\n\n\n<div class=\"wp-block-columns is-layout-flex wp-container-core-columns-is-layout-9d6595d7 wp-block-columns-is-layout-flex\">\n<div class=\"wp-block-column is-layout-flow wp-block-column-is-layout-flow\" style=\"flex-basis:75%\">\n<p class=\"has-text-align-justify\">Laboratorul nostru investigheaz\u0103 impactul \u0219i mecanismele prin care unele extracte \u0219i compu\u0219i de origine vegetal\u0103 influen\u021beaz\u0103 procesele \u00eenv\u0103\u021b\u0103rii \u0219i memor\u0103rii utiliz\u00e2ndu-se modele animale ale unor boli neurodegenerative (modele toxicologie \u0219i modele farmacologice). \u00cen ultimii ani am lucrat \u00een special \u00een identificarea mecanismelor de ac\u021biune ale acestor extracte de origine vegetal\u0103 (efecte antiagrega\u021bionale, antiapoptotice, anxiolitice \u0219i antidepresive). De asemenea, suntem interesa\u021bi de identificarea mecanismelor de ac\u021biune ale unui metabolit al nicotinei, 6-hidroxi-L-nicotina, rezultat din metabolizarea nicotinei \u00een bacteria <em>Arthrobacter nicotinovorans<\/em>. Pentru realizarea acestor studii utiliz\u0103m teste specifice de evaluare a comportamentului animalelor: Y<em>-maze, radial arm maze, elevated plus maze, forced swimming test, novel object recogniton, open field test<\/em> etc., metode biochimice (evaluarea activit\u0103\u021bii unor markeri ai stresului oxidativ), imunohistochimice, histologice \u0219i genetice (expresia unor gene de interes).<\/p>\n\n\n\n<p class=\"has-text-align-justify\"><\/p>\n\n\n\n<h3 class=\"has-text-align-left wp-block-heading\"><span style=\"color:#0e5820\" class=\"has-inline-color\">Proiecte de cercetare<\/span><\/h3>\n\n\n\n<figure class=\"wp-block-table\"><table><tbody><tr><td>1. 2009-2011 &#8211; PNII proiecte de cercetare exploratorie IDEI, cod CNCSIS 85, nr. 1073\/2009 &#8211; <strong>Impactul unor superantigene de origine bacterian\u0103 asupra statusului fiziologic al organismului animal.<\/strong><\/td><\/tr><tr><td>2. 2014-2015, <strong>Contract 2221 TUBITAK Fellowships program for Visiting Scientists and Scientists on Sabbatical Leave<\/strong>, Firat University, Elazig, Turcia.<\/td><\/tr><\/tbody><\/table><\/figure>\n\n\n\n<h3 class=\"has-text-align-left wp-block-heading\"><span style=\"color:#0e5820\" class=\"has-inline-color\">Publica\u021bii<\/span><\/h3>\n\n\n\n<figure class=\"wp-block-table\"><table><tbody><tr><td>1. Postu P.A., Noumedem J.A.K., Cioanca O., Hancianu M., Mihasan M., Ciorpac M., Gorgan D., Petre B.A.,&nbsp;<strong>Hritcu L<\/strong>., 2018 &#8211;&nbsp;<strong><em>Lactuca capensis<\/em>&nbsp;reverses memory deficits in A\u03b21-42-induced an animal model of Alzheimer&#8217;s disease,<\/strong> Journal of Cellular and Molecular Medicine, 22(1):111-122.<\/td><\/tr><tr><td>2.&nbsp;<strong>Hritcu L<\/strong>., Cioanca O, 2016 &#8211; <strong>Prevalence of use of herbal medicines and complementary and alternative medicine in Europe, in: Grosso<\/strong>, C. (Ed.) Herbal Medicine in Depression: Traditional Medicine to Innovative Drug Delivery. Springer International Publishing, Cham, pp. 135-181. (c<em>apitol de carte<\/em>)<\/td><\/tr><tr><td>3. Dumitru G, El-Nashar HAS, Mostafa NM, Eldahshan OA, Boiangiu RS, Todirascu-Ciornea E, <strong>Hritcu L<\/strong>, Singab ANB, 2019 &#8211; <strong>Agathisflavone isolated from&nbsp;<em>Schinus polygamus<\/em>&nbsp;(Cav.) Cabrera leaves prevents scopolamine-induced memory impairment and brainoxidative stress in zebrafish (<em>Danio rerio<\/em>)<\/strong>, Phytomedicine, 58, 152889, DOI:&nbsp;<a href=\"https:\/\/doi.org\/10.1016\/j.phymed.2019\">https:\/\/doi.org\/10.1016\/j.phymed.2019<\/a>.<\/td><\/tr><tr><td>4. Flonta ML, <strong>Hritcu L<\/strong>, Rosioru C, 2019, <strong>Istoria fiziologiei animale la universit\u0103\u0163ile din Rom\u00e2nia\/History of animal physiology in the Romanian universities<\/strong>, Editura Universit\u0103\u0163ii din Bucure\u015fti, pp. 87\/90, ISBN 978-606-16-1066-2.<\/td><\/tr><\/tbody><\/table><\/figure>\n\n\n\n<h3 class=\"has-text-align-left wp-block-heading\"><span style=\"color:#0e5820\" class=\"has-inline-color\">Premii<\/span><\/h3>\n\n\n\n<figure class=\"wp-block-table\"><table><tbody><tr><td><strong>Premiul&nbsp;<em>Emil Racovi\u021b\u0103<\/em><\/strong>&nbsp;al Academiei Rom\u00e2ne, 2013, pentru monografia&nbsp;<strong><em>Neurofiziologie. Rolul unor neurotransmi\u021b\u0103tori \u0219i zone nervoase \u00een modularea proceselor cognitive \u0219i imunitare<\/em>.<\/strong><\/td><\/tr><\/tbody><\/table><\/figure>\n\n\n\n<p><\/p>\n<\/div>\n\n\n\n<div class=\"wp-block-column is-layout-flow wp-block-column-is-layout-flow\" style=\"flex-basis:33.33%\">\n<div class=\"wp-block-image caption-align-center\"><figure class=\"aligncenter size-large\"><img loading=\"lazy\" decoding=\"async\" width=\"144\" height=\"204\" src=\"https:\/\/www.bio.uaic.ro\/wp-content\/uploads\/2021\/03\/image002-3.jpg\" alt=\"\" class=\"wp-image-4223\"\/><figcaption>Animale de laborator<\/figcaption><\/figure><\/div>\n<\/div>\n<\/div>\n\n\n\n<h3 class=\"has-text-color wp-block-heading\" style=\"color:#0e5820\">Studen\u021bi-doctoranzi<\/h3>\n\n\n\n<div class=\"wp-block-group\"><div class=\"wp-block-group__inner-container is-layout-flow wp-block-group-is-layout-flow\">\n<div class=\"wp-block-columns is-layout-flex wp-container-core-columns-is-layout-9d6595d7 wp-block-columns-is-layout-flex\">\n<div class=\"wp-block-column is-layout-flow wp-block-column-is-layout-flow\" style=\"flex-basis:33.33%\">\n<div class=\"wp-block-group\"><div class=\"wp-block-group__inner-container is-layout-flow wp-block-group-is-layout-flow\">\n<div class=\"wp-block-image is-style-rounded\"><figure class=\"aligncenter size-large is-resized\"><img loading=\"lazy\" decoding=\"async\" src=\"https:\/\/www.bio.uaic.ro\/wp-content\/uploads\/2021\/03\/image003-5.jpg\" alt=\"\" class=\"wp-image-4241\" width=\"150\" height=\"150\"\/><\/figure><\/div>\n<\/div><\/div>\n<\/div>\n\n\n\n<div class=\"wp-block-column is-layout-flow wp-block-column-is-layout-flow\" style=\"flex-basis:66.66%\">\n<h3 class=\"has-text-align-left wp-block-heading\"><span style=\"color:#0e5820\" class=\"has-inline-color\"><strong>R\u0103zvan \u0218tefan Boiangiu<\/strong><\/span><\/h3>\n\n\n\n<p>e-mail:&nbsp;<a href=\"mailto:boiangiu.razvan@yahoo.com\" class=\"ek-link\">boiangiu.razvan@yahoo.com<\/a><\/p>\n\n\n\n<p><strong>Titlul tezei de doctorat<\/strong>: Impactul nicotinei \u0219i a deriva\u021bilor nicotinici asupra afec\u021biunilor neurodegenerative. Studii pe modele animale ale bolii Alzheimer.<\/p>\n<\/div>\n<\/div>\n<\/div><\/div>\n\n\n\n<div class=\"wp-block-group\"><div class=\"wp-block-group__inner-container is-layout-flow wp-block-group-is-layout-flow\">\n<div class=\"wp-block-columns is-layout-flex wp-container-core-columns-is-layout-9d6595d7 wp-block-columns-is-layout-flex\">\n<div class=\"wp-block-column is-layout-flow wp-block-column-is-layout-flow\" style=\"flex-basis:33.33%\">\n<div class=\"wp-block-group\"><div class=\"wp-block-group__inner-container is-layout-flow wp-block-group-is-layout-flow\">\n<div class=\"wp-block-image is-style-rounded\"><figure class=\"aligncenter size-large is-resized\"><img loading=\"lazy\" decoding=\"async\" src=\"https:\/\/www.bio.uaic.ro\/wp-content\/uploads\/2021\/03\/image004-3.jpg\" alt=\"\" class=\"wp-image-4242\" width=\"150\" height=\"150\"\/><\/figure><\/div>\n<\/div><\/div>\n<\/div>\n\n\n\n<div class=\"wp-block-column is-layout-flow wp-block-column-is-layout-flow\" style=\"flex-basis:66.66%\">\n<h3 class=\"has-text-align-left wp-block-heading\"><span style=\"color:#0e5820\" class=\"has-inline-color\"><strong><strong>Lumini\u021ba C\u0103p\u0103\u021b\u00een\u0103<\/strong><\/strong><\/span><\/h3>\n\n\n\n<p>e-mail:&nbsp;<a href=\"mailto:lumi_kap@yahoo.com\" class=\"ek-link\">lumi_kap@yahoo.com<\/a><\/p>\n\n\n\n<p><strong>Titlul tezei de doctorat<\/strong>: Abord\u0103ri farmacologice, biochimice \u0219i comportamentale privind efectele unor uleiuri esen\u021biale selec\u021bionate (<em>Lamiaceae<\/em>) cu poten\u021bial terapeutic pentru condi\u021biile de demen\u021b\u0103.<\/p>\n<\/div>\n<\/div>\n<\/div><\/div>\n\n\n\n<div class=\"wp-block-group\"><div class=\"wp-block-group__inner-container is-layout-flow wp-block-group-is-layout-flow\">\n<div class=\"wp-block-columns is-layout-flex wp-container-core-columns-is-layout-9d6595d7 wp-block-columns-is-layout-flex\">\n<div class=\"wp-block-column is-layout-flow wp-block-column-is-layout-flow\" style=\"flex-basis:33.33%\">\n<div class=\"wp-block-group\"><div class=\"wp-block-group__inner-container is-layout-flow wp-block-group-is-layout-flow\">\n<div class=\"wp-block-image is-style-rounded\"><figure class=\"aligncenter size-large\"><img loading=\"lazy\" decoding=\"async\" width=\"150\" height=\"150\" src=\"https:\/\/www.bio.uaic.ro\/wp-content\/uploads\/2021\/03\/image005-1.jpg\" alt=\"\" class=\"wp-image-4243\"\/><\/figure><\/div>\n<\/div><\/div>\n<\/div>\n\n\n\n<div class=\"wp-block-column is-layout-flow wp-block-column-is-layout-flow\" style=\"flex-basis:66.66%\">\n<h3 class=\"has-text-align-left wp-block-heading\"><span style=\"color:#0e5820\" class=\"has-inline-color\"><strong><strong>Ion Br\u00eenz\u0103<\/strong><\/strong><\/span><\/h3>\n\n\n\n<p>e-mail:&nbsp;<a href=\"mailto:ionbrinza995@gmail.com\" class=\"ek-link\">ionbrinza995@gmail.com<\/a><\/p>\n\n\n\n<p><strong>Titlul tezei de doctorat<\/strong>: &nbsp;Impactul unor flavonoide naturale cu ac\u0163iune favorabil\u0103 afec\u0163iunile neurodegenerative.<\/p>\n<\/div>\n<\/div>\n<\/div><\/div>\n","protected":false},"excerpt":{"rendered":"<p>Domenii de competen\u021b\u0103 Fiziologie animal\u0103. Neurobiologie.UAIC, Corp B, Demisol I, B226Tel: 0232\/201102 &#8211; int.1666e-mail: hritcu@uaic.ro Teme de cercetare Laboratorul nostru investigheaz\u0103 impactul \u0219i mecanismele prin care unele extracte \u0219i compu\u0219i de origine vegetal\u0103 influen\u021beaz\u0103 procesele \u00eenv\u0103\u021b\u0103rii \u0219i memor\u0103rii utiliz\u00e2ndu-se modele animale ale unor boli neurodegenerative (modele toxicologie \u0219i modele farmacologice). \u00cen ultimii ani am lucrat&hellip; <br \/> <a class=\"read-more\" href=\"https:\/\/www.bio.uaic.ro\/?page_id=4229\">Cite\u0219te mai mult<\/a><\/p>\n","protected":false},"author":1,"featured_media":0,"parent":1741,"menu_order":0,"comment_status":"closed","ping_status":"closed","template":"page-templates\/page-with-right-sidebar.php","meta":{"_editorskit_title_hidden":false,"_editorskit_reading_time":2,"_editorskit_is_block_options_detached":false,"_editorskit_block_options_position":"{}","_editorskit_typography_data":[],"_editorskit_blocks_typography":"","_uag_custom_page_level_css":"","footnotes":""},"class_list":["post-4229","page","type-page","status-publish","hentry"],"featured_image_src":null,"uagb_featured_image_src":{"full":false,"thumbnail":false,"medium":false,"medium_large":false,"large":false,"1536x1536":false,"2048x2048":false,"post-thumbnail":false,"mesmerize-full-hd":false},"uagb_author_info":{"display_name":"admin","author_link":"https:\/\/www.bio.uaic.ro\/?author=1"},"uagb_comment_info":0,"uagb_excerpt":"Domenii de competen\u021b\u0103 Fiziologie animal\u0103. Neurobiologie.UAIC, Corp B, Demisol I, B226Tel: 0232\/201102 &#8211; int.1666e-mail: hritcu@uaic.ro Teme de cercetare Laboratorul nostru investigheaz\u0103 impactul \u0219i mecanismele prin care unele extracte \u0219i compu\u0219i de origine vegetal\u0103 influen\u021beaz\u0103 procesele \u00eenv\u0103\u021b\u0103rii \u0219i memor\u0103rii utiliz\u00e2ndu-se modele animale ale unor boli neurodegenerative (modele toxicologie \u0219i modele farmacologice). \u00cen ultimii ani am lucrat&hellip;&hellip;","_links":{"self":[{"href":"https:\/\/www.bio.uaic.ro\/index.php?rest_route=\/wp\/v2\/pages\/4229","targetHints":{"allow":["GET"]}}],"collection":[{"href":"https:\/\/www.bio.uaic.ro\/index.php?rest_route=\/wp\/v2\/pages"}],"about":[{"href":"https:\/\/www.bio.uaic.ro\/index.php?rest_route=\/wp\/v2\/types\/page"}],"author":[{"embeddable":true,"href":"https:\/\/www.bio.uaic.ro\/index.php?rest_route=\/wp\/v2\/users\/1"}],"replies":[{"embeddable":true,"href":"https:\/\/www.bio.uaic.ro\/index.php?rest_route=%2Fwp%2Fv2%2Fcomments&post=4229"}],"version-history":[{"count":7,"href":"https:\/\/www.bio.uaic.ro\/index.php?rest_route=\/wp\/v2\/pages\/4229\/revisions"}],"predecessor-version":[{"id":5784,"href":"https:\/\/www.bio.uaic.ro\/index.php?rest_route=\/wp\/v2\/pages\/4229\/revisions\/5784"}],"up":[{"embeddable":true,"href":"https:\/\/www.bio.uaic.ro\/index.php?rest_route=\/wp\/v2\/pages\/1741"}],"wp:attachment":[{"href":"https:\/\/www.bio.uaic.ro\/index.php?rest_route=%2Fwp%2Fv2%2Fmedia&parent=4229"}],"curies":[{"name":"wp","href":"https:\/\/api.w.org\/{rel}","templated":true}]}}