{"id":4128,"date":"2021-03-30T13:20:24","date_gmt":"2021-03-30T10:20:24","guid":{"rendered":"http:\/\/85.122.19.109\/?page_id=4128"},"modified":"2021-05-28T15:05:13","modified_gmt":"2021-05-28T12:05:13","slug":"conf-dr-habil-mircea-dan-mitroiu","status":"publish","type":"page","link":"https:\/\/www.bio.uaic.ro\/?page_id=4128","title":{"rendered":"Conf. dr. habil. Mircea-Dan Mitroiu"},"content":{"rendered":"\n<div class=\"wp-block-group\"><div class=\"wp-block-group__inner-container is-layout-flow wp-block-group-is-layout-flow\">\n<div class=\"wp-block-columns is-layout-flex wp-container-core-columns-is-layout-9d6595d7 wp-block-columns-is-layout-flex\">\n<div class=\"wp-block-column is-layout-flow wp-block-column-is-layout-flow\" style=\"flex-basis:33.33%\">\n<div class=\"wp-block-group\"><div class=\"wp-block-group__inner-container is-layout-flow wp-block-group-is-layout-flow\">\n<div class=\"wp-block-image is-style-rounded\"><figure class=\"aligncenter size-large is-resized\"><img loading=\"lazy\" decoding=\"async\" src=\"https:\/\/www.bio.uaic.ro\/wp-content\/uploads\/2021\/03\/Mitroiu-Mircea-Dan.jpg\" alt=\"\" class=\"wp-image-4032\" width=\"180\" height=\"180\" srcset=\"https:\/\/www.bio.uaic.ro\/wp-content\/uploads\/2021\/03\/Mitroiu-Mircea-Dan.jpg 180w, https:\/\/www.bio.uaic.ro\/wp-content\/uploads\/2021\/03\/Mitroiu-Mircea-Dan-150x150.jpg 150w\" sizes=\"auto, (max-width: 180px) 100vw, 180px\" \/><\/figure><\/div>\n<\/div><\/div>\n<\/div>\n\n\n\n<div class=\"wp-block-column is-layout-flow wp-block-column-is-layout-flow\" style=\"flex-basis:66.66%\">\n<h3 class=\"has-text-align-left wp-block-heading\"><span style=\"color:#0e5820\" class=\"has-inline-color\">Domenii de competen\u021b\u0103<\/span><\/h3>\n\n\n\n<p><strong><span class=\"has-inline-color has-black-color\"><strong>Entomologie<\/strong><\/span><\/strong><br>UAIC, Corp B, Parter, B341-a<br>Tel: 0232\/201102 &#8211; int.<strong> 2597<\/strong><br>e-mail: <a rel=\"noreferrer noopener\" href=\"mailto:mircea.mitroiu@uaic.ro\" data-type=\"mailto\" target=\"_blank\">mircea.mitroiu@uaic.ro<\/a><\/p>\n<\/div>\n<\/div>\n<\/div><\/div>\n\n\n\n<h3 class=\"has-text-align-left wp-block-heading\"><span style=\"color:#0e5820\" class=\"has-inline-color\">Teme de cercetare<\/span><\/h3>\n\n\n\n<div class=\"wp-block-columns is-layout-flex wp-container-core-columns-is-layout-9d6595d7 wp-block-columns-is-layout-flex\">\n<div class=\"wp-block-column is-layout-flow wp-block-column-is-layout-flow\" style=\"flex-basis:75%\">\n<p class=\"has-text-align-center\"><strong><strong>Sistematica \u0219i biologia himenopterelor parazitoide  (Insecta: <em>Hymenoptera<\/em>):<\/strong><\/strong><\/p>\n\n\n\n<p class=\"has-text-align-justify\">Doctoranzii vor aborda studiul taxonomic \u0219i filogenetic al unor grupe de viespi parazitoide, \u00een special din suprafamilia&nbsp;<em>Chalcidoidea<\/em>, folosind metode bazate pe morfologie \u0219i analize moleculare.<\/p>\n\n\n\n<h3 class=\"has-text-align-left wp-block-heading\"><span style=\"color:#0e5820\" class=\"has-inline-color\">Proiecte de cercetare<\/span><\/h3>\n\n\n\n<figure class=\"wp-block-table\"><table><tbody><tr><td>1. PN-III-P4-ID-PCE-2016-0233, <strong>Cre\u0219terea eficien\u021bei combaterii biologice prin taxonomie integrat\u0103: cazul plo\u0219nitei invazive verzi a legumelor&nbsp;<em>Nezara viridula<\/em>&nbsp;(Insecta:&nbsp;<em>Hemiptera<\/em>) \u0219i a parazitoizilor s\u0103i<\/strong> (Insecta:&nbsp;<em>Hymenoptera<\/em>)&nbsp;<a href=\"https:\/\/sites.google.com\/view\/nevipit2017\/\">https:\/\/sites.google.com\/view\/nevipit2017\/<\/a><\/td><\/tr><tr><td>2. PN-II-RU-TE-2012-3-0057, <strong>Parazitoizii mu\u0219telor sinantrope: metode avansate de identificare folosind o abordare integrat\u0103<\/strong><br><a href=\"https:\/\/sites.google.com\/site\/parasyn2013\/\">https:\/\/sites.google.com\/site\/parasyn2013\/<\/a><\/td><\/tr><\/tbody><\/table><\/figure>\n\n\n\n<h3 class=\"has-text-align-left wp-block-heading\"><span style=\"color:#0e5820\" class=\"has-inline-color\">Publica\u021bii<\/span><\/h3>\n\n\n\n<figure class=\"wp-block-table\"><table><tbody><tr><td>1.&nbsp;<strong>Mitroiu M.-D<\/strong>., 2017. &#8211;<strong>Revision of world&nbsp;<em>Austroterobiinae<\/em>&nbsp;and&nbsp;<em>Parasaphodinae<\/em>&nbsp;(Hymenoptera:&nbsp;<em>Chalcidoidea<\/em>:&nbsp;<em>Pteromalidae<\/em>), parasitoids of giant scales (<em>Hemiptera<\/em>:&nbsp;<em>Coccoidea<\/em>:&nbsp;<em>Monophlebidae<\/em>).<\/strong> Zootaxa, 4301(1): 1-63.<\/td><\/tr><tr><td>2.&nbsp;<strong>Mitroiu M.-D<\/strong>., 2016 &#8211; <strong>Review of world genera of&nbsp;<em>Ceinae<\/em>, with the description of two new Palaearctic species of&nbsp;<em>Spalangiopelta&nbsp;<\/em>Masi (<em>Hymenoptera<\/em>,&nbsp;<em>Chalcidoidea<\/em>,&nbsp;<em>Pteromalidae<\/em>).<\/strong> European Journal of Taxonomy, 251: 1-15.<\/td><\/tr><\/tbody><\/table><\/figure>\n<\/div>\n\n\n\n<div class=\"wp-block-column is-layout-flow wp-block-column-is-layout-flow\" style=\"flex-basis:33.33%\">\n<div class=\"wp-block-image\"><figure class=\"aligncenter size-large\"><img loading=\"lazy\" decoding=\"async\" width=\"144\" height=\"76\" src=\"https:\/\/www.bio.uaic.ro\/wp-content\/uploads\/2021\/03\/image002-2.jpg\" alt=\"\" class=\"wp-image-4137\"\/><figcaption><em><em>Keesia dorsellata<\/em><\/em><\/figcaption><\/figure><\/div>\n<\/div>\n<\/div>\n\n\n\n<h3 class=\"has-text-color wp-block-heading\" style=\"color:#0e5820\">Studen\u021bi-doctoranzi<\/h3>\n\n\n\n<div class=\"wp-block-group\"><div class=\"wp-block-group__inner-container is-layout-flow wp-block-group-is-layout-flow\">\n<div class=\"wp-block-columns is-layout-flex wp-container-core-columns-is-layout-9d6595d7 wp-block-columns-is-layout-flex\">\n<div class=\"wp-block-column is-layout-flow wp-block-column-is-layout-flow\" style=\"flex-basis:33.33%\">\n<div class=\"wp-block-group\"><div class=\"wp-block-group__inner-container is-layout-flow wp-block-group-is-layout-flow\">\n<div class=\"wp-block-image is-style-rounded\"><figure class=\"aligncenter size-large is-resized\"><img loading=\"lazy\" decoding=\"async\" src=\"https:\/\/www.bio.uaic.ro\/wp-content\/uploads\/2021\/03\/image003-4.jpg\" alt=\"\" class=\"wp-image-4147\" width=\"150\" height=\"150\"\/><\/figure><\/div>\n<\/div><\/div>\n<\/div>\n\n\n\n<div class=\"wp-block-column is-layout-flow wp-block-column-is-layout-flow\" style=\"flex-basis:66.66%\">\n<h3 class=\"has-text-align-left wp-block-heading\"><span style=\"color:#0e5820\" class=\"has-inline-color\"><strong>Ionela M\u0103d\u0103lina Viciriuc<\/strong><\/span><\/h3>\n\n\n\n<p>e-mail:&nbsp;<a href=\"mailto:viciriucionelamadalina@yahoo.com\" class=\"ek-link\">viciriucionelamadalina@yahoo.com<\/a><\/p>\n\n\n\n<p class=\"has-text-align-justify\"><strong>Titlul tezei de doctorat<\/strong>: Taxonomia integratoare a speciilor de\u00a0<em>Torymus<\/em>\u00a0Dalman \u0219i\u00a0<em>Ormyrus<\/em>\u00a0Westwood (Hymenoptera: Torymidae, Ormyridae) asociate cu cinipide galigene (Hymenoptera: Cynipidae).<\/p>\n<\/div>\n<\/div>\n<\/div><\/div>\n\n\n\n<div class=\"wp-block-group\"><div class=\"wp-block-group__inner-container is-layout-flow wp-block-group-is-layout-flow\">\n<div class=\"wp-block-columns is-layout-flex wp-container-core-columns-is-layout-9d6595d7 wp-block-columns-is-layout-flex\">\n<div class=\"wp-block-column is-layout-flow wp-block-column-is-layout-flow\" style=\"flex-basis:33.33%\">\n<div class=\"wp-block-group\"><div class=\"wp-block-group__inner-container is-layout-flow wp-block-group-is-layout-flow\">\n<div class=\"wp-block-image is-style-rounded\"><figure class=\"aligncenter size-large is-resized\"><img loading=\"lazy\" decoding=\"async\" src=\"https:\/\/www.bio.uaic.ro\/wp-content\/uploads\/2021\/03\/image004-2.jpg\" alt=\"\" class=\"wp-image-4148\" width=\"150\" height=\"150\"\/><\/figure><\/div>\n<\/div><\/div>\n<\/div>\n\n\n\n<div class=\"wp-block-column is-layout-flow wp-block-column-is-layout-flow\" style=\"flex-basis:66.66%\">\n<h3 class=\"has-text-align-left wp-block-heading\"><span style=\"color:#0e5820\" class=\"has-inline-color\"><strong>Florina Caba<\/strong><\/span><\/h3>\n\n\n\n<p>e-mail:&nbsp;<a href=\"mailto:florinag_caba@yahoo.ro\" class=\"ek-link\">florinag_caba@yahoo.ro<\/a><\/p>\n\n\n\n<p class=\"has-text-align-justify\"><strong>Titlul tezei de doctorat<\/strong>: Filogenia multilocus a tribului Dorcadionini (Coleoptera, Cerambycidae): o reevaluare taxonomic\u0103 \u015fi implica\u0163ii pentru biogeografie \u015fi diversitatea specific\u0103.<\/p>\n<\/div>\n<\/div>\n<\/div><\/div>\n\n\n\n<p><\/p>\n","protected":false},"excerpt":{"rendered":"<p>Domenii de competen\u021b\u0103 EntomologieUAIC, Corp B, Parter, B341-aTel: 0232\/201102 &#8211; int. 2597e-mail: mircea.mitroiu@uaic.ro Teme de cercetare Sistematica \u0219i biologia himenopterelor parazitoide (Insecta: Hymenoptera): Doctoranzii vor aborda studiul taxonomic \u0219i filogenetic al unor grupe de viespi parazitoide, \u00een special din suprafamilia&nbsp;Chalcidoidea, folosind metode bazate pe morfologie \u0219i analize moleculare. Proiecte de cercetare 1. PN-III-P4-ID-PCE-2016-0233, Cre\u0219terea eficien\u021bei&hellip; <br \/> <a class=\"read-more\" href=\"https:\/\/www.bio.uaic.ro\/?page_id=4128\">Cite\u0219te mai mult<\/a><\/p>\n","protected":false},"author":1,"featured_media":0,"parent":1741,"menu_order":0,"comment_status":"closed","ping_status":"closed","template":"page-templates\/page-with-right-sidebar.php","meta":{"_editorskit_title_hidden":false,"_editorskit_reading_time":1,"_editorskit_is_block_options_detached":false,"_editorskit_block_options_position":"{}","_editorskit_typography_data":[],"_editorskit_blocks_typography":"","_uag_custom_page_level_css":"","footnotes":""},"class_list":["post-4128","page","type-page","status-publish","hentry"],"featured_image_src":null,"uagb_featured_image_src":{"full":false,"thumbnail":false,"medium":false,"medium_large":false,"large":false,"1536x1536":false,"2048x2048":false,"post-thumbnail":false,"mesmerize-full-hd":false},"uagb_author_info":{"display_name":"admin","author_link":"https:\/\/www.bio.uaic.ro\/?author=1"},"uagb_comment_info":0,"uagb_excerpt":"Domenii de competen\u021b\u0103 EntomologieUAIC, Corp B, Parter, B341-aTel: 0232\/201102 &#8211; int. 2597e-mail: mircea.mitroiu@uaic.ro Teme de cercetare Sistematica \u0219i biologia himenopterelor parazitoide (Insecta: Hymenoptera): Doctoranzii vor aborda studiul taxonomic \u0219i filogenetic al unor grupe de viespi parazitoide, \u00een special din suprafamilia&nbsp;Chalcidoidea, folosind metode bazate pe morfologie \u0219i analize moleculare. Proiecte de cercetare 1. PN-III-P4-ID-PCE-2016-0233, Cre\u0219terea eficien\u021bei&hellip;&hellip;","_links":{"self":[{"href":"https:\/\/www.bio.uaic.ro\/index.php?rest_route=\/wp\/v2\/pages\/4128","targetHints":{"allow":["GET"]}}],"collection":[{"href":"https:\/\/www.bio.uaic.ro\/index.php?rest_route=\/wp\/v2\/pages"}],"about":[{"href":"https:\/\/www.bio.uaic.ro\/index.php?rest_route=\/wp\/v2\/types\/page"}],"author":[{"embeddable":true,"href":"https:\/\/www.bio.uaic.ro\/index.php?rest_route=\/wp\/v2\/users\/1"}],"replies":[{"embeddable":true,"href":"https:\/\/www.bio.uaic.ro\/index.php?rest_route=%2Fwp%2Fv2%2Fcomments&post=4128"}],"version-history":[{"count":16,"href":"https:\/\/www.bio.uaic.ro\/index.php?rest_route=\/wp\/v2\/pages\/4128\/revisions"}],"predecessor-version":[{"id":6442,"href":"https:\/\/www.bio.uaic.ro\/index.php?rest_route=\/wp\/v2\/pages\/4128\/revisions\/6442"}],"up":[{"embeddable":true,"href":"https:\/\/www.bio.uaic.ro\/index.php?rest_route=\/wp\/v2\/pages\/1741"}],"wp:attachment":[{"href":"https:\/\/www.bio.uaic.ro\/index.php?rest_route=%2Fwp%2Fv2%2Fmedia&parent=4128"}],"curies":[{"name":"wp","href":"https:\/\/api.w.org\/{rel}","templated":true}]}}