{"id":3515,"date":"2021-03-22T09:50:35","date_gmt":"2021-03-22T07:50:35","guid":{"rendered":"http:\/\/85.122.19.109\/?page_id=3515"},"modified":"2021-04-09T11:46:38","modified_gmt":"2021-04-09T08:46:38","slug":"prof-univ-dr-habil-luminita-bejenaru","status":"publish","type":"page","link":"https:\/\/www.bio.uaic.ro\/?page_id=3515","title":{"rendered":"Prof. univ. dr. habil. Lumini\u021ba Bejenaru"},"content":{"rendered":"\n<div class=\"wp-block-group\"><div class=\"wp-block-group__inner-container is-layout-flow wp-block-group-is-layout-flow\">\n<div class=\"wp-block-columns is-layout-flex wp-container-core-columns-is-layout-9d6595d7 wp-block-columns-is-layout-flex\">\n<div class=\"wp-block-column is-layout-flow wp-block-column-is-layout-flow\" style=\"flex-basis:33.33%\">\n<div class=\"wp-block-group\"><div class=\"wp-block-group__inner-container is-layout-flow wp-block-group-is-layout-flow\">\n<div class=\"wp-block-image is-style-rounded\"><figure class=\"aligncenter size-large is-resized\"><img loading=\"lazy\" decoding=\"async\" src=\"https:\/\/www.bio.uaic.ro\/wp-content\/uploads\/2021\/04\/Bejenaru-Luminita.jpg\" alt=\"\" class=\"wp-image-4813\" width=\"180\" height=\"180\"\/><\/figure><\/div>\n<\/div><\/div>\n<\/div>\n\n\n\n<div class=\"wp-block-column is-layout-flow wp-block-column-is-layout-flow\" style=\"flex-basis:66.66%\">\n<h3 class=\"has-text-align-left wp-block-heading\"><span style=\"color:#0e5820\" class=\"has-inline-color\">Domenii de competen\u021b\u0103<\/span><\/h3>\n\n\n\n<div class=\"wp-block-group\"><div class=\"wp-block-group__inner-container is-layout-flow wp-block-group-is-layout-flow\">\n<p><strong><span class=\"has-inline-color has-black-color\">Anatomie comparat\u0103<\/span><\/strong><br>UAIC, Corp B, Demisol I, B204<br>Tel: 0232\/201102 &#8211; int.<strong>1527<\/strong><br>e-mail: <a rel=\"noreferrer noopener\" href=\"mailto:lumib@uaic.ro\" target=\"_blank\">lumib@uaic.ro<\/a><\/p>\n<\/div><\/div>\n<\/div>\n<\/div>\n<\/div><\/div>\n\n\n\n<h3 class=\"has-text-align-left wp-block-heading\"><span style=\"color:#0e5820\" class=\"has-inline-color\">Teme de cercetare<\/span><\/h3>\n\n\n\n<div class=\"wp-block-columns is-layout-flex wp-container-core-columns-is-layout-9d6595d7 wp-block-columns-is-layout-flex\">\n<div class=\"wp-block-column is-layout-flow wp-block-column-is-layout-flow\" style=\"flex-basis:75%\">\n<p class=\"has-text-align-center\"><strong>Paleohistologie \u015fi morfometrie geometric\u0103.<\/strong><\/p>\n\n\n\n<p class=\"has-text-align-justify\"><text-align:justify>E\u015fantioanele bioarheologice (resturi umane \u015fi animale), pot fi valorificate prin analize complexe, precum cele de paleohistologie \u015fi\/sau de morfometrie geometric\u0103. Morfometria geometric\u0103&nbsp; poate fi folosit\u0103 pentru a compara m\u0103rimi \u015fi forme ale diferitelor elemente scheletice \u015fi dentare, \u00een vederea identific\u0103rii variabilit\u0103\u0163ilor interpopula\u0163ionale la diferite specii de animale sau chiar la om, at\u00e2t din perspectiv\u0103 sincronic\u0103, c\u00e2t \u015fi diacronic\u0103. Analiza formelor folose\u015fte coordonatele geometrice carteziene. Pof fi utilizate repere geometrice (repere anatomice omoloage la to\u0163i indivizii analiza\u0163i) \u00een sistem bidimensional (2D) sau tridimensional (3D).<\/text-align:justify><\/p>\n\n\n\n<p class=\"has-text-align-center\"><strong><strong>Arheozoologie.<\/strong><\/strong>. <\/p>\n\n\n\n<p class=\"has-text-align-justify\"><text-align:justify>Arheozoologia valorific\u0103 \u00een manier\u0103 complex\u0103, interdisciplinar\u0103, resturile de natur\u0103 animal\u0103 descoperite \u015fi recuperate \u00een cadrul s\u0103p\u0103turilor arheologice, contribuind la reconstituirea polivalent\u0103 a modului de trai pentru societ\u0103\u0163ile umane vechi. Arheozoologul identific\u0103 speciile de animale cu care au intrat \u00een contact vechile comunit\u0103\u0163i umane, evalueaz\u0103 rela\u0163iile stabilite \u00eentre acestea (v\u00e2n\u0103toare, pescuit, cre\u015fterea animalelor, utilizarea animalelor \u00een ritualuri etc.), estimeaz\u0103 dinamica unor elemente de mediu geografic \u015fi a arealelor de r\u0103sp\u00e2ndire geografic\u0103 a unor specii, analizeaz\u0103 evolu\u0163ia biologic\u0103 a unor specii etc.<\/text-align:justify><\/p>\n\n\n\n<h3 class=\"has-text-align-left wp-block-heading\"><span style=\"color:#0e5820\" class=\"has-inline-color\">Proiecte de cercetare<\/span><\/h3>\n\n\n\n<figure class=\"wp-block-table\"><table><tbody><tr><td>1. Grant CNCSIS tip A 35252\/2001-2003, 23\/972,&nbsp;<strong>Archaeozoology of Medieval Moldavia.<\/strong><\/td><\/tr><tr><td>2. Grant CNCSIS tip A, 2004-2006,&nbsp;<strong>Medieval Archaeozoology of the territory between Danube and Black Sea, and its connexions with the central and south-east European Space<\/strong>.<\/td><\/tr><tr><td>3. Grant CNCSIS tip A 1374\/2007-2008,&nbsp;<strong>Pluridisciplinary studies on the spreading and evolution of the agricultural way of life in Neolithic (VI-IV millenia B.C.), east to eastern Carpathians<\/strong>.<\/td><\/tr><tr><td>4. Proiect PN II, Idei, cod CNCSIS 2116\/2009-2011,&nbsp;<strong>Modelling of the Neolithic migrations in the eastern and south-eastern territories of Romania, from an archaeozoological perspective<\/strong>.<\/td><\/tr><\/tbody><\/table><\/figure>\n\n\n\n<h3 class=\"has-text-align-left wp-block-heading\"><span style=\"color:#0e5820\" class=\"has-inline-color\">Publica\u021bii<\/span><\/h3>\n\n\n\n<figure class=\"wp-block-table is-style-regular\"><table><tbody><tr><td>1. <strong>Bejenaru L<\/strong>., Bodi G., Stanc S., Danu M., 2018, <strong>Middle Holocene subsistence east of the Romanian Carpathians: Bioarchaeological data from the Chalcolithic site of Poduri-Dealul Ghindaru<\/strong>.&nbsp;<em>The Holocene<\/em>, 28(10): 1653-1663.<\/td><\/tr><tr><td>2. Lazaridis I., Nadel D., Rollefson G., C. Merrett D.C., Rohland N., Mallick S., Fernandes D., Novak M., Gamarra B., Sirak K., Connell S., Stewardson K., Harney E., Fu Q., Gonzalez-Fortes G., Jones E.P., Roodenberg S.A., Lengyel G., Bocquentin F., Gasparian B., Monge J.M., Gregg M., Eshed V., Mizrahi A.-S., Meiklejohn C., Gerritsen F.,&nbsp;<strong>Bejenaru L<\/strong>., Bl\u00fcher M., Campbell A., Cavalleri G., Comas D., Froguel P., Gilbert E., Kerr S.M., Kovacs P., Krause J., McGettigan D., Merrigan M., Merriwether D.A., O\u2019Reilly S., Richards M.B., Semino O., Shamoon-Pour M., Stefanescu G., Stumvoll M., T\u00f6njes A., Torroni A., Wilson J.F., Yengo L., Hovhannisyan N.A., Patterson N., Pinhasi R., Reich D., 2016, <strong>Genomic insights into the origin of farming in the ancient Near East.&nbsp;<em>Nature<\/em>, 536 (25 August 2016)<\/strong>: 419-424.<\/td><\/tr><\/tbody><\/table><\/figure>\n\n\n\n<h3 class=\"has-text-align-left wp-block-heading\"><span style=\"color:#0e5820\" class=\"has-inline-color\">Premii<\/span><\/h3>\n\n\n\n<figure class=\"wp-block-table\"><table><tbody><tr><td>1. <strong>Premiul&nbsp;<em>Emil Racovi\u0163\u0103<\/em>&nbsp;al Academiei Rom\u00e2ne, 2011<\/strong>, pentru cartea<strong>&nbsp;<em>Archaeozoogical Approach to Medieval Moldavia<\/em>, British Archaeological Reports, Archaeopress<\/strong>, Oxford, England.<\/td><\/tr><\/tbody><\/table><\/figure>\n<\/div>\n\n\n\n<div class=\"wp-block-column is-layout-flow wp-block-column-is-layout-flow\" style=\"flex-basis:33.33%\">\n<div class=\"wp-block-image\"><figure class=\"aligncenter size-large is-resized\"><img decoding=\"async\" src=\"https:\/\/www.bio.uaic.ro\/wp-content\/uploads\/2021\/03\/image002-1.png\" alt=\"\" class=\"wp-image-4046\" width=\"416\" srcset=\"https:\/\/www.bio.uaic.ro\/wp-content\/uploads\/2021\/03\/image002-1.png 316w, https:\/\/www.bio.uaic.ro\/wp-content\/uploads\/2021\/03\/image002-1-300x225.png 300w\" sizes=\"(max-width: 316px) 100vw, 316px\" \/><figcaption>Omopla\u021bi de oaie\/capr\u0103 (<em>Ovis arie\/Capra hircus<\/em>) din situl medieval de la Coste\u0219ti (Raionul Ialoveni, Republica Moldova).<\/figcaption><\/figure><\/div>\n\n\n\n<p><\/p>\n<\/div>\n<\/div>\n\n\n\n<h3 class=\"has-text-color wp-block-heading\" style=\"color:#0e5820\">Studen\u021bi-doctoranzi<\/h3>\n\n\n\n<div class=\"wp-block-group\"><div class=\"wp-block-group__inner-container is-layout-flow wp-block-group-is-layout-flow\">\n<div class=\"wp-block-columns is-layout-flex wp-container-core-columns-is-layout-9d6595d7 wp-block-columns-is-layout-flex\">\n<div class=\"wp-block-column is-layout-flow wp-block-column-is-layout-flow\" style=\"flex-basis:33.33%\">\n<div class=\"wp-block-group\"><div class=\"wp-block-group__inner-container is-layout-flow wp-block-group-is-layout-flow\">\n<div class=\"wp-block-image is-style-rounded\"><figure class=\"aligncenter size-large is-resized\"><img loading=\"lazy\" decoding=\"async\" src=\"https:\/\/www.bio.uaic.ro\/wp-content\/uploads\/2021\/03\/image003.jpg\" alt=\"\" class=\"wp-image-3611\" width=\"150\" height=\"150\"\/><\/figure><\/div>\n<\/div><\/div>\n<\/div>\n\n\n\n<div class=\"wp-block-column is-layout-flow wp-block-column-is-layout-flow\" style=\"flex-basis:66.66%\">\n<h3 class=\"has-text-align-left wp-block-heading\"><span style=\"color:#0e5820\" class=\"has-inline-color\"><strong>Ozana-Maria Petraru<\/strong><\/span><\/h3>\n\n\n\n<p>e-mail:&nbsp;<a href=\"mailto:ozana.petraru@yahoo.com\" data-type=\"URL\"><\/a><a href=\"mailto:ozana.petraru@yahoo.com\">ozana.petraru@yahoo.com<\/a><\/p>\n\n\n\n<p><strong>Titlul tezei de doctorat<\/strong>: Microanaliza unor resturi umane vechi descoperite \u00een situri arheologice din estul Rom\u00e2niei.<\/p>\n<\/div>\n<\/div>\n<\/div><\/div>\n\n\n\n<div class=\"wp-block-group\"><div class=\"wp-block-group__inner-container is-layout-flow wp-block-group-is-layout-flow\">\n<div class=\"wp-block-columns is-layout-flex wp-container-core-columns-is-layout-9d6595d7 wp-block-columns-is-layout-flex\">\n<div class=\"wp-block-column is-layout-flow wp-block-column-is-layout-flow\" style=\"flex-basis:33.33%\">\n<div class=\"wp-block-group\"><div class=\"wp-block-group__inner-container is-layout-flow wp-block-group-is-layout-flow\">\n<div class=\"wp-block-image is-style-rounded\"><figure class=\"aligncenter size-large is-resized\"><img loading=\"lazy\" decoding=\"async\" src=\"https:\/\/www.bio.uaic.ro\/wp-content\/uploads\/2021\/03\/Malaxa-Daniel-1.jpg\" alt=\"\" class=\"wp-image-4040\" width=\"150\" height=\"150\"\/><\/figure><\/div>\n<\/div><\/div>\n<\/div>\n\n\n\n<div class=\"wp-block-column is-layout-flow wp-block-column-is-layout-flow\" style=\"flex-basis:66.66%\">\n<h3 class=\"has-text-align-left wp-block-heading\"><span style=\"color:#0e5820\" class=\"has-inline-color\"><strong>Daniel Malaxa<\/strong><\/span><\/h3>\n\n\n\n<p>e-mail:&nbsp;<a href=\"mailto:danielmalaxa@yahoo.ro\" data-type=\"URL\"><\/a><a href=\"mailto:danielmalaxa@yahoo.ro\">danielmalaxa@yahoo.ro<\/a><\/p>\n\n\n\n<p><strong>Titlul tezei de doctorat<\/strong>: Indicatori bioarheologici privind rela\u0163ia om-animale \u00een societ\u0103\u0163ile preistorice. Studiu de caz \u2013 situl multicultural de la \u015eoimu\u015f (jude\u0163ul Hunedoara).<\/p>\n<\/div>\n<\/div>\n<\/div><\/div>\n\n\n\n<div class=\"wp-block-group\"><div class=\"wp-block-group__inner-container is-layout-flow wp-block-group-is-layout-flow\">\n<div class=\"wp-block-columns is-layout-flex wp-container-core-columns-is-layout-9d6595d7 wp-block-columns-is-layout-flex\">\n<div class=\"wp-block-column is-layout-flow wp-block-column-is-layout-flow\" style=\"flex-basis:33.33%\">\n<div class=\"wp-block-group\"><div class=\"wp-block-group__inner-container is-layout-flow wp-block-group-is-layout-flow\">\n<div class=\"wp-block-image is-style-rounded\"><figure class=\"aligncenter size-large is-resized\"><img loading=\"lazy\" decoding=\"async\" src=\"https:\/\/www.bio.uaic.ro\/wp-content\/uploads\/2021\/03\/Cabat-Alexandra-1.jpg\" alt=\"\" class=\"wp-image-4042\" width=\"150\" height=\"150\"\/><\/figure><\/div>\n<\/div><\/div>\n<\/div>\n\n\n\n<div class=\"wp-block-column is-layout-flow wp-block-column-is-layout-flow\" style=\"flex-basis:66.66%\">\n<h3 class=\"has-text-align-left wp-block-heading\"><span style=\"color:#0e5820\" class=\"has-inline-color\"><strong>Alexandra Cabat<\/strong><\/span><\/h3>\n\n\n\n<p>e-mail:&nbsp;<a href=\"mailto:cabat.alexandra@gmail.com\">cabat.alexandra@gmail.com<\/a><\/p>\n\n\n\n<p><strong>Titlul tezei de doctorat<\/strong>: Arheozoologia zonei centrale a Dobrogei \u00een secolele II-VI.<\/p>\n<\/div>\n<\/div>\n<\/div><\/div>\n\n\n\n<p><\/p>\n","protected":false},"excerpt":{"rendered":"<p>Domenii de competen\u021b\u0103 Anatomie comparat\u0103UAIC, Corp B, Demisol I, B204Tel: 0232\/201102 &#8211; int.1527e-mail: lumib@uaic.ro Teme de cercetare Paleohistologie \u015fi morfometrie geometric\u0103. E\u015fantioanele bioarheologice (resturi umane \u015fi animale), pot fi valorificate prin analize complexe, precum cele de paleohistologie \u015fi\/sau de morfometrie geometric\u0103. Morfometria geometric\u0103&nbsp; poate fi folosit\u0103 pentru a compara m\u0103rimi \u015fi forme ale diferitelor elemente&hellip; <br \/> <a class=\"read-more\" href=\"https:\/\/www.bio.uaic.ro\/?page_id=3515\">Cite\u0219te mai mult<\/a><\/p>\n","protected":false},"author":2,"featured_media":0,"parent":1741,"menu_order":0,"comment_status":"closed","ping_status":"closed","template":"page-templates\/page-with-right-sidebar.php","meta":{"_editorskit_title_hidden":false,"_editorskit_reading_time":2,"_editorskit_is_block_options_detached":false,"_editorskit_block_options_position":"{}","_editorskit_typography_data":[],"_editorskit_blocks_typography":"","_uag_custom_page_level_css":"","footnotes":""},"class_list":["post-3515","page","type-page","status-publish","hentry"],"featured_image_src":null,"uagb_featured_image_src":{"full":false,"thumbnail":false,"medium":false,"medium_large":false,"large":false,"1536x1536":false,"2048x2048":false,"post-thumbnail":false,"mesmerize-full-hd":false},"uagb_author_info":{"display_name":"Puiu Ungureanu","author_link":"https:\/\/www.bio.uaic.ro\/?author=2"},"uagb_comment_info":0,"uagb_excerpt":"Domenii de competen\u021b\u0103 Anatomie comparat\u0103UAIC, Corp B, Demisol I, B204Tel: 0232\/201102 &#8211; int.1527e-mail: lumib@uaic.ro Teme de cercetare Paleohistologie \u015fi morfometrie geometric\u0103. E\u015fantioanele bioarheologice (resturi umane \u015fi animale), pot fi valorificate prin analize complexe, precum cele de paleohistologie \u015fi\/sau de morfometrie geometric\u0103. Morfometria geometric\u0103&nbsp; poate fi folosit\u0103 pentru a compara m\u0103rimi \u015fi forme ale diferitelor elemente&hellip;&hellip;","_links":{"self":[{"href":"https:\/\/www.bio.uaic.ro\/index.php?rest_route=\/wp\/v2\/pages\/3515","targetHints":{"allow":["GET"]}}],"collection":[{"href":"https:\/\/www.bio.uaic.ro\/index.php?rest_route=\/wp\/v2\/pages"}],"about":[{"href":"https:\/\/www.bio.uaic.ro\/index.php?rest_route=\/wp\/v2\/types\/page"}],"author":[{"embeddable":true,"href":"https:\/\/www.bio.uaic.ro\/index.php?rest_route=\/wp\/v2\/users\/2"}],"replies":[{"embeddable":true,"href":"https:\/\/www.bio.uaic.ro\/index.php?rest_route=%2Fwp%2Fv2%2Fcomments&post=3515"}],"version-history":[{"count":89,"href":"https:\/\/www.bio.uaic.ro\/index.php?rest_route=\/wp\/v2\/pages\/3515\/revisions"}],"predecessor-version":[{"id":24524,"href":"https:\/\/www.bio.uaic.ro\/index.php?rest_route=\/wp\/v2\/pages\/3515\/revisions\/24524"}],"up":[{"embeddable":true,"href":"https:\/\/www.bio.uaic.ro\/index.php?rest_route=\/wp\/v2\/pages\/1741"}],"wp:attachment":[{"href":"https:\/\/www.bio.uaic.ro\/index.php?rest_route=%2Fwp%2Fv2%2Fmedia&parent=3515"}],"curies":[{"name":"wp","href":"https:\/\/api.w.org\/{rel}","templated":true}]}}