{"id":3308,"date":"2021-03-18T13:43:24","date_gmt":"2021-03-18T11:43:24","guid":{"rendered":"http:\/\/85.122.19.109\/?page_id=3308"},"modified":"2025-07-12T09:21:47","modified_gmt":"2025-07-12T06:21:47","slug":"consiliere-de-mediu","status":"publish","type":"page","link":"https:\/\/www.bio.uaic.ro\/?page_id=3308","title":{"rendered":"Consiliere de Mediu"},"content":{"rendered":"<div class=\"wp-block-image is-style-editorskit-rounded\"><figure class=\"aligncenter size-large has-ek-typography\" style=\"\"><img loading=\"lazy\" decoding=\"async\" width=\"728\" height=\"1024\" src=\"https:\/\/www.bio.uaic.ro\/wp-content\/uploads\/2025\/07\/Afis-Consiliere-de-mediu-2025-728x1024.jpg\" alt=\"\" class=\"wp-image-23000\" srcset=\"https:\/\/www.bio.uaic.ro\/wp-content\/uploads\/2025\/07\/Afis-Consiliere-de-mediu-2025-728x1024.jpg 728w, https:\/\/www.bio.uaic.ro\/wp-content\/uploads\/2025\/07\/Afis-Consiliere-de-mediu-2025-213x300.jpg 213w, https:\/\/www.bio.uaic.ro\/wp-content\/uploads\/2025\/07\/Afis-Consiliere-de-mediu-2025-768x1080.jpg 768w, https:\/\/www.bio.uaic.ro\/wp-content\/uploads\/2025\/07\/Afis-Consiliere-de-mediu-2025-1092x1536.jpg 1092w, https:\/\/www.bio.uaic.ro\/wp-content\/uploads\/2025\/07\/Afis-Consiliere-de-mediu-2025-1456x2048.jpg 1456w, https:\/\/www.bio.uaic.ro\/wp-content\/uploads\/2025\/07\/Afis-Consiliere-de-mediu-2025-1024x1440.jpg 1024w, https:\/\/www.bio.uaic.ro\/wp-content\/uploads\/2025\/07\/Afis-Consiliere-de-mediu-2025-scaled.jpg 1820w\" sizes=\"auto, (max-width: 728px) 100vw, 728px\" \/><\/figure><\/div>\n\n<div style=\"height:100px\" aria-hidden=\"true\" class=\"wp-block-spacer has-ek-typography\"><\/div>\n\n<p class=\"has-text-align-justify has-ek-typography\" style=\"\">\u00cen majoritatea \u0163\u0103rilor membre ale Uniunii Europene, fiecare unitate economic\u0103 important\u0103 de\u0163ine un departament de mediu, cu un delegat \u00een consiliul executiv al unit\u0103\u0163ii respective. \u00cenc\u0103 din anul 1988, Comisia Comunit\u0103\u0163ii Europene a finan\u0163at un proiect \u00een baza c\u0103ruia a fost creat Institutul pentru Consiliere de mediu (Institute de l\u2019 Eco-Conseil) la Strassbourg, ulterior, institu\u0163ii similare fiind \u00eenfiin\u0163ate \u00een majoritatea \u0163\u0103rilor vest-europene.<\/p>\n\n<p class=\"has-text-align-justify has-ek-typography\" style=\"\">Acest program de studii masterale a fost lansat \u00een anul 2008 \u015fi se adreseaz\u0103 unui grup foarte larg de absolven\u0163i de \u00eenv\u0103\u0163\u0103m\u00e2nt superior din domeniul \u015ftiin\u0163elor naturii, agronomie \u015fi silvicultur\u0103, dar \u015fi din cadrul \u015ftiin\u0163elor umane (sociologie, psihologie, asisten\u0163\u0103 social\u0103, etc.) sau \u00eenv\u0103\u0163\u0103m\u00e2ntului tehnic, \u00een programa de studiu fiind prev\u0103zute discipline de \u201ecultur\u0103 ecologic\u0103\u201d.<\/p>\n\n<p class=\"has-text-align-justify has-ek-typography\" style=\"\">Disciplinele din planul de \u00eenv\u0103\u0163\u0103m\u00e2nt asigur\u0103 absolven\u0163ilor competen\u0163\u0103 \u015ftiin\u0163ific\u0103, administrativ\u0103 \u015fi juridic\u0103, dar \u015fi competen\u0163e \u00een comunicare \u015fi educa\u0163ie, asigur\u00e2nd o schimbare a atitudinii \u015fi comportamentului cotidian. Absolven\u0163ii vor de\u0163ine o imagine de ansamblu asupra complexit\u0103\u0163ii problemelor de mediu \u015fi intereselor economice ale societ\u0103\u0163ii umane, vor fi capabili s\u0103 \u00een\u0163eleag\u0103 \u015fi s\u0103 analizeze problemele de mediu, \u00eensu\u015findu-\u015fi metodologia solu\u0163ion\u0103rii problemelor de mediu, elabor\u0103rii unor strategii de interven\u0163ie \u015fi gestionare a problemelor de mediu.<\/p>\n\n\n<p class=\"has-text-align-justify\">Tematica lucr\u0103rii de diserta\u0163ie reprezint\u0103 un exerci\u0163iu de rezolvare a unei probleme cu care un consilier de mediu se poate confrunta \u00een activitatea sa cotidian\u0103.<\/p>\n\n\n\n<p class=\"has-text-align-justify\"><strong>Consilierul de mediu <\/strong>este un specialist cu o preg\u0103tire multidisciplinar\u0103, care joac\u0103 rolul de coordonator al unei echipe de speciali\u015fti din domenii diferite, fiind, \u00een egal\u0103 m\u0103sur\u0103, apt:<\/p>\n\n\n<ul class=\"wp-block-list has-ek-typography\" style=\"\"><li class=\" has-ek-typography\" style=\"\">s\u0103 medieze rela\u0163iile \u015fi interesele unor parteneri, s\u0103 asigure pun\u0163ile de formare a unor parteneriate \u201epentru binele tuturor\u201d,<\/li>\n\n<li class=\" has-ek-typography\" style=\"\">s\u0103 introduc\u0103 problematica mediului \u015fi prevenirii eventualelor probleme de mediu \u00een proiectarea \u015fi desf\u0103\u015furarea dezvolt\u0103rii locale \u015fi regionale,<\/li>\n\n<li class=\" has-ek-typography\" style=\"\">s\u0103 ajute \u00een demersul de luare a unor decizii prin propunerea mai multor solu\u0163ii posibile,<\/li>\n\n\n<li>s\u0103 fundamenteze bazele elabor\u0103rii unor proiecte de mediu, a studiilor de impact \u015fi auditului de mediu,<\/li>\n\n\n\n<li>s\u0103 sensibilizeze \u015fi s\u0103 ini\u0163ieze programe de educa\u0163ie \u015fi informare a publicului larg \u015fi a factorilor decizionali de diferite niveluri.<\/li>\n<\/ul>\n\n\n<p class=\"has-text-align-justify\">Practic, un consilier de mediu asigur\u0103 leg\u0103tura \u00eentre interesele economice ale societ\u0103\u0163ii \u015fi necesitatea conserv\u0103rii unei calit\u0103\u0163i superioare a mediului ambiant, astfel \u00eenc\u00e2t s\u0103 se ob\u0163in\u0103 o cre\u015ftere a calit\u0103\u0163ii vie\u0163ii omului.<\/p>\n\n\n\n<p><strong>Posibilit\u0103\u0163i de angajare pentru absolven\u0163i<\/strong>:<\/p>\n\n\n<ul class=\"wp-block-list has-ek-typography\" style=\"\">\n<li>agen\u0163ii de protec\u0163ia mediului;<\/li>\n\n\n\n<li>administra\u0163ia local\u0103;<\/li>\n\n\n\n<li>autoritatea guvernamental\u0103;<\/li>\n\n\n\n<li>institute \u015fi agen\u0163ii care realizeaz\u0103 studii de impact;<\/li>\n\n\n\n<li>administra\u0163ii ale unor parcuri na\u0163ionale \u015fi rezerva\u0163ii ale biosferei;<\/li>\n\n\n\n<li>agen\u0163ii de consultan\u0163\u0103 pentru agen\u0163i economici;<\/li>\n\n\n\n<li>organiza\u0163ii non-guvernamentale;<\/li>\n\n\n\n<li>\u00een laboratoare de cercetare din \u00eenv\u0103\u0163\u0103m\u00e2ntul superior;<\/li>\n\n\n\n<li>\u00een \u00eenv\u0103\u0163\u0103m\u00e2ntul superior.<\/li>\n<\/ul>\n\n\n<p><strong>COMISIA PENTRU ELABORAREA\/ REVIZUIREA PLANURILOR DE \u00ceNV\u0102\u0162\u0102M\u00c2NT PROGRAME DE STUDII<\/strong><\/p>\n\n\n<ul class=\"wp-block-list has-ek-typography\" style=\"\">\n<li>Conf. dr. Carmen GACHE &#8211;\u00a0 Responsabil<\/li>\n\n\n\n<li>Conf. dr. Carmen-L\u0103cr\u0103mioara IV\u0102NESCU<\/li>\n\n\n\n<li>Conf. dr. Simina STANC<\/li>\n\n\n\n<li>Conf. dr. Naela COSTIC\u0102<\/li>\n<\/ul>","protected":false},"excerpt":{"rendered":"<p>\u00cen majoritatea \u0163\u0103rilor membre ale Uniunii Europene, fiecare unitate economic\u0103 important\u0103 de\u0163ine un departament de mediu, cu un delegat \u00een consiliul executiv al unit\u0103\u0163ii respective. \u00cenc\u0103 din anul 1988, Comisia Comunit\u0103\u0163ii Europene a finan\u0163at un proiect \u00een baza c\u0103ruia a fost creat Institutul pentru Consiliere de mediu (Institute de l\u2019 Eco-Conseil) la Strassbourg, ulterior, institu\u0163ii&hellip; <br \/> <a class=\"read-more\" href=\"https:\/\/www.bio.uaic.ro\/?page_id=3308\">Cite\u0219te mai mult<\/a><\/p>\n","protected":false},"author":1,"featured_media":0,"parent":0,"menu_order":0,"comment_status":"closed","ping_status":"closed","template":"page-templates\/page-with-right-sidebar.php","meta":{"_editorskit_title_hidden":false,"_editorskit_reading_time":2,"_editorskit_is_block_options_detached":false,"_editorskit_block_options_position":"{}","_editorskit_typography_data":[],"_editorskit_blocks_typography":"","_uag_custom_page_level_css":"","footnotes":""},"class_list":["post-3308","page","type-page","status-publish","hentry"],"featured_image_src":null,"uagb_featured_image_src":{"full":false,"thumbnail":false,"medium":false,"medium_large":false,"large":false,"1536x1536":false,"2048x2048":false,"post-thumbnail":false,"mesmerize-full-hd":false},"uagb_author_info":{"display_name":"admin","author_link":"https:\/\/www.bio.uaic.ro\/?author=1"},"uagb_comment_info":0,"uagb_excerpt":"\u00cen majoritatea \u0163\u0103rilor membre ale Uniunii Europene, fiecare unitate economic\u0103 important\u0103 de\u0163ine un departament de mediu, cu un delegat \u00een consiliul executiv al unit\u0103\u0163ii respective. \u00cenc\u0103 din anul 1988, Comisia Comunit\u0103\u0163ii Europene a finan\u0163at un proiect \u00een baza c\u0103ruia a fost creat Institutul pentru Consiliere de mediu (Institute de l\u2019 Eco-Conseil) la Strassbourg, ulterior, institu\u0163ii&hellip;&hellip;","_links":{"self":[{"href":"https:\/\/www.bio.uaic.ro\/index.php?rest_route=\/wp\/v2\/pages\/3308","targetHints":{"allow":["GET"]}}],"collection":[{"href":"https:\/\/www.bio.uaic.ro\/index.php?rest_route=\/wp\/v2\/pages"}],"about":[{"href":"https:\/\/www.bio.uaic.ro\/index.php?rest_route=\/wp\/v2\/types\/page"}],"author":[{"embeddable":true,"href":"https:\/\/www.bio.uaic.ro\/index.php?rest_route=\/wp\/v2\/users\/1"}],"replies":[{"embeddable":true,"href":"https:\/\/www.bio.uaic.ro\/index.php?rest_route=%2Fwp%2Fv2%2Fcomments&post=3308"}],"version-history":[{"count":19,"href":"https:\/\/www.bio.uaic.ro\/index.php?rest_route=\/wp\/v2\/pages\/3308\/revisions"}],"predecessor-version":[{"id":23002,"href":"https:\/\/www.bio.uaic.ro\/index.php?rest_route=\/wp\/v2\/pages\/3308\/revisions\/23002"}],"wp:attachment":[{"href":"https:\/\/www.bio.uaic.ro\/index.php?rest_route=%2Fwp%2Fv2%2Fmedia&parent=3308"}],"curies":[{"name":"wp","href":"https:\/\/api.w.org\/{rel}","templated":true}]}}