{"id":3303,"date":"2021-03-18T13:41:57","date_gmt":"2021-03-18T11:41:57","guid":{"rendered":"http:\/\/85.122.19.109\/?page_id=3303"},"modified":"2025-07-12T09:14:52","modified_gmt":"2025-07-12T06:14:52","slug":"genetica-moleculara","status":"publish","type":"page","link":"https:\/\/www.bio.uaic.ro\/?page_id=3303","title":{"rendered":"Genetic\u0103 Molecular\u0103"},"content":{"rendered":"<figure class=\"wp-block-image size-full has-ek-typography\" style=\"\"><img loading=\"lazy\" decoding=\"async\" width=\"1820\" height=\"2560\" src=\"https:\/\/www.bio.uaic.ro\/wp-content\/uploads\/2025\/07\/Afis-Admitere-GM-2025-scaled.jpg\" alt=\"\" class=\"wp-image-22996\" srcset=\"https:\/\/www.bio.uaic.ro\/wp-content\/uploads\/2025\/07\/Afis-Admitere-GM-2025-scaled.jpg 1820w, https:\/\/www.bio.uaic.ro\/wp-content\/uploads\/2025\/07\/Afis-Admitere-GM-2025-213x300.jpg 213w, https:\/\/www.bio.uaic.ro\/wp-content\/uploads\/2025\/07\/Afis-Admitere-GM-2025-728x1024.jpg 728w, https:\/\/www.bio.uaic.ro\/wp-content\/uploads\/2025\/07\/Afis-Admitere-GM-2025-768x1080.jpg 768w, https:\/\/www.bio.uaic.ro\/wp-content\/uploads\/2025\/07\/Afis-Admitere-GM-2025-1092x1536.jpg 1092w, https:\/\/www.bio.uaic.ro\/wp-content\/uploads\/2025\/07\/Afis-Admitere-GM-2025-1456x2048.jpg 1456w, https:\/\/www.bio.uaic.ro\/wp-content\/uploads\/2025\/07\/Afis-Admitere-GM-2025-1024x1440.jpg 1024w\" sizes=\"auto, (max-width: 1820px) 100vw, 1820px\" \/><\/figure>\n\n<div style=\"height:100px\" aria-hidden=\"true\" class=\"wp-block-spacer has-ek-typography\"><\/div>\n\n<p class=\"has-text-align-justify has-ek-typography\" style=\"\">Programul func\u0163ioneaz\u0103 \u00eencep\u00e2nd din anul universitar 1997 \u2013 1998 \u015fi asigur\u0103 preg\u0103tirea preliminar\u0103 pentru \u00eenscrierea la doctorat \u00een domeniul Geneticii. Programa de \u00eenv\u0103\u0163\u0103m\u00e2nt a celor doi ani de studiu urm\u0103re\u015fte cre\u015fterea gradului de aplicabilitate practic\u0103 a cuno\u015ftin\u0163elor teoretice acumulate \u015fi preg\u0103tirea absolven\u0163ilor pentru abordarea investiga\u0163iei \u015ftiin\u0163ifice la nivel molecular asupra celulelor si organismelor vegetale \u015fi animale.<\/p>\n\n<p class=\" has-ek-typography\" style=\"\">Tematica lucr\u0103rilor de diserta\u0163ie reprezint\u0103 un studiu complex al unor procese celulare la nivel molecular.<\/p>\n\n\n<p class=\"has-text-align-justify\">Programul de studii masterale asigur\u0103 preg\u0103tirea absolven\u0163ilor \u00een urm\u0103toarele domenii ale biologiei moleculare:<\/p>\n\n\n<ul class=\"wp-block-list has-ek-typography\" style=\"\"><li class=\" has-ek-typography\" style=\"\">O bun\u0103 cunoa\u015ftere a complexit\u0103\u0163ii mecanismelor celulare \u015fi moleculare de expresie a informa\u0163iei genetice;<\/li>\n\n<li class=\" has-ek-typography\" style=\"\">Formarea unei imagini de ansamblu asupra inter-rela\u0163iilor dintre diferite procese celulare;<\/li>\n\n\n<li>Studiul acizilor nucleici \u015fi al moleculelor informa\u0163ionale;<\/li>\n\n\n\n<li>Analiza organiz\u0103rii genomice la organisme procariote \u015fi eucariote;<\/li>\n\n\n\n<li>Studiul genomului uman: identificarea markerilor moleculari \u015fi cromozomiali \u00een st\u0103ri normale si patologice, cu posibilit\u0103\u0163i de utilizare \u00een scopuri medicale (diagnostic molecular);<\/li>\n\n\n\n<li>Organisme transgenice;<\/li>\n\n\n\n<li>Modific\u0103ri ale genomului sub ac\u0163iunea factorilor patogeni \u015fi mutageni;<\/li>\n\n\n\n<li>Studiul ciclului celular \u015fi al mecanismelor de control ale acestuia;<\/li>\n\n\n\n<li>Utilizarea de modele experimentale \u00een studii de mutagenez\u0103 \u015fi modific\u0103ri la nivelul substratului genetic al informa\u0163iei ereditare;<\/li>\n\n\n\n<li>Bioinformatic\u0103 \u015fi aplica\u0163iile acesteia;<\/li>\n\n\n\n<li>Metode utilizate \u00een studiile de genetic\u0103 molecular\u0103;<\/li>\n\n\n\n<li>Taxonomie, filogenie \u015fi ecologie molecular\u0103.<\/li>\n<\/ul>\n\n\n<p class=\"has-text-align-justify\">Baza material\u0103 existent\u0103 permite studiul unor tehnici de baz\u0103 utilizate \u00een biologia molecular\u0103 &#8211; izolare \u015fi purificare acizi nucleici, PCR, electroforez\u0103 &#8211; dar \u015fi abordarea unor tehnici avansate &#8211; secven\u0163iere de ADN, expresie genic\u0103 prin RT-PCR.<\/p>\n\n\n\n<p class=\"has-text-align-justify\">Studen\u0163ii se pot implica \u00een derularea unor activit\u0103\u0163i de cercetare \u015ftiin\u0163ific\u0103 \u00een cadrul unor contracte de cercetare sub coordonarea membrilor colectivului din Laboratorul de Genetic\u0103 molecular\u0103 \u015fi Arheogenetic\u0103.<\/p>\n\n\n\n<p><strong>Posibilit\u0103\u0163i de angajare pentru absolven\u0163i<\/strong>:<\/p>\n\n\n<ul class=\"wp-block-list has-ek-typography\" style=\"\">\n<li>institute de medicin\u0103 legal\u0103;<\/li>\n\n\n\n<li>laboratoare de criminalistic\u0103;<\/li>\n\n\n\n<li>\u00een laboratoare de cercetare din \u00eenv\u0103\u0163\u0103m\u00e2ntul superior;<\/li>\n\n\n\n<li>\u00een \u00eenv\u0103\u0163\u0103m\u00e2ntul superior de biologie, medicin\u0103, agronomie etc.;<\/li>\n\n\n\n<li>\u00een institute de cercetare cu profil de biologie molecular\u0103;<\/li>\n\n\n\n<li>\u00een laboratoare de diagnostic;<\/li>\n\n\n\n<li>laboratoare de control fitosanitar sau agrosilvic;<\/li>\n\n\n\n<li>laboratoare sanitar-veterinare, inclusiv, cele pentru siguran\u0163a alimentelor.<\/li>\n<\/ul>\n\n<p class=\" has-ek-typography\" style=\"\"><strong>COMISIA PENTRU ELABORAREA\/ REVIZUIREA PLANURILOR DE \u00ceNV\u0102\u0162\u0102M\u00c2NT PROGRAME DE STUDII<\/strong><\/p>\n\n\n<ul class=\"wp-block-list\">\n<li>Prof. dr. habil. Drago\u0219-Lucian GORGAN &#8211; Responsabil<\/li>\n\n\n\n<li>\u0218ef. lucr. dr. Mirela-Mihaela C\u00ceMPEANU<\/li>\n\n\n\n<li>\u0218ef lucr. dr. Cristian TUDOSE<\/li>\n\n\n\n<li>Conf. dr. Naela COSTIC\u0102<\/li>\n<\/ul>\n","protected":false},"excerpt":{"rendered":"<p>Programul func\u0163ioneaz\u0103 \u00eencep\u00e2nd din anul universitar 1997 \u2013 1998 \u015fi asigur\u0103 preg\u0103tirea preliminar\u0103 pentru \u00eenscrierea la doctorat \u00een domeniul Geneticii. Programa de \u00eenv\u0103\u0163\u0103m\u00e2nt a celor doi ani de studiu urm\u0103re\u015fte cre\u015fterea gradului de aplicabilitate practic\u0103 a cuno\u015ftin\u0163elor teoretice acumulate \u015fi preg\u0103tirea absolven\u0163ilor pentru abordarea investiga\u0163iei \u015ftiin\u0163ifice la nivel molecular asupra celulelor si organismelor vegetale \u015fi&hellip; <br \/> <a class=\"read-more\" href=\"https:\/\/www.bio.uaic.ro\/?page_id=3303\">Cite\u0219te mai mult<\/a><\/p>\n","protected":false},"author":1,"featured_media":0,"parent":0,"menu_order":0,"comment_status":"closed","ping_status":"closed","template":"page-templates\/page-with-right-sidebar.php","meta":{"_editorskit_title_hidden":false,"_editorskit_reading_time":1,"_editorskit_is_block_options_detached":false,"_editorskit_block_options_position":"{}","_editorskit_typography_data":[],"_editorskit_blocks_typography":"","_uag_custom_page_level_css":"","footnotes":""},"class_list":["post-3303","page","type-page","status-publish","hentry"],"featured_image_src":null,"uagb_featured_image_src":{"full":false,"thumbnail":false,"medium":false,"medium_large":false,"large":false,"1536x1536":false,"2048x2048":false,"post-thumbnail":false,"mesmerize-full-hd":false},"uagb_author_info":{"display_name":"admin","author_link":"https:\/\/www.bio.uaic.ro\/?author=1"},"uagb_comment_info":0,"uagb_excerpt":"Programul func\u0163ioneaz\u0103 \u00eencep\u00e2nd din anul universitar 1997 \u2013 1998 \u015fi asigur\u0103 preg\u0103tirea preliminar\u0103 pentru \u00eenscrierea la doctorat \u00een domeniul Geneticii. Programa de \u00eenv\u0103\u0163\u0103m\u00e2nt a celor doi ani de studiu urm\u0103re\u015fte cre\u015fterea gradului de aplicabilitate practic\u0103 a cuno\u015ftin\u0163elor teoretice acumulate \u015fi preg\u0103tirea absolven\u0163ilor pentru abordarea investiga\u0163iei \u015ftiin\u0163ifice la nivel molecular asupra celulelor si organismelor vegetale \u015fi&hellip;&hellip;","_links":{"self":[{"href":"https:\/\/www.bio.uaic.ro\/index.php?rest_route=\/wp\/v2\/pages\/3303","targetHints":{"allow":["GET"]}}],"collection":[{"href":"https:\/\/www.bio.uaic.ro\/index.php?rest_route=\/wp\/v2\/pages"}],"about":[{"href":"https:\/\/www.bio.uaic.ro\/index.php?rest_route=\/wp\/v2\/types\/page"}],"author":[{"embeddable":true,"href":"https:\/\/www.bio.uaic.ro\/index.php?rest_route=\/wp\/v2\/users\/1"}],"replies":[{"embeddable":true,"href":"https:\/\/www.bio.uaic.ro\/index.php?rest_route=%2Fwp%2Fv2%2Fcomments&post=3303"}],"version-history":[{"count":20,"href":"https:\/\/www.bio.uaic.ro\/index.php?rest_route=\/wp\/v2\/pages\/3303\/revisions"}],"predecessor-version":[{"id":22997,"href":"https:\/\/www.bio.uaic.ro\/index.php?rest_route=\/wp\/v2\/pages\/3303\/revisions\/22997"}],"wp:attachment":[{"href":"https:\/\/www.bio.uaic.ro\/index.php?rest_route=%2Fwp%2Fv2%2Fmedia&parent=3303"}],"curies":[{"name":"wp","href":"https:\/\/api.w.org\/{rel}","templated":true}]}}