{"id":3300,"date":"2021-03-18T13:41:01","date_gmt":"2021-03-18T11:41:01","guid":{"rendered":"http:\/\/85.122.19.109\/?page_id=3300"},"modified":"2025-07-12T09:13:16","modified_gmt":"2025-07-12T06:13:16","slug":"biotehnologii-microbiene-si-celulare","status":"publish","type":"page","link":"https:\/\/www.bio.uaic.ro\/?page_id=3300","title":{"rendered":"Biotehnologii Microbiene \u0219i Celulare"},"content":{"rendered":"<figure class=\"wp-block-image size-large has-ek-typography\" style=\"\"><img loading=\"lazy\" decoding=\"async\" width=\"728\" height=\"1024\" src=\"https:\/\/www.bio.uaic.ro\/wp-content\/uploads\/2025\/07\/Afis-Admitere-BMC-2025-728x1024.jpg\" alt=\"\" class=\"wp-image-22992\" srcset=\"https:\/\/www.bio.uaic.ro\/wp-content\/uploads\/2025\/07\/Afis-Admitere-BMC-2025-728x1024.jpg 728w, https:\/\/www.bio.uaic.ro\/wp-content\/uploads\/2025\/07\/Afis-Admitere-BMC-2025-213x300.jpg 213w, https:\/\/www.bio.uaic.ro\/wp-content\/uploads\/2025\/07\/Afis-Admitere-BMC-2025-768x1080.jpg 768w, https:\/\/www.bio.uaic.ro\/wp-content\/uploads\/2025\/07\/Afis-Admitere-BMC-2025-1092x1536.jpg 1092w, https:\/\/www.bio.uaic.ro\/wp-content\/uploads\/2025\/07\/Afis-Admitere-BMC-2025-1456x2048.jpg 1456w, https:\/\/www.bio.uaic.ro\/wp-content\/uploads\/2025\/07\/Afis-Admitere-BMC-2025-1024x1440.jpg 1024w, https:\/\/www.bio.uaic.ro\/wp-content\/uploads\/2025\/07\/Afis-Admitere-BMC-2025-scaled.jpg 1820w\" sizes=\"auto, (max-width: 728px) 100vw, 728px\" \/><\/figure>\n\n<div style=\"height:100px\" aria-hidden=\"true\" class=\"wp-block-spacer has-ek-typography\"><\/div>\n\n<p class=\"has-text-align-justify has-ek-typography\" style=\"\">Cercetarea \u00een domeniul biotehnologiei \u00een \u0163ara noastr\u0103 ne ofer\u0103 tabloul unei mari diversit\u0103\u0163i, care corespunde at\u00e2t interesului societ\u0103\u0163ii fa\u0163\u0103 de biotehnologiile microbiene, c\u00e2t \u015fi marilor posibilit\u0103\u0163i ale acestei ramuri ale \u015ftiin\u0163ei, cu o dezvoltare deosebit de intens\u0103.<\/p>\n\n<p class=\"has-text-align-justify has-ek-typography\" style=\"\"><strong>Biotehnologia microbian\u0103\u00a0<\/strong>s-a individualizat \u015fi \u00een facultatea noastr\u0103 ca ramur\u0103 distinct\u0103, tocmai ca urmare a poten\u0163ialului aplicativ, c\u00e2t \u015fi al capacit\u0103\u0163ii acesteia de a participa nemijlocit la solu\u0163ionarea unor probleme concrete ale economiei.<\/p>\n\n<p class=\"has-text-align-justify has-ek-typography\" style=\"\">Acest program de studii masterale func\u0163ioneaz\u0103 \u00eencep\u00e2nd din anul 2003 \u015fi are ca obiectiv primordial preg\u0103tirea unor speciali\u015fti capabili de o abordare complex\u0103 \u015fi complet\u0103 a problemelor care vizeaz\u0103:<\/p>\n\n<ul class=\"wp-block-list has-ek-typography\" style=\"\"><li class=\" has-ek-typography\" style=\"\">biotehnologiile de ob\u0163inere a substan\u0163elor biologic active;<\/li>\n\n<li class=\" has-ek-typography\" style=\"\">utilizarea poten\u0163ialului microorganismelor \u00een scopul bioremedierii calit\u0103\u0163ii solurilor, aerului, apelor \u015fi de biodegradare a xenobioticelor;<\/li>\n\n\n<li>utilizarea de\u015feurilor agricole, industriale \u015fi menajere \u00een vederea ob\u0163inerii biomasei \u015fi produselor secundare ale metabolismului microbian;<\/li>\n\n\n\n<li>tehnologiile de producere a biocombustibilului;<\/li>\n\n\n\n<li>utilizarea tehnologiilor avansate cu implementare \u00een zootehnie, acvacultur\u0103 \u015fi apicultur\u0103;<\/li>\n\n\n\n<li>tehnologiile de ob\u0163inere a unor biofertilizatori utiliza\u0163i pentru cre\u015fterea produc\u0163iilor agricole;<\/li>\n\n\n\n<li>implementarea unor noi metode de monitorizare a calit\u0103\u0163ii aerului, apei \u015fi solului prin biotehnologii moleculare.<\/li>\n<\/ul>\n\n\n<p class=\"has-text-align-justify\"><em>Tematica lucr\u0103rilor de diserta\u0163ie reprezint\u0103 un studiu al impactului biotehnologiilor microbiene \u015fi celulare asupra dezvolt\u0103rii diferitelor ramuri industriale, agricole, medicale, etc<\/em>.&nbsp;&nbsp;<br>O aten\u0163ie deosebit\u0103 se acord\u0103&nbsp;<strong><em>preg\u0103tirii masteranzilor pentru cercetarea \u015ftiin\u0163ific\u0103<\/em><\/strong>&nbsp;prin asigurarea urm\u0103toarelor c\u0103i:<\/p>\n\n\n<ul class=\"wp-block-list has-ek-typography\" style=\"\">\n<li>atragerea masteranzilor pasiona\u0163i de anumite domenii ale biotehnologiei prin\u00a0<strong>activit\u0103\u0163ile de cercetare<\/strong>\u00a0propriu-zis\u0103, pe l\u00e2ng\u0103 cadrele didactice, la realizarea unor teme de cercetare individuale sau colective, a unor granturi, a unor contracte cu beneficiari economici etc.;<\/li>\n\n\n\n<li>stimularea studen\u0163ilor cercet\u0103tori pentru a participa la\u00a0<strong>sesiuni \u015ftiin\u0163ifice studen\u0163e\u015fti\u00a0<\/strong>sau alte\u00a0<strong>manifest\u0103ri na\u0163ionale \u015fi interna\u0163ionale<\/strong>.<\/li>\n<\/ul>\n\n\n<p>Absolven\u0163ii acestei specializ\u0103ri vor avea cuno\u015ftin\u0163e teoretice \u015fi aplicative diversificate privind:<\/p>\n\n\n\n<ul class=\"wp-block-list\">\n<li>biodegradarea \u015fi biodeteriorarea microbian\u0103;<\/li>\n\n\n\n<li>purificarea apei de diferi\u0163i poluan\u0163i de origine sintetic\u0103 \u015fi natural\u0103, bioremedierea solurilor;<\/li>\n\n\n\n<li>bioconversia resurselor de biomas\u0103 vegetal\u0103, rezidual\u0103 \u015fi producerea de bioenergie;<\/li>\n\n\n\n<li>recuperarea secundar\u0103 a petrolului \u015fi bioexploatarea metalelor din z\u0103c\u0103mintele s\u0103race;<\/li>\n\n\n\n<li>ob\u0163inerea de biofertilizatori utiliza\u0163i \u00een scopul cre\u015fterii produc\u0163iilor agricole \u015fi asigurarea de produse alimentare calitative \u015fi ecologic pure;<\/li>\n\n\n\n<li>ob\u0163inerea de preparate eficiente cu ac\u0163iune antitumoral\u0103, antiviral\u0103, antimicrobian\u0103, vaccinuri de genera\u0163ie nou\u0103, precum \u015fi metode de diagnosticare precoce a maladiilor;<\/li>\n\n\n\n<li>rentabilizarea biotehnologiilor microbiene clasice prin metodele ingineriei genetice.<\/li>\n<\/ul>\n\n\n\n<p><strong>Posibilit\u0103\u0163i de angajare pentru absolven\u0163i<\/strong>:<\/p>\n\n\n\n<ul class=\"wp-block-list\">\n<li>laboratoare de analize medicale;<\/li>\n\n\n\n<li>laboratoare sanitar-veterinare;<\/li>\n\n\n\n<li>laboratoare din industria alimentar\u0103;<\/li>\n\n\n\n<li>laboratoare din industria chimic\u0103,<\/li>\n\n\n\n<li>laboratoare din industria farmaceutic\u0103;<\/li>\n\n\n\n<li>sta\u0163ii de epurare a apelor uzate casnic \u015fi industrial;<\/li>\n\n\n\n<li>agen\u0163ii de protec\u0163ia mediului;<\/li>\n\n\n\n<li>institute de s\u0103n\u0103tate public\u0103;<\/li>\n\n\n\n<li>laboratoare de cercetare din \u00eenv\u0103\u0163\u0103m\u00e2ntul superior;<\/li>\n\n\n\n<li>\u00eenv\u0103\u0163\u0103m\u00e2ntul superior de biologie, medicin\u0103, agronomie, etc.<\/li>\n<\/ul>\n\n\n\n<p><strong>COMISIA PENTRU ELABORAREA\/ REVIZUIREA PLANURILOR DE \u00ceNV\u0102\u0162\u0102M\u00c2NT PROGRAME DE STUDII<\/strong><\/p>\n\n\n\n<ul class=\"wp-block-list\">\n<li>Prof. dr. habil. Marius \u015eTEFAN &#8211; Responsabil<\/li>\n\n\n\n<li>Prof. dr. Simona Isabela DUNCA &#8211; Responsabil<\/li>\n\n\n\n<li>\u015eef Iucr. dr. Elena TODIRA\u015eCU-CIORNEA<\/li>\n\n\n\n<li>Conf. dr. Naela COSTIC\u0102<\/li>\n<\/ul>\n","protected":false},"excerpt":{"rendered":"<p>Cercetarea \u00een domeniul biotehnologiei \u00een \u0163ara noastr\u0103 ne ofer\u0103 tabloul unei mari diversit\u0103\u0163i, care corespunde at\u00e2t interesului societ\u0103\u0163ii fa\u0163\u0103 de biotehnologiile microbiene, c\u00e2t \u015fi marilor posibilit\u0103\u0163i ale acestei ramuri ale \u015ftiin\u0163ei, cu o dezvoltare deosebit de intens\u0103. Biotehnologia microbian\u0103\u00a0s-a individualizat \u015fi \u00een facultatea noastr\u0103 ca ramur\u0103 distinct\u0103, tocmai ca urmare a poten\u0163ialului aplicativ, c\u00e2t \u015fi&hellip; <br \/> <a class=\"read-more\" href=\"https:\/\/www.bio.uaic.ro\/?page_id=3300\">Cite\u0219te mai mult<\/a><\/p>\n","protected":false},"author":2,"featured_media":0,"parent":0,"menu_order":0,"comment_status":"closed","ping_status":"closed","template":"page-templates\/page-with-right-sidebar.php","meta":{"_editorskit_title_hidden":false,"_editorskit_reading_time":2,"_editorskit_is_block_options_detached":false,"_editorskit_block_options_position":"{}","_editorskit_typography_data":[],"_editorskit_blocks_typography":"","_uag_custom_page_level_css":"","footnotes":""},"class_list":["post-3300","page","type-page","status-publish","hentry"],"featured_image_src":null,"uagb_featured_image_src":{"full":false,"thumbnail":false,"medium":false,"medium_large":false,"large":false,"1536x1536":false,"2048x2048":false,"post-thumbnail":false,"mesmerize-full-hd":false},"uagb_author_info":{"display_name":"Puiu Ungureanu","author_link":"https:\/\/www.bio.uaic.ro\/?author=2"},"uagb_comment_info":0,"uagb_excerpt":"Cercetarea \u00een domeniul biotehnologiei \u00een \u0163ara noastr\u0103 ne ofer\u0103 tabloul unei mari diversit\u0103\u0163i, care corespunde at\u00e2t interesului societ\u0103\u0163ii fa\u0163\u0103 de biotehnologiile microbiene, c\u00e2t \u015fi marilor posibilit\u0103\u0163i ale acestei ramuri ale \u015ftiin\u0163ei, cu o dezvoltare deosebit de intens\u0103. Biotehnologia microbian\u0103\u00a0s-a individualizat \u015fi \u00een facultatea noastr\u0103 ca ramur\u0103 distinct\u0103, tocmai ca urmare a poten\u0163ialului aplicativ, c\u00e2t \u015fi&hellip;&hellip;","_links":{"self":[{"href":"https:\/\/www.bio.uaic.ro\/index.php?rest_route=\/wp\/v2\/pages\/3300","targetHints":{"allow":["GET"]}}],"collection":[{"href":"https:\/\/www.bio.uaic.ro\/index.php?rest_route=\/wp\/v2\/pages"}],"about":[{"href":"https:\/\/www.bio.uaic.ro\/index.php?rest_route=\/wp\/v2\/types\/page"}],"author":[{"embeddable":true,"href":"https:\/\/www.bio.uaic.ro\/index.php?rest_route=\/wp\/v2\/users\/2"}],"replies":[{"embeddable":true,"href":"https:\/\/www.bio.uaic.ro\/index.php?rest_route=%2Fwp%2Fv2%2Fcomments&post=3300"}],"version-history":[{"count":33,"href":"https:\/\/www.bio.uaic.ro\/index.php?rest_route=\/wp\/v2\/pages\/3300\/revisions"}],"predecessor-version":[{"id":22993,"href":"https:\/\/www.bio.uaic.ro\/index.php?rest_route=\/wp\/v2\/pages\/3300\/revisions\/22993"}],"wp:attachment":[{"href":"https:\/\/www.bio.uaic.ro\/index.php?rest_route=%2Fwp%2Fv2%2Fmedia&parent=3300"}],"curies":[{"name":"wp","href":"https:\/\/api.w.org\/{rel}","templated":true}]}}