{"id":3294,"date":"2021-03-18T13:31:57","date_gmt":"2021-03-18T11:31:57","guid":{"rendered":"http:\/\/85.122.19.109\/?page_id=3294"},"modified":"2025-07-12T09:13:56","modified_gmt":"2025-07-12T06:13:56","slug":"conservarea-biodiversitatii","status":"publish","type":"page","link":"https:\/\/www.bio.uaic.ro\/?page_id=3294","title":{"rendered":"Conservarea Biodiversit\u0103\u021bii"},"content":{"rendered":"<figure class=\"wp-block-image size-large has-ek-typography\" style=\"\"><img loading=\"lazy\" decoding=\"async\" width=\"728\" height=\"1024\" src=\"https:\/\/www.bio.uaic.ro\/wp-content\/uploads\/2025\/07\/Afis-Admitere-Conservarea-Biodiversitatii-2025-728x1024.jpg\" alt=\"\" class=\"wp-image-22994\" srcset=\"https:\/\/www.bio.uaic.ro\/wp-content\/uploads\/2025\/07\/Afis-Admitere-Conservarea-Biodiversitatii-2025-728x1024.jpg 728w, https:\/\/www.bio.uaic.ro\/wp-content\/uploads\/2025\/07\/Afis-Admitere-Conservarea-Biodiversitatii-2025-213x300.jpg 213w, https:\/\/www.bio.uaic.ro\/wp-content\/uploads\/2025\/07\/Afis-Admitere-Conservarea-Biodiversitatii-2025-768x1080.jpg 768w, https:\/\/www.bio.uaic.ro\/wp-content\/uploads\/2025\/07\/Afis-Admitere-Conservarea-Biodiversitatii-2025-1092x1536.jpg 1092w, https:\/\/www.bio.uaic.ro\/wp-content\/uploads\/2025\/07\/Afis-Admitere-Conservarea-Biodiversitatii-2025-1456x2048.jpg 1456w, https:\/\/www.bio.uaic.ro\/wp-content\/uploads\/2025\/07\/Afis-Admitere-Conservarea-Biodiversitatii-2025-1024x1440.jpg 1024w, https:\/\/www.bio.uaic.ro\/wp-content\/uploads\/2025\/07\/Afis-Admitere-Conservarea-Biodiversitatii-2025-scaled.jpg 1820w\" sizes=\"auto, (max-width: 728px) 100vw, 728px\" \/><\/figure>\n\n<div style=\"height:100px\" aria-hidden=\"true\" class=\"wp-block-spacer has-ek-typography\"><\/div>\n\n<p class=\"has-text-align-justify has-ek-typography\" style=\"\">Pe parcursul ultimelor decenii, omenirea a descoperit c\u0103, natura are legile sale \u015fi o evolu\u0163ie necontrolabil\u0103 \u00een ciuda sau, poate, tocmai\u00a0 datorit\u0103\u00a0\u00a0 vulnerabilit\u0103\u0163ii\u00a0 \u00a0sale\u00a0\u00a0 \u00een\u00a0\u00a0 fa\u0163a diferitelor forme ale presiunii antropice. Alterarea progresiv\u0103 sau rapid\u0103 a mediului \u00eenconjur\u0103tor a adus\u00a0 numeroase\u00a0 grupe\u00a0 de\u00a0 plante \u015fi animale \u00een\u00a0 pragul dispari\u0163iei,\u00a0 cele mai afectate fiind speciile dependente de anumite habitate \u015fi ecosisteme.<\/p>\n\n<p class=\"has-text-align-justify has-ek-typography\" style=\"\">Uniunea European\u0103 a lansat programul NATURA 2000 care are drept scop crearea unei re\u0163ele de arii protejate, pornind de la Directiva P\u0103s\u0103ri \u015fi Directiva Habitate. Cele mai importante suprafe\u0163e vor deveni parcuri na\u0163ionale \u015fi rezerva\u0163ii de interes interna\u0163ional (situri Ramsar, rezerva\u0163ii ale biosferei) care vor avea o administra\u0163ie proprie \u015fi vor derula programe permanente de gestionare durabil\u0103, management \u015fi conservare a biodiversit\u0103\u0163ii.<\/p>\n\n\n<p class=\"has-text-align-justify\">De-a lungul ultimilor ani, Rom\u00e2nia a depus eforturi considerabile pentru armonizarea legisla\u0163iei din domeniul mediului, dar este imperios necesar\u0103 formarea unor speciali\u015fti \u00een domeniul elabor\u0103rii politicilor \u015fi strategiilor de mediu pe termen lung \u00een vederea conserv\u0103rii biodiversit\u0103\u0163ii \u015fi exploat\u0103rii durabile a resurselor naturale, precum \u015fi pentru implementarea practic\u0103 a acestora.<\/p>\n\n\n\n<p class=\"has-text-align-justify\">Programul de studii masterale func\u0163ioneaz\u0103 \u00eenc\u0103 de la mijlocul anilor \u201990 \u015fi urm\u0103re\u015fte s\u0103 asigure absolven\u0163ilor competen\u0163\u0103 \u015ftiin\u0163ific\u0103, administrativ\u0103 \u015fi juridic\u0103 \u00een problemele impuse de managementul durabil al biodiversit\u0103\u0163ii ecosistemelor \u015fi resurselor naturale. Planul de \u00eenv\u0103\u0163\u0103m\u00e2nt urm\u0103re\u015fte cre\u015fterea gradului de aplicabilitate practic\u0103 a cuno\u015ftin\u0163elor teoretice acumulate \u015fi preg\u0103tirea absolven\u0163ilor pentru ini\u0163ierea \u015fi implementarea unor programe de management durabil al patrimoniului natural.<br>Tematica lucr\u0103rii de diserta\u0163ie reprezint\u0103 un studiu al biodiversit\u0103\u0163ii unui grup de organisme dintr-un ecosistem, \u00eenso\u0163it de un proiect de propuneri privind armonizarea intereselor economice ale comunit\u0103\u0163ii locale cu conservarea naturii \u00een ecosistemul respectiv.<\/p>\n\n\n\n<p class=\"has-text-align-justify\">Av\u00e2nd posibilitatea de a participa \u015fi la unele&nbsp;<strong>programe de cercetare<\/strong>&nbsp;din domeniul cunoa\u015fterii \u015fi conserv\u0103rii biodiversit\u0103\u0163ii \u00een care sunt implica\u0163i membrii comunit\u0103\u0163ii academice din facultate, dar \u015fi la o serie de&nbsp;<strong>aplica\u0163ii practice<\/strong>, absolven\u0163ii acestui program de studii masterale:<\/p>\n\n\n<ol class=\"wp-block-list has-ek-typography\" style=\"\"><li class=\" has-ek-typography\" style=\"\">vor acumula o bun\u0103 cunoa\u015ftere a complexit\u0103\u0163ii ecosistemelor \u015fi inter-rela\u0163iilor dintre organisme,\u00a0<\/li>\n\n<li class=\" has-ek-typography\" style=\"\">vor de\u0163ine o imagine de ansamblu asupra poten\u0163ialului economic, \u015ftiin\u0163ific \u015fi estetic pe care \u00eel posed\u0103 ecosistemele naturale corect \u00eentre\u0163inute \u015fi exploatate,<\/li>\n\n\n<li>vor fi capabili s\u0103 \u00een\u0163eleag\u0103 \u015fi s\u0103 analizeze problemele conserv\u0103rii biodiversit\u0103\u0163ii,<\/li>\n\n\n\n<li>vor cunoa\u015fte metodologia solu\u0163ion\u0103rii unor probleme de mediu,<\/li>\n\n\n\n<li>vor putea elabora \u015fi implementa proiecte de mediu de mare anvergur\u0103 viz\u00e2nd \u00eembun\u0103t\u0103\u0163irea calit\u0103\u0163ii mediului \u015fi, implicit, a calit\u0103\u0163ii vie\u0163ii umane.<\/li>\n<\/ol>\n\n\n<p><strong>Posibilit\u0103\u0163i de angajare pentru absolven\u0163i<\/strong>:<\/p>\n\n\n<ul class=\"wp-block-list has-ek-typography\" style=\"\">\n<li>agen\u0163ii de protec\u0163ia mediului;<\/li>\n\n\n\n<li>direc\u0163ii de administrare silvic\u0103 \u015fi cinegetic\u0103;<\/li>\n\n\n\n<li>autorit\u0103\u0163i din domeniul exploat\u0103rii apelor;<\/li>\n\n\n\n<li>autoritatea guvernamental\u0103;<\/li>\n\n\n\n<li>institute \u015fi agen\u0163ii care realizeaz\u0103 studii de impact;<\/li>\n\n\n\n<li>administra\u0163ii ale unor parcuri na\u0163ionale \u015fi rezerva\u0163ii ale biosferei;<\/li>\n\n\n\n<li>organiza\u0163ii non-guvernamentale;<\/li>\n\n\n\n<li>\u00een laboratoare de cercetare din \u00eenv\u0103\u0163\u0103m\u00e2ntul superior;<\/li>\n\n\n\n<li>\u00een \u00eenv\u0103\u0163\u0103m\u00e2ntul superior.<\/li>\n<\/ul>\n\n\n<p><strong>COMISIA PENTRU ELABORAREA\/ REVIZUIREA PLANURILOR DE \u00ceNV\u0102\u0162\u0102M\u00c2NT PROGRAME DE STUDII<\/strong><\/p>\n\n\n\n<ul class=\"wp-block-list\">\n<li>Prof. dr \u0218tefan-Remus ZAMFIRESCU &#8211; Responsabil<\/li>\n\n\n\n<li>Conf. dr. habil. Victor SURUGIU<\/li>\n\n\n\n<li>\u0218ef. lucr. dr. Ion CONSTANTIN<\/li>\n\n\n\n<li>Conf. dr. Naela COSTIC\u0102<\/li>\n<\/ul>\n","protected":false},"excerpt":{"rendered":"<p>Pe parcursul ultimelor decenii, omenirea a descoperit c\u0103, natura are legile sale \u015fi o evolu\u0163ie necontrolabil\u0103 \u00een ciuda sau, poate, tocmai\u00a0 datorit\u0103\u00a0\u00a0 vulnerabilit\u0103\u0163ii\u00a0 \u00a0sale\u00a0\u00a0 \u00een\u00a0\u00a0 fa\u0163a diferitelor forme ale presiunii antropice. Alterarea progresiv\u0103 sau rapid\u0103 a mediului \u00eenconjur\u0103tor a adus\u00a0 numeroase\u00a0 grupe\u00a0 de\u00a0 plante \u015fi animale \u00een\u00a0 pragul dispari\u0163iei,\u00a0 cele mai afectate fiind speciile dependente&hellip; <br \/> <a class=\"read-more\" href=\"https:\/\/www.bio.uaic.ro\/?page_id=3294\">Cite\u0219te mai mult<\/a><\/p>\n","protected":false},"author":1,"featured_media":0,"parent":0,"menu_order":0,"comment_status":"closed","ping_status":"closed","template":"page-templates\/page-with-right-sidebar.php","meta":{"_editorskit_title_hidden":false,"_editorskit_reading_time":2,"_editorskit_is_block_options_detached":false,"_editorskit_block_options_position":"{}","_editorskit_typography_data":[],"_editorskit_blocks_typography":"","_uag_custom_page_level_css":"","footnotes":""},"class_list":["post-3294","page","type-page","status-publish","hentry"],"featured_image_src":null,"uagb_featured_image_src":{"full":false,"thumbnail":false,"medium":false,"medium_large":false,"large":false,"1536x1536":false,"2048x2048":false,"post-thumbnail":false,"mesmerize-full-hd":false},"uagb_author_info":{"display_name":"admin","author_link":"https:\/\/www.bio.uaic.ro\/?author=1"},"uagb_comment_info":0,"uagb_excerpt":"Pe parcursul ultimelor decenii, omenirea a descoperit c\u0103, natura are legile sale \u015fi o evolu\u0163ie necontrolabil\u0103 \u00een ciuda sau, poate, tocmai\u00a0 datorit\u0103\u00a0\u00a0 vulnerabilit\u0103\u0163ii\u00a0 \u00a0sale\u00a0\u00a0 \u00een\u00a0\u00a0 fa\u0163a diferitelor forme ale presiunii antropice. Alterarea progresiv\u0103 sau rapid\u0103 a mediului \u00eenconjur\u0103tor a adus\u00a0 numeroase\u00a0 grupe\u00a0 de\u00a0 plante \u015fi animale \u00een\u00a0 pragul dispari\u0163iei,\u00a0 cele mai afectate fiind speciile dependente&hellip;&hellip;","_links":{"self":[{"href":"https:\/\/www.bio.uaic.ro\/index.php?rest_route=\/wp\/v2\/pages\/3294","targetHints":{"allow":["GET"]}}],"collection":[{"href":"https:\/\/www.bio.uaic.ro\/index.php?rest_route=\/wp\/v2\/pages"}],"about":[{"href":"https:\/\/www.bio.uaic.ro\/index.php?rest_route=\/wp\/v2\/types\/page"}],"author":[{"embeddable":true,"href":"https:\/\/www.bio.uaic.ro\/index.php?rest_route=\/wp\/v2\/users\/1"}],"replies":[{"embeddable":true,"href":"https:\/\/www.bio.uaic.ro\/index.php?rest_route=%2Fwp%2Fv2%2Fcomments&post=3294"}],"version-history":[{"count":33,"href":"https:\/\/www.bio.uaic.ro\/index.php?rest_route=\/wp\/v2\/pages\/3294\/revisions"}],"predecessor-version":[{"id":22995,"href":"https:\/\/www.bio.uaic.ro\/index.php?rest_route=\/wp\/v2\/pages\/3294\/revisions\/22995"}],"wp:attachment":[{"href":"https:\/\/www.bio.uaic.ro\/index.php?rest_route=%2Fwp%2Fv2%2Fmedia&parent=3294"}],"curies":[{"name":"wp","href":"https:\/\/api.w.org\/{rel}","templated":true}]}}