{"id":3274,"date":"2021-03-18T11:00:14","date_gmt":"2021-03-18T09:00:14","guid":{"rendered":"http:\/\/85.122.19.109\/?page_id=3274"},"modified":"2022-03-23T09:22:27","modified_gmt":"2022-03-23T07:22:27","slug":"evenimente","status":"publish","type":"page","link":"https:\/\/www.bio.uaic.ro\/?page_id=3274","title":{"rendered":"Evenimente"},"content":{"rendered":"\n\t\t\t<div class=\"wp-block-uagb-post-grid uagb-post-grid  uagb-post__image-position-top uagb-post__image-enabled uagb-block-b926dcd1     uagb-post__items uagb-post__columns-2 is-grid uagb-post__columns-tablet-2 uagb-post__columns-mobile-1 uagb-post__equal-height\" data-total=\"17\" style=\"\">\n\n\t\t\t\t\t\t\t\t\t\t\t\t<article class=\"uagb-post__inner-wrap\">\t\t\t\t\t\t\t\t<div class='uagb-post__image'>\n\t\t\t\t\t\t\t\t\t<a href=\"https:\/\/www.bio.uaic.ro\/?p=24775\" target=\"_self\" rel=\"bookmark noopener noreferrer\" class='uagb-image-ratio-inherit'><img loading=\"lazy\" decoding=\"async\" width=\"724\" height=\"1024\" src=\"https:\/\/www.bio.uaic.ro\/wp-content\/uploads\/2026\/03\/03.04.2026-Pasi-spre-profesie-Angajatori-BMC-724x1024.png\" class=\"attachment-large size-large\" alt=\"\" srcset=\"https:\/\/www.bio.uaic.ro\/wp-content\/uploads\/2026\/03\/03.04.2026-Pasi-spre-profesie-Angajatori-BMC-724x1024.png 724w, https:\/\/www.bio.uaic.ro\/wp-content\/uploads\/2026\/03\/03.04.2026-Pasi-spre-profesie-Angajatori-BMC-212x300.png 212w, https:\/\/www.bio.uaic.ro\/wp-content\/uploads\/2026\/03\/03.04.2026-Pasi-spre-profesie-Angajatori-BMC-768x1086.png 768w, https:\/\/www.bio.uaic.ro\/wp-content\/uploads\/2026\/03\/03.04.2026-Pasi-spre-profesie-Angajatori-BMC-1086x1536.png 1086w, https:\/\/www.bio.uaic.ro\/wp-content\/uploads\/2026\/03\/03.04.2026-Pasi-spre-profesie-Angajatori-BMC-1024x1448.png 1024w, https:\/\/www.bio.uaic.ro\/wp-content\/uploads\/2026\/03\/03.04.2026-Pasi-spre-profesie-Angajatori-BMC-764x1080.png 764w, https:\/\/www.bio.uaic.ro\/wp-content\/uploads\/2026\/03\/03.04.2026-Pasi-spre-profesie-Angajatori-BMC.png 1123w\" sizes=\"auto, (max-width: 724px) 100vw, 724px\" \/>\t\t\t\t\t<\/a>\n\t\t\t\t\t\t\t<\/div>\n\t\t\t\t\t\t<h4 class=\"uagb-post__title uagb-post__text\">\n\t\t\t\t<a href=\"https:\/\/www.bio.uaic.ro\/?p=24775\" target=\"_self\" rel=\"bookmark noopener noreferrer\">Pa\u0219i spre profesie<\/a>\n\t\t\t<\/h4>\n\t\t\t\t\t\t<div class='uagb-post__text uagb-post-grid-byline'>\n\t\t\t\t\t\t\t<\/div>\n\t\t\t\t\t\t<div class=\"uagb-post__text uagb-post__cta wp-block-button\">\n\t\t\t\t<a class=\"wp-block-button__link uagb-text-link\" style=\"\" href=\"https:\/\/www.bio.uaic.ro\/?p=24775\" target=\"_self\" rel=\"bookmark noopener noreferrer\">Mai multe detalii<\/a>\n\t\t\t<\/div>\n\t\t\t\n\t\t\t\t\t\t\t\t\t<\/article>\n\t\t\t\t\t\t\t\t\t\t\t\t\t\t\t\t<article class=\"uagb-post__inner-wrap\">\t\t\t\t\t\t\t\t<div class='uagb-post__image'>\n\t\t\t\t\t\t\t\t\t<a href=\"https:\/\/www.bio.uaic.ro\/?p=24772\" target=\"_self\" rel=\"bookmark noopener noreferrer\" class='uagb-image-ratio-inherit'><img loading=\"lazy\" decoding=\"async\" width=\"1024\" height=\"576\" src=\"https:\/\/www.bio.uaic.ro\/wp-content\/uploads\/2026\/03\/27-03-2026-Promovare-mastere-1024x576.png\" class=\"attachment-large size-large\" alt=\"\" srcset=\"https:\/\/www.bio.uaic.ro\/wp-content\/uploads\/2026\/03\/27-03-2026-Promovare-mastere-1024x576.png 1024w, https:\/\/www.bio.uaic.ro\/wp-content\/uploads\/2026\/03\/27-03-2026-Promovare-mastere-300x169.png 300w, https:\/\/www.bio.uaic.ro\/wp-content\/uploads\/2026\/03\/27-03-2026-Promovare-mastere-768x432.png 768w, https:\/\/www.bio.uaic.ro\/wp-content\/uploads\/2026\/03\/27-03-2026-Promovare-mastere.png 1280w\" sizes=\"auto, (max-width: 1024px) 100vw, 1024px\" \/>\t\t\t\t\t<\/a>\n\t\t\t\t\t\t\t<\/div>\n\t\t\t\t\t\t<h4 class=\"uagb-post__title uagb-post__text\">\n\t\t\t\t<a href=\"https:\/\/www.bio.uaic.ro\/?p=24772\" target=\"_self\" rel=\"bookmark noopener noreferrer\">Pa\u0219i spre profesie<\/a>\n\t\t\t<\/h4>\n\t\t\t\t\t\t<div class='uagb-post__text uagb-post-grid-byline'>\n\t\t\t\t\t\t\t<\/div>\n\t\t\t\t\t\t<div class=\"uagb-post__text uagb-post__cta wp-block-button\">\n\t\t\t\t<a class=\"wp-block-button__link uagb-text-link\" style=\"\" href=\"https:\/\/www.bio.uaic.ro\/?p=24772\" target=\"_self\" rel=\"bookmark noopener noreferrer\">Mai multe detalii<\/a>\n\t\t\t<\/div>\n\t\t\t\n\t\t\t\t\t\t\t\t\t<\/article>\n\t\t\t\t\t\t\t\t\t\t\t\t\t\t\t\t<article class=\"uagb-post__inner-wrap\">\t\t\t\t\t\t\t\t<div class='uagb-post__image'>\n\t\t\t\t\t\t\t\t\t<a href=\"https:\/\/www.bio.uaic.ro\/?p=24759\" target=\"_self\" rel=\"bookmark noopener noreferrer\" class='uagb-image-ratio-inherit'><img loading=\"lazy\" decoding=\"async\" width=\"724\" height=\"1024\" src=\"https:\/\/www.bio.uaic.ro\/wp-content\/uploads\/2026\/03\/23-03-2026-Dialoguri-Studentesti-724x1024.png\" class=\"attachment-large size-large\" alt=\"\" srcset=\"https:\/\/www.bio.uaic.ro\/wp-content\/uploads\/2026\/03\/23-03-2026-Dialoguri-Studentesti-724x1024.png 724w, https:\/\/www.bio.uaic.ro\/wp-content\/uploads\/2026\/03\/23-03-2026-Dialoguri-Studentesti-212x300.png 212w, https:\/\/www.bio.uaic.ro\/wp-content\/uploads\/2026\/03\/23-03-2026-Dialoguri-Studentesti-768x1086.png 768w, https:\/\/www.bio.uaic.ro\/wp-content\/uploads\/2026\/03\/23-03-2026-Dialoguri-Studentesti-1086x1536.png 1086w, https:\/\/www.bio.uaic.ro\/wp-content\/uploads\/2026\/03\/23-03-2026-Dialoguri-Studentesti-1024x1448.png 1024w, https:\/\/www.bio.uaic.ro\/wp-content\/uploads\/2026\/03\/23-03-2026-Dialoguri-Studentesti-764x1080.png 764w, https:\/\/www.bio.uaic.ro\/wp-content\/uploads\/2026\/03\/23-03-2026-Dialoguri-Studentesti.png 1414w\" sizes=\"auto, (max-width: 724px) 100vw, 724px\" \/>\t\t\t\t\t<\/a>\n\t\t\t\t\t\t\t<\/div>\n\t\t\t\t\t\t<h4 class=\"uagb-post__title uagb-post__text\">\n\t\t\t\t<a href=\"https:\/\/www.bio.uaic.ro\/?p=24759\" target=\"_self\" rel=\"bookmark noopener noreferrer\">\u201ePutem reg\u0103si echilibrul \u00een mijlocul anxiet\u0103\u021bii \u0219i depresiei?\u201d<\/a>\n\t\t\t<\/h4>\n\t\t\t\t\t\t<div class='uagb-post__text uagb-post-grid-byline'>\n\t\t\t\t\t\t\t<\/div>\n\t\t\t\t\t\t<div class=\"uagb-post__text uagb-post__cta wp-block-button\">\n\t\t\t\t<a class=\"wp-block-button__link uagb-text-link\" style=\"\" href=\"https:\/\/www.bio.uaic.ro\/?p=24759\" target=\"_self\" rel=\"bookmark noopener noreferrer\">Mai multe detalii<\/a>\n\t\t\t<\/div>\n\t\t\t\n\t\t\t\t\t\t\t\t\t<\/article>\n\t\t\t\t\t\t\t\t\t\t\t\t\t\t\t\t<article class=\"uagb-post__inner-wrap\">\t\t\t\t\t\t\t\t<div class='uagb-post__image'>\n\t\t\t\t\t\t\t\t\t<a href=\"https:\/\/www.bio.uaic.ro\/?p=24734\" target=\"_self\" rel=\"bookmark noopener noreferrer\" class='uagb-image-ratio-inherit'><img loading=\"lazy\" decoding=\"async\" width=\"683\" height=\"1024\" src=\"https:\/\/www.bio.uaic.ro\/wp-content\/uploads\/2026\/03\/file_00000000839c71fd85589464f54a2fac-683x1024.png\" class=\"attachment-large size-large\" alt=\"\" srcset=\"https:\/\/www.bio.uaic.ro\/wp-content\/uploads\/2026\/03\/file_00000000839c71fd85589464f54a2fac-683x1024.png 683w, https:\/\/www.bio.uaic.ro\/wp-content\/uploads\/2026\/03\/file_00000000839c71fd85589464f54a2fac-200x300.png 200w, https:\/\/www.bio.uaic.ro\/wp-content\/uploads\/2026\/03\/file_00000000839c71fd85589464f54a2fac-768x1152.png 768w, https:\/\/www.bio.uaic.ro\/wp-content\/uploads\/2026\/03\/file_00000000839c71fd85589464f54a2fac-720x1080.png 720w, https:\/\/www.bio.uaic.ro\/wp-content\/uploads\/2026\/03\/file_00000000839c71fd85589464f54a2fac.png 1024w\" sizes=\"auto, (max-width: 683px) 100vw, 683px\" \/>\t\t\t\t\t<\/a>\n\t\t\t\t\t\t\t<\/div>\n\t\t\t\t\t\t<h4 class=\"uagb-post__title uagb-post__text\">\n\t\t\t\t<a href=\"https:\/\/www.bio.uaic.ro\/?p=24734\" target=\"_self\" rel=\"bookmark noopener noreferrer\">The epidemiology and diagnosis of Coxiella burnetiid<\/a>\n\t\t\t<\/h4>\n\t\t\t\t\t\t<div class='uagb-post__text uagb-post-grid-byline'>\n\t\t\t\t\t\t\t<\/div>\n\t\t\t\t\t\t<div class=\"uagb-post__text uagb-post__cta wp-block-button\">\n\t\t\t\t<a class=\"wp-block-button__link uagb-text-link\" style=\"\" href=\"https:\/\/www.bio.uaic.ro\/?p=24734\" target=\"_self\" rel=\"bookmark noopener noreferrer\">Mai multe detalii<\/a>\n\t\t\t<\/div>\n\t\t\t\n\t\t\t\t\t\t\t\t\t<\/article>\n\t\t\t\t\t\t\t\t\t\t\t\t\t<div class=\"uagb-post-pagination-wrap\">\n\t\t\t\t\t\t<span aria-current=\"page\" class=\"page-numbers current\">1<\/span>\n<a class=\"page-numbers\" href=\"https:\/\/www.bio.uaic.ro\/index.php?rest_route=%2Fwp%2Fv2%2Fpages%2F3274&#038;paged=2\">2<\/a>\n<a class=\"page-numbers\" href=\"https:\/\/www.bio.uaic.ro\/index.php?rest_route=%2Fwp%2Fv2%2Fpages%2F3274&#038;paged=3\">3<\/a>\n<a class=\"page-numbers\" href=\"https:\/\/www.bio.uaic.ro\/index.php?rest_route=%2Fwp%2Fv2%2Fpages%2F3274&#038;paged=4\">4<\/a>\n<a class=\"page-numbers\" href=\"https:\/\/www.bio.uaic.ro\/index.php?rest_route=%2Fwp%2Fv2%2Fpages%2F3274&#038;paged=5\">5<\/a>\n<span class=\"page-numbers dots\">&hellip;<\/span>\n<a class=\"page-numbers\" href=\"https:\/\/www.bio.uaic.ro\/index.php?rest_route=%2Fwp%2Fv2%2Fpages%2F3274&#038;paged=7\">7<\/a>\n<a class=\"page-numbers\" href=\"https:\/\/www.bio.uaic.ro\/index.php?rest_route=%2Fwp%2Fv2%2Fpages%2F3274&#038;paged=8\">8<\/a>\n<a class=\"page-numbers\" href=\"https:\/\/www.bio.uaic.ro\/index.php?rest_route=%2Fwp%2Fv2%2Fpages%2F3274&#038;paged=9\">9<\/a>\n<a class=\"page-numbers\" href=\"https:\/\/www.bio.uaic.ro\/index.php?rest_route=%2Fwp%2Fv2%2Fpages%2F3274&#038;paged=10\">10<\/a>\n<a class=\"next page-numbers\" href=\"https:\/\/www.bio.uaic.ro\/index.php?rest_route=%2Fwp%2Fv2%2Fpages%2F3274&#038;paged=2\">Pagina urm\u0103toare \u00bb<\/a>\t\t\t\t\t<\/div>\n\t\t\t\t\t\t\t\t<\/div>\n\t\t\t\n\n\n<div style=\"height:30px\" aria-hidden=\"true\" class=\"wp-block-spacer\"><\/div>\n\n\n\n<h3 class=\"has-text-align-center has-white-color has-text-color has-background wp-block-heading\" style=\"background-color:#0e5820\"><strong>Arhiv\u0103 eveniment<\/strong>e<\/h3>\n\n\n\n<div class=\"wp-block-columns is-layout-flex wp-container-core-columns-is-layout-9d6595d7 wp-block-columns-is-layout-flex\">\n<div class=\"wp-block-column is-vertically-aligned-top is-layout-flow wp-block-column-is-layout-flow\">\n<div class=\"wp-block-buttons is-content-justification-left is-layout-flex wp-block-buttons-is-layout-flex\"><div class=\"wp-block-button has-custom-width wp-block-button__width-100 is-style-fill has-ek-typography\" style=\"\"><a class=\"wp-block-button__link has-white-color has-text-color has-background\" href=\"http:\/\/cercetare.bio.uaic.ro\/public\/sectiunea1.html\" style=\"border-radius:10px;background-color:#0e5820\" target=\"_blank\" rel=\"noreferrer noopener\"><strong>\u00cent\u00e2lniri cu experien\u021ba<\/strong><\/a><\/div><\/div>\n<\/div>\n\n\n\n<div class=\"wp-block-column is-layout-flow wp-block-column-is-layout-flow\">\n<div class=\"wp-block-buttons is-content-justification-left is-layout-flex wp-block-buttons-is-layout-flex\"><div class=\"wp-block-button has-custom-width wp-block-button__width-100 is-style-fill has-ek-typography\" style=\"\"><a class=\"wp-block-button__link has-white-color has-text-color has-background\" href=\"http:\/\/cercetare.bio.uaic.ro\/public\/sectiunea1.html\" style=\"border-radius:10px;background-color:#0e5820\" target=\"_blank\" rel=\"noreferrer noopener\"><strong>C\u0103l\u0103torind pe meridianele lumii<\/strong><\/a><\/div><\/div>\n<\/div>\n<\/div>\n\n\n\n<p><\/p>\n","protected":false},"excerpt":{"rendered":"<p>Arhiv\u0103 evenimente<\/p>\n","protected":false},"author":1,"featured_media":0,"parent":0,"menu_order":0,"comment_status":"closed","ping_status":"closed","template":"page-templates\/page-with-right-sidebar.php","meta":{"_editorskit_title_hidden":false,"_editorskit_reading_time":1,"_editorskit_is_block_options_detached":false,"_editorskit_block_options_position":"{}","_editorskit_typography_data":[],"_editorskit_blocks_typography":"","_uag_custom_page_level_css":"","footnotes":""},"class_list":["post-3274","page","type-page","status-publish","hentry"],"featured_image_src":null,"uagb_featured_image_src":{"full":false,"thumbnail":false,"medium":false,"medium_large":false,"large":false,"1536x1536":false,"2048x2048":false,"post-thumbnail":false,"mesmerize-full-hd":false},"uagb_author_info":{"display_name":"admin","author_link":"https:\/\/www.bio.uaic.ro\/?author=1"},"uagb_comment_info":0,"uagb_excerpt":"Arhiv\u0103 evenimente","_links":{"self":[{"href":"https:\/\/www.bio.uaic.ro\/index.php?rest_route=\/wp\/v2\/pages\/3274","targetHints":{"allow":["GET"]}}],"collection":[{"href":"https:\/\/www.bio.uaic.ro\/index.php?rest_route=\/wp\/v2\/pages"}],"about":[{"href":"https:\/\/www.bio.uaic.ro\/index.php?rest_route=\/wp\/v2\/types\/page"}],"author":[{"embeddable":true,"href":"https:\/\/www.bio.uaic.ro\/index.php?rest_route=\/wp\/v2\/users\/1"}],"replies":[{"embeddable":true,"href":"https:\/\/www.bio.uaic.ro\/index.php?rest_route=%2Fwp%2Fv2%2Fcomments&post=3274"}],"version-history":[{"count":47,"href":"https:\/\/www.bio.uaic.ro\/index.php?rest_route=\/wp\/v2\/pages\/3274\/revisions"}],"predecessor-version":[{"id":14628,"href":"https:\/\/www.bio.uaic.ro\/index.php?rest_route=\/wp\/v2\/pages\/3274\/revisions\/14628"}],"wp:attachment":[{"href":"https:\/\/www.bio.uaic.ro\/index.php?rest_route=%2Fwp%2Fv2%2Fmedia&parent=3274"}],"curies":[{"name":"wp","href":"https:\/\/api.w.org\/{rel}","templated":true}]}}