{"id":3271,"date":"2021-03-18T10:59:57","date_gmt":"2021-03-18T08:59:57","guid":{"rendered":"http:\/\/85.122.19.109\/?page_id=3271"},"modified":"2024-07-21T10:18:18","modified_gmt":"2024-07-21T07:18:18","slug":"proiecte","status":"publish","type":"page","link":"https:\/\/www.bio.uaic.ro\/?page_id=3271","title":{"rendered":"Proiecte"},"content":{"rendered":"<h4 class=\"wp-block-heading has-text-align-center has-white-color has-luminous-vivid-orange-background-color has-text-color has-background has-ek-typography\" style=\"\"><strong>Cre\u0219terea promovabilit\u0103\u021bii studen\u021bilor biologi la Universitatea \u201eAlexandru Ioan Cuza\u201d din Ia\u0219i  CPSB-UAIC (Acord de grant nr. 156\/SGU\/NC\/II)<\/strong><\/h4>\n\n<h3 class=\"wp-block-heading has-text-align-center has-ek-typography\" style=\"\"><strong>Tab\u0103ra la mare, revine!! Biologia de teren &#8211; aplica\u021bii pentru studen\u021bii naturali\u0219ti<br>Agigea, 02-06 septembrie 2024<\/strong><\/h3>\n\n\n<p>Dragi studen\u021bi,<\/p>\n\n\n\n<p>Celor dornici s\u0103 (re-)tr\u0103iasc\u0103 experien\u021bele unui stagiu de practic\u0103 studen\u021beasc\u0103 \u00een mijlocul naturii, v\u0103 propunem s\u0103 participa\u021bi la o tab\u0103r\u0103 organizat\u0103 la Sta\u021biunea Biologic\u0103 Marin\u0103 \u201eProf. dr. Ioan Borcea\u201d de la Agigea, dedicat\u0103 investig\u0103rii diversit\u0103\u021bii biologice \u00een raport cu caracteristicile mediului abiotic \u0219i impactul antropic.<\/p>\n\n\n\n<p>Cazarea (4 nop\u021bi) \u0219i masa (pe durata a 5 zile) vor fi asigurate din fondurile proiectului extra-curricular c\u00e2\u0219tigat de Facultatea de Biologie (<strong>Biologia de teren &#8211; aplica\u021bii pentru studen\u021bii naturali\u0219ti<\/strong>), prin finan\u021bare de la Ministerul Educa\u021biei, conform adresei ME 714\/E\/DGIU\/15.02.2024. Aten\u021bie!!!! Deplasarea de la localitatea de domiciliu p\u00e2n\u0103 la loca\u021bia taberei \u0219i retur, revine \u00een sarcina participan\u021bilor! Tab\u0103ra va \u00eencepe pe 2 septembrie 2024, la ora 9.00 \u0219i se va \u00eencheia pe 6 septembrie 2024, la ora 20.00.<\/p>\n\n\n\n<p>Num\u0103rul de locuri este limitat: 25.<\/p>\n\n\n\n<p>Cei care au finalizat ciclul de licen\u021b\u0103 sau master, nu mai au calitatea oficial\u0103 de studen\u021bi ai UAIC \u0219i nu pot participa la aceast\u0103 activitate. Se pot \u00eenscrie studen\u021bii de la licen\u021b\u0103 sau master, afla\u021bi \u00een perioada de studii, studen\u021bi doctoranzi afla\u021bi \u00een stagiu, precum \u0219i acei absolven\u021bi ai studiilor de licen\u021b\u0103, care sunt admi\u0219i la unul dintre programele masterale ale Facult\u0103\u021bii de Biologie, \u00een sesiunea de admitere iulie 2024.<\/p>\n\n\n\n<p>Perioada de \u00eenscriere on-line: 22.07-28.07.2024, utiliz\u00e2nd formularul disponibil aici: <a href=\"https:\/\/forms.office.com\/e\/UXjS2AbqcK\">https:\/\/forms.office.com\/e\/UXjS2AbqcK<\/a><\/p>\n\n\n\n<p>Date de contact: <a href=\"mailto:ciprian.manzu@uaic.ro\">ciprian.manzu@uaic.ro<\/a><\/p>\n\n\n<div style=\"height:100px\" aria-hidden=\"true\" class=\"wp-block-spacer has-ek-typography\"><\/div>\n\n<p class=\" has-ek-typography\" style=\"\"><strong><em>Dragi studen\u021bi<\/em>,<\/strong><\/p>\n\n\n<p>Tranzi\u021bia de la sistemul de \u00eenv\u0103\u021b\u0103m\u00e2nt preuniversitar la cel universitar poate fi provocatoare pentru unii dintre voi, at\u00e2t \u00een ceea ce prive\u0219te <strong>adaptarea la noul mod de \u00eenv\u0103\u021bare<\/strong>, c\u00e2t \u0219i la <strong>realit\u0103\u021biile vie\u021bii de student.<\/strong><\/p>\n\n\n\n<p>Pentru a u\u0219ura aceasta tranzi\u021bie, sunte\u021bi \u00eencuraja\u021bi s\u0103 valorifica\u021bi oportunit\u0103\u021bile oferite de proiectul Facult\u0103\u021bii de Biologie, cu titlul: \u201c<strong>Cre\u0219terea promovabilit\u0103\u021bii studen\u021bilor biologi la Universitatea \u201eAlexandru Ioan Cuza\u201d din Ia\u0219i &#8211; CPSB-UAIC\u201d (Acord de grant nr. 156\/SGU\/NC\/II)<\/strong>.<\/p>\n\n\n\n<p>Pentru a \u00een\u021belege despre ce este vorba \u00een acest proiect, v\u0103 rog s\u0103 urm\u0103ri\u021bi setul de slide-uri.<\/p>\n\n\n<div class=\"wp-block-pdf-viewer-block-standard has-ek-typography\" style=\"text-align:left\"><div class=\"uploaded-pdf\"><a href=\"https:\/\/www.bio.uaic.ro\/wp-content\/uploads\/2021\/12\/AG-156-final-prezentare-studenti.pdf\" class=\"mtli_attachment mtli_pdf\" data-width=\"\" data-height=\"\"><\/a><\/div><\/div>\n\n<div style=\"height:30px\" aria-hidden=\"true\" class=\"wp-block-spacer has-ek-typography\"><\/div>\n\n\n<p>V\u0103 pute\u021bi exprima op\u021biunile de participare la proiect, prin <strong><a href=\"https:\/\/forms.gle\/WWbQvPn9ZD4GR5WJ7\" target=\"_blank\" aria-label=\"formularul de \u00eenscriere (opens in a new tab)\" rel=\"noreferrer noopener\" class=\"ek-link\">formularul de \u00eenscriere<\/a><\/strong>, p\u00e2n\u0103 la data de <strong>07.01.2022<\/strong>.<\/p>\n\n\n\n<p>Dup\u0103 \u00eenscriere, v\u0103 vom comunica noi informa\u021bii privind desf\u0103\u0219urarea activit\u0103\u021bilor.<\/p>\n\n\n\n<p>V\u0103 mai anun\u021b\u0103m c\u0103 pentru studen\u021bii din grupul \u021bint\u0103 care au participat \u00een anul universitar trecut la acest proiect s-au achizi\u021bionat kit-uri cu urm\u0103torul con\u021binut: <strong>rucsac, pelerin\u0103 de ploaie, binoclu, lup\u0103, determinatoare pentru plante, ciuperci \u0219i p\u0103s\u0103ri, memory stick, agenda \u0219i pix<\/strong>. O parte dintre aceste kit-uri au fost \u00eenm\u00e2nate studen\u021bilor participan\u021bi la proiect, \u00een cadrul miniconcertului de colinde din acest an.<\/p>\n\n\n<section class=\"wp-block-uagb-columns uagb-columns__wrap uagb-columns__stack-mobile uagb-columns__valign- uagb-columns__gap-10 align uagb-block-0af6707d uagb-columns__columns-2 uagb-columns__max_width-theme has-ek-typography\" style=\"\"><div class=\"uagb-columns__overlay\"><\/div><div class=\"uagb-columns__inner-wrap uagb-columns__columns-2\"><div class=\"wp-block-uagb-column uagb-column__wrap uagb-column__background-undefined uagb-block-9804052a has-ek-typography\" style=\"\"><div class=\"uagb-column__overlay\"><\/div><figure class=\"wp-block-image size-large has-ek-typography\" style=\"\"><img loading=\"lazy\" decoding=\"async\" width=\"768\" height=\"1024\" src=\"https:\/\/www.bio.uaic.ro\/wp-content\/uploads\/2021\/12\/AG-156-final-rucsac-1-768x1024.jpg\" alt=\"\" class=\"wp-image-10679\" srcset=\"https:\/\/www.bio.uaic.ro\/wp-content\/uploads\/2021\/12\/AG-156-final-rucsac-1-768x1024.jpg 768w, https:\/\/www.bio.uaic.ro\/wp-content\/uploads\/2021\/12\/AG-156-final-rucsac-1-225x300.jpg 225w, https:\/\/www.bio.uaic.ro\/wp-content\/uploads\/2021\/12\/AG-156-final-rucsac-1-1024x1365.jpg 1024w, https:\/\/www.bio.uaic.ro\/wp-content\/uploads\/2021\/12\/AG-156-final-rucsac-1-810x1080.jpg 810w, https:\/\/www.bio.uaic.ro\/wp-content\/uploads\/2021\/12\/AG-156-final-rucsac-1.jpg 1080w\" sizes=\"auto, (max-width: 768px) 100vw, 768px\" \/><\/figure><\/div>\n\n<div class=\"wp-block-uagb-column uagb-column__wrap uagb-column__background-undefined uagb-block-dea720a7 has-ek-typography\" style=\"\"><div class=\"uagb-column__overlay\"><\/div>\n<figure class=\"wp-block-image size-large\"><img loading=\"lazy\" decoding=\"async\" width=\"768\" height=\"1024\" src=\"https:\/\/www.bio.uaic.ro\/wp-content\/uploads\/2021\/12\/AG-156-final-rucsac-2-768x1024.jpg\" alt=\"\" class=\"wp-image-10680\" srcset=\"https:\/\/www.bio.uaic.ro\/wp-content\/uploads\/2021\/12\/AG-156-final-rucsac-2-768x1024.jpg 768w, https:\/\/www.bio.uaic.ro\/wp-content\/uploads\/2021\/12\/AG-156-final-rucsac-2-225x300.jpg 225w, https:\/\/www.bio.uaic.ro\/wp-content\/uploads\/2021\/12\/AG-156-final-rucsac-2-1024x1365.jpg 1024w, https:\/\/www.bio.uaic.ro\/wp-content\/uploads\/2021\/12\/AG-156-final-rucsac-2-810x1080.jpg 810w, https:\/\/www.bio.uaic.ro\/wp-content\/uploads\/2021\/12\/AG-156-final-rucsac-2.jpg 1080w\" sizes=\"auto, (max-width: 768px) 100vw, 768px\" \/><\/figure>\n<\/div><\/div><\/section>\n\n\n<p>V\u0103 a\u0219tept s\u0103 v\u0103 \u00eenscrie\u021bi \u0219i s\u0103 participa\u021bi la activit\u0103\u021bile proiectului.<\/p>\n\n\n\n<p><em><strong>Conf. dr. Naela COSTIC\u0102<\/strong><br><strong>Director de proiect<\/strong><\/em><\/p>\n\n\n\n<h4 class=\"wp-block-heading has-text-align-center has-white-color has-luminous-vivid-amber-background-color has-text-color has-background\"><strong>Tab\u0103r\u0103 de var\u0103 la  mare!<\/strong> <strong>\u201cBiologia \u00een Teren\u201d<\/strong> <strong>Aplica\u021bii practice pentru studen\u021bii naturali\u0219ti<\/strong><br> <strong>Agigea, 29 august\u20132 septembrie 2022<\/strong><\/h4>\n\n\n\n<p><strong><em>Dragi studen\u021bi<\/em><\/strong><strong>,<\/strong><\/p>\n\n\n\n<p class=\"has-text-align-justify\">Celor dornici s\u0103 tr\u0103iasc\u0103 experien\u021bele unui stagiu de practic\u0103 studen\u021beasc\u0103 \u00een mijlocul naturii, v\u0103 propunem s\u0103 participa\u021bi la&nbsp;<strong>o tab\u0103r\u0103 organizat\u0103<\/strong>&nbsp;la Sta\u021biunea biologic\u0103 marin\u0103 \u201eProf. dr. Ioan Borcea\u201d de la Agigea, dedicat\u0103 investig\u0103rii diversit\u0103\u021bii biologice \u00een raport cu caracteristicile mediului abiotic \u0219i impactului antropic.<\/p>\n\n\n\n<p class=\"has-text-align-justify\"><strong>Cazarea, masa<\/strong>&nbsp;(pe durata a 5 zile) \u0219i&nbsp;<strong>transportul<\/strong>&nbsp;(de la gara Constan\u021ba la Agigea \u0219i retur, precum \u0219i de la Agigea la Delfinariul Constan\u021ba \u0219i retur) vor fi asigurate din fondurile proiectului extra curricular al Facult\u0103\u021bii de Biologie (Biologia \u00een teren \u2013 aplica\u021bii practice pentru studen\u021bi naturali\u0219ti), prin finan\u021bare de la Ministerul Educa\u021biei \u0219i cercet\u0103rii, conform adresei nr. 34196R din 23.02.2022. <strong>Aten\u021bie!!!! <\/strong>Costurile de deplasare de la localitatea de domiciliu p\u00e2n\u0103 la Constan\u021ba \u0219i retur, revin \u00een sarcina participan\u021bilor!<\/p>\n\n\n\n<p><strong>Num\u0103rul de locuri<\/strong>&nbsp;este limitat:&nbsp;<strong>50.<\/strong><\/p>\n\n\n\n<p class=\"has-text-align-justify\">Sunt a\u0219tepta\u021bi mai ales studen\u021bi de la UAIC\/Biologie care nu au avut practic\u0103 de teren \u00een planul de \u00eenv\u0103\u021b\u0103m\u00e2nt al specializ\u0103rii. Candida\u021bii care au finalizat ciclul de licen\u021b\u0103 sau master, nu mai au calitatea oficial\u0103 de studen\u021bi ai UAIC.<\/p>\n\n\n\n<p><strong>Perioada de \u00eenscriere on-line<\/strong>: 08.07-31.07.2022, utiliz\u00e2nd formularul disponibil aici: <a href=\"https:\/\/forms.office.com\/r\/tkRRaYvxqt\">https:\/\/forms.office.com\/r\/tkRRaYvxqt<\/a><\/p>\n\n\n\n<p><strong>Date de contact:&nbsp;<\/strong><a href=\"mailto:ciprian.manzu@uaic.ro\">ciprian.manzu@uaic.ro<\/a>;&nbsp;<a href=\"mailto:costin_zoo@yahoo.com\">costin_zoo@yahoo.com<\/a><\/p>\n\n\n\n<p><strong>Activit\u0103\u021bile propuse<\/strong>:<\/p>\n\n\n\n<p>\u00cen pachetul de baz\u0103 (gratuit):<\/p>\n\n\n<ul class=\"wp-block-list has-ek-typography\" style=\"\"><li class=\" has-ek-typography\" style=\"\">vizitarea Rezerva\u021biei \u201eDunele marine de la Agigea\u201d (jud. Constanta) (<a href=\"https:\/\/peterlengyel.wordpress.com\/2011\/10\/01\/dunele-marine-de-la-agigea\/\">https:\/\/peterlengyel.wordpress.com\/2011\/10\/01\/dunele-marine-de-la-agigea\/<\/a>,\u00a0<a href=\"https:\/\/statiunea-agigea.uaic.ro\/\">https:\/\/statiunea-agigea.uaic.ro\/<\/a>\u00a0);<\/li>\n\n\n<li>participarea la activit\u0103\u021bile Sta\u021biei de inelare a p\u0103s\u0103rilor de la Agigea (<a href=\"https:\/\/statiunea-agigea.uaic.ro\/index.php\/agigea-ringing-station\/)%3c\">https:\/\/statiunea-agigea.uaic.ro\/index.php\/agigea-ringing-station\/)<\/a>;<\/li>\n\n\n\n<li>vizitarea Delfinariului din Constanta (<a href=\"https:\/\/www.delfinariu.ro\/\">https:\/\/www.delfinariu.ro\/<\/a>).<\/li>\n<\/ul>\n\n\n<p>\u00cen pachetul suplimentar (contra cost):<\/p>\n\n\n\n<ul class=\"wp-block-list\">\n<li>excursie itinerant\u0103 1, pe traseul Agigea \u2013 Jurilovca (Capul Dolosman) (<a href=\"https:\/\/peterlengyel.wordpress.com\/2011\/09\/29\/capul-dolosman\/\">https:\/\/peterlengyel.wordpress.com\/2011\/09\/29\/capul-dolosman\/<\/a>\u00a0) \u2013 Enisala (<a href=\"https:\/\/discoverdobrogea.ro\/cetatea-enisala-fortareata-medievala-care-atrage-multi-turisti-in-dobrogea\/\">https:\/\/discoverdobrogea.ro\/cetatea-enisala-fortareata-medievala-care-atrage-multi-turisti-in-dobrogea\/<\/a>\u00a0) \u2013 Murighiol (<a href=\"https:\/\/peterlengyel.wordpress.com\/2011\/11\/12\/rezervatia-biosferei-delta-dunarii\/\">https:\/\/peterlengyel.wordpress.com\/2011\/11\/12\/rezervatia-biosferei-delta-dunarii\/<\/a>\u00a0) \u2013 Babadag (<a href=\"https:\/\/peterlengyel.wordpress.com\/2011\/12\/26\/padurea-babadag-dobrogea\/\">https:\/\/peterlengyel.wordpress.com\/2011\/12\/26\/padurea-babadag-dobrogea\/<\/a>\u00a0) \u2013 Vadu (<a href=\"https:\/\/peterlengyel.wordpress.com\/2011\/11\/04\/grindul-chituc\/\">https:\/\/peterlengyel.wordpress.com\/2011\/11\/04\/grindul-chituc\/<\/a>\u00a0);<\/li>\n\n\n\n<li>excursie itineranta 2: Agigea \u2013 Cheile Dobrogei (<a href=\"https:\/\/peterlengyel.wordpress.com\/2011\/12\/30\/cheile-dobrogei\/\">https:\/\/peterlengyel.wordpress.com\/2011\/12\/30\/cheile-dobrogei\/<\/a>\u00a0)<\/li>\n<\/ul>\n\n\n\n<p class=\"has-text-align-justify\">Pentru cele doua excursii suplimentare, participarea este op\u021bional\u0103, costurile estimate la acest moment fiind de cca. 100 RON de persoan\u0103.<\/p>\n\n\n\n<p class=\"has-text-align-justify\">Precizam c\u0103 traseele propuse pot suferi modific\u0103ri. De asemenea, re\u021bine\u021bi faptul c\u0103 acest cost este orientativ, el depinz\u00e2nd at\u00e2t de fluctua\u021biile de pre\u021b pentru \u00eenchirierea mijloacelor de transport, c\u00e2t \u0219i de num\u0103rul de persoane participante.<\/p>\n\n\n\n<p><\/p>\n\n\n<figure class=\"wp-block-gallery has-nested-images columns-default is-cropped wp-block-gallery-1 is-layout-flex wp-block-gallery-is-layout-flex has-ek-typography\" style=\"\">\n<figure class=\"wp-block-image size-large\"><img loading=\"lazy\" decoding=\"async\" width=\"960\" height=\"640\" data-id=\"8253\" src=\"https:\/\/www.bio.uaic.ro\/wp-content\/uploads\/2021\/07\/960-640-max-1-1.jpg\" alt=\"\" class=\"wp-image-8253\" srcset=\"https:\/\/www.bio.uaic.ro\/wp-content\/uploads\/2021\/07\/960-640-max-1-1.jpg 960w, https:\/\/www.bio.uaic.ro\/wp-content\/uploads\/2021\/07\/960-640-max-1-1-300x200.jpg 300w, https:\/\/www.bio.uaic.ro\/wp-content\/uploads\/2021\/07\/960-640-max-1-1-768x512.jpg 768w\" sizes=\"auto, (max-width: 960px) 100vw, 960px\" \/><\/figure>\n\n\n\n<figure class=\"wp-block-image size-large\"><img loading=\"lazy\" decoding=\"async\" width=\"960\" height=\"640\" data-id=\"8254\" src=\"https:\/\/www.bio.uaic.ro\/wp-content\/uploads\/2021\/07\/960-640-max-2.jpg\" alt=\"\" class=\"wp-image-8254\" srcset=\"https:\/\/www.bio.uaic.ro\/wp-content\/uploads\/2021\/07\/960-640-max-2.jpg 960w, https:\/\/www.bio.uaic.ro\/wp-content\/uploads\/2021\/07\/960-640-max-2-300x200.jpg 300w, https:\/\/www.bio.uaic.ro\/wp-content\/uploads\/2021\/07\/960-640-max-2-768x512.jpg 768w\" sizes=\"auto, (max-width: 960px) 100vw, 960px\" \/><\/figure>\n\n\n\n<figure class=\"wp-block-image size-large\"><img loading=\"lazy\" decoding=\"async\" width=\"960\" height=\"720\" data-id=\"8255\" src=\"https:\/\/www.bio.uaic.ro\/wp-content\/uploads\/2021\/07\/960-720-max-1-1.jpg\" alt=\"\" class=\"wp-image-8255\" srcset=\"https:\/\/www.bio.uaic.ro\/wp-content\/uploads\/2021\/07\/960-720-max-1-1.jpg 960w, https:\/\/www.bio.uaic.ro\/wp-content\/uploads\/2021\/07\/960-720-max-1-1-300x225.jpg 300w, https:\/\/www.bio.uaic.ro\/wp-content\/uploads\/2021\/07\/960-720-max-1-1-768x576.jpg 768w\" sizes=\"auto, (max-width: 960px) 100vw, 960px\" \/><\/figure>\n\n\n\n<figure class=\"wp-block-image size-large\"><img loading=\"lazy\" decoding=\"async\" width=\"960\" height=\"720\" data-id=\"8256\" src=\"https:\/\/www.bio.uaic.ro\/wp-content\/uploads\/2021\/07\/960-720-max-2-1.jpg\" alt=\"\" class=\"wp-image-8256\" srcset=\"https:\/\/www.bio.uaic.ro\/wp-content\/uploads\/2021\/07\/960-720-max-2-1.jpg 960w, https:\/\/www.bio.uaic.ro\/wp-content\/uploads\/2021\/07\/960-720-max-2-1-300x225.jpg 300w, https:\/\/www.bio.uaic.ro\/wp-content\/uploads\/2021\/07\/960-720-max-2-1-768x576.jpg 768w\" sizes=\"auto, (max-width: 960px) 100vw, 960px\" \/><\/figure>\n\n\n\n<figure class=\"wp-block-image size-large\"><img loading=\"lazy\" decoding=\"async\" width=\"960\" height=\"720\" data-id=\"8257\" src=\"https:\/\/www.bio.uaic.ro\/wp-content\/uploads\/2021\/07\/960-720-max-3.jpg\" alt=\"\" class=\"wp-image-8257\" srcset=\"https:\/\/www.bio.uaic.ro\/wp-content\/uploads\/2021\/07\/960-720-max-3.jpg 960w, https:\/\/www.bio.uaic.ro\/wp-content\/uploads\/2021\/07\/960-720-max-3-300x225.jpg 300w, https:\/\/www.bio.uaic.ro\/wp-content\/uploads\/2021\/07\/960-720-max-3-768x576.jpg 768w\" sizes=\"auto, (max-width: 960px) 100vw, 960px\" \/><\/figure>\n\n\n\n<figure class=\"wp-block-image size-large\"><img loading=\"lazy\" decoding=\"async\" width=\"1024\" height=\"683\" data-id=\"8258\" src=\"https:\/\/www.bio.uaic.ro\/wp-content\/uploads\/2021\/07\/1296-864-max-1-1024x683.jpg\" alt=\"\" class=\"wp-image-8258\" srcset=\"https:\/\/www.bio.uaic.ro\/wp-content\/uploads\/2021\/07\/1296-864-max-1-1024x683.jpg 1024w, https:\/\/www.bio.uaic.ro\/wp-content\/uploads\/2021\/07\/1296-864-max-1-300x200.jpg 300w, https:\/\/www.bio.uaic.ro\/wp-content\/uploads\/2021\/07\/1296-864-max-1-768x512.jpg 768w, https:\/\/www.bio.uaic.ro\/wp-content\/uploads\/2021\/07\/1296-864-max-1.jpg 1296w\" sizes=\"auto, (max-width: 1024px) 100vw, 1024px\" \/><\/figure>\n<\/figure>\n\n\n<h4 class=\"wp-block-heading has-text-align-center has-white-color has-vivid-red-background-color has-text-color has-background\">Biodiversitatea ca resurs\u0103<br>Tab\u0103r\u0103 de var\u0103 pentru studen\u021bii naturali\u0219ti \u0219i liceeni<\/h4>\n\n\n<div class=\"wp-block-buttons is-horizontal is-content-justification-center is-layout-flex wp-container-core-buttons-is-layout-499968f5 wp-block-buttons-is-layout-flex has-ek-typography\" style=\"\"><div class=\"wp-block-button has-custom-width wp-block-button__width-50 has-ek-typography\" style=\"\"><a class=\"wp-block-button__link has-white-color has-vivid-cyan-blue-background-color has-text-color has-background wp-element-button\" href=\"http:\/\/cercetare.bio.uaic.ro\/public\/sectiunea2a.html\" style=\"border-radius:10px\" target=\"_blank\" rel=\"noreferrer noopener\"><strong>Detalii eveniment<\/strong><\/a><\/div><\/div>","protected":false},"excerpt":{"rendered":"<p>Cre\u0219terea promovabilit\u0103\u021bii studen\u021bilor biologi la Universitatea \u201eAlexandru Ioan Cuza\u201d din Ia\u0219i CPSB-UAIC (Acord de grant nr. 156\/SGU\/NC\/II) Tab\u0103ra la mare, revine!! Biologia de teren &#8211; aplica\u021bii pentru studen\u021bii naturali\u0219tiAgigea, 02-06 septembrie 2024 Dragi studen\u021bi, Celor dornici s\u0103 (re-)tr\u0103iasc\u0103 experien\u021bele unui stagiu de practic\u0103 studen\u021beasc\u0103 \u00een mijlocul naturii, v\u0103 propunem s\u0103 participa\u021bi la o tab\u0103r\u0103 organizat\u0103&hellip; <br \/> <a class=\"read-more\" href=\"https:\/\/www.bio.uaic.ro\/?page_id=3271\">Cite\u0219te mai mult<\/a><\/p>\n","protected":false},"author":1,"featured_media":0,"parent":0,"menu_order":0,"comment_status":"closed","ping_status":"closed","template":"page-templates\/page-with-right-sidebar.php","meta":{"_editorskit_title_hidden":false,"_editorskit_reading_time":2,"_editorskit_is_block_options_detached":false,"_editorskit_block_options_position":"{}","_editorskit_typography_data":[],"_editorskit_blocks_typography":"","_uag_custom_page_level_css":"","footnotes":""},"class_list":["post-3271","page","type-page","status-publish","hentry"],"featured_image_src":null,"uagb_featured_image_src":{"full":false,"thumbnail":false,"medium":false,"medium_large":false,"large":false,"1536x1536":false,"2048x2048":false,"post-thumbnail":false,"mesmerize-full-hd":false},"uagb_author_info":{"display_name":"admin","author_link":"https:\/\/www.bio.uaic.ro\/?author=1"},"uagb_comment_info":0,"uagb_excerpt":"Cre\u0219terea promovabilit\u0103\u021bii studen\u021bilor biologi la Universitatea \u201eAlexandru Ioan Cuza\u201d din Ia\u0219i CPSB-UAIC (Acord de grant nr. 156\/SGU\/NC\/II) Tab\u0103ra la mare, revine!! Biologia de teren &#8211; aplica\u021bii pentru studen\u021bii naturali\u0219tiAgigea, 02-06 septembrie 2024 Dragi studen\u021bi, Celor dornici s\u0103 (re-)tr\u0103iasc\u0103 experien\u021bele unui stagiu de practic\u0103 studen\u021beasc\u0103 \u00een mijlocul naturii, v\u0103 propunem s\u0103 participa\u021bi la o tab\u0103r\u0103 organizat\u0103&hellip;&hellip;","_links":{"self":[{"href":"https:\/\/www.bio.uaic.ro\/index.php?rest_route=\/wp\/v2\/pages\/3271","targetHints":{"allow":["GET"]}}],"collection":[{"href":"https:\/\/www.bio.uaic.ro\/index.php?rest_route=\/wp\/v2\/pages"}],"about":[{"href":"https:\/\/www.bio.uaic.ro\/index.php?rest_route=\/wp\/v2\/types\/page"}],"author":[{"embeddable":true,"href":"https:\/\/www.bio.uaic.ro\/index.php?rest_route=\/wp\/v2\/users\/1"}],"replies":[{"embeddable":true,"href":"https:\/\/www.bio.uaic.ro\/index.php?rest_route=%2Fwp%2Fv2%2Fcomments&post=3271"}],"version-history":[{"count":29,"href":"https:\/\/www.bio.uaic.ro\/index.php?rest_route=\/wp\/v2\/pages\/3271\/revisions"}],"predecessor-version":[{"id":19997,"href":"https:\/\/www.bio.uaic.ro\/index.php?rest_route=\/wp\/v2\/pages\/3271\/revisions\/19997"}],"wp:attachment":[{"href":"https:\/\/www.bio.uaic.ro\/index.php?rest_route=%2Fwp%2Fv2%2Fmedia&parent=3271"}],"curies":[{"name":"wp","href":"https:\/\/api.w.org\/{rel}","templated":true}]}}