{"id":3268,"date":"2021-03-18T10:57:50","date_gmt":"2021-03-18T08:57:50","guid":{"rendered":"http:\/\/85.122.19.109\/?page_id=3268"},"modified":"2023-09-13T13:57:42","modified_gmt":"2023-09-13T10:57:42","slug":"sesiuni-stiintifice","status":"publish","type":"page","link":"https:\/\/www.bio.uaic.ro\/?page_id=3268","title":{"rendered":"SSASN 2020"},"content":{"rendered":"<div class=\"wp-block-image is-style-editorskit-rounded\"><figure class=\"aligncenter size-large has-ek-typography\" style=\"\"><img decoding=\"async\" src=\"https:\/\/www.bio.uaic.ro\/wp-content\/uploads\/2021\/03\/ssasn.banner.jpg\" alt=\"\" class=\"wp-image-4182\"><\/figure><\/div>\n\n<div style=\"height:25px\" aria-hidden=\"true\" class=\"wp-block-spacer has-ek-typography\"><\/div>\n\n<h3 class=\"wp-block-heading has-text-align-center has-ek-typography\" style=\"\"><strong><span style=\"color:#0e5820\" class=\"has-inline-color\">EDI\u021aIA a IV-a, octombrie 2020<\/span><\/strong><\/h3>\n\n<p class=\"has-text-align-justify has-ek-typography\" style=\"\">Pornind de la premisa implic\u0103rii mai active a studen\u021bilor \u00een via\u021ba comunit\u0103\u021bii academice din Rom\u00e2nia, propunem studen\u021bilor naturali\u0219ti un exerci\u021biu de abordare a cercet\u0103rii \u0219tiin\u021bifice finalizat prin elaborarea \u0219i prezentarea unui studiu \u0219tiin\u021bific \u00een cadrul unui eveniment anual care se afl\u0103 la a patra edi\u021bie.<\/p>\n\n<p class=\"has-text-align-justify has-ek-typography\" style=\"\"><strong><em>Sesiunea \u0219tiin\u021bific\u0103 anual\u0103 a studen\u021bilor naturali\u0219ti<\/em><\/strong>, ce urmeaz\u0103 s\u0103 se desf\u0103\u0219oare\u00a0<strong>on-line<\/strong>, la data de<strong>\u00a031 octombrie 2020<\/strong>. Evenimentul din acest an, corelat ini\u021bial cu\u00a0<em>Ziua Interna\u021bional\u0103 a Biodiversit\u0103\u021bii<\/em>\u00a0(22 mai), a fost am\u00e2nat ca urmare a situa\u021biei generate de pandemia Covid-19. Invita\u021bia se adreseaz\u0103, \u00een special, de\u0219i nu exclusiv, studen\u021bilor din anii terminali la ciclul de licen\u021b\u0103, studii masterale \u0219i doctorale de la facult\u0103\u021bile de profil din \u021bar\u0103, ce vor avea oportunitatea implic\u0103rii \u00eentr-un veritabil exerci\u021biu de practic\u0103 \u0219tiin\u021bific\u0103 pentru studen\u021bii participan\u021bi, dar \u0219i un prilej de cunoa\u0219tere \u0219i ini\u021biere a unor leg\u0103turi pentru studen\u021bii proveni\u021bi din facult\u0103\u021bi de profil de la universit\u0103\u021bile din Rom\u00e2nia.<\/p>\n\n<p class=\"has-text-align-justify has-ek-typography\" style=\"\">Cele mai bune lucr\u0103ri prezentate \u00een cele trei sec\u021biuni ale sesiunii \u2013\u00a0<strong><em>Biologie \u0219i ecologie animal\u0103<\/em><\/strong>,\u00a0<strong><em>Biologie \u0219i ecologie vegetal\u0103<\/em><\/strong>\u00a0\u0219i\u00a0<strong><em>Biologie aplicat\u0103 \u0219i experimental\u0103<\/em><\/strong>\u00a0&#8211; vor fi premiate \u0219i vor putea fi publicate sub forma unui articol \u0219tiin\u021bific, sub coordonarea \u0219tiin\u021bific\u0103 a profesorului \u00eendrum\u0103tor, \u00een revistele \u0219tiin\u021bifice ale Facult\u0103\u021bii de Biologie de la Universitatea \u201dAlexandru Ioan Cuza\u201d din Ia\u0219i (<em>Biologie animal\u0103<\/em>,\u00a0<em>Biologie vegetal\u0103<\/em>\u00a0\u0219i\u00a0<em>Genetic\u0103 \u0219i biologie molecular\u0103<\/em>\u00a0&#8211; Thomson Reuters Master Journal List, Zoological Records, Index Copernicus).<\/p>\n\n<p class=\" has-ek-typography\" style=\"\"><strong>DATE IMPORTANTE:<\/strong><br><strong><em><span style=\"color:#0e5820\" class=\"has-inline-color\">Perioada de \u00eenscriere:<\/span><\/em><\/strong>\u00a015 octombrie &#8211; 25 octombrie 2020 (\u00eenscrierea se va face \u00een baza expedierii unui formular de \u00eenscriere ce poate fi desc\u0103rcat de\u00a0<a href=\"http:\/\/cercetare.bio.uaic.ro\/studenti\/extracuriculare\/sesiuni_stiintifice\/ssasn\/2020\/ssasn.formular.pdf\" class=\"mtli_attachment mtli_pdf\" target=\"_blank\" aria-label=\" (opens in a new tab)\" rel=\"noreferrer noopener\" class=\"ek-link\">aici<\/a><br>Acesta va cuprinde \u0219i un rezumat al lucr\u0103rii ce urmeaz\u0103 a fi prezentat\u0103; confirmarea accept\u0103rii particip\u0103rii se va trimite p\u00e2n\u0103 la data de 27 octombrie 2020).<br><strong><em><strong><em><span style=\"color:#0e5820\" class=\"has-inline-color\">Deschiderea festiv\u0103 &amp; Comunic\u0103ri pe sec\u021biuni<\/span><\/em><\/strong>:<\/em><\/strong>.31 octombrie 2020 \u00eencep\u00e2nd cu ora 10..<br><strong><em><span style=\"color:#0e5820\" class=\"has-inline-color\">Perioada de desf\u0103\u015furare<\/span>:<\/em><\/strong>\u00a031 octombrie 2020.<br><strong><em><strong><em><span style=\"color:#0e5820\" class=\"has-inline-color\">Modul de desf\u0103\u015fur\u0103re<\/span><\/em><\/strong>:<\/em><\/strong>.on &#8211; line.<br><strong><em><span style=\"color:#0e5820\" class=\"has-inline-color\">Tipul manifest\u0103rii<\/span>:<\/em><\/strong>\u00a0sesiune \u015ftiin\u0163ific\u0103.<br><strong><em><span style=\"color:#0e5820\" class=\"has-inline-color\">Programul manifest\u0103rii<\/span>:<\/em><\/strong>\u00a0Programul manifest\u0103rii \u015ftiin\u0163ifice.\u00a0<a href=\"http:\/\/cercetare.bio.uaic.ro\/studenti\/extracuriculare\/sesiuni_stiintifice\/ssasn\/2020\/ssasn.program.pdf\" class=\"mtli_attachment mtli_pdf\" target=\"_blank\" aria-label=\" (opens in a new tab)\" rel=\"noreferrer noopener\" class=\"ek-link\">aici<\/a><br><strong><em><span style=\"color:#0e5820\" class=\"has-inline-color\">Moderatorul manifest\u0103rii<\/span>:\u00a0<\/em><\/strong>Conf. dr. Carmen Gache,<\/p>\n\n<figure class=\"wp-block-table has-ek-typography\" style=\"\"><table><tbody><tr><td><strong>Comitetul \u0219tiin\u021bific:<\/strong><br>Conferen\u021biar dr. Carmen Gache, Pre\u015fedinte<br>\u0218ef lucr. dr. Ani\u0219oara Stratu, Membru<br>\u0218ef lucr. dr. Anca Neagu, Membru<\/td><td><br>\u0218ef lucr. dr. Gabriela Dumitru, Membru<br>Dr. Alina Ignat, Secretar<\/td><\/tr><tr><td><strong>Date de contact:<\/strong><br>Conf. dr. Carmen Gache, coord. evenimentului,<br>e-mail:\u00a0<a href=\"mailto:cgache@uaic.ro\">cgache@uaic.ro<\/a>\u00a0Tel. 0749215524<\/td><td><br>Dr. Alina Ignat, secretar,<br>e-mail:\u00a0<a href=\"mailto:cgache@uaic.ro\">alinaei@yahoo.com<\/a>\u00a0Tel. 0744213240<\/td><\/tr><\/tbody><\/table><\/figure>\n\n<div class=\"wp-block-pdf-viewer-block-standard has-ek-typography\" style=\"text-align:left\"><div class=\"uploaded-pdf\"><a href=\"https:\/\/www.bio.uaic.ro\/wp-content\/uploads\/2021\/03\/Volum_SSASN_2020.pdf\" class=\"mtli_attachment mtli_pdf\" data-width=\"\" data-height=\"\"><\/a><\/div><\/div>","protected":false},"excerpt":{"rendered":"<p>EDI\u021aIA a IV-a, octombrie 2020 Pornind de la premisa implic\u0103rii mai active a studen\u021bilor \u00een via\u021ba comunit\u0103\u021bii academice din Rom\u00e2nia, propunem studen\u021bilor naturali\u0219ti un exerci\u021biu de abordare a cercet\u0103rii \u0219tiin\u021bifice finalizat prin elaborarea \u0219i prezentarea unui studiu \u0219tiin\u021bific \u00een cadrul unui eveniment anual care se afl\u0103 la a patra edi\u021bie. Sesiunea \u0219tiin\u021bific\u0103 anual\u0103 a studen\u021bilor&hellip; <br \/> <a class=\"read-more\" href=\"https:\/\/www.bio.uaic.ro\/?page_id=3268\">Cite\u0219te mai mult<\/a><\/p>\n","protected":false},"author":1,"featured_media":0,"parent":6762,"menu_order":0,"comment_status":"closed","ping_status":"closed","template":"page-templates\/page-with-right-sidebar.php","meta":{"_editorskit_title_hidden":false,"_editorskit_reading_time":2,"_editorskit_is_block_options_detached":false,"_editorskit_block_options_position":"{}","_editorskit_typography_data":[],"_editorskit_blocks_typography":"","_uag_custom_page_level_css":"","footnotes":""},"class_list":["post-3268","page","type-page","status-publish","hentry"],"featured_image_src":null,"uagb_featured_image_src":{"full":false,"thumbnail":false,"medium":false,"medium_large":false,"large":false,"1536x1536":false,"2048x2048":false,"post-thumbnail":false,"mesmerize-full-hd":false},"uagb_author_info":{"display_name":"admin","author_link":"https:\/\/www.bio.uaic.ro\/?author=1"},"uagb_comment_info":0,"uagb_excerpt":"EDI\u021aIA a IV-a, octombrie 2020 Pornind de la premisa implic\u0103rii mai active a studen\u021bilor \u00een via\u021ba comunit\u0103\u021bii academice din Rom\u00e2nia, propunem studen\u021bilor naturali\u0219ti un exerci\u021biu de abordare a cercet\u0103rii \u0219tiin\u021bifice finalizat prin elaborarea \u0219i prezentarea unui studiu \u0219tiin\u021bific \u00een cadrul unui eveniment anual care se afl\u0103 la a patra edi\u021bie. Sesiunea \u0219tiin\u021bific\u0103 anual\u0103 a studen\u021bilor&hellip;&hellip;","_links":{"self":[{"href":"https:\/\/www.bio.uaic.ro\/index.php?rest_route=\/wp\/v2\/pages\/3268","targetHints":{"allow":["GET"]}}],"collection":[{"href":"https:\/\/www.bio.uaic.ro\/index.php?rest_route=\/wp\/v2\/pages"}],"about":[{"href":"https:\/\/www.bio.uaic.ro\/index.php?rest_route=\/wp\/v2\/types\/page"}],"author":[{"embeddable":true,"href":"https:\/\/www.bio.uaic.ro\/index.php?rest_route=\/wp\/v2\/users\/1"}],"replies":[{"embeddable":true,"href":"https:\/\/www.bio.uaic.ro\/index.php?rest_route=%2Fwp%2Fv2%2Fcomments&post=3268"}],"version-history":[{"count":22,"href":"https:\/\/www.bio.uaic.ro\/index.php?rest_route=\/wp\/v2\/pages\/3268\/revisions"}],"predecessor-version":[{"id":17398,"href":"https:\/\/www.bio.uaic.ro\/index.php?rest_route=\/wp\/v2\/pages\/3268\/revisions\/17398"}],"up":[{"embeddable":true,"href":"https:\/\/www.bio.uaic.ro\/index.php?rest_route=\/wp\/v2\/pages\/6762"}],"wp:attachment":[{"href":"https:\/\/www.bio.uaic.ro\/index.php?rest_route=%2Fwp%2Fv2%2Fmedia&parent=3268"}],"curies":[{"name":"wp","href":"https:\/\/api.w.org\/{rel}","templated":true}]}}