{"id":23717,"date":"2025-10-08T15:32:18","date_gmt":"2025-10-08T12:32:18","guid":{"rendered":"https:\/\/www.bio.uaic.ro\/?page_id=23717"},"modified":"2025-10-23T10:11:00","modified_gmt":"2025-10-23T07:11:00","slug":"ssasn-2025","status":"publish","type":"page","link":"https:\/\/www.bio.uaic.ro\/?page_id=23717","title":{"rendered":"SSASN 2025"},"content":{"rendered":"<div class=\"wp-block-uagb-image aligncenter uagb-block-13f9fbdf wp-block-uagb-image--layout-default wp-block-uagb-image--effect-static wp-block-uagb-image--align-center has-ek-typography\" style=\"\"><figure class=\"wp-block-uagb-image__figure\"><img decoding=\"async\" srcset=\"https:\/\/www.bio.uaic.ro\/wp-content\/uploads\/2024\/10\/ssasn.jpg ,https:\/\/www.bio.uaic.ro\/wp-content\/uploads\/2024\/10\/ssasn.jpg 780w, https:\/\/www.bio.uaic.ro\/wp-content\/uploads\/2024\/10\/ssasn.jpg 360w\" sizes=\"auto, (max-width: 480px) 150px\" src=\"https:\/\/www.bio.uaic.ro\/wp-content\/uploads\/2024\/10\/ssasn.jpg\" alt=\"\" class=\"uag-image-20905\" width=\"585\" height=\"90\" title=\"ssasn\" loading=\"lazy\" role=\"img\"><\/figure><\/div>\n\n<div style=\"height:30px\" aria-hidden=\"true\" class=\"wp-block-spacer has-ek-typography\"><\/div>\n\n<h3 class=\"wp-block-heading has-text-align-center has-ek-typography\" style=\"\"><strong>EDI\u021aIA a IX-a, 23 octombrie 2025<\/strong><\/h3>\n\n<p class=\"has-text-align-center has-ek-typography\" style=\"\">Facultatea de Biologie a Universit\u0103\u021bii \u201cAlexandru Ioan Cuza\u201d din Ia\u0219i, \u00eempreun\u0103 cu Asocia\u021bia Studen\u021bilor Biologi din Ia\u0219i, organizeaz\u0103 cea de a IX-a edi\u021bie a Sesiunii \u0218tiin\u021bifice Anuale a Studen\u021bilor Naturali\u0219ti (SSASN). Invit\u0103m s\u0103 participe la acest eveniment to\u021bi studen\u021bii naturali\u0219ti (studii de licen\u021b\u0103 \u0219i master) care doresc s\u0103 \u00ee\u0219i dezvolte capacitatea de comunicare a rezultatelor studiilor proprii \u0219i s\u0103 se familiarizeze cu rigoarea cercet\u0103rii \u0219tiin\u021bifice. Studen\u021bii doctoranzi sunt a\u0219tepta\u021bi s\u0103 se \u00eenscrie direct la SSFB 2025!<\/p>\n\n<p class=\"has-text-align-center has-ek-typography\" style=\"\">Sesiunea se va desf\u0103\u0219ura pe urm\u0103toarele sec\u021biuni: <strong>Biologie \u0219i ecologie animal\u0103<\/strong>, <strong>Biologie \u0219i ecologie vegetal\u0103<\/strong>, respectiv <strong>Biochimie \u0219i \u0219tiin\u021be bio-moleculare<\/strong>.<\/p>\n\n<p class=\"has-text-align-center has-ek-typography\" style=\"\">Studen\u021bii pot prezenta fie rezultate originale din temele de licen\u021b\u0103\/diserta\u021bie, fie contribu\u021bii personale independente!<\/p>\n\n\n<p class=\"has-text-align-center\">Rezumatele lucr\u0103rilor (\u00een limba englez\u0103) prezentate vor fi incluse \u00een volumul anual al manifest\u0103rii. Autorii celor mai bune comunic\u0103ri sunt \u00eencuraja\u021bi s\u0103-\u0219i publice studiile, dup\u0103 un proces de recenzare, \u00een revista Facult\u0103\u021bii de Biologie \u2013 <em>Journal of experimental and molecular biology<\/em> (revist\u0103 indexat\u0103 \u00een baze de date interna\u021bionale).<\/p>\n\n\n<h3 class=\"wp-block-heading has-text-align-center has-ek-typography\" style=\"\"><strong>DATE IMPORTANTE:<\/strong><\/h3>\n\n\n<p class=\"has-text-align-center\">Termen extins pentru \u00eenscriere: <strong>17 octombrie 2025<\/strong>. Formularul de \u00eenscriere on-line poate fi accesat aici: <a href=\"https:\/\/forms.cloud.microsoft\/e\/zdPfbAaUUn\">https:\/\/forms.cloud.microsoft\/e\/zdPfbAaUUn<\/a><\/p>\n\n\n\n<p class=\"has-text-align-center\">\u00cen formular se va include \u0219i rezumatul lucr\u0103rii de prezentat. Confirmarea accept\u0103rii rezumatului: p\u00e2n\u0103 la data de <strong>20 octombrie 2025<\/strong>.<\/p>\n\n\n\n<p class=\"has-text-align-center\">Programul sesiunii: <\/p>\n\n\n<div class=\"wp-block-buttons is-content-justification-center is-layout-flex wp-container-core-buttons-is-layout-16018d1d wp-block-buttons-is-layout-flex has-ek-typography\" style=\"\"><div class=\"wp-block-button has-ek-typography\" style=\"\"><a class=\"wp-block-button__link has-white-color has-text-color has-background has-link-color wp-element-button mtli_attachment mtli_pdf\" href=\"http:\/\/ssfb.bio.uaic.ro\/wp-content\/uploads\/2025\/10\/Program-SSFB-2025.pdf\" style=\"border-radius:10px;background-color:#0e5820\">Accesa\u021bi programul aici<\/a><\/div><\/div>\n\n\n<p class=\"has-text-align-center\">Modul de desf\u0103\u015furare: mixt (fizic, la Facultatea de Biologie; on-line \u2013 doar pentru studen\u021bii din afara centrului universitar Ia\u0219i!)<\/p>\n\n\n\n<p class=\"has-text-align-center\">Contact: <strong>\u0218ef lucr. dr. Ciprian Claudiu M\u00e2nzu<\/strong> \u2013 coordonator al evenimentului (<a href=\"mailto:ciprian.manzu@uaic.ro\">ciprian.manzu@uaic.ro<\/a>)<\/p>\n\n\n\n<p><\/p>\n","protected":false},"excerpt":{"rendered":"<p>EDI\u021aIA a IX-a, 23 octombrie 2025 Facultatea de Biologie a Universit\u0103\u021bii \u201cAlexandru Ioan Cuza\u201d din Ia\u0219i, \u00eempreun\u0103 cu Asocia\u021bia Studen\u021bilor Biologi din Ia\u0219i, organizeaz\u0103 cea de a IX-a edi\u021bie a Sesiunii \u0218tiin\u021bifice Anuale a Studen\u021bilor Naturali\u0219ti (SSASN). Invit\u0103m s\u0103 participe la acest eveniment to\u021bi studen\u021bii naturali\u0219ti (studii de licen\u021b\u0103 \u0219i master) care doresc s\u0103 \u00ee\u0219i&hellip; <br \/> <a class=\"read-more\" href=\"https:\/\/www.bio.uaic.ro\/?page_id=23717\">Cite\u0219te mai mult<\/a><\/p>\n","protected":false},"author":1,"featured_media":0,"parent":0,"menu_order":0,"comment_status":"closed","ping_status":"closed","template":"page-templates\/page-with-right-sidebar.php","meta":{"_editorskit_title_hidden":false,"_editorskit_reading_time":0,"_editorskit_is_block_options_detached":false,"_editorskit_block_options_position":"{}","_editorskit_typography_data":[],"_editorskit_blocks_typography":"","_uag_custom_page_level_css":"","footnotes":""},"class_list":["post-23717","page","type-page","status-publish","hentry"],"featured_image_src":null,"uagb_featured_image_src":{"full":false,"thumbnail":false,"medium":false,"medium_large":false,"large":false,"1536x1536":false,"2048x2048":false,"post-thumbnail":false,"mesmerize-full-hd":false},"uagb_author_info":{"display_name":"admin","author_link":"https:\/\/www.bio.uaic.ro\/?author=1"},"uagb_comment_info":0,"uagb_excerpt":"EDI\u021aIA a IX-a, 23 octombrie 2025 Facultatea de Biologie a Universit\u0103\u021bii \u201cAlexandru Ioan Cuza\u201d din Ia\u0219i, \u00eempreun\u0103 cu Asocia\u021bia Studen\u021bilor Biologi din Ia\u0219i, organizeaz\u0103 cea de a IX-a edi\u021bie a Sesiunii \u0218tiin\u021bifice Anuale a Studen\u021bilor Naturali\u0219ti (SSASN). Invit\u0103m s\u0103 participe la acest eveniment to\u021bi studen\u021bii naturali\u0219ti (studii de licen\u021b\u0103 \u0219i master) care doresc s\u0103 \u00ee\u0219i&hellip;&hellip;","_links":{"self":[{"href":"https:\/\/www.bio.uaic.ro\/index.php?rest_route=\/wp\/v2\/pages\/23717","targetHints":{"allow":["GET"]}}],"collection":[{"href":"https:\/\/www.bio.uaic.ro\/index.php?rest_route=\/wp\/v2\/pages"}],"about":[{"href":"https:\/\/www.bio.uaic.ro\/index.php?rest_route=\/wp\/v2\/types\/page"}],"author":[{"embeddable":true,"href":"https:\/\/www.bio.uaic.ro\/index.php?rest_route=\/wp\/v2\/users\/1"}],"replies":[{"embeddable":true,"href":"https:\/\/www.bio.uaic.ro\/index.php?rest_route=%2Fwp%2Fv2%2Fcomments&post=23717"}],"version-history":[{"count":5,"href":"https:\/\/www.bio.uaic.ro\/index.php?rest_route=\/wp\/v2\/pages\/23717\/revisions"}],"predecessor-version":[{"id":23866,"href":"https:\/\/www.bio.uaic.ro\/index.php?rest_route=\/wp\/v2\/pages\/23717\/revisions\/23866"}],"wp:attachment":[{"href":"https:\/\/www.bio.uaic.ro\/index.php?rest_route=%2Fwp%2Fv2%2Fmedia&parent=23717"}],"curies":[{"name":"wp","href":"https:\/\/api.w.org\/{rel}","templated":true}]}}