{"id":19007,"date":"2024-04-09T13:35:09","date_gmt":"2024-04-09T10:35:09","guid":{"rendered":"https:\/\/www.bio.uaic.ro\/?page_id=19007"},"modified":"2024-09-22T09:34:22","modified_gmt":"2024-09-22T06:34:22","slug":"microsoft-teams","status":"publish","type":"page","link":"https:\/\/www.bio.uaic.ro\/?page_id=19007","title":{"rendered":"Microsoft Teams"},"content":{"rendered":"<div class=\"wp-block-uagb-info-box uagb-block-3dd16a10 uagb-infobox__content-wrap  uagb-infobox-icon-below-title uagb-infobox-image-valign-top has-ek-typography\" style=\"\"><div class=\"uagb-ifb-content\"><div class=\"uagb-ifb-title-wrap\"><h3 class=\"uagb-ifb-title\"><strong>Facultatea de Biologie<\/strong><br><br><mark style=\"background-color:rgba(0, 0, 0, 0)\" class=\"has-inline-color has-vivid-cyan-blue-color\"><strong>Autentificare \u00een platforma Microsoft Teams<\/strong><\/mark><\/h3><\/div><div class=\"uagb-ifb-icon-wrap\"><svg xmlns=\"https:\/\/www.w3.org\/2000\/svg\" viewbox=\"0 0 448 512\"><path d=\"M0 32h214.6v214.6H0V32zm233.4 0H448v214.6H233.4V32zM0 265.4h214.6V480H0V265.4zm233.4 0H448V480H233.4V265.4z\"><\/path><\/svg><\/div><p class=\"uagb-ifb-desc\">Aceast\u0103 <em>pagin\u0103 este dedicat\u0103 autentific\u0103rii \u00een platforma Microsoft Teams<\/em><br>Autentificarea se face \u00een baza contului de email institu\u021bional <strong>prenume.nume@student.uaic.ro<\/strong><br>Pentru creare cont email institu\u021bional sau probleme de autentificare &#8211; Contact: <strong><a href=\"https:\/\/dcd.uaic.ro\/?page_id=1602\" data-type=\"link\" data-id=\"https:\/\/dcd.uaic.ro\/?page_id=1602\" target=\"_blank\" rel=\"noreferrer noopener\">DCD-UAIC<\/a><\/strong> <br><strong><a aria-label=\"SIGN  IN (opens in a new tab)\" class=\"ek-link\" href=\"https:\/\/teams.microsoft.com\/v2\/\" target=\"_blank\" rel=\"noreferrer noopener\"><mark style=\"background-color:#0693e3\" class=\"has-inline-color has-white-color\">SIGN  IN<\/mark><\/a><\/strong><\/p><\/div><\/div>\n\n<div class=\"wp-block-image\"><figure class=\"aligncenter size-large has-ek-typography\" style=\"\"><img loading=\"lazy\" decoding=\"async\" width=\"1024\" height=\"683\" src=\"https:\/\/www.bio.uaic.ro\/wp-content\/uploads\/2024\/04\/Microsoft-Teams-login-1024x683.jpg\" alt=\"\" class=\"wp-image-19016\" srcset=\"https:\/\/www.bio.uaic.ro\/wp-content\/uploads\/2024\/04\/Microsoft-Teams-login-1024x683.jpg 1024w, https:\/\/www.bio.uaic.ro\/wp-content\/uploads\/2024\/04\/Microsoft-Teams-login-300x200.jpg 300w, https:\/\/www.bio.uaic.ro\/wp-content\/uploads\/2024\/04\/Microsoft-Teams-login-768x512.jpg 768w, https:\/\/www.bio.uaic.ro\/wp-content\/uploads\/2024\/04\/Microsoft-Teams-login-1536x1025.jpg 1536w, https:\/\/www.bio.uaic.ro\/wp-content\/uploads\/2024\/04\/Microsoft-Teams-login-1619x1080.jpg 1619w, https:\/\/www.bio.uaic.ro\/wp-content\/uploads\/2024\/04\/Microsoft-Teams-login.jpg 1920w\" sizes=\"auto, (max-width: 1024px) 100vw, 1024px\" \/><\/figure><\/div>","protected":false},"excerpt":{"rendered":"","protected":false},"author":2,"featured_media":0,"parent":0,"menu_order":0,"comment_status":"closed","ping_status":"closed","template":"","meta":{"_editorskit_title_hidden":false,"_editorskit_reading_time":0,"_editorskit_is_block_options_detached":false,"_editorskit_block_options_position":"{}","_editorskit_typography_data":[],"_editorskit_blocks_typography":"","_uag_custom_page_level_css":"","footnotes":""},"class_list":["post-19007","page","type-page","status-publish","hentry"],"featured_image_src":null,"uagb_featured_image_src":{"full":false,"thumbnail":false,"medium":false,"medium_large":false,"large":false,"1536x1536":false,"2048x2048":false,"post-thumbnail":false,"mesmerize-full-hd":false},"uagb_author_info":{"display_name":"Puiu Ungureanu","author_link":"https:\/\/www.bio.uaic.ro\/?author=2"},"uagb_comment_info":0,"uagb_excerpt":null,"_links":{"self":[{"href":"https:\/\/www.bio.uaic.ro\/index.php?rest_route=\/wp\/v2\/pages\/19007","targetHints":{"allow":["GET"]}}],"collection":[{"href":"https:\/\/www.bio.uaic.ro\/index.php?rest_route=\/wp\/v2\/pages"}],"about":[{"href":"https:\/\/www.bio.uaic.ro\/index.php?rest_route=\/wp\/v2\/types\/page"}],"author":[{"embeddable":true,"href":"https:\/\/www.bio.uaic.ro\/index.php?rest_route=\/wp\/v2\/users\/2"}],"replies":[{"embeddable":true,"href":"https:\/\/www.bio.uaic.ro\/index.php?rest_route=%2Fwp%2Fv2%2Fcomments&post=19007"}],"version-history":[{"count":24,"href":"https:\/\/www.bio.uaic.ro\/index.php?rest_route=\/wp\/v2\/pages\/19007\/revisions"}],"predecessor-version":[{"id":20619,"href":"https:\/\/www.bio.uaic.ro\/index.php?rest_route=\/wp\/v2\/pages\/19007\/revisions\/20619"}],"wp:attachment":[{"href":"https:\/\/www.bio.uaic.ro\/index.php?rest_route=%2Fwp%2Fv2%2Fmedia&parent=19007"}],"curies":[{"name":"wp","href":"https:\/\/api.w.org\/{rel}","templated":true}]}}