{"id":1769,"date":"2021-01-27T10:08:52","date_gmt":"2021-01-27T08:08:52","guid":{"rendered":"http:\/\/85.122.19.109\/?page_id=1769"},"modified":"2024-04-02T11:14:52","modified_gmt":"2024-04-02T08:14:52","slug":"program-postdoctoral","status":"publish","type":"page","link":"https:\/\/www.bio.uaic.ro\/?page_id=1769","title":{"rendered":"Program postdoctoral"},"content":{"rendered":"<p class=\"has-text-align-justify has-ek-typography\" style=\"\">Universitatea \u201eAlexandru Ioan Cuza\u201d din Ia\u0219i (UAIC) sus\u021bine cercetarea \u0219tiin\u021bific\u0103 \u0219i dezvoltarea resurselor umane prin organizarea \u0219i desf\u0103\u0219urarea de programe postdoctorale de cercetare avansat\u0103, destinate dezvolt\u0103rii profesionale prin formarea de competen\u021be \u0219i abilit\u0103\u021bi \u00een cercetarea \u0219tiin\u021bific\u0103, \u00een context interdisciplinar \u0219i competitiv. \u00cen acest sens, \u0218coala Doctoral\u0103 de Biologie organizeaz\u0103 programul postdoctoral de cercetare avansat\u0103 \u00een domeniul Biologie cu durata de 18 de luni.<\/p>\n\n<p class=\"has-text-align-justify has-ek-typography\" style=\"\"><strong>***<\/strong> <strong>Sesiunea de evaluare a programului postdoctoral se va desfasura in data de 26 martie 2024, in sala B-203, incepand cu ora 12.00<\/strong> <strong>***<\/strong><\/p>\n\n<p class=\" has-ek-typography\" style=\"\"><a href=\"http:\/\/cercetare.bio.uaic.ro\/doctorat\/regulamente\/Metodologie-finalizare-studii-postdoctorale-2022-2024.pdf\" class=\"mtli_attachment mtli_pdf\" class=\"ek-link\">Metodologia privind finalizarea studiilor postodoctorale de cercetare avansat\u0103 organizate \u00een cadrul UAIC 2022-2024.<\/a><\/p>\n\n<p class=\" has-ek-typography\" style=\"\"><a href=\"http:\/\/cercetare.bio.uaic.ro\/doctorat\/regulamente\/ANEXA-1-Declaratie_de-originalitate.doc\" class=\"mtli_attachment mtli_doc\" class=\"ek-link\">Declara\u021bia de originalitate.<\/a><\/p>\n\n\n<p><a href=\"http:\/\/cercetare.bio.uaic.ro\/doctorat\/post-doc\/Rezultatele%20evaluarii%20SD-BIO.pdf\" class=\"mtli_attachment mtli_pdf\" class=\"ek-link\"><strong>Rezultate evaluare a programului postdoctoral 2024<\/strong><\/a><\/p>\n\n\n<hr class=\"wp-block-separator has-alpha-channel-opacity has-ek-typography\" style=\"\">\n\n\n<p class=\"has-text-align-justify\"><a href=\"http:\/\/cercetare.bio.uaic.ro\/doctorat\/admitere\/Afisare%20Metodologie%20privind%20organizarea%20admiterii%20la%20programe%20postdoctorale%20de%20cercetare.pdf\" class=\"mtli_attachment mtli_pdf\" class=\"ek-link\">Metodologia privind organizarea \u0219i desf\u0103\u0219urarea admiterii la programele postdoctorale de cercetare avansat\u0103 organizate \u00een cadrul UAIC 2022.<\/a><\/p>\n\n\n\n<p><a href=\"http:\/\/cercetare.bio.uaic.ro\/doctorat\/admitere\/Regulament%20privind%20organizarea%20programelor%20postdoctorale%20de%20cercetare%20avansare.pdf\" class=\"mtli_attachment mtli_pdf\" class=\"ek-link\">Metodologia privind organizarea programelor postdoctorale de cercetare avansat\u0103 din cadrul UAIC 2022.<\/a><\/p>\n\n\n\n<p><strong>Con\u0163inutul dosarului de \u00eenscriere<\/strong><\/p>\n\n\n<ul class=\"wp-block-list has-ek-typography\" style=\"\"><li class=\" has-ek-typography\" style=\"\">fi\u0219a de \u00eenscriere (Anexa 3);<\/li>\n\n<li class=\" has-ek-typography\" style=\"\">certificat de na\u015ftere \u2013 \u00een original, copie legalizat\u0103 sau copie certificat\u0103 conform cu originalul;<\/li>\n\n<li class=\" has-ek-typography\" style=\"\">certificatul de c\u0103s\u0103torie sau oricare alt act care atest\u0103 schimbarea numelui, dac\u0103 este cazul \u2013 \u00een original, copie legalizat\u0103 sau copie certificat\u0103 conform cu originalul;<\/li>\n\n<li class=\" has-ek-typography\" style=\"\">copie a actului de identitate;<\/li>\n\n\n<li>diploma de bacalaureat &#8211; \u00een original, copie legalizat\u0103 sau copie certificat\u0103 conform cu originalul;<\/li>\n\n\n\n<li>diploma de licen\u021b\u0103, foaia matricula sau supliment la diploma &#8211; \u00een original, copie legalizat\u0103 sau copie certificat\u0103 conform cu originalul;<\/li>\n\n\n\n<li>diploma de master sau echivalent\u0103 a acesteia foaie matricol\u0103 sau supplement la diploma &#8211; \u00een original, copie legalizat\u0103 sau copie certificat\u0103 conform cu originalul;<\/li>\n\n\n\n<li>diplom\u0103 de doctor \u2013 \u00een original, copie legalizat\u0103 sau copie certificat\u0103 conform cu originalul;<\/li>\n\n\n\n<li>fotografie \u00be;<\/li>\n\n\n\n<li>Curriculum Vitae, tip Europass, \u00een format fizic (semnat) \u0219i \u00een format electronic, pe CD;<\/li>\n\n\n\n<li>Lista de lucr\u0103ri, precum \u0219i alte rezultate relevante pentru aprecierea activit\u0103\u021bii \u0219tiin\u021bifice a candidatului: participarea la manifest\u0103ri \u0219tiin\u021bifice, coordonarea sau participarea la implementarea de proiecte, premii ob\u021binute, brevete etc. (articolele sau alte lucr\u0103ri \u0219tiin\u021bifice vor fi prezentate in extenso doar \u00een format electronic, pe CD);<\/li>\n\n\n\n<li>proiectul de cercetare postdoctoral\u0103 (PCPD) aferent temei de cercetare pentru care candideaz\u0103, \u00een format fizic (semnat) \u015fi \u00een format electronic, pe CD (Anexa 4);<\/li>\n\n\n\n<li>declara\u021bie pe proprie r\u0103spundere privind respectarea condi\u021biei legate de faptul c\u0103 o persoan\u0103 poate beneficia o singur\u0103 dat\u0103 de finan\u0163are din fonduri publice pentru a urma un program postdoctoral de cercetare avansat\u0103 (Anexa 5);<\/li>\n\n\n\n<li>certificat de competen\u021b\u0103 lingvistic\u0103 (minimum nivel B2, dup\u0103 Cadrul European de Referin\u021b\u0103 a Limbilor Str\u0103ine) pentru limba rom\u00e2n\u0103 sau o limb\u0103 de circula\u021bie interna\u021bional\u0103, dac\u0103 este cazul;<\/li>\n\n\n\n<li>dovada pl\u0103\u021bii taxei de \u00eenscriere la concursul de admitere la programele postdoctorale de cercetare avansat\u0103. Taxa de \u00eenscriere are aceea\u0219i valoare ca cea pentru \u00eenscrierea la studii universitare de doctorat la scoala doctoral\u0103 organizatoare.<\/li>\n<\/ul>\n\n\n<p><strong>Calendarul admiterii<\/strong>&nbsp;<strong>la programul postdoctoral de cercetare avansat\u0103 \u00een domeniul Biologie<\/strong><\/p>\n\n\n<div class=\"wp-block-group has-ek-typography\" style=\"\"><div class=\"wp-block-group__inner-container is-layout-flow wp-block-group-is-layout-flow\"><figure class=\"wp-block-table is-style-regular has-ek-typography\" style=\"\"><table><tbody><tr><td class=\"has-text-align-right\" data-align=\"right\"><strong><strong>23.09.2022 \u2013 26.09.2022<\/strong><\/strong><\/td><td class=\"has-text-align-left\" data-align=\"left\">\u00censcrierea candida\u021bilor \u0219i depunerea dosarelor de admitere<\/td><\/tr><tr><td class=\"has-text-align-right\" data-align=\"right\"><strong><strong>27.09.2022<\/strong><\/strong><\/td><td class=\"has-text-align-left\" data-align=\"left\">Verificarea eligibilit\u0103\u021bii candida\u021bilor<\/td><\/tr><tr><td class=\"has-text-align-right\" data-align=\"right\"><strong><strong>28.09.2022<\/strong><\/strong><\/td><td class=\"has-text-align-left\" data-align=\"left\">Sus\u021binerea proiectelor de cercetare postdoctoral\u0103<\/td><\/tr><tr><td class=\"has-text-align-right\" data-align=\"right\"><strong><strong>29.09.2022<\/strong><\/strong><\/td><td class=\"has-text-align-left\" data-align=\"left\">Afi\u0219area rezultatelor provizorii<\/td><\/tr><tr><td class=\"has-text-align-right\" data-align=\"right\"><strong><strong>30.09.2022<\/strong><\/strong><\/td><td class=\"has-text-align-left\" data-align=\"left\">Depunerea \u0219i solu\u021bionarea contesta\u021biilor<\/td><\/tr><tr><td class=\"has-text-align-right\" data-align=\"right\"><strong><strong>03.10.2022<\/strong><\/strong><\/td><td class=\"has-text-align-left\" data-align=\"left\">Afi\u0219area rezultatelor finale (turul I)<\/td><\/tr><tr><td class=\"has-text-align-right\" data-align=\"right\"><strong><strong>04.10.2022<\/strong><\/strong><\/td><td class=\"has-text-align-left\" data-align=\"left\">Confirmarea locurilor de c\u0103tre candida\u021bii admi\u0219i (turul I)<\/td><\/tr><tr><td class=\"has-text-align-right\" data-align=\"right\"><strong><strong>05.10.2022<\/strong><\/strong><\/td><td class=\"has-text-align-left\" data-align=\"left\">Afi\u0219area rezultatelor (turul II) \u2013 dac\u0103 este cazul<\/td><\/tr><tr><td class=\"has-text-align-right\" data-align=\"right\"><strong><strong>05.10.2022<\/strong><\/strong><\/td><td class=\"has-text-align-left\" data-align=\"left\">Confirmarea locurilor de c\u0103tre candida\u021bii admi\u0219i (turul II)<\/td><\/tr><tr><td class=\"has-text-align-right\" data-align=\"right\"><strong><strong>06.10.2022<\/strong><\/strong><\/td><td class=\"has-text-align-left\" data-align=\"left\">\u00cenmatricularea cercet\u0103torilor postdoctoranzi<\/td><\/tr><\/tbody><\/table><\/figure><\/div><\/div>\n\n\n<p><strong>Desf\u0103\u0219urarea admiterii la programul postdoctoral de cercetare avansat\u0103 \u00een domeniul Biologie<\/strong><\/p>\n\n\n<ul class=\"wp-block-list has-ek-typography\" style=\"\">\n<li>Concursul de admitere se desf\u0103\u0219oar\u0103 \u00een dou\u0103 etape:<\/li>\n<\/ul>\n\n\n<p>&#8211; etapa I: evaluarea dosarului \u00een vederea stabilirii eligibilit\u0103\u021bii\/neeligibilit\u0103\u021bii candidatului;<br>&#8211; etapa a II-a: sus\u021binerea unui proiect de cercetare \u0219tiin\u021bific\u0103 \u00een fa\u021ba unei comisii de evaluare.<\/p>\n\n\n<ul class=\"wp-block-list has-ek-typography\" style=\"\">\n<li>Vor fi evaluate:<\/li>\n<\/ul>\n\n\n<p>(a) preg\u0103tirea profesional\u0103 \u015fi rezultatele activit\u0103\u0163ii \u015ftiin\u0163ifice desf\u0103\u0219urate de candidat \u00een domeniul de cercetare vizat (40% din nota final\u0103);<br>(b) calitatea proiectului de cercetare postdoctoral\u0103 (30% din nota final\u0103);<br>(c) sus\u021binerea proiectului de cercetare \u00een fa\u021ba comisiei de evaluare, inclusiv calitatea r\u0103spunsurilor la \u00eentreb\u0103rile membrilor comisiei de evaluare (30% din nota final\u0103).<\/p>\n\n\n\n<p><strong>Locuri scoase la concurs \u00een sesiunea de admitere <strong>septembrie-octombrie 2022<\/strong><br>la programele postdoctorale de cercetare avansat\u0103<\/strong><\/p>\n\n\n<div class=\"wp-block-group has-ek-typography\" style=\"\"><div class=\"wp-block-group__inner-container is-layout-flow wp-block-group-is-layout-flow\"><figure class=\"wp-block-table has-ek-typography\" style=\"\"><table><tbody><tr><td class=\"has-text-align-right\" data-align=\"right\"><\/td><td>Domeniul de doctorat:\u00a0<strong>Biologie<\/strong><\/td><\/tr><tr><td class=\"has-text-align-right\" data-align=\"right\"><strong>\u0218coala Doctoral\u0103 de Biologie<\/strong><\/td><td>Nr. de locuri finan\u021bate de IOSUD-UAIC:\u00a0<strong>2<\/strong><\/td><\/tr><tr><td class=\"has-text-align-right\" data-align=\"right\"><\/td><td>Nr. de locuri cu tax\u0103:\u00a0<strong>2<\/strong><\/td><\/tr><\/tbody><\/table><\/figure><\/div><\/div>\n\n\n<p><strong>Mentori<\/strong><\/p>\n\n\n\n<p>Conduc\u0103torii de doctorat din cadrul \u0218colii Doctorale de Biologie<\/p>\n\n\n\n<p><strong>Teme de cercetare<\/strong><\/p>\n\n\n\n<p>\u00cen acord cu domeniile de competen\u021b\u0103 ale conduc\u0103torilor de doctorat<\/p>\n\n\n\n<p class=\"has-text-align-center\">CONTACT:<br>telefon: <strong>+40-232-201072<\/strong><br><\/p>\n","protected":false},"excerpt":{"rendered":"<p>Universitatea \u201eAlexandru Ioan Cuza\u201d din Ia\u0219i (UAIC) sus\u021bine cercetarea \u0219tiin\u021bific\u0103 \u0219i dezvoltarea resurselor umane prin organizarea \u0219i desf\u0103\u0219urarea de programe postdoctorale de cercetare avansat\u0103, destinate dezvolt\u0103rii profesionale prin formarea de competen\u021be \u0219i abilit\u0103\u021bi \u00een cercetarea \u0219tiin\u021bific\u0103, \u00een context interdisciplinar \u0219i competitiv. \u00cen acest sens, \u0218coala Doctoral\u0103 de Biologie organizeaz\u0103 programul postdoctoral de cercetare avansat\u0103 \u00een&hellip; <br \/> <a class=\"read-more\" href=\"https:\/\/www.bio.uaic.ro\/?page_id=1769\">Cite\u0219te mai mult<\/a><\/p>\n","protected":false},"author":1,"featured_media":0,"parent":524,"menu_order":0,"comment_status":"closed","ping_status":"closed","template":"page-templates\/page-with-right-sidebar.php","meta":{"_editorskit_title_hidden":false,"_editorskit_reading_time":2,"_editorskit_is_block_options_detached":false,"_editorskit_block_options_position":"{}","_editorskit_typography_data":[],"_editorskit_blocks_typography":"","_uag_custom_page_level_css":"","footnotes":""},"class_list":["post-1769","page","type-page","status-publish","hentry"],"featured_image_src":null,"uagb_featured_image_src":{"full":false,"thumbnail":false,"medium":false,"medium_large":false,"large":false,"1536x1536":false,"2048x2048":false,"post-thumbnail":false,"mesmerize-full-hd":false},"uagb_author_info":{"display_name":"admin","author_link":"https:\/\/www.bio.uaic.ro\/?author=1"},"uagb_comment_info":0,"uagb_excerpt":"Universitatea \u201eAlexandru Ioan Cuza\u201d din Ia\u0219i (UAIC) sus\u021bine cercetarea \u0219tiin\u021bific\u0103 \u0219i dezvoltarea resurselor umane prin organizarea \u0219i desf\u0103\u0219urarea de programe postdoctorale de cercetare avansat\u0103, destinate dezvolt\u0103rii profesionale prin formarea de competen\u021be \u0219i abilit\u0103\u021bi \u00een cercetarea \u0219tiin\u021bific\u0103, \u00een context interdisciplinar \u0219i competitiv. \u00cen acest sens, \u0218coala Doctoral\u0103 de Biologie organizeaz\u0103 programul postdoctoral de cercetare avansat\u0103 \u00een&hellip;&hellip;","_links":{"self":[{"href":"https:\/\/www.bio.uaic.ro\/index.php?rest_route=\/wp\/v2\/pages\/1769","targetHints":{"allow":["GET"]}}],"collection":[{"href":"https:\/\/www.bio.uaic.ro\/index.php?rest_route=\/wp\/v2\/pages"}],"about":[{"href":"https:\/\/www.bio.uaic.ro\/index.php?rest_route=\/wp\/v2\/types\/page"}],"author":[{"embeddable":true,"href":"https:\/\/www.bio.uaic.ro\/index.php?rest_route=\/wp\/v2\/users\/1"}],"replies":[{"embeddable":true,"href":"https:\/\/www.bio.uaic.ro\/index.php?rest_route=%2Fwp%2Fv2%2Fcomments&post=1769"}],"version-history":[{"count":32,"href":"https:\/\/www.bio.uaic.ro\/index.php?rest_route=\/wp\/v2\/pages\/1769\/revisions"}],"predecessor-version":[{"id":18943,"href":"https:\/\/www.bio.uaic.ro\/index.php?rest_route=\/wp\/v2\/pages\/1769\/revisions\/18943"}],"up":[{"embeddable":true,"href":"https:\/\/www.bio.uaic.ro\/index.php?rest_route=\/wp\/v2\/pages\/524"}],"wp:attachment":[{"href":"https:\/\/www.bio.uaic.ro\/index.php?rest_route=%2Fwp%2Fv2%2Fmedia&parent=1769"}],"curies":[{"name":"wp","href":"https:\/\/api.w.org\/{rel}","templated":true}]}}