{"id":1763,"date":"2021-01-27T10:07:02","date_gmt":"2021-01-27T08:07:02","guid":{"rendered":"http:\/\/85.122.19.109\/?page_id=1763"},"modified":"2026-02-05T13:02:21","modified_gmt":"2026-02-05T11:02:21","slug":"proiecte-cercetare","status":"publish","type":"page","link":"https:\/\/www.bio.uaic.ro\/?page_id=1763","title":{"rendered":"Proiecte cercetare"},"content":{"rendered":"<figure class=\"wp-block-image size-large has-ek-typography\" style=\"\"><img loading=\"lazy\" decoding=\"async\" width=\"1024\" height=\"301\" src=\"https:\/\/www.bio.uaic.ro\/wp-content\/uploads\/2021\/03\/proiect-1024x301.jpg\" alt=\"\" class=\"wp-image-3670\" srcset=\"https:\/\/www.bio.uaic.ro\/wp-content\/uploads\/2021\/03\/proiect-1024x301.jpg 1024w, https:\/\/www.bio.uaic.ro\/wp-content\/uploads\/2021\/03\/proiect-300x88.jpg 300w, https:\/\/www.bio.uaic.ro\/wp-content\/uploads\/2021\/03\/proiect-768x226.jpg 768w, https:\/\/www.bio.uaic.ro\/wp-content\/uploads\/2021\/03\/proiect.jpg 1280w\" sizes=\"auto, (max-width: 1024px) 100vw, 1024px\" \/><\/figure>\n\n<div style=\"height:50px\" aria-hidden=\"true\" class=\"wp-block-spacer has-ek-typography\"><\/div>\n\n<figure class=\"wp-block-table has-ek-typography\" style=\"\"><table class=\"has-fixed-layout\"><tbody><tr><td class=\"has-text-align-center\" data-align=\"center\"><strong>2019<\/strong><\/td><td class=\"has-text-align-center\" data-align=\"center\"><strong>2020<\/strong><\/td><\/tr><tr><td class=\"has-text-align-center\" data-align=\"center\"><a href=\"http:\/\/cercetare.bio.uaic.ro\/doctorat\/pcs\/PROIECTE_CERCETARE_STIINTIFICA_2019_ANUNT_SUSTINERE.pdf\" class=\"mtli_attachment mtli_pdf\" target=\"_blank\" rel=\"noreferrer noopener\">Sus\u021binerea proiectelor de cercetare \u0219tiin\u021bific\u0103 &#8211; <strong>Sesiunea septembrie 2019<\/strong><\/a><\/td><td class=\"has-text-align-center\" data-align=\"center\"><a href=\"http:\/\/cercetare.bio.uaic.ro\/doctorat\/pcs\/PROIECTE_CERCETARE_STIINTIFICA_2020_ANUNT_SUSTINERE.pdf\" class=\"mtli_attachment mtli_pdf\" target=\"_blank\" rel=\"noreferrer noopener\">Sus\u021binerea proiectelor de cercetare \u0219tiin\u021bific\u0103 <strong>Sesiunea septembrie 2020<\/strong><\/a><br><br><a href=\"http:\/\/cercetare.bio.uaic.ro\/doctorat\/pcs\/PROIECTE_CERCETARE_STIINTIFICA_2020_ANUNT_PROGRAMARE_SUSTINERE.pdf\" class=\"mtli_attachment mtli_pdf\" target=\"_blank\" rel=\"noreferrer noopener\">Programarea sus\u0163inerii proiectelor de cercetare \u015ftiin\u0163ific\u0103 anul I<\/a><br><a href=\"http:\/\/cercetare.bio.uaic.ro\/doctorat\/pcs\/PROIECTE_CERCETARE_STIINTIFICA_2020_ANUNT_PROGRAMARE_SUSTINERE.pdf\" class=\"mtli_attachment mtli_pdf\" target=\"_blank\" rel=\"noreferrer noopener\"><strong>Sesiunea septembrie 2020<\/strong><\/a><\/td><\/tr><\/tbody><\/table><\/figure>\n\n<p class=\" has-ek-typography\" style=\"\"><\/p>\n\n\n<p><\/p>\n","protected":false},"excerpt":{"rendered":"<p>2019 2020 Sus\u021binerea proiectelor de cercetare \u0219tiin\u021bific\u0103 &#8211; Sesiunea septembrie 2019 Sus\u021binerea proiectelor de cercetare \u0219tiin\u021bific\u0103 Sesiunea septembrie 2020 Programarea sus\u0163inerii proiectelor de cercetare \u015ftiin\u0163ific\u0103 anul ISesiunea septembrie 2020<\/p>\n","protected":false},"author":1,"featured_media":0,"parent":1749,"menu_order":0,"comment_status":"closed","ping_status":"closed","template":"page-templates\/page-with-right-sidebar.php","meta":{"_editorskit_title_hidden":false,"_editorskit_reading_time":0,"_editorskit_is_block_options_detached":false,"_editorskit_block_options_position":"{}","_editorskit_typography_data":[],"_editorskit_blocks_typography":"","_uag_custom_page_level_css":"","footnotes":""},"class_list":["post-1763","page","type-page","status-publish","hentry"],"featured_image_src":null,"uagb_featured_image_src":{"full":false,"thumbnail":false,"medium":false,"medium_large":false,"large":false,"1536x1536":false,"2048x2048":false,"post-thumbnail":false,"mesmerize-full-hd":false},"uagb_author_info":{"display_name":"admin","author_link":"https:\/\/www.bio.uaic.ro\/?author=1"},"uagb_comment_info":0,"uagb_excerpt":"2019 2020 Sus\u021binerea proiectelor de cercetare \u0219tiin\u021bific\u0103 &#8211; Sesiunea septembrie 2019 Sus\u021binerea proiectelor de cercetare \u0219tiin\u021bific\u0103 Sesiunea septembrie 2020 Programarea sus\u0163inerii proiectelor de cercetare \u015ftiin\u0163ific\u0103 anul ISesiunea septembrie 2020","_links":{"self":[{"href":"https:\/\/www.bio.uaic.ro\/index.php?rest_route=\/wp\/v2\/pages\/1763","targetHints":{"allow":["GET"]}}],"collection":[{"href":"https:\/\/www.bio.uaic.ro\/index.php?rest_route=\/wp\/v2\/pages"}],"about":[{"href":"https:\/\/www.bio.uaic.ro\/index.php?rest_route=\/wp\/v2\/types\/page"}],"author":[{"embeddable":true,"href":"https:\/\/www.bio.uaic.ro\/index.php?rest_route=\/wp\/v2\/users\/1"}],"replies":[{"embeddable":true,"href":"https:\/\/www.bio.uaic.ro\/index.php?rest_route=%2Fwp%2Fv2%2Fcomments&post=1763"}],"version-history":[{"count":3,"href":"https:\/\/www.bio.uaic.ro\/index.php?rest_route=\/wp\/v2\/pages\/1763\/revisions"}],"predecessor-version":[{"id":24414,"href":"https:\/\/www.bio.uaic.ro\/index.php?rest_route=\/wp\/v2\/pages\/1763\/revisions\/24414"}],"up":[{"embeddable":true,"href":"https:\/\/www.bio.uaic.ro\/index.php?rest_route=\/wp\/v2\/pages\/1749"}],"wp:attachment":[{"href":"https:\/\/www.bio.uaic.ro\/index.php?rest_route=%2Fwp%2Fv2%2Fmedia&parent=1763"}],"curies":[{"name":"wp","href":"https:\/\/api.w.org\/{rel}","templated":true}]}}