{"id":1739,"date":"2021-01-27T09:50:38","date_gmt":"2021-01-27T07:50:38","guid":{"rendered":"http:\/\/85.122.19.109\/?page_id=1739"},"modified":"2023-07-04T12:33:57","modified_gmt":"2023-07-04T09:33:57","slug":"organizare","status":"publish","type":"page","link":"https:\/\/www.bio.uaic.ro\/?page_id=1739","title":{"rendered":"Organizare"},"content":{"rendered":"<div class=\"wp-block-columns is-style-gapless is-layout-flex wp-container-core-columns-is-layout-9d6595d7 wp-block-columns-is-layout-flex has-ek-typography\" style=\"\"><div class=\"wp-block-column is-layout-flow wp-block-column-is-layout-flow has-ek-typography\" style=\"\"><h3 class=\"wp-block-heading has-text-align-center has-text-color has-ek-typography\" style=\"color:#0e5820\">Conducerea \u0218colii Doctorale<\/h3>\n\n<div class=\"wp-block-image caption-align-center is-style-rounded\"><figure class=\"aligncenter size-large is-resized has-ek-typography\" style=\"\"><img loading=\"lazy\" decoding=\"async\" src=\"https:\/\/www.bio.uaic.ro\/wp-content\/uploads\/2021\/04\/Bejenaru-Luminita.jpg\" alt=\"\" class=\"wp-image-4813\" width=\"150\" height=\"150\"><figcaption class=\"wp-element-caption\"><strong>Director \u0218coala Doctoral\u0103 de Biologie:<\/strong> Prof. univ. dr. habil. Lumini\u0163a BEJENARU<\/figcaption><\/figure><\/div><\/div>\n\n<div class=\"wp-block-column is-layout-flow wp-block-column-is-layout-flow has-ek-typography\" style=\"\"><h3 class=\"wp-block-heading has-text-align-center has-text-color has-ek-typography\" style=\"color:#0e5820\">Secretariat<\/h3>\n\n<p class=\" has-ek-typography\" style=\"\"><\/p><\/div><\/div>\n\n<h3 class=\"wp-block-heading has-text-color has-ek-typography\" style=\"color:#0e5820\">Consiliul \u0218colii Doctorale<\/h3>\n\n<div class=\"wp-block-columns is-style-gapless is-layout-flex wp-container-core-columns-is-layout-9d6595d7 wp-block-columns-is-layout-flex has-ek-typography\" style=\"\"><div class=\"wp-block-column is-layout-flow wp-block-column-is-layout-flow has-ek-typography\" style=\"\"><div class=\"wp-block-image caption-align-center is-style-editorskit-circular\"><figure class=\"aligncenter size-large is-resized has-ek-typography\" style=\"\"><img loading=\"lazy\" decoding=\"async\" src=\"https:\/\/www.bio.uaic.ro\/wp-content\/uploads\/2021\/04\/Bejenaru-Luminita.jpg\" alt=\"\" class=\"wp-image-4813\" width=\"120\" height=\"120\"><figcaption class=\"wp-element-caption\">Prof. univ. dr. habil. Lumini\u0163a BEJENARU<\/figcaption><\/figure><\/div><\/div>\n\n<div class=\"wp-block-column is-layout-flow wp-block-column-is-layout-flow has-ek-typography\" style=\"\"><div class=\"wp-block-image caption-align-center is-style-rounded\"><figure class=\"aligncenter size-full is-resized has-ek-typography\" style=\"\"><img decoding=\"async\" src=\"https:\/\/www.bio.uaic.ro\/wp-content\/uploads\/2021\/03\/Stefan-Marius-1.jpg\" alt=\"\" class=\"wp-image-3510\" width=\"120\"><figcaption class=\"wp-element-caption\">Prof. univ. dr. habil. Marius \u0218TEFAN<\/figcaption><\/figure><\/div><\/div>\n\n<div class=\"wp-block-column is-layout-flow wp-block-column-is-layout-flow has-ek-typography\" style=\"\"><div class=\"wp-block-image caption-align-center is-style-rounded\"><figure class=\"aligncenter size-full is-resized has-ek-typography\" style=\"\"><img loading=\"lazy\" decoding=\"async\" src=\"https:\/\/www.bio.uaic.ro\/wp-content\/uploads\/2021\/03\/Mitroiu-Mircea-Dan.jpg\" alt=\"\" class=\"wp-image-4032\" width=\"120\" height=\"120\" srcset=\"https:\/\/www.bio.uaic.ro\/wp-content\/uploads\/2021\/03\/Mitroiu-Mircea-Dan.jpg 180w, https:\/\/www.bio.uaic.ro\/wp-content\/uploads\/2021\/03\/Mitroiu-Mircea-Dan-150x150.jpg 150w\" sizes=\"auto, (max-width: 120px) 100vw, 120px\" \/><figcaption class=\"wp-element-caption\">Conf. univ. dr. habil. Mircea-Dan MITROIU<\/figcaption><\/figure><\/div><\/div>\n\n<div class=\"wp-block-column is-layout-flow wp-block-column-is-layout-flow has-ek-typography\" style=\"\"><div class=\"wp-block-image caption-align-center is-style-rounded\"><figure class=\"aligncenter size-large is-resized has-ek-typography\" style=\"\"><img loading=\"lazy\" decoding=\"async\" src=\"https:\/\/www.bio.uaic.ro\/wp-content\/uploads\/2021\/05\/MonicaHANCIANU.jpg\" alt=\"\" class=\"wp-image-5771\" width=\"120\" height=\"120\" srcset=\"https:\/\/www.bio.uaic.ro\/wp-content\/uploads\/2021\/05\/MonicaHANCIANU.jpg 300w, https:\/\/www.bio.uaic.ro\/wp-content\/uploads\/2021\/05\/MonicaHANCIANU-150x150.jpg 150w\" sizes=\"auto, (max-width: 120px) 100vw, 120px\" \/><figcaption class=\"wp-element-caption\">Prof. univ. dr. Monica H\u0102NCIANU, Univ. de Medicin\u0103 \u015fi Farmacie &#8222;Gr. T. Popa&#8221; Ia\u015fi<\/figcaption><\/figure><\/div><\/div>\n\n<div class=\"wp-block-column is-layout-flow wp-block-column-is-layout-flow has-ek-typography\" style=\"\"><div class=\"wp-block-image caption-align-center is-style-rounded\"><figure class=\"aligncenter size-large is-resized has-ek-typography\" style=\"\"><img loading=\"lazy\" decoding=\"async\" src=\"https:\/\/www.bio.uaic.ro\/wp-content\/uploads\/2021\/05\/DJitareanu.jpg\" alt=\"\" class=\"wp-image-5772\" width=\"120\" height=\"120\" srcset=\"https:\/\/www.bio.uaic.ro\/wp-content\/uploads\/2021\/05\/DJitareanu.jpg 300w, https:\/\/www.bio.uaic.ro\/wp-content\/uploads\/2021\/05\/DJitareanu-150x150.jpg 150w\" sizes=\"auto, (max-width: 120px) 100vw, 120px\" \/><figcaption class=\"wp-element-caption\">Prof. univ. dr. Carmenica Doina JIT\u0102REANU, USV &#8222;Ion Ionescu de la Brad&#8221; Ia\u015fi<\/figcaption><\/figure><\/div><\/div>\n\n<div class=\"wp-block-column is-layout-flow wp-block-column-is-layout-flow has-ek-typography\" style=\"\"><div class=\"wp-block-image caption-align-center is-style-rounded\"><figure class=\"aligncenter size-large is-resized has-ek-typography\" style=\"\"><img loading=\"lazy\" decoding=\"async\" src=\"https:\/\/www.bio.uaic.ro\/wp-content\/uploads\/2021\/03\/IMG_20200503_105258.jpg\" alt=\"\" class=\"wp-image-3140\" width=\"120\" height=\"120\" srcset=\"https:\/\/www.bio.uaic.ro\/wp-content\/uploads\/2021\/03\/IMG_20200503_105258.jpg 278w, https:\/\/www.bio.uaic.ro\/wp-content\/uploads\/2021\/03\/IMG_20200503_105258-150x150.jpg 150w\" sizes=\"auto, (max-width: 120px) 100vw, 120px\" \/><figcaption class=\"wp-element-caption\">Student\u0103-doctorand Elena-Iren H\u00c2NCU (C\u0103s. OLARU)<\/figcaption><\/figure><\/div><\/div>\n\n<div class=\"wp-block-column is-layout-flow wp-block-column-is-layout-flow has-ek-typography\" style=\"\"><div class=\"wp-block-image caption-align-center is-style-rounded\"><figure class=\"aligncenter size-full is-resized has-ek-typography\" style=\"\"><img loading=\"lazy\" decoding=\"async\" src=\"https:\/\/www.bio.uaic.ro\/wp-content\/uploads\/2023\/01\/Loredana-Mantea.jpg\" alt=\"\" class=\"wp-image-14865\" width=\"120\" height=\"120\"><figcaption class=\"wp-element-caption\">Student\u0103-doctorand Loredana-Elena MANTEA<\/figcaption><\/figure><\/div><\/div><\/div>\n\n<p class=\" has-ek-typography\" style=\"\"><\/p>","protected":false},"excerpt":{"rendered":"<p>Conducerea \u0218colii Doctorale Secretariat Consiliul \u0218colii Doctorale<\/p>\n","protected":false},"author":1,"featured_media":0,"parent":1733,"menu_order":0,"comment_status":"closed","ping_status":"closed","template":"page-templates\/page-with-right-sidebar.php","meta":{"_editorskit_title_hidden":false,"_editorskit_reading_time":1,"_editorskit_is_block_options_detached":false,"_editorskit_block_options_position":"{}","_editorskit_typography_data":[],"_editorskit_blocks_typography":"","_uag_custom_page_level_css":"","footnotes":""},"class_list":["post-1739","page","type-page","status-publish","hentry"],"featured_image_src":null,"uagb_featured_image_src":{"full":false,"thumbnail":false,"medium":false,"medium_large":false,"large":false,"1536x1536":false,"2048x2048":false,"post-thumbnail":false,"mesmerize-full-hd":false},"uagb_author_info":{"display_name":"admin","author_link":"https:\/\/www.bio.uaic.ro\/?author=1"},"uagb_comment_info":0,"uagb_excerpt":"Conducerea \u0218colii Doctorale Secretariat Consiliul \u0218colii Doctorale","_links":{"self":[{"href":"https:\/\/www.bio.uaic.ro\/index.php?rest_route=\/wp\/v2\/pages\/1739","targetHints":{"allow":["GET"]}}],"collection":[{"href":"https:\/\/www.bio.uaic.ro\/index.php?rest_route=\/wp\/v2\/pages"}],"about":[{"href":"https:\/\/www.bio.uaic.ro\/index.php?rest_route=\/wp\/v2\/types\/page"}],"author":[{"embeddable":true,"href":"https:\/\/www.bio.uaic.ro\/index.php?rest_route=\/wp\/v2\/users\/1"}],"replies":[{"embeddable":true,"href":"https:\/\/www.bio.uaic.ro\/index.php?rest_route=%2Fwp%2Fv2%2Fcomments&post=1739"}],"version-history":[{"count":16,"href":"https:\/\/www.bio.uaic.ro\/index.php?rest_route=\/wp\/v2\/pages\/1739\/revisions"}],"predecessor-version":[{"id":16619,"href":"https:\/\/www.bio.uaic.ro\/index.php?rest_route=\/wp\/v2\/pages\/1739\/revisions\/16619"}],"up":[{"embeddable":true,"href":"https:\/\/www.bio.uaic.ro\/index.php?rest_route=\/wp\/v2\/pages\/1733"}],"wp:attachment":[{"href":"https:\/\/www.bio.uaic.ro\/index.php?rest_route=%2Fwp%2Fv2%2Fmedia&parent=1739"}],"curies":[{"name":"wp","href":"https:\/\/api.w.org\/{rel}","templated":true}]}}