{"id":1737,"date":"2021-01-27T09:46:02","date_gmt":"2021-01-27T07:46:02","guid":{"rendered":"http:\/\/85.122.19.109\/?page_id=1737"},"modified":"2024-03-27T08:53:06","modified_gmt":"2024-03-27T06:53:06","slug":"scurt-istoric","status":"publish","type":"page","link":"https:\/\/www.bio.uaic.ro\/?page_id=1737","title":{"rendered":"Scurt istoric"},"content":{"rendered":"<figure class=\"wp-block-image size-large has-ek-typography\" style=\"\"><img loading=\"lazy\" decoding=\"async\" width=\"1024\" height=\"294\" src=\"https:\/\/www.bio.uaic.ro\/wp-content\/uploads\/2021\/03\/timp-1024x294.png\" alt=\"\" class=\"wp-image-2859\" srcset=\"https:\/\/www.bio.uaic.ro\/wp-content\/uploads\/2021\/03\/timp-1024x294.png 1024w, https:\/\/www.bio.uaic.ro\/wp-content\/uploads\/2021\/03\/timp-300x86.png 300w, https:\/\/www.bio.uaic.ro\/wp-content\/uploads\/2021\/03\/timp-768x220.png 768w, https:\/\/www.bio.uaic.ro\/wp-content\/uploads\/2021\/03\/timp.png 1280w\" sizes=\"auto, (max-width: 1024px) 100vw, 1024px\" \/><\/figure>\n\n<p class=\" has-ek-typography\" style=\"\"><strong>1860:<\/strong> \u00eenfiin\u021barea Universit\u0103\u021bii Alexandru Ioan Cuza din Ia\u0219i<br><strong>1863:<\/strong> \u00eenfiin\u021barea Facult\u0103\u021bii de \u0218tiin\u021be, cu sec\u021bia de \u0218tiin\u021be naturale<br><strong>1948:<\/strong> \u00eenfiin\u021barea Facult\u0103\u021bii de \u0218tiin\u021be naturale<\/p>\n\n\n<p>Primii profesori ai Facult\u0103\u021bii de Biologie \u0219i-au sus\u021binut doctoratul \u00een Fran\u021ba, la Paris (Gr. Cob\u00e2lcescu, D. Br\u00e2ndz\u0103, A. F\u0103tu, I.C. Constantineanu, L. Cosmovici, N. Leon, I. Borcea, M. Vl\u0103descu, P. Bujor, I.Gr. Botez) sau \u00een Germania la Bonn (Al. Popovici), devenind apoi ei \u00een\u0219i\u0219i conduc\u0103tori de doctorat, cei mai mul\u021bi p\u00e2n\u0103 la al doilea r\u0103zboi mondial. Conduc\u0103tori de doctorat \u00eentre cele dou\u0103 r\u0103zboaie mondiale: Constantin Papp (Botanic\u0103), Paul Bujor (Anatomie comparat\u0103), Constantin Mota\u0219 (Zoologie) \u0219i Leon Cosmovici (Fiziologie animal\u0103).<\/p>\n\n\n<figure class=\"wp-block-table aligncenter has-ek-typography\" style=\"\"><table class=\"has-fixed-layout\"><tbody><tr><td class=\"has-text-align-center\" data-align=\"center\"><img loading=\"lazy\" decoding=\"async\" width=\"119\" height=\"160\" class=\"wp-image-2831\" style=\"width: 119px;\" src=\"https:\/\/www.bio.uaic.ro\/wp-content\/uploads\/2021\/03\/Anastasie_Fatu.png\" alt=\"\"><\/td><td class=\"has-text-align-center\" data-align=\"center\"><img loading=\"lazy\" decoding=\"async\" width=\"119\" height=\"160\" class=\"wp-image-2832\" style=\"width: 119px;\" src=\"https:\/\/www.bio.uaic.ro\/wp-content\/uploads\/2021\/03\/Leon_Cosmovici.png\" alt=\"\"><\/td><td class=\"has-text-align-center\" data-align=\"center\"><img loading=\"lazy\" decoding=\"async\" width=\"119\" height=\"160\" class=\"wp-image-2833\" style=\"width: 119px;\" src=\"https:\/\/www.bio.uaic.ro\/wp-content\/uploads\/2021\/03\/Ioan_Borcea.png\" alt=\"\"><\/td><td class=\"has-text-align-center\" data-align=\"center\"><img loading=\"lazy\" decoding=\"async\" width=\"119\" height=\"160\" class=\"wp-image-2834\" style=\"width: 119px;\" src=\"https:\/\/www.bio.uaic.ro\/wp-content\/uploads\/2021\/03\/Paul_Bujor.png\" alt=\"\"><\/td><td class=\"has-text-align-center\" data-align=\"center\"><img loading=\"lazy\" decoding=\"async\" width=\"109\" height=\"157\" class=\"wp-image-2817\" style=\"width: 109px;\" src=\"https:\/\/www.bio.uaic.ro\/wp-content\/uploads\/2021\/03\/Alexandru_Popovici-2.png\" alt=\"\"><\/td><\/tr><tr><td class=\"has-text-align-center\" data-align=\"center\">Anastasie F\u0103tu<br>(1816-1886)<\/td><td class=\"has-text-align-center\" data-align=\"center\">Leon Cosmovici<br>(1857-1921)<\/td><td class=\"has-text-align-center\" data-align=\"center\">Ioan Borcea<br>(1879-1936)<\/td><td class=\"has-text-align-center\" data-align=\"center\">Paul Bujor<br>(1862-1952)<\/td><td class=\"has-text-align-center\" data-align=\"center\">Alexandru Popovici<br>(1866-1941)<\/td><\/tr><\/tbody><\/table><\/figure>\n\n\n<p><strong>1948:<\/strong> Reforma \u00eenv\u0103\u021b\u0103m\u00e2ntului<br>Dup\u0103 reforma \u00eenv\u0103\u021b\u0103m\u00e2ntului devin conduc\u0103tori de doctorat: Constantin Burduja (Botanic\u0103), Mihai Constantineanu (Zoologie), Sergiu C\u0103r\u0103u\u0219u (Hidrobiologie), Petre Jitariu (Fiziologie animal\u0103), Olga Necrasov (Antropologie), Zicman Feider (Zoologie).<\/p>\n\n\n\n<figure class=\"wp-block-table aligncenter\"><table class=\"has-fixed-layout\"><tbody><tr><td class=\"has-text-align-center\" data-align=\"center\"><img loading=\"lazy\" decoding=\"async\" width=\"119\" height=\"160\" class=\"wp-image-2836\" style=\"width: 119px;\" src=\"https:\/\/www.bio.uaic.ro\/wp-content\/uploads\/2021\/03\/Constantin_Papp.png\" alt=\"\"><\/td><td class=\"has-text-align-center\" data-align=\"center\"><img loading=\"lazy\" decoding=\"async\" width=\"119\" height=\"160\" class=\"wp-image-2837\" style=\"width: 119px;\" src=\"https:\/\/www.bio.uaic.ro\/wp-content\/uploads\/2021\/03\/Constantin_Burduja.png\" alt=\"\"><\/td><td class=\"has-text-align-center\" data-align=\"center\"><img loading=\"lazy\" decoding=\"async\" width=\"119\" height=\"160\" class=\"wp-image-2838\" style=\"width: 119px;\" src=\"https:\/\/www.bio.uaic.ro\/wp-content\/uploads\/2021\/03\/Mihai_Constantineanu.png\" alt=\"\"><\/td><td class=\"has-text-align-center\" data-align=\"center\"><img loading=\"lazy\" decoding=\"async\" width=\"119\" height=\"160\" class=\"wp-image-2839\" style=\"width: 119px;\" src=\"https:\/\/www.bio.uaic.ro\/wp-content\/uploads\/2021\/03\/Petre_Jitariu.png\" alt=\"\"><\/td><td class=\"has-text-align-center\" data-align=\"center\"><img loading=\"lazy\" decoding=\"async\" width=\"119\" height=\"160\" class=\"wp-image-2840\" style=\"width: 119px;\" src=\"https:\/\/www.bio.uaic.ro\/wp-content\/uploads\/2021\/03\/Olga_Necrasov.png\" alt=\"\"><\/td><\/tr><tr><td class=\"has-text-align-center\" data-align=\"center\">Constantin Pap<br>&nbsp;(1896-1972)&nbsp;<\/td><td class=\"has-text-align-center\" data-align=\"center\">Constantin Burduja<br>(1906-1983)&nbsp;<\/td><td class=\"has-text-align-center\" data-align=\"center\">Mihai Constantineanu<br>(1894-1993)<\/td><td class=\"has-text-align-center\" data-align=\"center\">Petre Jitariu&nbsp;<br>(1905-1989)<\/td><td class=\"has-text-align-center\" data-align=\"center\">Olga Necrasov<br>(1910-2000)<\/td><\/tr><\/tbody><\/table><\/figure>\n\n\n\n<p>Dup\u0103 <strong>1975<\/strong> devin conduc\u0103tori de doctorat Napoleon Topal\u0103 (Microbiologie), Corneliu Zolyneak (Genetic\u0103), Constantin Pisic\u0103 (Zoologie), Vlad Artenie (Biochimie) \u0219i Constantin Toma (Botanic\u0103). \u00cencep\u00e2nd cu anul 1989 num\u0103rul conduc\u0103torilor de doctorat cre\u0219te, ultimilor trei de mai sus al\u0103tur\u00e2ndu-li-se Dumitru Mititelu, Toader Chifu \u0219i Mihai Mititiuc (Botanic\u0103), Gheorghe Acatrinei \u0219i Octavian Raianu (Fiziologie vegetal\u0103), Iordache Tudose \u0219i Ion B\u0103ra (Genetic\u0103), Nicolae Valenciuc, Iordache Ion, Ionel Andriescu, Gheorghe Musta\u021b\u0103 (Zoologie), Ionel Miron (Hidrobiologie), Oct\u0103vi\u021ba Ailiesei (Microbiologie), Sergiu Haimovici (Anatomie comparat\u0103), Vasile Hefco (Fiziologie animal\u0103).<\/p>\n\n\n\n<figure class=\"wp-block-table aligncenter\"><table class=\"has-fixed-layout\"><tbody><tr><td class=\"has-text-align-center\" data-align=\"center\"><img loading=\"lazy\" decoding=\"async\" width=\"119\" height=\"160\" class=\"wp-image-2842\" style=\"width: 119px;\" src=\"https:\/\/www.bio.uaic.ro\/wp-content\/uploads\/2021\/03\/Napoleon_Topala.png\" alt=\"\"><\/td><td class=\"has-text-align-center\" data-align=\"center\"><img loading=\"lazy\" decoding=\"async\" width=\"119\" height=\"160\" class=\"wp-image-2843\" style=\"width: 119px;\" src=\"https:\/\/www.bio.uaic.ro\/wp-content\/uploads\/2021\/03\/Dumitru_Mititelu.png\" alt=\"\"><\/td><td class=\"has-text-align-center\" data-align=\"center\"><img loading=\"lazy\" decoding=\"async\" width=\"119\" height=\"160\" class=\"wp-image-2844\" style=\"width: 119px;\" src=\"https:\/\/www.bio.uaic.ro\/wp-content\/uploads\/2021\/03\/Gheorghe_Acatrinei.png\" alt=\"\"><\/td><td class=\"has-text-align-center\" data-align=\"center\"><img loading=\"lazy\" decoding=\"async\" width=\"119\" height=\"160\" class=\"wp-image-2845\" style=\"width: 119px;\" src=\"https:\/\/www.bio.uaic.ro\/wp-content\/uploads\/2021\/03\/Nicolai_Valenciuc.png\" alt=\"\"><\/td><td class=\"has-text-align-center\" data-align=\"center\"><img loading=\"lazy\" decoding=\"async\" width=\"119\" height=\"160\" class=\"wp-image-2846\" style=\"width: 119px;\" src=\"https:\/\/www.bio.uaic.ro\/wp-content\/uploads\/2021\/03\/Sergiu_Haimovici.png\" alt=\"\"><\/td><\/tr><tr><td class=\"has-text-align-center\" data-align=\"center\">Napoleon Topal\u0103<br>(1928-1988)<\/td><td class=\"has-text-align-center\" data-align=\"center\">Dumitru Mititelu<br>(1929-2005)<\/td><td class=\"has-text-align-center\" data-align=\"center\">Gheorghe Acatrinei<br>(1930-2004)<\/td><td class=\"has-text-align-center\" data-align=\"center\">Nicolae Valenciuc<br>(1925-2006)<\/td><td class=\"has-text-align-center\" data-align=\"center\">Sergiu Haimovici<br>(1929-2009)<\/td><\/tr><\/tbody><\/table><\/figure>\n\n\n\n<p>Dup\u0103\u00a0<strong>2000<\/strong>\u00a0devin conduc\u0103tori de doctorat Maria Magdalena Zamfirache (Fiziologie vegetal\u0103), C\u0103t\u0103lin T\u0103nase (Micologie), Dumitru Cojocaru (Biochimie) \u0219i Ion Moglan (Entomologie). \u00cen ultimii cinci ani au devenit (dup\u0103 dob\u00e2ndirea atestatului de abilitare) conduc\u0103tori de doctorat Lucian Hri\u021bcu (Fiziologie animal\u0103), Marius \u0218tefan (Microbiologie), Mircea Mitroiu (Entomologie), Marius Mih\u0103\u0219an (Biochimie), Lucian Gorgan (Genetic\u0103), Lumini\u021ba Bejenaru (Arheozoologie) \u0219i Ciob\u00eec\u0103 Alin (Fiziologie animal\u0103).<\/p>\n\n\n\n<figure class=\"wp-block-table aligncenter\"><table class=\"has-fixed-layout\"><tbody><tr><td class=\"has-text-align-center\" data-align=\"center\"><img loading=\"lazy\" decoding=\"async\" width=\"119\" height=\"160\" class=\"wp-image-2848\" style=\"width: 119px;\" src=\"https:\/\/www.bio.uaic.ro\/wp-content\/uploads\/2021\/03\/Vasile_Hefco.png\" alt=\"\"><\/td><td class=\"has-text-align-center\" data-align=\"center\"><img loading=\"lazy\" decoding=\"async\" width=\"119\" height=\"160\" class=\"wp-image-2849\" style=\"width: 119px;\" src=\"https:\/\/www.bio.uaic.ro\/wp-content\/uploads\/2021\/03\/Ion_Bara.png\" alt=\"\"><\/td><td class=\"has-text-align-center\" data-align=\"center\"><img loading=\"lazy\" decoding=\"async\" width=\"119\" height=\"160\" class=\"wp-image-2850\" style=\"width: 119px;\" src=\"https:\/\/www.bio.uaic.ro\/wp-content\/uploads\/2021\/03\/Zicman_Feider.png\" alt=\"\"><\/td><td class=\"has-text-align-center\" data-align=\"center\"><img loading=\"lazy\" decoding=\"async\" width=\"119\" height=\"160\" class=\"wp-image-2851\" style=\"width: 119px;\" src=\"https:\/\/www.bio.uaic.ro\/wp-content\/uploads\/2021\/03\/Corneliu_Zolyneak.png\" alt=\"\"><\/td><td class=\"has-text-align-center\" data-align=\"center\"><img loading=\"lazy\" decoding=\"async\" width=\"119\" height=\"160\" class=\"wp-image-2852\" style=\"width: 119px;\" src=\"https:\/\/www.bio.uaic.ro\/wp-content\/uploads\/2021\/03\/Iordachi_Tudose.png\" alt=\"\"><\/td><\/tr><tr><td class=\"has-text-align-center\" data-align=\"center\">Vasile Hefco&nbsp;<br>(1937-2005)<\/td><td class=\"has-text-align-center\" data-align=\"center\">Ion B\u0103ra<br>(1941-2007)<\/td><td class=\"has-text-align-center\" data-align=\"center\">Zicman Feider<br>(1903-1979)<\/td><td class=\"has-text-align-center\" data-align=\"center\">Corneliu Zolyneak<br>(1928-1985)<\/td><td class=\"has-text-align-center\" data-align=\"center\">Iordachi Tudose<br>(1937-1997)<\/td><\/tr><\/tbody><\/table><\/figure>\n\n\n\n<p>\u00cen prezent \u0218coala doctoral\u0103 de Biologie este format\u0103 din zece <a href=\"https:\/\/www.bio.uaic.ro\/?page_id=1741\">conduc\u0103tori de doctorat<\/a>.<\/p>\n\n\n<div class=\"wp-block-buttons is-horizontal is-content-justification-right is-layout-flex wp-container-core-buttons-is-layout-ae2fe186 wp-block-buttons-is-layout-flex has-ek-typography\" style=\"\"><div class=\"wp-block-button has-custom-width wp-block-button__width-75 is-style-fill has-ek-typography\" style=\"\"><a class=\"wp-block-button__link has-white-color has-black-background-color has-text-color has-background wp-element-button\"><em>Prof. dr. Constantin Toma, membru titular al Academiei Rom\u00e2ne.<\/em><\/a><\/div><\/div>\n\n<div style=\"height:8px\" aria-hidden=\"true\" class=\"wp-block-spacer has-ek-typography\"><\/div>\n\n\n<figure class=\"wp-block-table\"><table><tbody><tr><td class=\"has-text-align-right\" data-align=\"right\"><em>Alese mul\u021bumiri, Prof. dr. Gheorghe Musta\u021b\u0103 \u0219i<br>Prof. dr. C\u0103t\u0103lin T\u0103nase, directorul Gr\u0103dinii Botanice &#8222;Anastasie F\u0103tu&#8221; din Ia\u0219i,<br>pentru amabilitatea de a pune la dispozi\u021bie ilustra\u021bia utilizat\u0103.<\/em><\/td><\/tr><\/tbody><\/table><\/figure>\n\n\n\n<p><\/p>\n","protected":false},"excerpt":{"rendered":"<p>1860: \u00eenfiin\u021barea Universit\u0103\u021bii Alexandru Ioan Cuza din Ia\u0219i1863: \u00eenfiin\u021barea Facult\u0103\u021bii de \u0218tiin\u021be, cu sec\u021bia de \u0218tiin\u021be naturale1948: \u00eenfiin\u021barea Facult\u0103\u021bii de \u0218tiin\u021be naturale Primii profesori ai Facult\u0103\u021bii de Biologie \u0219i-au sus\u021binut doctoratul \u00een Fran\u021ba, la Paris (Gr. Cob\u00e2lcescu, D. Br\u00e2ndz\u0103, A. F\u0103tu, I.C. Constantineanu, L. Cosmovici, N. Leon, I. Borcea, M. Vl\u0103descu, P. Bujor, I.Gr. Botez)&hellip; <br \/> <a class=\"read-more\" href=\"https:\/\/www.bio.uaic.ro\/?page_id=1737\">Cite\u0219te mai mult<\/a><\/p>\n","protected":false},"author":1,"featured_media":0,"parent":1733,"menu_order":0,"comment_status":"closed","ping_status":"closed","template":"page-templates\/page-with-right-sidebar.php","meta":{"_editorskit_title_hidden":false,"_editorskit_reading_time":0,"_editorskit_is_block_options_detached":false,"_editorskit_block_options_position":"{}","_editorskit_typography_data":[],"_editorskit_blocks_typography":"","_uag_custom_page_level_css":"","footnotes":""},"class_list":["post-1737","page","type-page","status-publish","hentry"],"featured_image_src":null,"uagb_featured_image_src":{"full":false,"thumbnail":false,"medium":false,"medium_large":false,"large":false,"1536x1536":false,"2048x2048":false,"post-thumbnail":false,"mesmerize-full-hd":false},"uagb_author_info":{"display_name":"admin","author_link":"https:\/\/www.bio.uaic.ro\/?author=1"},"uagb_comment_info":0,"uagb_excerpt":"1860: \u00eenfiin\u021barea Universit\u0103\u021bii Alexandru Ioan Cuza din Ia\u0219i1863: \u00eenfiin\u021barea Facult\u0103\u021bii de \u0218tiin\u021be, cu sec\u021bia de \u0218tiin\u021be naturale1948: \u00eenfiin\u021barea Facult\u0103\u021bii de \u0218tiin\u021be naturale Primii profesori ai Facult\u0103\u021bii de Biologie \u0219i-au sus\u021binut doctoratul \u00een Fran\u021ba, la Paris (Gr. Cob\u00e2lcescu, D. Br\u00e2ndz\u0103, A. F\u0103tu, I.C. Constantineanu, L. Cosmovici, N. Leon, I. Borcea, M. Vl\u0103descu, P. Bujor, I.Gr. Botez)&hellip;&hellip;","_links":{"self":[{"href":"https:\/\/www.bio.uaic.ro\/index.php?rest_route=\/wp\/v2\/pages\/1737","targetHints":{"allow":["GET"]}}],"collection":[{"href":"https:\/\/www.bio.uaic.ro\/index.php?rest_route=\/wp\/v2\/pages"}],"about":[{"href":"https:\/\/www.bio.uaic.ro\/index.php?rest_route=\/wp\/v2\/types\/page"}],"author":[{"embeddable":true,"href":"https:\/\/www.bio.uaic.ro\/index.php?rest_route=\/wp\/v2\/users\/1"}],"replies":[{"embeddable":true,"href":"https:\/\/www.bio.uaic.ro\/index.php?rest_route=%2Fwp%2Fv2%2Fcomments&post=1737"}],"version-history":[{"count":40,"href":"https:\/\/www.bio.uaic.ro\/index.php?rest_route=\/wp\/v2\/pages\/1737\/revisions"}],"predecessor-version":[{"id":18919,"href":"https:\/\/www.bio.uaic.ro\/index.php?rest_route=\/wp\/v2\/pages\/1737\/revisions\/18919"}],"up":[{"embeddable":true,"href":"https:\/\/www.bio.uaic.ro\/index.php?rest_route=\/wp\/v2\/pages\/1733"}],"wp:attachment":[{"href":"https:\/\/www.bio.uaic.ro\/index.php?rest_route=%2Fwp%2Fv2%2Fmedia&parent=1737"}],"curies":[{"name":"wp","href":"https:\/\/api.w.org\/{rel}","templated":true}]}}