{"id":17357,"date":"2023-09-13T11:24:53","date_gmt":"2023-09-13T08:24:53","guid":{"rendered":"https:\/\/www.bio.uaic.ro\/?page_id=17357"},"modified":"2023-10-23T15:42:33","modified_gmt":"2023-10-23T12:42:33","slug":"ssasn-2023","status":"publish","type":"page","link":"https:\/\/www.bio.uaic.ro\/?page_id=17357","title":{"rendered":"SSASN 2023"},"content":{"rendered":"<div class=\"wp-block-image is-style-editorskit-rounded\"><figure class=\"aligncenter size-full has-ek-typography\" style=\"\"><img loading=\"lazy\" decoding=\"async\" width=\"585\" height=\"90\" src=\"https:\/\/www.bio.uaic.ro\/wp-content\/uploads\/2023\/09\/ssasn.jpg\" alt=\"\" class=\"wp-image-17447\" srcset=\"https:\/\/www.bio.uaic.ro\/wp-content\/uploads\/2023\/09\/ssasn.jpg 585w, https:\/\/www.bio.uaic.ro\/wp-content\/uploads\/2023\/09\/ssasn-300x46.jpg 300w\" sizes=\"auto, (max-width: 585px) 100vw, 585px\" \/><\/figure><\/div>\n\n<div style=\"height:25px\" aria-hidden=\"true\" class=\"wp-block-spacer has-ek-typography\"><\/div>\n\n<h3 class=\"wp-block-heading has-text-align-center has-ek-typography\" style=\"\"><mark style=\"background-color:rgba(0, 0, 0, 0);color:#0e5820\" class=\"has-inline-color\"><strong>EDI\u021aIA a VII-a, 26 octombrie 2023<\/strong><\/mark><\/h3>\n\n<p class=\" has-ek-typography\" style=\"\">Facultatea de Biologie a Universit\u0103\u021bii \u201cAlexandru Ioan Cuza\u201d din Ia\u0219i, \u00eempreun\u0103 cu Asocia\u021bia Studen\u021bilor Biologi din Ia\u0219i, organizeaz\u0103 cea de a VII-a edi\u021bie a Sesiunii \u0218tiin\u021bifice Anuale a Studen\u021bilor Naturali\u0219ti (SSASN). Invit\u0103m s\u0103 participe la acest eveniment to\u021bi studen\u021bii naturali\u0219ti (<strong>studii de licen\u021b\u0103 \u0219i master<\/strong>) care doresc s\u0103 \u00ee\u0219i dezvolte capacitatea de comunicare a rezultatelor studiilor proprii \u0219i s\u0103 se familiarizeze cu rigoarea cercet\u0103rii \u0219tiin\u021bifice. Studen\u021bii doctoranzi sunt a\u0219tepta\u021bi s\u0103 se \u00eenscrie direct la SSFB 2023!<\/p>\n\n<p class=\" has-ek-typography\" style=\"\">Sesiunea se va desf\u0103\u0219ura pe urm\u0103toarele sec\u021biuni:\u00a0<strong>Biologie \u0219i ecologie animal\u0103, Biologie \u0219i ecologie vegetal\u0103<\/strong>, respectiv <strong>Biochimie \u0219i \u0219tiin\u021be bio-moleculare<\/strong>.<\/p>\n\n<p class=\" has-ek-typography\" style=\"\">Lucr\u0103rile comunicate la SSASN 2023 vor putea fi \u00eenscrise \u0219i la sec\u021biunea <strong>Postere<\/strong> a Sesiunii \u0218tiin\u021bifice a Facult\u0103\u021bii de Biologie!<\/p>\n\n<p class=\" has-ek-typography\" style=\"\">Rezumatele lucr\u0103rilor prezentate vor fi incluse \u00een volumul anual al manifest\u0103rii. Rezumatele comunic\u0103rilor \u00eenscrise \u0219i la sec\u021biunea <strong>Postere<\/strong> a SSFB 2023 vor fi publicate \u00een volumul de rezumate al acestei manifest\u0103ri! Autorii celor mai bune comunic\u0103ri sunt \u00eencuraja\u021bi s\u0103-\u0219i publice studiile, dup\u0103 un proces de recenzare, \u00een revista Facult\u0103\u021bii de Biologie &#8211; <strong><em>Journal of experimental and molecular biology<\/em><\/strong> (revist\u0103 indexat\u0103 \u00een baze de date interna\u021bionale).<\/p>\n\n<p class=\" has-ek-typography\" style=\"\"><strong>DATE IMPORTANTE:<\/strong><\/p>\n\n<p class=\"has-black-color has-text-color has-ek-typography\" style=\"\"><strong><em>Perioada de \u00eenscriere<\/em><\/strong>\u00a0<strong>18 septembrie \u2013 8 octombrie 2023<\/strong>. Formularul de \u00eenscriere on-line poate fi accesat <strong><a aria-label=\"aici (opens in a new tab)\" href=\"https:\/\/forms.office.com\/e\/pR4hs4q6LB\" target=\"_blank\" rel=\"noreferrer noopener\" class=\"ek-link\">aici<\/a><\/strong><\/p>\n\n<p class=\" has-ek-typography\" style=\"\">\u00cen formular se va include \u0219i rezumatul lucr\u0103rii de prezentat. Confirmarea accept\u0103rii rezumatului: p\u00e2n\u0103 la data de <strong>10 octombrie 2023<\/strong>.<\/p>\n\n<p class=\" has-ek-typography\" style=\"\"><strong><em>Programul sesiunii:<\/em><\/strong> <a aria-label=\"aici (opens in a new tab)\" href=\"http:\/\/cercetare.bio.uaic.ro\/studenti\/extracuriculare\/sesiuni_stiintifice\/ssasn\/2023\/ssasn.program.pdf\" class=\"mtli_attachment mtli_pdf\" target=\"_blank\" rel=\"noreferrer noopener\" class=\"ek-link\">aici<\/a><\/p>\n\n<p class=\" has-ek-typography\" style=\"\"><strong><em><strong><em>Modul de desf\u0103\u015furare:<\/em><\/strong><\/em><\/strong> mixt (fizic, la Facultatea de Biologie; on-line, pe platforma\u00a0<strong>Microsoft Teams <strong>Click here to join the meeting<\/strong><\/strong> <strong>\u2013 doar pentru studen\u021bii din afara centrului universitar Ia\u0219i!<\/strong>)<\/p>\n\n<p class=\" has-ek-typography\" style=\"\"><strong><strong>Comitetul \u0219tiin\u021bific:<\/strong> <\/strong>\u0218ef lucr. dr. Ciprian Claudiu M\u00e2nzu &#8211; coordonator al evenimentului<\/p>\n\n<p class=\" has-ek-typography\" style=\"\">\u0218ef lucr. dr. Elena Todira\u0219cu Ciornea<\/p>\n\n<p class=\" has-ek-typography\" style=\"\">Conf. dr. Ovidiu-Alin Popovici<\/p>\n\n<p class=\" has-ek-typography\" style=\"\">\u0218ef lucr. dr. Iulia B\u0103ra<\/p>","protected":false},"excerpt":{"rendered":"<p>EDI\u021aIA a VII-a, 26 octombrie 2023 Facultatea de Biologie a Universit\u0103\u021bii \u201cAlexandru Ioan Cuza\u201d din Ia\u0219i, \u00eempreun\u0103 cu Asocia\u021bia Studen\u021bilor Biologi din Ia\u0219i, organizeaz\u0103 cea de a VII-a edi\u021bie a Sesiunii \u0218tiin\u021bifice Anuale a Studen\u021bilor Naturali\u0219ti (SSASN). Invit\u0103m s\u0103 participe la acest eveniment to\u021bi studen\u021bii naturali\u0219ti (studii de licen\u021b\u0103 \u0219i master) care doresc s\u0103 \u00ee\u0219i&hellip; <br \/> <a class=\"read-more\" href=\"https:\/\/www.bio.uaic.ro\/?page_id=17357\">Cite\u0219te mai mult<\/a><\/p>\n","protected":false},"author":1,"featured_media":0,"parent":0,"menu_order":0,"comment_status":"closed","ping_status":"closed","template":"page-templates\/page-with-right-sidebar.php","meta":{"_editorskit_title_hidden":false,"_editorskit_reading_time":0,"_editorskit_is_block_options_detached":false,"_editorskit_block_options_position":"{}","_editorskit_typography_data":[],"_editorskit_blocks_typography":"","_uag_custom_page_level_css":"","footnotes":""},"class_list":["post-17357","page","type-page","status-publish","hentry"],"featured_image_src":null,"uagb_featured_image_src":{"full":false,"thumbnail":false,"medium":false,"medium_large":false,"large":false,"1536x1536":false,"2048x2048":false,"post-thumbnail":false,"mesmerize-full-hd":false},"uagb_author_info":{"display_name":"admin","author_link":"https:\/\/www.bio.uaic.ro\/?author=1"},"uagb_comment_info":0,"uagb_excerpt":"EDI\u021aIA a VII-a, 26 octombrie 2023 Facultatea de Biologie a Universit\u0103\u021bii \u201cAlexandru Ioan Cuza\u201d din Ia\u0219i, \u00eempreun\u0103 cu Asocia\u021bia Studen\u021bilor Biologi din Ia\u0219i, organizeaz\u0103 cea de a VII-a edi\u021bie a Sesiunii \u0218tiin\u021bifice Anuale a Studen\u021bilor Naturali\u0219ti (SSASN). Invit\u0103m s\u0103 participe la acest eveniment to\u021bi studen\u021bii naturali\u0219ti (studii de licen\u021b\u0103 \u0219i master) care doresc s\u0103 \u00ee\u0219i&hellip;&hellip;","_links":{"self":[{"href":"https:\/\/www.bio.uaic.ro\/index.php?rest_route=\/wp\/v2\/pages\/17357","targetHints":{"allow":["GET"]}}],"collection":[{"href":"https:\/\/www.bio.uaic.ro\/index.php?rest_route=\/wp\/v2\/pages"}],"about":[{"href":"https:\/\/www.bio.uaic.ro\/index.php?rest_route=\/wp\/v2\/types\/page"}],"author":[{"embeddable":true,"href":"https:\/\/www.bio.uaic.ro\/index.php?rest_route=\/wp\/v2\/users\/1"}],"replies":[{"embeddable":true,"href":"https:\/\/www.bio.uaic.ro\/index.php?rest_route=%2Fwp%2Fv2%2Fcomments&post=17357"}],"version-history":[{"count":24,"href":"https:\/\/www.bio.uaic.ro\/index.php?rest_route=\/wp\/v2\/pages\/17357\/revisions"}],"predecessor-version":[{"id":17904,"href":"https:\/\/www.bio.uaic.ro\/index.php?rest_route=\/wp\/v2\/pages\/17357\/revisions\/17904"}],"wp:attachment":[{"href":"https:\/\/www.bio.uaic.ro\/index.php?rest_route=%2Fwp%2Fv2%2Fmedia&parent=17357"}],"curies":[{"name":"wp","href":"https:\/\/api.w.org\/{rel}","templated":true}]}}