{"id":15025,"date":"2023-02-07T10:50:29","date_gmt":"2023-02-07T08:50:29","guid":{"rendered":"https:\/\/www.bio.uaic.ro\/?page_id=15025"},"modified":"2026-02-05T14:32:24","modified_gmt":"2026-02-05T12:32:24","slug":"echivalari","status":"publish","type":"page","link":"https:\/\/www.bio.uaic.ro\/?page_id=15025","title":{"rendered":"Echival\u0103ri"},"content":{"rendered":"<p class=\"has-text-align-justify has-ek-typography\" style=\"\"><strong><strong><strong><strong>Studen\u021bii care au urmat\/urmeaz\u0103 \u00een paralel o alt\u0103 facultate\/specializare \u0219i doresc echivalarea unor discipline programate a se desf\u0103\u0219ura \u00een cursul anului universitar 2025-2026 (ambele semestre), trebuie s\u0103 procedeze astfel:<\/strong><\/strong><\/strong><\/strong><\/p>\n\n<ol class=\"wp-block-list has-ek-typography\" style=\"\"><li class=\" has-ek-typography\" style=\"\">S\u0103 completeze cererea pentru echivalare disciplin\u0103 (se va completa o singur\u0103 cerere, indiferent de num\u0103rul de discipline pentru care se solicit\u0103 echivalarea). Cererea de echivalare trebuie s\u0103 fie \u00eenso\u021bit\u0103 de urm\u0103toarele documente oficiale, purt\u00e2nd \u0219tampila \u0219i semn\u0103tura unit\u0103\u021bii de \u00eenv\u0103\u021b\u0103m\u00e2nt superior emitente (\u00een original sau copie):<\/li><\/ol>\n\n<ul class=\"wp-block-list has-ek-typography\" style=\"\"><li class=\" has-ek-typography\" style=\"\">situa\u021bia \u015fcolar\u0103 sau supliment la diplom\u0103, sau foaie matricol\u0103, sau adeverin\u021be, sau certificate;<\/li>\n\n<li class=\" has-ek-typography\" style=\"\">fi\u0219a disciplinei parcurse.<\/li><\/ul>\n\n<p class=\" has-ek-typography\" style=\"\">2. <strong>Cererea se va depune la secretariatul facult\u0103\u021bii \u00een perioada 01 octombrie \u2013 08 octombrie 2025 (\u00een zilele lucr\u0103toare, \u00eentre orele 10:00 \u0219i 12:00)<\/strong>.<\/p>\n\n<p class=\" has-ek-typography\" style=\"\">3. Cererile depuse vor fi analizate de c\u0103tre Comisia de echivalare.<\/p>\n\n<figure class=\"wp-block-table has-ek-typography\" style=\"\"><table class=\"has-fixed-layout\"><tbody><tr><td class=\"has-text-align-center\" data-align=\"center\"><strong>Descarc\u0103 cererea de <a href=\"http:\/\/cercetare.bio.uaic.ro\/secretariat\/Cereri%20secretariat\/CERERI%20SITE%20NOU\/CERERI%20STUDENTI\/2025-Cerere-echivalare-disciplina-sem-1.pdf\" class=\"mtli_attachment mtli_pdf\" target=\"_blank\" rel=\"noreferrer noopener\">aici<\/a>.<\/strong><\/td><\/tr><\/tbody><\/table><\/figure>\n\n<ul class=\"wp-block-list has-ek-typography\" style=\"\"><\/ul>\n\n<ul class=\"wp-block-list has-ek-typography\" style=\"\">\n<li><strong><strong>ATEN\u021aIE! Studen\u021bii re\u00eenmatricula\u021bi nu trebuie s\u0103 depun\u0103 cerere de echivalare a disciplinelor!<\/strong><\/strong><\/li>\n<\/ul>\n\n<figure class=\"wp-block-table has-ek-typography\" style=\"\"><table class=\"has-fixed-layout\"><tbody><tr><td class=\"has-text-align-center\" data-align=\"center\"><strong><span class=\"ek-underline\" style=\"text-decoration: underline;\">Instruc\u021biuni echivalare disciplin\u0103<\/span> <a href=\"http:\/\/cercetare.bio.uaic.ro\/secretariat\/Cereri%20secretariat\/CERERI%20SITE%20NOU\/CERERI%20STUDENTI\/2025-Instructiuni-echivalare-note.pdf\" class=\"mtli_attachment mtli_pdf\" target=\"_blank\" rel=\"noreferrer noopener\">aici<\/a><\/strong>.<\/td><\/tr><\/tbody><\/table><\/figure>\n\n<p class=\" has-ek-typography\" style=\"\"><strong>Aten\u021bie!<\/strong><\/p>\n\n<ol style=\"list-style-type:1\" class=\"wp-block-list has-ek-typography\">\n<li>P\u00e2n\u0103 la aflarea rezultatului solicit\u0103rii de echivalare, studentul are\u00a0<strong>obliga\u021bia s\u0103 participe<\/strong>\u00a0la toate activit\u0103\u021bile didactice aferente disciplinei\/disciplinelor pentru care solicit\u0103 echivalarea;<\/li>\n\n\n\n<li>Se recomand\u0103 ca studentul s\u0103 se informeze la Secretariatul Facult\u0103\u021bii de Biologie despre rezultatul solicit\u0103rii sale, \u00eencep\u00e2nd cu data de\u00a0<strong><mark style=\"background-color:rgba(0, 0, 0, 0)\" class=\"has-inline-color has-vivid-red-color\">15 octombrie 2025<\/mark><\/strong>.<\/li>\n<\/ol>\n\n<p class=\"has-text-align-justify has-ek-typography\" style=\"\"><strong><strong><strong><strong>\u00cen cazul respingerii cererii, studentul solicitant va urma \u00een continuare activit\u0103\u021bile didactice, conform dispozi\u021biilor din\u00a0Regulamentul privind activitatea profesional\u0103 a studen\u021bilor.<\/strong><\/strong><\/strong><\/strong><\/p>","protected":false},"excerpt":{"rendered":"<p>Studen\u021bii care au urmat\/urmeaz\u0103 \u00een paralel o alt\u0103 facultate\/specializare \u0219i doresc echivalarea unor discipline programate a se desf\u0103\u0219ura \u00een cursul anului universitar 2025-2026 (ambele semestre), trebuie s\u0103 procedeze astfel: 2. Cererea se va depune la secretariatul facult\u0103\u021bii \u00een perioada 01 octombrie \u2013 08 octombrie 2025 (\u00een zilele lucr\u0103toare, \u00eentre orele 10:00 \u0219i 12:00). 3. Cererile&hellip; <br \/> <a class=\"read-more\" href=\"https:\/\/www.bio.uaic.ro\/?page_id=15025\">Cite\u0219te mai mult<\/a><\/p>\n","protected":false},"author":1,"featured_media":0,"parent":0,"menu_order":0,"comment_status":"closed","ping_status":"closed","template":"page-templates\/page-with-right-sidebar.php","meta":{"_editorskit_title_hidden":false,"_editorskit_reading_time":1,"_editorskit_is_block_options_detached":false,"_editorskit_block_options_position":"{}","_editorskit_typography_data":[],"_editorskit_blocks_typography":"","_uag_custom_page_level_css":"","footnotes":""},"class_list":["post-15025","page","type-page","status-publish","hentry"],"featured_image_src":null,"uagb_featured_image_src":{"full":false,"thumbnail":false,"medium":false,"medium_large":false,"large":false,"1536x1536":false,"2048x2048":false,"post-thumbnail":false,"mesmerize-full-hd":false},"uagb_author_info":{"display_name":"admin","author_link":"https:\/\/www.bio.uaic.ro\/?author=1"},"uagb_comment_info":0,"uagb_excerpt":"Studen\u021bii care au urmat\/urmeaz\u0103 \u00een paralel o alt\u0103 facultate\/specializare \u0219i doresc echivalarea unor discipline programate a se desf\u0103\u0219ura \u00een cursul anului universitar 2025-2026 (ambele semestre), trebuie s\u0103 procedeze astfel: 2. Cererea se va depune la secretariatul facult\u0103\u021bii \u00een perioada 01 octombrie \u2013 08 octombrie 2025 (\u00een zilele lucr\u0103toare, \u00eentre orele 10:00 \u0219i 12:00). 3. Cererile&hellip;&hellip;","_links":{"self":[{"href":"https:\/\/www.bio.uaic.ro\/index.php?rest_route=\/wp\/v2\/pages\/15025","targetHints":{"allow":["GET"]}}],"collection":[{"href":"https:\/\/www.bio.uaic.ro\/index.php?rest_route=\/wp\/v2\/pages"}],"about":[{"href":"https:\/\/www.bio.uaic.ro\/index.php?rest_route=\/wp\/v2\/types\/page"}],"author":[{"embeddable":true,"href":"https:\/\/www.bio.uaic.ro\/index.php?rest_route=\/wp\/v2\/users\/1"}],"replies":[{"embeddable":true,"href":"https:\/\/www.bio.uaic.ro\/index.php?rest_route=%2Fwp%2Fv2%2Fcomments&post=15025"}],"version-history":[{"count":28,"href":"https:\/\/www.bio.uaic.ro\/index.php?rest_route=\/wp\/v2\/pages\/15025\/revisions"}],"predecessor-version":[{"id":24433,"href":"https:\/\/www.bio.uaic.ro\/index.php?rest_route=\/wp\/v2\/pages\/15025\/revisions\/24433"}],"wp:attachment":[{"href":"https:\/\/www.bio.uaic.ro\/index.php?rest_route=%2Fwp%2Fv2%2Fmedia&parent=15025"}],"curies":[{"name":"wp","href":"https:\/\/api.w.org\/{rel}","templated":true}]}}