{"id":1483,"date":"2020-12-08T13:58:47","date_gmt":"2020-12-08T11:58:47","guid":{"rendered":"http:\/\/85.122.19.109\/?page_id=1483"},"modified":"2026-02-05T14:47:10","modified_gmt":"2026-02-05T12:47:10","slug":"documente-utile-2","status":"publish","type":"page","link":"https:\/\/www.bio.uaic.ro\/?page_id=1483","title":{"rendered":"Discipline op\u021bionale"},"content":{"rendered":"\n<p class=\"has-black-color has-text-color has-link-color wp-elements-f832bd4701243c32115ed71371137cba\">Dragi studen\u021bi,<br>Sunte\u021bi invita\u021bi s\u0103 consulta\u021bi prezent\u0103rile de op\u021bionale pe specializ\u0103ri \u0219i s\u0103 v\u0103 alege\u021bi disciplinele pe care urmeaz\u0103 s\u0103 le frecventa\u021bi \u00een anul al III \u2013 lea de studii.<br>Disciplin\u0103 op\u021bional\u0103 este disciplina aleas\u0103 din oferta de discipline a programului de studii, necesar\u0103 complet\u0103rii pachetului de discipline din trunchiul comun sau din ramura de specializare; dup\u0103 alegere, disciplina op\u021bional\u0103 cap\u0103t\u0103 caracter de obligativitate, fiind necesar\u0103 promovarea ei de c\u0103tre student. (extras din regulament).<\/p>\n\n\n\n<p><strong><span style=\"background-color:#fcb900\" class=\"has-inline-background\">Termenul limit\u0103 pentru alegerea disciplinelor op\u021bionale este 15 mai.<\/span><\/strong><\/p>\n\n\n\n<p class=\"has-vivid-red-color has-text-color has-link-color wp-elements-ea10ae0580d414421d001299732308f9\"><strong>Alegerea disciplinelor op\u021bionale este obligatorie! Studen\u021bii care nu-\u0219i exprim\u0103 op\u021biunile complet\u00e2nd formularul vor fi redistribui\u021bi din oficiu.<\/strong><\/p>\n\n\n<figure class=\"wp-block-table has-ek-typography\" style=\"\"><table class=\"has-fixed-layout\"><tbody><tr><td class=\"has-text-align-center\" data-align=\"center\"><strong>PREZENTARE OP\u021aIONALE \u2013 An II<\/strong><\/td><\/tr><\/tbody><\/table><\/figure>\n\n\n<h4 class=\"wp-block-heading\">Informa\u021bii despre oferta de discipline op\u021bionale g\u0103si\u021bi aici:<\/h4>\n\n\n<ul class=\"wp-block-list is-style-arrow has-ek-typography\" style=\"\">\n<li><a href=\"https:\/\/biologieuaic-my.sharepoint.com\/:b:\/g\/personal\/secretar_4_biologieuaic_onmicrosoft_com\/EfJQA5_NjnJOvQxah9nuALkByDwVcnPU_RGoTFsaVjPVVw?e=toLAvp\" target=\"_blank\" rel=\"noreferrer noopener\" class=\"ek-link\">Prezentare discipline op\u021bionale BIOCHIMIE<\/a><\/li>\n\n\n\n<li><a href=\"https:\/\/biologieuaic-my.sharepoint.com\/:b:\/g\/personal\/secretar_4_biologieuaic_onmicrosoft_com\/EVDt0OVTJexGu7dlD2LwkLYB-LN1GCxDTbu5Y_XGqleK2A?e=QSlAQH\" target=\"_blank\" rel=\"noreferrer noopener\" class=\"ek-link\">Prezentare discipline op\u021bionale BIOLOGIE<\/a><\/li>\n\n\n\n<li><a href=\"https:\/\/biologieuaic-my.sharepoint.com\/:b:\/g\/personal\/secretar_4_biologieuaic_onmicrosoft_com\/Eb5fsEzfv79NlxACBfR7Q08BTBPJB9BPHi0Shre4PBvy8A?e=RC2w0o\" target=\"_blank\" rel=\"noreferrer noopener\" class=\"ek-link\">Prezentare discipline op\u021bionale ECOLOGIE<\/a><\/li>\n<\/ul>\n\n<div style=\"height:50px\" aria-hidden=\"true\" class=\"wp-block-spacer has-ek-typography\"><\/div>\n\n\n<figure class=\"wp-block-table\"><table class=\"has-fixed-layout\"><tbody><tr><td class=\"has-text-align-center\" data-align=\"center\"><strong>\u00ceNSCRIERE DISCIPLINE OP\u021aIONALE \u2013 An II<\/strong><\/td><\/tr><\/tbody><\/table><\/figure>\n\n\n\n<h4 class=\"wp-block-heading\">Pentru \u00eenscrierea la disciplinele op\u021bionale trebuie s\u0103 completa\u021bi formularul aferent:<\/h4>\n\n\n<ul class=\"wp-block-list has-ek-typography\" style=\"\"><li class=\" has-ek-typography\" style=\"\"><a href=\"https:\/\/forms.office.com\/e\/BvKaVBtbpk\" target=\"_blank\" aria-label=\" (opens in a new tab)\" rel=\"noreferrer noopener\" class=\"ek-link\">FORMULAR BIOCHIMIE<\/a><\/li>\n\n<li class=\" has-ek-typography\" style=\"\"><a href=\"https:\/\/forms.office.com\/e\/A6vM1wxwBr\" target=\"_blank\" aria-label=\" (opens in a new tab)\" rel=\"noreferrer noopener\" class=\"ek-link\">FORMULAR BIOLOGIE<\/a><\/li>\n\n<li class=\" has-ek-typography\" style=\"\"><a href=\"https:\/\/forms.office.com\/e\/BiUT3016yR\" target=\"_blank\" aria-label=\" (opens in a new tab)\" rel=\"noreferrer noopener\" class=\"ek-link\">FORMULAR ECOLOGIE \u0218I PROTEC\u021aIA MEDIULUI<\/a><\/li><\/ul>\n\n\n<figure class=\"wp-block-table\"><table class=\"has-fixed-layout\"><tbody><tr><td class=\"has-text-align-center\" data-align=\"center\"><strong>\u00ceNSCRIERE DISCIPLINE OP\u021aIONALE \u2013 An I<\/strong><\/td><\/tr><\/tbody><\/table><\/figure>\n\n\n<ul class=\"wp-block-list has-ek-typography\" style=\"\">\n<li><a href=\"https:\/\/forms.office.com\/e\/gEmnLnTkmg\" target=\"_blank\" aria-label=\" (opens in a new tab)\" rel=\"noreferrer noopener\" class=\"ek-link\">ECOLOGIE \u0218I PROTEC\u021aIA MEDIULUI<\/a><\/li>\n<\/ul>\n\n\n<figure class=\"wp-block-table\"><table class=\"has-fixed-layout\"><tbody><tr><td class=\"has-text-align-center\" data-align=\"center\"><strong>\u00ceNSCRIERE DISCIPLINE OP\u021aIONALE \u2013 An I<\/strong><\/td><\/tr><\/tbody><\/table><\/figure>\n\n\n<ul class=\"wp-block-list has-ek-typography\" style=\"\">\n<li><a href=\"https:\/\/forms.office.com\/e\/nQVS2MBtXN\" target=\"_blank\" aria-label=\"GENETIC\u0102 MOLECULAR\u0102 (opens in a new tab)\" rel=\"noreferrer noopener\" class=\"ek-link\">GENETIC\u0102 MOLECULAR\u0102<\/a><\/li>\n\n\n\n<li>BIOTEHNOLOGII MICROBIENE \u0218I CELULARE<\/li>\n\n\n\n<li>CONSERVAREA BIODIVERSIT\u0102\u021aII<\/li>\n\n\n\n<li>LABORATOR MEDICAL<\/li>\n<\/ul>","protected":false},"excerpt":{"rendered":"<p>Dragi studen\u021bi,Sunte\u021bi invita\u021bi s\u0103 consulta\u021bi prezent\u0103rile de op\u021bionale pe specializ\u0103ri \u0219i s\u0103 v\u0103 alege\u021bi disciplinele pe care urmeaz\u0103 s\u0103 le frecventa\u021bi \u00een anul al III \u2013 lea de studii.Disciplin\u0103 op\u021bional\u0103 este disciplina aleas\u0103 din oferta de discipline a programului de studii, necesar\u0103 complet\u0103rii pachetului de discipline din trunchiul comun sau din ramura de specializare; dup\u0103&hellip; <br \/> <a class=\"read-more\" href=\"https:\/\/www.bio.uaic.ro\/?page_id=1483\">Cite\u0219te mai mult<\/a><\/p>\n","protected":false},"author":1,"featured_media":0,"parent":1356,"menu_order":0,"comment_status":"closed","ping_status":"closed","template":"page-templates\/page-with-right-sidebar.php","meta":{"_editorskit_title_hidden":false,"_editorskit_reading_time":1,"_editorskit_is_block_options_detached":false,"_editorskit_block_options_position":"{}","_editorskit_typography_data":[],"_editorskit_blocks_typography":"","_uag_custom_page_level_css":"","footnotes":""},"class_list":["post-1483","page","type-page","status-publish","hentry"],"featured_image_src":null,"uagb_featured_image_src":{"full":false,"thumbnail":false,"medium":false,"medium_large":false,"large":false,"1536x1536":false,"2048x2048":false,"post-thumbnail":false,"mesmerize-full-hd":false},"uagb_author_info":{"display_name":"admin","author_link":"https:\/\/www.bio.uaic.ro\/?author=1"},"uagb_comment_info":0,"uagb_excerpt":"Dragi studen\u021bi,Sunte\u021bi invita\u021bi s\u0103 consulta\u021bi prezent\u0103rile de op\u021bionale pe specializ\u0103ri \u0219i s\u0103 v\u0103 alege\u021bi disciplinele pe care urmeaz\u0103 s\u0103 le frecventa\u021bi \u00een anul al III \u2013 lea de studii.Disciplin\u0103 op\u021bional\u0103 este disciplina aleas\u0103 din oferta de discipline a programului de studii, necesar\u0103 complet\u0103rii pachetului de discipline din trunchiul comun sau din ramura de specializare; dup\u0103&hellip;&hellip;","_links":{"self":[{"href":"https:\/\/www.bio.uaic.ro\/index.php?rest_route=\/wp\/v2\/pages\/1483","targetHints":{"allow":["GET"]}}],"collection":[{"href":"https:\/\/www.bio.uaic.ro\/index.php?rest_route=\/wp\/v2\/pages"}],"about":[{"href":"https:\/\/www.bio.uaic.ro\/index.php?rest_route=\/wp\/v2\/types\/page"}],"author":[{"embeddable":true,"href":"https:\/\/www.bio.uaic.ro\/index.php?rest_route=\/wp\/v2\/users\/1"}],"replies":[{"embeddable":true,"href":"https:\/\/www.bio.uaic.ro\/index.php?rest_route=%2Fwp%2Fv2%2Fcomments&post=1483"}],"version-history":[{"count":90,"href":"https:\/\/www.bio.uaic.ro\/index.php?rest_route=\/wp\/v2\/pages\/1483\/revisions"}],"predecessor-version":[{"id":24444,"href":"https:\/\/www.bio.uaic.ro\/index.php?rest_route=\/wp\/v2\/pages\/1483\/revisions\/24444"}],"up":[{"embeddable":true,"href":"https:\/\/www.bio.uaic.ro\/index.php?rest_route=\/wp\/v2\/pages\/1356"}],"wp:attachment":[{"href":"https:\/\/www.bio.uaic.ro\/index.php?rest_route=%2Fwp%2Fv2%2Fmedia&parent=1483"}],"curies":[{"name":"wp","href":"https:\/\/api.w.org\/{rel}","templated":true}]}}