{"id":13373,"date":"2022-06-03T20:42:00","date_gmt":"2022-06-03T17:42:00","guid":{"rendered":"https:\/\/www.bio.uaic.ro\/?page_id=13373"},"modified":"2022-06-04T09:08:58","modified_gmt":"2022-06-04T06:08:58","slug":"science-camp-2022","status":"publish","type":"page","link":"https:\/\/www.bio.uaic.ro\/?page_id=13373","title":{"rendered":"Science camp 2022"},"content":{"rendered":"\n<div class=\"wp-block-columns is-layout-flex wp-container-core-columns-is-layout-9d6595d7 wp-block-columns-is-layout-flex\">\n<div class=\"wp-block-column is-layout-flow wp-block-column-is-layout-flow\" style=\"flex-basis:33.33%\">\n<figure class=\"wp-block-image size-large is-style-editorskit-rounded\"><img loading=\"lazy\" decoding=\"async\" width=\"727\" height=\"1024\" src=\"https:\/\/www.bio.uaic.ro\/wp-content\/uploads\/2022\/06\/2b7cf0eb-8b9c-4600-8e8b-c493ce90264d-727x1024.jpg\" alt=\"\" class=\"wp-image-13377\" srcset=\"https:\/\/www.bio.uaic.ro\/wp-content\/uploads\/2022\/06\/2b7cf0eb-8b9c-4600-8e8b-c493ce90264d-727x1024.jpg 727w, https:\/\/www.bio.uaic.ro\/wp-content\/uploads\/2022\/06\/2b7cf0eb-8b9c-4600-8e8b-c493ce90264d-213x300.jpg 213w, https:\/\/www.bio.uaic.ro\/wp-content\/uploads\/2022\/06\/2b7cf0eb-8b9c-4600-8e8b-c493ce90264d-768x1082.jpg 768w, https:\/\/www.bio.uaic.ro\/wp-content\/uploads\/2022\/06\/2b7cf0eb-8b9c-4600-8e8b-c493ce90264d-1024x1443.jpg 1024w, https:\/\/www.bio.uaic.ro\/wp-content\/uploads\/2022\/06\/2b7cf0eb-8b9c-4600-8e8b-c493ce90264d-767x1080.jpg 767w, https:\/\/www.bio.uaic.ro\/wp-content\/uploads\/2022\/06\/2b7cf0eb-8b9c-4600-8e8b-c493ce90264d.jpg 1079w\" sizes=\"auto, (max-width: 727px) 100vw, 727px\" \/><\/figure>\n<\/div>\n\n\n\n<div class=\"wp-block-column is-layout-flow wp-block-column-is-layout-flow\" style=\"flex-basis:66.66%\">\n<p class=\"has-text-align-justify\" style=\"font-size:18px\">Facultatea de Biologie a avut bucuria s\u0103 participe ast\u0103zi la <strong>Science Camp<\/strong>, edi\u021bia 2022, eveniment organizat de Colegiul Na\u021bional \u201cMihai Eminescu\u201d din Ia\u0219i. <\/p>\n\n\n\n<p class=\"has-text-align-justify\">\u00cen cadrul standului facult\u0103\u021bii noastre elevii \u0219i nu numai au avut ocazia s\u0103 exploreze lumea microscopic\u0103 cu ajutorul microscopului OpenFlexure realizat de c\u0103tre studen\u021bii no\u0219tri utiliz\u00e2nd tehnologia imprim\u0103rii 3D. Modelele moleculare 3D au ajutat elevii s\u0103 \u00ee\u0219i formeze o imagine mai clar\u0103 a proceselor ce au loc la nivel celular. De asemenea, au p\u0103truns \u00een tainele microbiologiei, admir\u00e2nd arta pl\u0103cilor \u201cpictate\u201d cu microorganisme, afl\u00e2nd c\u0103 bacteriile sunt o parte important\u0103 a vie\u021bii de zi cu zi. <\/p>\n\n\n\n<p class=\"has-text-align-justify\">Nu \u00een ultimul r\u00e2nd, participan\u021bii au experimentat \u201claboratorul\u201d de teren al morfologiei \u0219i fiziologiei vegetale, unde au aflat informa\u021bii importante despre structurile protectoare ale plantelor \u0219i de ce sunt importante m\u0103sur\u0103torile \u00een teren.<\/p>\n\n\n\n<p class=\"has-text-align-justify\">Mul\u021bumim organizatorilor pentru invita\u021bie, cu speran\u021ba c\u0103 vom putea participa \u0219i \u00een anul urm\u0103tor! De asemenea, mul\u021bumim colegilor din cadrul laboratoarelor de Biochimie, Microbiologie \u0219i Fiziologie vegetal\u0103 a facult\u0103\u021bii de Biologie pentru implicare \u0219i suport!<\/p>\n<\/div>\n<\/div>\n\n\n<p>[FinalTilesGallery id=&#8217;13&#8217;]<\/p>\n","protected":false},"excerpt":{"rendered":"<p>Facultatea de Biologie a avut bucuria s\u0103 participe ast\u0103zi la Science Camp, edi\u021bia 2022, eveniment organizat de Colegiul Na\u021bional \u201cMihai Eminescu\u201d din Ia\u0219i. \u00cen cadrul standului facult\u0103\u021bii noastre elevii \u0219i nu numai au avut ocazia s\u0103 exploreze lumea microscopic\u0103 cu ajutorul microscopului OpenFlexure realizat de c\u0103tre studen\u021bii no\u0219tri utiliz\u00e2nd tehnologia imprim\u0103rii 3D. Modelele moleculare 3D&hellip; <br \/> <a class=\"read-more\" href=\"https:\/\/www.bio.uaic.ro\/?page_id=13373\">Cite\u0219te mai mult<\/a><\/p>\n","protected":false},"author":1,"featured_media":0,"parent":0,"menu_order":0,"comment_status":"closed","ping_status":"closed","template":"","meta":{"_editorskit_title_hidden":false,"_editorskit_reading_time":1,"_editorskit_is_block_options_detached":false,"_editorskit_block_options_position":"{}","_editorskit_typography_data":[],"_editorskit_blocks_typography":"","_uag_custom_page_level_css":"","footnotes":""},"class_list":["post-13373","page","type-page","status-publish","hentry"],"featured_image_src":null,"uagb_featured_image_src":{"full":false,"thumbnail":false,"medium":false,"medium_large":false,"large":false,"1536x1536":false,"2048x2048":false,"post-thumbnail":false,"mesmerize-full-hd":false},"uagb_author_info":{"display_name":"admin","author_link":"https:\/\/www.bio.uaic.ro\/?author=1"},"uagb_comment_info":0,"uagb_excerpt":"Facultatea de Biologie a avut bucuria s\u0103 participe ast\u0103zi la Science Camp, edi\u021bia 2022, eveniment organizat de Colegiul Na\u021bional \u201cMihai Eminescu\u201d din Ia\u0219i. \u00cen cadrul standului facult\u0103\u021bii noastre elevii \u0219i nu numai au avut ocazia s\u0103 exploreze lumea microscopic\u0103 cu ajutorul microscopului OpenFlexure realizat de c\u0103tre studen\u021bii no\u0219tri utiliz\u00e2nd tehnologia imprim\u0103rii 3D. Modelele moleculare 3D&hellip;&hellip;","_links":{"self":[{"href":"https:\/\/www.bio.uaic.ro\/index.php?rest_route=\/wp\/v2\/pages\/13373","targetHints":{"allow":["GET"]}}],"collection":[{"href":"https:\/\/www.bio.uaic.ro\/index.php?rest_route=\/wp\/v2\/pages"}],"about":[{"href":"https:\/\/www.bio.uaic.ro\/index.php?rest_route=\/wp\/v2\/types\/page"}],"author":[{"embeddable":true,"href":"https:\/\/www.bio.uaic.ro\/index.php?rest_route=\/wp\/v2\/users\/1"}],"replies":[{"embeddable":true,"href":"https:\/\/www.bio.uaic.ro\/index.php?rest_route=%2Fwp%2Fv2%2Fcomments&post=13373"}],"version-history":[{"count":7,"href":"https:\/\/www.bio.uaic.ro\/index.php?rest_route=\/wp\/v2\/pages\/13373\/revisions"}],"predecessor-version":[{"id":16657,"href":"https:\/\/www.bio.uaic.ro\/index.php?rest_route=\/wp\/v2\/pages\/13373\/revisions\/16657"}],"wp:attachment":[{"href":"https:\/\/www.bio.uaic.ro\/index.php?rest_route=%2Fwp%2Fv2%2Fmedia&parent=13373"}],"curies":[{"name":"wp","href":"https:\/\/api.w.org\/{rel}","templated":true}]}}