{"id":12649,"date":"2022-04-18T09:58:12","date_gmt":"2022-04-18T06:58:12","guid":{"rendered":"https:\/\/www.bio.uaic.ro\/?page_id=12649"},"modified":"2023-09-13T14:05:34","modified_gmt":"2023-09-13T11:05:34","slug":"ssasn-2022","status":"publish","type":"page","link":"https:\/\/www.bio.uaic.ro\/?page_id=12649","title":{"rendered":"SSASN 2022"},"content":{"rendered":"<div class=\"wp-block-image is-style-editorskit-rounded\"><figure class=\"aligncenter size-large has-ek-typography\" style=\"\"><img decoding=\"async\" src=\"https:\/\/www.bio.uaic.ro\/wp-content\/uploads\/2021\/03\/ssasn.banner.jpg\" alt=\"\" class=\"wp-image-4182\"><\/figure><\/div>\n\n<div style=\"height:25px\" aria-hidden=\"true\" class=\"wp-block-spacer has-ek-typography\"><\/div>\n\n<h3 class=\"wp-block-heading has-text-align-center has-ek-typography\" style=\"\"><mark style=\"background-color:rgba(0, 0, 0, 0);color:#0e5820\" class=\"has-inline-color\"><strong>EDI\u021aIA a VI-a, 21 mai 2022<\/strong><\/mark><\/h3>\n\n<p class=\" has-ek-typography\" style=\"\">\u00cen preajma Zilei Interna\u021bionale a Biodiversit\u0103\u021bii, Facultatea de Biologie a Universit\u0103\u021bii \u201cAlexandru Ioan Cuza\u201d din Ia\u0219i organizeaz\u0103 cea de a VI-a edi\u021bie a Sesiunii \u0218tiin\u021bifice Anuale a Studen\u021bilor Naturali\u0219ti (SSASN). Invit\u0103m s\u0103 participe la acest eveniment to\u021bi studen\u021bii naturali\u0219ti care doresc s\u0103 \u00ee\u0219i dezvolte capacitatea de comunicare a rezultatelor studiilor proprii \u0219i s\u0103 se familiarizeze cu rigoarea cercet\u0103rii \u0219tiin\u021bifice.<\/p>\n\n<p class=\" has-ek-typography\" style=\"\">Sesiunea se va desf\u0103\u0219ura pe urm\u0103toarele sec\u021biuni: <strong>Biologie \u0219i ecologie animal\u0103, Biologie \u0219i ecologie vegetal\u0103,<\/strong> respectiv <strong>Biochimie \u0219i \u0219tiin\u021be bio-moleculare.<\/strong><\/p>\n\n<p class=\" has-ek-typography\" style=\"\">Rezumatele lucr\u0103rilor prezentate vor fi incluse \u00een volumul anual al manifest\u0103rii. Cele mai bune lucr\u0103ri vor putea fi publicate, dup\u0103 un proces de recenzare, \u00een revista Facult\u0103\u021bii de Biologie &#8211; <strong><em><a href=\"http:\/\/www.jemb.bio.uaic.ro\/index.php\/jemb\/issue\/view\/11\" target=\"_blank\" aria-label=\"Journal of Experimental and Molecular Biology (opens in a new tab)\" rel=\"noreferrer noopener\" class=\"ek-link\">Journal of Experimental and Molecular Biology<\/a><\/em><\/strong> (revist\u0103 indexat\u0103 \u00een baze de date interna\u021bionale).<\/p>\n\n<p class=\" has-ek-typography\" style=\"\"><strong>DATE IMPORTANTE<\/strong><\/p>\n\n<ul class=\"wp-block-list has-ek-typography\" style=\"\"><li class=\" has-ek-typography\" style=\"\"><strong><em>Perioada de \u00eenscrier<\/em>e s-a \u00eencheiat. V\u0103 a\u0219tept\u0103m la Edi\u021bia 2023 a Sesiunii noastre! <\/strong><\/li>\n\n<li class=\" has-ek-typography\" style=\"\"><strong><em>Deschiderea festiv\u0103 &amp; Comunic\u0103ri pe sec\u021biuni:<\/em><\/strong> 21 mai 2022, <strong>\u00eencep\u00e2nd cu ora 10<\/strong>.<\/li>\n\n<li class=\" has-ek-typography\" style=\"\"><strong><em>Modul de desf\u0103\u015furare:<\/em><\/strong> on-line, platforma\u00a0<strong>Microsoft Teams<\/strong> &#8211; <a href=\"https:\/\/teams.microsoft.com\/l\/meetup-join\/19%3a85e74708a51c4bba8472dab966aa8c75%40thread.tacv2\/1653033442027?context=%7b%22Tid%22%3a%22b63930b8-6e65-4c82-9c9d-d29110d06012%22%2c%22Oid%22%3a%22131375d1-2979-45af-a69a-20893ec1b7fe%22%7d\" target=\"_blank\" rel=\"noreferrer noopener\" class=\"ek-link\"><strong>Click here to join the meeting<\/strong><\/a><\/li>\n\n<li class=\" has-ek-typography\" style=\"\"><strong>Programul sesiunii \u0219tiin\u021bifice<\/strong>. <a aria-label=\" (opens in a new tab)\" href=\"http:\/\/cercetare.bio.uaic.ro\/studenti\/extracuriculare\/sesiuni_stiintifice\/ssasn\/2022\/ssasn.program.pdf\" class=\"mtli_attachment mtli_pdf\" target=\"_blank\" rel=\"noreferrer noopener\" class=\"ek-link\">aici<\/a><\/li>\n\n<li class=\" has-ek-typography\" style=\"\"><strong>Volumul de rezumate este disponibil<\/strong>. <a href=\"http:\/\/cercetare.bio.uaic.ro\/studenti\/extracuriculare\/sesiuni_stiintifice\/ssasn\/2022\/Volum_SSASN_2022.pdf\" class=\"mtli_attachment mtli_pdf\" target=\"_blank\" aria-label=\"aici (opens in a new tab)\" rel=\"noreferrer noopener\" class=\"ek-link\">aici<\/a><\/li><\/ul>\n\n<p class=\" has-ek-typography\" style=\"\"><strong>Comitetul \u0219tiin\u021bific al evenimentului<\/strong>:<\/p>\n\n<ul class=\"wp-block-list has-ek-typography\" style=\"\"><li class=\" has-ek-typography\" style=\"\"><strong>Prof. dr. habil. Marius Mih\u0103\u0219an<\/strong><\/li>\n\n<li class=\" has-ek-typography\" style=\"\"><strong>Prof. dr. \u0218tefan Zamfirescu<\/strong><\/li>\n\n<li class=\" has-ek-typography\" style=\"\"><strong>Conf. dr. Ion Cojocaru<\/strong><\/li>\n\n<li class=\" has-ek-typography\" style=\"\"><strong>\u0218ef lucr. dr. Anca Narcisa Neagu<\/strong><\/li>\n\n<li class=\" has-ek-typography\" style=\"\"><strong>\u0218ef lucr. dr. Ciprian Claudiu M\u00e2nzu<\/strong> (<a href=\"mailto:ciprian.manzu@uaic.ro\" class=\"ek-link\">ciprian.manzu@uaic.ro<\/a>) &#8211; Coordonator al evenimentului<\/li>\n\n<li class=\" has-ek-typography\" style=\"\"><strong>Drd. Andreea Sandu<\/strong> (<a href=\"mailto:sanduandreea10@gmail.com\" class=\"ek-link\">sanduandreea10@gmail.com<\/a>) &#8211; Secretariat<\/li><\/ul>\n\n<div class=\"wp-block-pdf-viewer-block-standard has-ek-typography\" style=\"text-align:left\"><div class=\"uploaded-pdf\"><a href=\"https:\/\/www.bio.uaic.ro\/wp-content\/uploads\/2022\/05\/Volum_SSASN_2022.pdf\" class=\"mtli_attachment mtli_pdf\" data-width=\"\" data-height=\"\"><\/a><\/div><\/div>","protected":false},"excerpt":{"rendered":"<p>EDI\u021aIA a VI-a, 21 mai 2022 \u00cen preajma Zilei Interna\u021bionale a Biodiversit\u0103\u021bii, Facultatea de Biologie a Universit\u0103\u021bii \u201cAlexandru Ioan Cuza\u201d din Ia\u0219i organizeaz\u0103 cea de a VI-a edi\u021bie a Sesiunii \u0218tiin\u021bifice Anuale a Studen\u021bilor Naturali\u0219ti (SSASN). Invit\u0103m s\u0103 participe la acest eveniment to\u021bi studen\u021bii naturali\u0219ti care doresc s\u0103 \u00ee\u0219i dezvolte capacitatea de comunicare a rezultatelor&hellip; <br \/> <a class=\"read-more\" href=\"https:\/\/www.bio.uaic.ro\/?page_id=12649\">Cite\u0219te mai mult<\/a><\/p>\n","protected":false},"author":2,"featured_media":0,"parent":0,"menu_order":0,"comment_status":"closed","ping_status":"closed","template":"page-templates\/page-with-right-sidebar.php","meta":{"_editorskit_title_hidden":false,"_editorskit_reading_time":1,"_editorskit_is_block_options_detached":false,"_editorskit_block_options_position":"{}","_editorskit_typography_data":[],"_editorskit_blocks_typography":"","_uag_custom_page_level_css":"","footnotes":""},"class_list":["post-12649","page","type-page","status-publish","hentry"],"featured_image_src":null,"uagb_featured_image_src":{"full":false,"thumbnail":false,"medium":false,"medium_large":false,"large":false,"1536x1536":false,"2048x2048":false,"post-thumbnail":false,"mesmerize-full-hd":false},"uagb_author_info":{"display_name":"Puiu Ungureanu","author_link":"https:\/\/www.bio.uaic.ro\/?author=2"},"uagb_comment_info":0,"uagb_excerpt":"EDI\u021aIA a VI-a, 21 mai 2022 \u00cen preajma Zilei Interna\u021bionale a Biodiversit\u0103\u021bii, Facultatea de Biologie a Universit\u0103\u021bii \u201cAlexandru Ioan Cuza\u201d din Ia\u0219i organizeaz\u0103 cea de a VI-a edi\u021bie a Sesiunii \u0218tiin\u021bifice Anuale a Studen\u021bilor Naturali\u0219ti (SSASN). Invit\u0103m s\u0103 participe la acest eveniment to\u021bi studen\u021bii naturali\u0219ti care doresc s\u0103 \u00ee\u0219i dezvolte capacitatea de comunicare a rezultatelor&hellip;&hellip;","_links":{"self":[{"href":"https:\/\/www.bio.uaic.ro\/index.php?rest_route=\/wp\/v2\/pages\/12649","targetHints":{"allow":["GET"]}}],"collection":[{"href":"https:\/\/www.bio.uaic.ro\/index.php?rest_route=\/wp\/v2\/pages"}],"about":[{"href":"https:\/\/www.bio.uaic.ro\/index.php?rest_route=\/wp\/v2\/types\/page"}],"author":[{"embeddable":true,"href":"https:\/\/www.bio.uaic.ro\/index.php?rest_route=\/wp\/v2\/users\/2"}],"replies":[{"embeddable":true,"href":"https:\/\/www.bio.uaic.ro\/index.php?rest_route=%2Fwp%2Fv2%2Fcomments&post=12649"}],"version-history":[{"count":56,"href":"https:\/\/www.bio.uaic.ro\/index.php?rest_route=\/wp\/v2\/pages\/12649\/revisions"}],"predecessor-version":[{"id":17405,"href":"https:\/\/www.bio.uaic.ro\/index.php?rest_route=\/wp\/v2\/pages\/12649\/revisions\/17405"}],"wp:attachment":[{"href":"https:\/\/www.bio.uaic.ro\/index.php?rest_route=%2Fwp%2Fv2%2Fmedia&parent=12649"}],"curies":[{"name":"wp","href":"https:\/\/api.w.org\/{rel}","templated":true}]}}