{"id":10069,"date":"2023-10-31T08:59:34","date_gmt":"2023-10-31T06:59:34","guid":{"rendered":"https:\/\/www.bio.uaic.ro\/?page_id=10069"},"modified":"2026-04-21T14:53:42","modified_gmt":"2026-04-21T11:53:42","slug":"tutori-de-an","status":"publish","type":"page","link":"https:\/\/www.bio.uaic.ro\/?page_id=10069","title":{"rendered":"\u00a0List\u0103 Tutori"},"content":{"rendered":"\n<h3 class=\"wp-block-heading\"><strong>\ud83c\udf93<\/strong> <strong>Anul universitar 2025\u20132026<\/strong><\/h3>\n\n\n<hr class=\"wp-block-separator has-alpha-channel-opacity has-ek-typography\" style=\"\">\n\n\n<h3 class=\"wp-block-heading\"><strong>I. Programe de Licen\u021b\u0103<\/strong><\/h3>\n\n\n<figure class=\"wp-block-table has-ek-typography\" style=\"\"><table class=\"has-fixed-layout\"><thead><tr><td><strong>Specializarea<\/strong><\/td><td><strong>An<\/strong><\/td><td><strong>Tutore<\/strong><\/td><td><strong>Contact \u0219i Loca\u021bie<\/strong><\/td><\/tr><\/thead><tbody><tr><td><strong>BIOCHIMIE<\/strong><\/td><td>I<\/td><td><strong>Conf. dr. Mihaela Anca NEGUR\u0102<\/strong><\/td><td>\ud83d\udccd Corp B, Demisol II, B229<br>\ud83d\udce7 <a target=\"_blank\" rel=\"noreferrer noopener\" href=\"mailto:anca.negura@uaic.ro\">anca.negura@uaic.ro<\/a><\/td><\/tr><tr><td><\/td><td>II<\/td><td><strong>\u0218ef lucr. dr. Sabina Ioana COJOCARU<\/strong><\/td><td>\ud83d\udccd Corp B, Demisol II, B232<br>\ud83d\udce7 <a target=\"_blank\" rel=\"noreferrer noopener\" href=\"mailto:sabina.cojocaru@uaic.ro\">sabina.cojocaru@uaic.ro<\/a><\/td><\/tr><tr><td><\/td><td>III<\/td><td><strong>\u0218ef lucr. dr. R\u0103zvan \u0218tefan BOIANGIU<\/strong><\/td><td>\ud83d\udccd Corp B, Demisol II, B226<br>\ud83d\udce7 <a target=\"_blank\" rel=\"noreferrer noopener\" href=\"mailto:razvan.boiangiu@uaic.ro\">razvan.boiangiu@uaic.ro<\/a><\/td><\/tr><tr><td><strong>BIOLOGIE<\/strong><\/td><td>I<\/td><td><strong>Asist. dr. Ozana Maria CIORPAC-PETRARU<\/strong><\/td><td>\ud83d\udccd Corp B, Demisol II, B209<br>\ud83d\udce7 <a target=\"_blank\" rel=\"noreferrer noopener\" href=\"mailto:ozana.ciorpac@uaic.ro\">ozana.ciorpac@uaic.ro<\/a><\/td><\/tr><tr><td><\/td><td>II<\/td><td><strong>Conf. dr. Irina Neta GOSTIN<\/strong><br><strong>Asist. dr. Mihaela SAVU<\/strong><\/td><td>\ud83d\udccd B443 (Etaj I) \/ B122L (Demisol I)<br>\ud83d\udce7 <a target=\"_blank\" rel=\"noreferrer noopener\" href=\"mailto:irina.gostin@uaic.ro\">irina.gostin@uaic.ro<\/a><\/td><\/tr><tr><td><\/td><td>III<\/td><td><strong>Conf. dr. L\u0103cr\u0103mioara IV\u0102NESCU<\/strong><br><strong>\u0218ef lucr. dr. Gabriela DUMITRU<\/strong><\/td><td>\ud83d\udccd B447 (Etaj I) \/ B230 (Demisol II)<br>\ud83d\udce7 <a target=\"_blank\" rel=\"noreferrer noopener\" href=\"mailto:ivanescu@uaic.ro\">ivanescu@uaic.ro<\/a><\/td><\/tr><tr><td><strong>ECOLOGIE \u0218I PROTEC\u021aIA MEDIULUI<\/strong><\/td><td>II+III<\/td><td><strong>\u0218ef lucr. dr. Ciprian Claudiu M\u00c2NZU<\/strong><\/td><td>\ud83d\udccd Corp B, Etaj I, B448<br>\ud83d\udce7 <a href=\"mailto:ciprian.manzu@uaic.ro\" target=\"_blank\" rel=\"noreferrer noopener\">ciprian.manzu@uaic.ro<\/a><\/td><\/tr><\/tbody><\/table><\/figure>\n\n\n<hr class=\"wp-block-separator has-alpha-channel-opacity\"\/>\n\n\n<h3 class=\"wp-block-heading has-ek-typography\" style=\"\"><strong>II. Programe de Master<\/strong><\/h3>\n\n\n<figure class=\"wp-block-table\"><table class=\"has-fixed-layout\"><thead><tr><td><strong>Specializarea<\/strong><\/td><td><strong>An<\/strong><\/td><td><strong>Tutore<\/strong><\/td><td><strong>Loca\u021bie \u0219i Contact<\/strong><\/td><\/tr><\/thead><tbody><tr><td><strong>LABORATOR MEDICAL<\/strong><\/td><td>I+II<\/td><td><strong>Prof. dr. Marius \u0218TEFAN<\/strong><\/td><td>\ud83d\udccd Corp B, Demisol II, B238-c<br>\ud83d\udce7 <a target=\"_blank\" rel=\"noreferrer noopener\" href=\"mailto:stefanm@uaic.ro\">stefanm@uaic.ro<\/a><\/td><\/tr><tr><td><strong>BIOTEHNOLOGII MICROBIENE \u0218I CELULARE<\/strong><\/td><td>I+II<\/td><td><strong>Prof. dr. Simona Isabela DUNCA<\/strong><\/td><td>\ud83d\udccd Corp B, Demisol II, B238-b<br>\ud83d\udce7 <a target=\"_blank\" rel=\"noreferrer noopener\" href=\"mailto:sdunca@uaic.ro\">sdunca@uaic.ro<\/a><\/td><\/tr><tr><td><strong>GENETIC\u0102 MOLECULAR\u0102<\/strong><\/td><td>I+II<\/td><td><strong>\u0218ef lucr. dr. Mirela Mihaela C\u00ceMPEANU<\/strong><\/td><td>\ud83d\udccd Corp B, Parter, B351<br>\ud83d\udce7 <a target=\"_blank\" rel=\"noreferrer noopener\" href=\"mailto:mirela.cimpeanu@uaic.ro\">mirela.cimpeanu@uaic.ro<\/a><\/td><\/tr><tr><td><strong>CONSERVAREA BIODIVERSIT\u0102\u021aII + CONSILIERE DE MEDIU<\/strong><\/td><td>I+II<\/td><td><strong>\u0218ef lucr. dr. Constantin ION<\/strong><\/td><td>\ud83d\udccd Corp B, Parter, B368<br>\ud83d\udce7 <a target=\"_blank\" rel=\"noreferrer noopener\" href=\"mailto:constantin.ion@uaic.ro\">constantin.ion@uaic.ro<\/a><\/td><\/tr><\/tbody><\/table><\/figure>\n\n\n<p class=\" has-ek-typography\" style=\"\"><\/p>\n\n\n<p><\/p>\n","protected":false},"excerpt":{"rendered":"<p>\ud83c\udf93 Anul universitar 2025\u20132026 I. Programe de Licen\u021b\u0103 Specializarea An Tutore Contact \u0219i Loca\u021bie BIOCHIMIE I Conf. dr. Mihaela Anca NEGUR\u0102 \ud83d\udccd Corp B, Demisol II, B229\ud83d\udce7 anca.negura@uaic.ro II \u0218ef lucr. dr. Sabina Ioana COJOCARU \ud83d\udccd Corp B, Demisol II, B232\ud83d\udce7 sabina.cojocaru@uaic.ro III \u0218ef lucr. dr. R\u0103zvan \u0218tefan BOIANGIU \ud83d\udccd Corp B, Demisol II, B226\ud83d\udce7&hellip; <br \/> <a class=\"read-more\" href=\"https:\/\/www.bio.uaic.ro\/?page_id=10069\">Cite\u0219te mai mult<\/a><\/p>\n","protected":false},"author":1,"featured_media":14504,"parent":0,"menu_order":0,"comment_status":"closed","ping_status":"closed","template":"page-templates\/page-with-right-sidebar.php","meta":{"_editorskit_title_hidden":false,"_editorskit_reading_time":1,"_editorskit_is_block_options_detached":false,"_editorskit_block_options_position":"{}","_editorskit_typography_data":[],"_editorskit_blocks_typography":"","_uag_custom_page_level_css":"","footnotes":""},"class_list":["post-10069","page","type-page","status-publish","has-post-thumbnail","hentry"],"featured_image_src":"https:\/\/www.bio.uaic.ro\/wp-content\/uploads\/2021\/11\/important.jpg","uagb_featured_image_src":{"full":["https:\/\/www.bio.uaic.ro\/wp-content\/uploads\/2021\/11\/important.jpg",1280,640,false],"thumbnail":["https:\/\/www.bio.uaic.ro\/wp-content\/uploads\/2021\/11\/important-150x150.jpg",150,150,true],"medium":["https:\/\/www.bio.uaic.ro\/wp-content\/uploads\/2021\/11\/important-300x150.jpg",300,150,true],"medium_large":["https:\/\/www.bio.uaic.ro\/wp-content\/uploads\/2021\/11\/important-768x384.jpg",768,384,true],"large":["https:\/\/www.bio.uaic.ro\/wp-content\/uploads\/2021\/11\/important-1024x512.jpg",1024,512,true],"1536x1536":["https:\/\/www.bio.uaic.ro\/wp-content\/uploads\/2021\/11\/important.jpg",1280,640,false],"2048x2048":["https:\/\/www.bio.uaic.ro\/wp-content\/uploads\/2021\/11\/important.jpg",1280,640,false],"post-thumbnail":["https:\/\/www.bio.uaic.ro\/wp-content\/uploads\/2021\/11\/important-1024x512.jpg",1024,512,true],"mesmerize-full-hd":["https:\/\/www.bio.uaic.ro\/wp-content\/uploads\/2021\/11\/important.jpg",1280,640,false]},"uagb_author_info":{"display_name":"admin","author_link":"https:\/\/www.bio.uaic.ro\/?author=1"},"uagb_comment_info":0,"uagb_excerpt":"\ud83c\udf93 Anul universitar 2025\u20132026 I. Programe de Licen\u021b\u0103 Specializarea An Tutore Contact \u0219i Loca\u021bie BIOCHIMIE I Conf. dr. Mihaela Anca NEGUR\u0102 \ud83d\udccd Corp B, Demisol II, B229\ud83d\udce7 anca.negura@uaic.ro II \u0218ef lucr. dr. Sabina Ioana COJOCARU \ud83d\udccd Corp B, Demisol II, B232\ud83d\udce7 sabina.cojocaru@uaic.ro III \u0218ef lucr. dr. R\u0103zvan \u0218tefan BOIANGIU \ud83d\udccd Corp B, Demisol II, B226\ud83d\udce7&hellip;&hellip;","_links":{"self":[{"href":"https:\/\/www.bio.uaic.ro\/index.php?rest_route=\/wp\/v2\/pages\/10069","targetHints":{"allow":["GET"]}}],"collection":[{"href":"https:\/\/www.bio.uaic.ro\/index.php?rest_route=\/wp\/v2\/pages"}],"about":[{"href":"https:\/\/www.bio.uaic.ro\/index.php?rest_route=\/wp\/v2\/types\/page"}],"author":[{"embeddable":true,"href":"https:\/\/www.bio.uaic.ro\/index.php?rest_route=\/wp\/v2\/users\/1"}],"replies":[{"embeddable":true,"href":"https:\/\/www.bio.uaic.ro\/index.php?rest_route=%2Fwp%2Fv2%2Fcomments&post=10069"}],"version-history":[{"count":24,"href":"https:\/\/www.bio.uaic.ro\/index.php?rest_route=\/wp\/v2\/pages\/10069\/revisions"}],"predecessor-version":[{"id":24903,"href":"https:\/\/www.bio.uaic.ro\/index.php?rest_route=\/wp\/v2\/pages\/10069\/revisions\/24903"}],"wp:featuredmedia":[{"embeddable":true,"href":"https:\/\/www.bio.uaic.ro\/index.php?rest_route=\/wp\/v2\/media\/14504"}],"wp:attachment":[{"href":"https:\/\/www.bio.uaic.ro\/index.php?rest_route=%2Fwp%2Fv2%2Fmedia&parent=10069"}],"curies":[{"name":"wp","href":"https:\/\/api.w.org\/{rel}","templated":true}]}}